{"id":162,"date":"2018-08-06T16:54:28","date_gmt":"2018-08-06T14:54:28","guid":{"rendered":"http:\/\/hf-normandie.fr\/?page_id=162"},"modified":"2026-05-12T15:03:09","modified_gmt":"2026-05-12T13:03:09","slug":"qui-sommes-nous","status":"publish","type":"page","link":"https:\/\/hf-normandie.fr\/","title":{"rendered":"Qui sommes-nous ?"},"content":{"rendered":"\n<p>Constitu\u00e9e en avril 2011 \u00e0 l&rsquo;\u00e9chelle de la r\u00e9gion Normandie, l&rsquo;association HF+ Normandie <strong>a pour but le rep\u00e9rage des in\u00e9galit\u00e9s entre les femmes et les hommes dans le milieu des arts et de la culture et la mobilisation contre les discriminations observ\u00e9es dans le but de favoriser l\u2019\u00e9galit\u00e9 r\u00e9elle et la parit\u00e9.<\/strong><\/p>\n\n\n\n<p>Membre de la f\u00e9d\u00e9ration interr\u00e9gionale du <strong>Mouvement HF<\/strong>+, dont elle a contribu\u00e9 \u00e0 la cr\u00e9ation, <strong>l\u2019association agit en faveur des droits professionnels et veille \u00e0 la juste repr\u00e9sentation des \u0153uvres, des id\u00e9es et des revendications des cr\u00e9atrices et actrices de la vie culturelle en incitant \u00e0 leur visibilit\u00e9 dans l\u2019espace politique et public<\/strong>.<\/p>\n\n\n\n<p>Pour ce faire, HF+ Normandie organise des temps de sensibilisation, d\u2019\u00e9changes et de r\u00e9flexion. Elle a \u00e9galement comme moyen d\u2019action l\u2019interpellation des actrices et acteurs de la vie culturelle et artistique ainsi que des instances publiques et politiques<\/p>\n\n\n\n<p><strong>Depuis sa cr\u00e9ation, HF+ Normandie <\/strong>:<\/p>\n\n\n\n<ul class=\"wp-block-list\">\n<li>Anime des r\u00e9unions et propose des <strong>temps d\u2019\u00e9changes<\/strong>, de <strong>sensibilisation<\/strong> des professionnel\u00b7les et des publics&nbsp;dans le cadre d&rsquo;un <strong>travail de r\u00e9seau r\u00e9gional<\/strong> ;<\/li>\n\n\n\n<li>Organise les <strong>Journ\u00e9es du Matrimoine en Normandie <\/strong>et participe \u00e0 la valorisation de notre h\u00e9ritage commun normand \u00e0 travers des actions ponctuelles ;<\/li>\n\n\n\n<li>Pilote un <strong>Observatoire de l\u2019\u00e9galit\u00e9 dans les arts et la culture en Normandie<\/strong> ;<\/li>\n\n\n\n<li>Propose des <strong>formations<\/strong> \u00e0 destination des professionnel\u00b7les de la culture et des <strong>outils de bonnes pratiques<\/strong> \u00e0 transmettre \u00e0 leurs \u00e9quipes ;<\/li>\n\n\n\n<li>S\u2019implique au niveau <strong>national et international<\/strong> avec le <strong>Mouvement HF<\/strong>+.<\/li>\n<\/ul>\n\n\n\n<p><strong>En 2023, pour plus d&rsquo;inclusivit\u00e9, le Mouvement HF et HF Normandie sont devenus HF+.<\/strong><\/p>\n\n\n<div class=\"wp-block-image\">\n<figure class=\"aligncenter\"><img loading=\"lazy\" decoding=\"async\" width=\"300\" height=\"169\" src=\"https:\/\/hf-normandie.fr\/wp-content\/uploads\/2018\/08\/femmes-artistes-300x169.jpg\" alt=\"\" class=\"wp-image-168\" srcset=\"https:\/\/hf-normandie.fr\/wp-content\/uploads\/2018\/08\/femmes-artistes-300x169.jpg 300w, https:\/\/hf-normandie.fr\/wp-content\/uploads\/2018\/08\/femmes-artistes-768x432.jpg 768w, https:\/\/hf-normandie.fr\/wp-content\/uploads\/2018\/08\/femmes-artistes.jpg 930w\" sizes=\"auto, (max-width: 300px) 100vw, 300px\" \/><\/figure>\n<\/div>\n\n\n<h4 class=\"wp-block-heading\"><strong>Gouvernance<\/strong><\/h4>\n\n\n\n<p>L\u2019association HF+ Normandie a adopt\u00e9 des statuts horizontaux.<br>Sa gouvernance est assur\u00e9e par un conseil d\u2019administration coll\u00e9gial, compos\u00e9 de repr\u00e9sentantes de la soci\u00e9t\u00e9 civile, responsables culturel\u00b7les, artistes professionnel\u00b7les, citoyen\u00b7nes engag\u00e9\u00b7es :<br><strong>Claire Barrab\u00e8s, Julien Bourguignon, Manuel Chesneau, Val\u00e9rie Diome, Anne-Sophie Pauchet, Nadia Sahali<\/strong> ainsi que deux membres d&rsquo;honneur, <strong>Rozenn Bartra <\/strong>et <strong>Jos\u00e9 Sagit.<\/strong><\/p>\n\n\n\n<p>Elles et il \u0153uvrent activement et b\u00e9n\u00e9volement, avec les adh\u00e9rent\u00b7es, des actions en faveur de l\u2019\u00e9galit\u00e9 entre les femmes et les hommes dans les arts et la culture.<\/p>\n\n\n\n<h4 class=\"wp-block-heading\"><strong>\u00c9quipe<\/strong><\/h4>\n\n\n\n<p>Coordination g\u00e9n\u00e9rale : <strong>Faustine Le Bras<\/strong><br>Coordination de l&rsquo;Observatoire des in\u00e9galit\u00e9s pour le Mouvement HF+ : <strong>Lucie Demonio<\/strong><br>Volontariat en service civique : <strong>\u00c9milie Marques da Cruz Nivet<\/strong> et <strong>Julia Chaudron<\/strong><br>Stagiaire en charge de l&rsquo;Observatoire r\u00e9gional des in\u00e9galit\u00e9s : <strong>Eva Angoula Ayi<\/strong><\/p>\n\n\n\n<h4 class=\"wp-block-heading\"><strong>Partenaires<\/strong><\/h4>\n\n\n\n<p>Au titre de ses projets, l\u2019association HF+ Normandie est soutenue par <strong>l\u2019\u00c9tat &#8211; Pr\u00e9fecture de Normandie <\/strong>(Direction r\u00e9gionale aux droits des femmes et \u00e0 l\u2019\u00e9galit\u00e9 \/ Direction r\u00e9gionale des affaires culturelles) &#8211; <strong>Acad\u00e9mie de Normandie<\/strong> (D\u00e9l\u00e9gation acad\u00e9mique \u00e0 la jeunesse, \u00e0 l&rsquo;engagement et au sport &#8211; Fond pour le d\u00e9veloppement de la vie associative), <strong>la M\u00e9tropole Rouen Normandie<\/strong>, <strong>la Ville de Rouen <\/strong>et <strong>la R\u00e9gion Normandie<\/strong>.<\/p>\n\n\n\n<p>En 2021 et en 2024, HF+Normandie a sign\u00e9 trois conventions triennales avec l\u2019<strong>\u00c9tat &#8211; Pr\u00e9fecture de Normandie<\/strong> (Direction r\u00e9gionale aux droits des femmes et \u00e0 l\u2019\u00e9galit\u00e9), <strong>la M\u00e9tropole Rouen Normandie <\/strong>et<strong> la Ville de Rouen<\/strong> au titre de son fonctionnement associatif.<\/p>\n\n\n\n<p>L&rsquo;association est labellis\u00e9e <strong><em>Droits culturels&nbsp;en Normandie<\/em><\/strong> par la <strong>R\u00e9gion Normandie<\/strong> au titre de l&rsquo;ensemble de ses actions.<\/p>\n\n\n\n<p><\/p>\n","protected":false},"excerpt":{"rendered":"<p>Constitu\u00e9e en avril 2011 \u00e0 l&rsquo;\u00e9chelle de la r\u00e9gion Normandie, l&rsquo;association HF+ Normandie a pour but le rep\u00e9rage des in\u00e9galit\u00e9s entre les femmes et les hommes dans le milieu des arts et de la culture et la mobilisation contre les discriminations observ\u00e9es dans le but de favoriser l\u2019\u00e9galit\u00e9 r\u00e9elle et la parit\u00e9. Membre de la [&hellip;]<\/p>\n","protected":false},"author":2,"featured_media":0,"parent":0,"menu_order":0,"comment_status":"closed","ping_status":"closed","template":"","meta":{"footnotes":""},"class_list":["post-162","page","type-page","status-publish","hentry"],"_links":{"self":[{"href":"https:\/\/hf-normandie.fr\/index.php\/wp-json\/wp\/v2\/pages\/162","targetHints":{"allow":["GET"]}}],"collection":[{"href":"https:\/\/hf-normandie.fr\/index.php\/wp-json\/wp\/v2\/pages"}],"about":[{"href":"https:\/\/hf-normandie.fr\/index.php\/wp-json\/wp\/v2\/types\/page"}],"author":[{"embeddable":true,"href":"https:\/\/hf-normandie.fr\/index.php\/wp-json\/wp\/v2\/users\/2"}],"replies":[{"embeddable":true,"href":"https:\/\/hf-normandie.fr\/index.php\/wp-json\/wp\/v2\/comments?post=162"}],"version-history":[{"count":52,"href":"https:\/\/hf-normandie.fr\/index.php\/wp-json\/wp\/v2\/pages\/162\/revisions"}],"predecessor-version":[{"id":6711,"href":"https:\/\/hf-normandie.fr\/index.php\/wp-json\/wp\/v2\/pages\/162\/revisions\/6711"}],"wp:attachment":[{"href":"https:\/\/hf-normandie.fr\/index.php\/wp-json\/wp\/v2\/media?parent=162"}],"curies":[{"name":"wp","href":"https:\/\/api.w.org\/{rel}","templated":true}]}}