{"id":178,"date":"2018-08-06T17:11:57","date_gmt":"2018-08-06T15:11:57","guid":{"rendered":"http:\/\/hf-normandie.fr\/?page_id=178"},"modified":"2025-01-02T15:38:33","modified_gmt":"2025-01-02T14:38:33","slug":"la-federation","status":"publish","type":"page","link":"https:\/\/hf-normandie.fr\/index.php\/la-federation\/","title":{"rendered":"La F\u00e9d\u00e9ration"},"content":{"rendered":"<p>Le <strong>Mouvement HF+ <\/strong>agit en faveur de l\u2019\u00e9galit\u00e9 r\u00e9elle entre les genres dans les secteurs des Arts et de la Culture.<\/p>\n<p>Constitu\u00e9 de <a href=\"https:\/\/hf-normandie.fr\/index.php\/ressources-indispensables-mouvement-hf\/\">11\u00a0 collectifs et associations dans plusieurs r\u00e9gions<\/a>, il se r\u00e9unit au sein d\u2019une F\u00e9d\u00e9ration interr\u00e9gionale et d\u00e9veloppe des partenariats \u00e0 l\u2019\u00e9chelle europ\u00e9enne et internationale.<\/p>\n<p>En luttant contre toutes formes de discriminations observ\u00e9es, il \u00a0souhaite contribuer \u00e0 ce que le secteur artistique et culturel soit l\u2019expression d\u2019une soci\u00e9t\u00e9 en mouvement, soucieuse d\u2019\u00e9galit\u00e9 et de d\u00e9mocratie.<\/p>\n<p>L\u2019in\u00e9gale r\u00e9partition entre femmes et hommes des responsabilit\u00e9s, des financements et des outils de travail trahit un d\u00e9ficit d\u00e9mocratique majeur, ainsi qu\u2019une forme d\u2019immobilisme au sein de l\u2019institution culturelle susceptible de couper celle-ci des mouvements de notre soci\u00e9t\u00e9.<\/p>\n<p><strong>Le Mouvement HF+ r\u00e9clame l\u2019\u00e9galit\u00e9 r\u00e9elle entre femmes et hommes aux postes de responsabilit\u00e9, dans l\u2019attribution des subventions, dans les programmations, dans les instances de d\u00e9cisions et de nominations.<\/strong><\/p>\n<p>Pour atteindre cet objectif, il se fixe <strong>trois missions<\/strong> :<\/p>\n<ul>\n<li><strong>Le rep\u00e9rage des in\u00e9galit\u00e9s<\/strong> de droits et de pratiques entre les hommes et les femmes dans les milieux de l\u2019art et de la culture, toutes fonctions confondues (artistiques, administratives et techniques)\u00a0;<\/li>\n<li><strong>L\u2019\u00e9veil des consciences<\/strong> par la sensibilisation des professionnel\u00b7les, des responsables institutionnel\u00b7les, des \u00e9lu\u00b7es et de l\u2019opinion publique ;<\/li>\n<li><strong>L\u2019orientation des politiques<\/strong> publiques vers des mesures concr\u00e8tes.<\/li>\n<\/ul>\n<p>Le Mouvement HF+ est repr\u00e9sent\u00e9 au sein du Comit\u00e9 Minist\u00e9riel pour l\u2019\u00e9galit\u00e9 entre les femmes et les hommes du Minist\u00e8re de la Culture, du Collectif Ensemble contre le Sexisme et au sein de plusieurs r\u00e9seaux professionnels.<\/p>\n<p>Deux de ses repr\u00e9sentant\u00b7es si\u00e8gent au HCE \u2013 le <a href=\"http:\/\/www.haut-conseil-egalite.gouv.fr\/hce\/actualites\/article\/egalite-dans-la-culture-le-temps-de-l-action\"><strong>Haut Conseil \u00e0 l\u2019Egalit\u00e9<\/strong><\/a> \u2013 qui a publi\u00e9 en f\u00e9vrier 2018 un rapport intitul\u00e9<strong> : \u00ab\u00a0In\u00e9galit\u00e9s entre les femmes et les hommes dans les arts et la culture \u2013 Acte II\u00a0: apr\u00e8s 10 ans de constats, le temps de l\u2019action\u00a0\u00bb.<\/strong><\/p>\n<p>En 2023, pour plus d&rsquo;inclusivit\u00e9, le Mouvement est devenu\u00a0 HF+.<\/p>\n<h1>Nos actions positives<\/h1>\n<p>Tout au long de l\u2019ann\u00e9e, le Mouvement HF+ et les collectifs qui le composent d\u00e9veloppent une s\u00e9rie d\u2019actions pour faire avancer l\u2019\u00e9galit\u00e9 entre les genres dans le secteur culturel :<\/p>\n<ul>\n<li>Organisation de d\u00e9bats et de rencontres publiques, notamment dans le cadre d\u2019\u00e9v\u00e8nements culturels et de rencontres professionnelles (Festival d\u2019Avignon, Festival des Nuits Sonores, Festival de Cannes\u2026)\u00a0;<\/li>\n<li>Interventions aux tribunes et participations \u00e0 des colloques\u00a0;<\/li>\n<li>Lobbying aupr\u00e8s des organismes professionnels (SACD, CNT, Acad\u00e9mie des Moli\u00e8res\u2026) et des tutelles (Mairies, Conseils R\u00e9gionaux, DGAC, DRAC\u2026)<\/li>\n<li>Mise en place de p\u00f4les ressources : veille statistique, lancement de programmes d\u2019\u00e9tudes, collecte de donn\u00e9es \u00e0 l\u2019\u00e9chelle r\u00e9gionale, mise en place de groupes de travail (spectacle vivant, musique, audiovisuel), etc.<\/li>\n<li>Cr\u00e9ation d\u2019outils de communication : objets sonores, sites, r\u00e9seaux sociaux, r\u00e9daction de tribunes, contributions, etc.<\/li>\n<\/ul>\n<p>Plus d\u2019informations sur\u00a0: <a href=\"http:\/\/www.mouvement-hf.org\">http:\/\/www.mouvement-hf.org<\/a><\/p>\n","protected":false},"excerpt":{"rendered":"<p>Le Mouvement HF+ agit en faveur de l\u2019\u00e9galit\u00e9 r\u00e9elle entre les genres dans les secteurs des Arts et de la Culture. Constitu\u00e9 de 11\u00a0 collectifs et associations dans plusieurs r\u00e9gions, il se r\u00e9unit au sein d\u2019une F\u00e9d\u00e9ration interr\u00e9gionale et d\u00e9veloppe des partenariats \u00e0 l\u2019\u00e9chelle europ\u00e9enne et internationale. En luttant contre toutes formes de discriminations observ\u00e9es, [&hellip;]<\/p>\n","protected":false},"author":1,"featured_media":0,"parent":0,"menu_order":0,"comment_status":"closed","ping_status":"closed","template":"","meta":{"footnotes":""},"class_list":["post-178","page","type-page","status-publish","hentry"],"_links":{"self":[{"href":"https:\/\/hf-normandie.fr\/index.php\/wp-json\/wp\/v2\/pages\/178","targetHints":{"allow":["GET"]}}],"collection":[{"href":"https:\/\/hf-normandie.fr\/index.php\/wp-json\/wp\/v2\/pages"}],"about":[{"href":"https:\/\/hf-normandie.fr\/index.php\/wp-json\/wp\/v2\/types\/page"}],"author":[{"embeddable":true,"href":"https:\/\/hf-normandie.fr\/index.php\/wp-json\/wp\/v2\/users\/1"}],"replies":[{"embeddable":true,"href":"https:\/\/hf-normandie.fr\/index.php\/wp-json\/wp\/v2\/comments?post=178"}],"version-history":[{"count":8,"href":"https:\/\/hf-normandie.fr\/index.php\/wp-json\/wp\/v2\/pages\/178\/revisions"}],"predecessor-version":[{"id":4973,"href":"https:\/\/hf-normandie.fr\/index.php\/wp-json\/wp\/v2\/pages\/178\/revisions\/4973"}],"wp:attachment":[{"href":"https:\/\/hf-normandie.fr\/index.php\/wp-json\/wp\/v2\/media?parent=178"}],"curies":[{"name":"wp","href":"https:\/\/api.w.org\/{rel}","templated":true}]}}