{"id":218,"date":"2018-08-06T17:39:02","date_gmt":"2018-08-06T15:39:02","guid":{"rendered":"http:\/\/hf-normandie.fr\/?page_id=218"},"modified":"2026-03-12T16:14:36","modified_gmt":"2026-03-12T15:14:36","slug":"quelques-chiffres","status":"publish","type":"page","link":"https:\/\/hf-normandie.fr\/index.php\/quelques-chiffres\/","title":{"rendered":"Quelques chiffres&#8230;"},"content":{"rendered":"\n<p><strong>En 2025, les femmes dirigent<\/strong>&#8230;<br>\u2022 46% des centres dramatiques nationaux*<br>\u2022 44% des sc\u00e8nes nationales*<br>\u2022 21 % des sc\u00e8nes de musiques actuelles (SMAC)*<br>\u2022 16 % des centres chor\u00e9graphiques nationaux (CCN)* <br>\u2022 13% des orchestres nationaux (direction musicale)*<br><\/p>\n\n\n\n<p><strong>Les femmes artistes repr\u00e9sentent<\/strong>&#8230;<br>\u2022 40 % des artistes expos\u00e9es dans les FRAC en 2024*<br>\u2022 36 % des auteur\u00b7ices de spectacles dans la programmation des th\u00e9\u00e2tres nationaux (saison 2024-2025)*<br>\u2022 26% des artistes dans les festivals de musique actuelles en 2024*<br>\u2022 28% des r\u00e9alisateur\u00b7ices de longs m\u00e9trages et 39% de r\u00e9alisatrices de courts m\u00e9trages en 2024*<br>\u2022 44 % des photographes expos\u00e9es dans les festivals d\u00e9di\u00e9s \u00e0 la photographie en 2024*<\/p>\n\n\n\n<p><strong>Alors q<\/strong>u&rsquo;<strong>elles sont<\/strong>&#8230;<br>\u2022 56 % dans les \u00e9coles de cin\u00e9ma et d&rsquo;audiovisuel de l&rsquo;enseignement sup\u00e9rieur Culture (ESC) et 63% hors ESC (2024-2025)*<br>\u2022 64 % dans les \u00e9coles d\u2019architecture ESC et 58% hors ESC (2024-2025)*<br>\u2022 72 % dans les \u00e9coles d\u2019arts plastiques ESC et 75% hors ESC (2024-2025)*<br>\u2022 55 % dans les \u00e9coles de spectacle vivant ESC et 60% hors ESC (2024-2025)*<\/p>\n\n\n\n<p><strong>L&rsquo;acc\u00e8s aux moyens de production en 2024<\/strong><br>\u2022 Pour le spectacle vivant et en particulier les \u00e9quipes chor\u00e9graphiques, 43% des \u00e9quipes r\u00e9cipiendaires sont dirig\u00e9es par des femmes mais elles ne touchent que 38% des montants des aides accord\u00e9es*<br>\u2022 Pour la musique, 23% des r\u00e9cipiendaires sont des femmes et elles touchent 18% des montants des aides accord\u00e9es*<br>\u2022 Pour le th\u00e9\u00e2tre, 47% des r\u00e9cipiendaires sont des femmes et elles touchent 30% des montants des aides accord\u00e9es*<br>\u2022 Pour le cin\u00e9ma, 34% de femmes r\u00e9alisatrices ont re\u00e7u des avances sur recette par le CNC, mais le devis moyen des films r\u00e9alis\u00e9s par ces femmes \u00e9tait de 39% de moins que ceux r\u00e9alis\u00e9s par des hommes*<br><\/p>\n\n\n\n<p><strong>Professions culturelles et r\u00e9mun\u00e9ration<\/strong><br>\u2022 Dans le spectacle vivant, le revenu moyen en 2025 pour une contribution par r\u00e9pertoire dans les droits d&rsquo;auteurs per\u00e7us par la SACD est inf\u00e9rieur de 51% pour les femmes*<\/p>\n\n\n\n<p><strong>Programmation 2024-2025<\/strong><br>\u2022 7 % des op\u00e9ras programm\u00e9s sont compos\u00e9s par des femmes (saison 2024-2025)* <br>\u2022 40 % des repr\u00e9sentations d\u2019op\u00e9ra programm\u00e9es sont mises en sc\u00e8ne par des femmes (saison 2024-2025)* <br>\u2022 52 % des spectacles de th\u00e9\u00e2tre programm\u00e9s dans les th\u00e9\u00e2tres nationaux sont mis en sc\u00e8ne par des femmes*<br><\/p>\n\n\n\n<p><strong>Cons\u00e9cration artistique<\/strong><br>\u2022 2 r\u00e9alisatrices prim\u00e9es aux C\u00e9sar pour le meilleur film depuis 2010<br>\u2022 3 r\u00e9alisatrices prim\u00e9es au festival de Cannes par la Palme d&rsquo;or depuis la premi\u00e8re \u00e9dition du festival de Cannes (1939 &#8211; soit 98 Palmes d&rsquo;Or d\u00e9cern\u00e9s \u00e0 des hommes) <br>\u2022 31% de femmes prim\u00e9es au Moli\u00e8re de la mise en sc\u00e8ne entre 2020 et 2025* <br>\u2022 13% d&rsquo;albums interpr\u00e9t\u00e9s par des femmes prim\u00e9s aux Victoires de la musique depuis 1985*<br>\u2022 54% de femmes laur\u00e9ates de grands prix litt\u00e9raires de 2020 \u00e0 2025 (14 prix pris en compte : Goncourt (roman), Goncourt des lyc\u00e9ens, Renaudot (roman), Femina, D\u00e9cembre, Interalli\u00e9 (roman fran\u00e7ais), Prix du roman Fnac, Prix des libraires, prix M\u00e9dicis, Prix du livre Inter, Grand Prix, RTL-Lire, Prix des lectrices de Elle (fiction), Prix des maisons de la presse, Grand Prix du roman de l\u2019Acad\u00e9mie fran\u00e7aise) *<\/p>\n\n\n\n<p><\/p>\n\n\n\n<p><\/p>\n\n\n\n<p><em><strong>Sources<\/strong> <\/em><br><em>*Minist\u00e8re de la Culture, Observatoire de l&rsquo;\u00e9galit\u00e9 entre femmes et hommes dans la culture et la communication, 202<\/em>6<\/p>\n\n\n\n<p><\/p>\n","protected":false},"excerpt":{"rendered":"<p>En 2025, les femmes dirigent&#8230;\u2022 46% des centres dramatiques nationaux*\u2022 44% des sc\u00e8nes nationales*\u2022 21 % des sc\u00e8nes de musiques actuelles (SMAC)*\u2022 16 % des centres chor\u00e9graphiques nationaux (CCN)* \u2022 13% des orchestres nationaux (direction musicale)* Les femmes artistes repr\u00e9sentent&#8230;\u2022 40 % des artistes expos\u00e9es dans les FRAC en 2024*\u2022 36 % des auteur\u00b7ices de [&hellip;]<\/p>\n","protected":false},"author":1,"featured_media":0,"parent":0,"menu_order":0,"comment_status":"closed","ping_status":"closed","template":"","meta":{"footnotes":""},"class_list":["post-218","page","type-page","status-publish","hentry"],"_links":{"self":[{"href":"https:\/\/hf-normandie.fr\/index.php\/wp-json\/wp\/v2\/pages\/218","targetHints":{"allow":["GET"]}}],"collection":[{"href":"https:\/\/hf-normandie.fr\/index.php\/wp-json\/wp\/v2\/pages"}],"about":[{"href":"https:\/\/hf-normandie.fr\/index.php\/wp-json\/wp\/v2\/types\/page"}],"author":[{"embeddable":true,"href":"https:\/\/hf-normandie.fr\/index.php\/wp-json\/wp\/v2\/users\/1"}],"replies":[{"embeddable":true,"href":"https:\/\/hf-normandie.fr\/index.php\/wp-json\/wp\/v2\/comments?post=218"}],"version-history":[{"count":31,"href":"https:\/\/hf-normandie.fr\/index.php\/wp-json\/wp\/v2\/pages\/218\/revisions"}],"predecessor-version":[{"id":6626,"href":"https:\/\/hf-normandie.fr\/index.php\/wp-json\/wp\/v2\/pages\/218\/revisions\/6626"}],"wp:attachment":[{"href":"https:\/\/hf-normandie.fr\/index.php\/wp-json\/wp\/v2\/media?parent=218"}],"curies":[{"name":"wp","href":"https:\/\/api.w.org\/{rel}","templated":true}]}}