{"id":2195,"date":"2022-08-08T14:14:07","date_gmt":"2022-08-08T12:14:07","guid":{"rendered":"http:\/\/hf-normandie.fr\/?page_id=2195"},"modified":"2022-09-12T11:40:22","modified_gmt":"2022-09-12T09:40:22","slug":"journees-du-matrimoine-2022-jeune-public","status":"publish","type":"page","link":"https:\/\/hf-normandie.fr\/index.php\/journees-du-matrimoine-2022-jeune-public\/","title":{"rendered":"Journ\u00e9es du Matrimoine 2022 &#8211; Jeune Public"},"content":{"rendered":"\n<hr class=\"wp-block-separator has-text-color has-alpha-channel-opacity has-background\" style=\"background-color:#94638f;color:#94638f\"\/>\n\n\n<div class=\"wp-block-image\">\n<figure class=\"aligncenter size-full\"><img loading=\"lazy\" decoding=\"async\" width=\"977\" height=\"406\" src=\"https:\/\/hf-normandie.fr\/wp-content\/uploads\/2022\/08\/Banniere-JeunePublic-Final.jpg\" alt=\"\" class=\"wp-image-2209\" srcset=\"https:\/\/hf-normandie.fr\/wp-content\/uploads\/2022\/08\/Banniere-JeunePublic-Final.jpg 977w, https:\/\/hf-normandie.fr\/wp-content\/uploads\/2022\/08\/Banniere-JeunePublic-Final-300x125.jpg 300w, https:\/\/hf-normandie.fr\/wp-content\/uploads\/2022\/08\/Banniere-JeunePublic-Final-768x319.jpg 768w\" sizes=\"auto, (max-width: 977px) 100vw, 977px\" \/><\/figure>\n<\/div>\n\n\n<p class=\"has-text-color\" style=\"color:#94638f;font-size:30px\">M\u00e9tropole Rouen Normandie<\/p>\n\n\n\n<h2 class=\"has-small-font-size wp-block-heading\"><mark style=\"background-color:#000000\" class=\"has-inline-color has-white-color\">  Spectacle &#8211; \u00e0 partir de 8 ans  <\/mark><\/h2>\n\n\n\n<h2 class=\"has-black-color has-text-color has-medium-font-size wp-block-heading\"><strong>Cie La Vie R\u00eav\u00e9e &#8211; Marion Casabianca<\/strong><\/h2>\n\n\n\n<h2 class=\"has-text-color has-large-font-size wp-block-heading\" style=\"color:#e94540\"><strong>MOI, MATHILDE PLANCHON, FEMME AUTRICE EXTRAORDINAIRE TE PARLE DE MON PALAIS D&rsquo;OR ET D&rsquo;ARGENT<\/strong><\/h2>\n\n\n\n<p>Mathilde Planchon est une autrice de 37 ans porteuse de Trisomie 21. Dans son livre <em>Je&nbsp; viens de loin<\/em> \u00e9dit\u00e9 en 2014, elle se raconte au fil de pages po\u00e9tiques avec sensibilit\u00e9, humour et finesse. Marion Casabianca la met en sc\u00e8ne dans cette cr\u00e9ation adapt\u00e9e de son \u0153uvre, dans une forme accessible au plus grand nombre, petit\u00b7es et grand\u00b7es\u00b7, ordinaires et extraordinaires.<\/p>\n\n\n\n<h2 class=\"has-text-color has-normal-font-size wp-block-heading\" style=\"color:#e94540\"><strong>Samedi 17 septembre \u00e0 11h et 16h<\/strong> (1h)<\/h2>\n\n\n\n<h2 class=\"has-black-color has-text-color has-normal-font-size wp-block-heading\"><strong>Labo Victor Hugo <\/strong><\/h2>\n\n\n\n<h2 class=\"has-black-color has-text-color has-normal-font-size wp-block-heading\">29 rue Victor Hugo &#8211; 76000 Rouen<\/h2>\n\n\n\n<h2 class=\"has-black-color has-text-color has-normal-font-size wp-block-heading\">Gratuit &#8211; R\u00e9servation conseill\u00e9e<\/h2>\n\n\n\n<h2 class=\"has-black-color has-text-color has-normal-font-size wp-block-heading\"><a href=\"http:\/\/rouen.fr\/patrimoine2022\">rouen.fr\/patrimoine2022<\/a> <\/h2>\n\n\n\n<h2 class=\"has-text-align-center has-text-color wp-block-heading\" style=\"color:#fff265;font-size:65px\"><strong>&#8211; &#8211; &#8211; <\/strong><\/h2>\n\n\n\n<h2 class=\"has-small-font-size wp-block-heading\"><mark style=\"background-color:#000000\" class=\"has-inline-color has-white-color\">  Concert dessin\u00e9 &#8211; \u00e0 partir de 8 ans  <\/mark><\/h2>\n\n\n\n<h2 class=\"has-black-color has-text-color has-medium-font-size wp-block-heading\"><strong>Bruno Liance &amp; Emag<\/strong><\/h2>\n\n\n\n<h2 class=\"has-text-color has-large-font-size wp-block-heading\" style=\"color:#e94540\"><strong>NINA<\/strong><\/h2>\n\n\n\n<p>En dessins et en musique, ce spectacle, inspir\u00e9 du livre <em>Nina<\/em> de Bruno Liance et Alice Bri\u00e8re-Haquet, pr\u00e9sente l&rsquo;histoire et l&rsquo;univers musical de Nina Simone. Avant d&rsquo;\u00eatre une grande dame du jazz, elle fut cette petite fille noire, oblig\u00e9e de se battre contre le racisme et la s\u00e9gr\u00e9gation pour faire vivre sa musique.<\/p>\n\n\n\n<h2 class=\"has-text-color has-normal-font-size wp-block-heading\" style=\"color:#e94540\"><strong><strong>Samedi 17 septembre \u00e0 18h <\/strong><\/strong>(45min)<\/h2>\n\n\n\n<h2 class=\"has-black-color has-text-color has-normal-font-size wp-block-heading\"><strong>Emag<\/strong><\/h2>\n\n\n\n<h2 class=\"has-normal-font-size wp-block-heading\">Esplanade Tony Larue &#8211; 76120 Grand-Quevilly<\/h2>\n\n\n\n<h2 class=\"has-normal-font-size wp-block-heading\">Gratuit sur r\u00e9servation&nbsp;au 02 35 68 93 97<\/h2>\n\n\n\n<h2 class=\"has-black-color has-text-color has-normal-font-size wp-block-heading\" style=\"font-style:normal;font-weight:100\"><a href=\"http:\/\/www.grandquevilly.fr\">www.grandquevilly.fr<\/a><\/h2>\n\n\n\n<h2 class=\"has-text-align-center has-text-color wp-block-heading\" style=\"color:#fff265;font-size:65px\"><strong>&#8211; &#8211; &#8211; <\/strong><\/h2>\n\n\n\n<h2 class=\"has-small-font-size wp-block-heading\"><mark style=\"background-color:#000000\" class=\"has-inline-color has-white-color\">  Atelier &#8211; \u00e0 partir de 6 ans  <\/mark><\/h2>\n\n\n\n<h2 class=\"has-black-color has-text-color has-medium-font-size wp-block-heading\"><strong>Bruno Liance<\/strong><\/h2>\n\n\n\n<h2 class=\"has-text-color has-large-font-size wp-block-heading\" style=\"color:#e94540\"><strong>ATELIER GRAPHIQUE AUTOUR DE <em>NINA<\/em><\/strong><\/h2>\n\n\n\n<p>En lien avec le concert dessin\u00e9, propos\u00e9 \u00e0 l&rsquo;Emag, Bruno Liance anime un atelier graphique pour les enfants \u00e0 partir de 6 ans.<\/p>\n\n\n\n<h2 class=\"has-text-color has-normal-font-size wp-block-heading\" style=\"color:#e94540\"><strong>Samedi 17 septembre \u00e0 10h et 14h<\/strong> (2h)<\/h2>\n\n\n\n<h2 class=\"has-black-color has-text-color has-normal-font-size wp-block-heading\"><strong>M\u00e9diath\u00e8que de Grand Quevilly<\/strong> <\/h2>\n\n\n\n<h2 class=\"has-black-color has-text-color has-normal-font-size wp-block-heading\">Esplanade Tony Larue &#8211; 76120 Grand-Quevilly<\/h2>\n\n\n\n<h2 class=\"has-black-color has-text-color has-normal-font-size wp-block-heading\">Gratuit sur r\u00e9servation&nbsp;au 02 35 68 93 97<\/h2>\n\n\n\n<h2 class=\"has-normal-font-size wp-block-heading\"><a href=\"https:\/\/mediatheque.ville-grand-quevilly.fr\">https:\/\/mediatheque.ville-grand-quevilly.fr<\/a>&nbsp;<\/h2>\n\n\n\n<h2 class=\"has-text-align-center has-text-color wp-block-heading\" style=\"color:#fff265;font-size:65px\"><strong>&#8211; &#8211; &#8211;<\/strong><\/h2>\n\n\n\n<h2 class=\"has-small-font-size wp-block-heading\"><mark style=\"background-color:#000000\" class=\"has-inline-color has-white-color\">  Jeux de piste et de soci\u00e9t\u00e9 &#8211; \u00e0 partir de 6 ans  <\/mark><\/h2>\n\n\n\n<h2 class=\"has-black-color has-text-color has-medium-font-size wp-block-heading\"><strong>M\u00e9diath\u00e8que de Grand Quevilly<\/strong><\/h2>\n\n\n\n<h2 class=\"has-text-color has-large-font-size wp-block-heading\" style=\"color:#e94540;text-transform:uppercase\"><strong>Connaissez-vous l&rsquo;effet Matilda ?<\/strong><\/h2>\n\n\n\n<p>L\u2019effet Matilda, c\u2019est ainsi qu\u2019on nomme le fait &#8211; en hommage \u00e0 la militante f\u00e9ministe Matilda Joslyn Gage &#8211; que les contributions des femmes \u00e0 la recherche scientifique soient oubli\u00e9es, voire d\u00e9tourn\u00e9es au profit de leurs coll\u00e8gues masculins. Pour redonner toute leur place aux femmes qui ont marqu\u00e9 l&rsquo;histoire, la M\u00e9diath\u00e8que vous propose de jouer et de retrouver qui se cache derri\u00e8re de nombreuses d\u00e9couvertes !<\/p>\n\n\n\n<h2 class=\"has-text-color has-normal-font-size wp-block-heading\" style=\"color:#e94540\"><strong>Du mercredi 14 au samedi 17 septembre <\/strong>(45min)<\/h2>\n\n\n\n<h2 class=\"has-black-color has-text-color has-normal-font-size wp-block-heading\"><strong>M\u00e9diath\u00e8que de Grand Quevilly<\/strong><\/h2>\n\n\n\n<h2 class=\"has-normal-font-size wp-block-heading\">Esplanade Tony Larue &#8211; 76120 Grand-Quevilly<\/h2>\n\n\n\n<h2 class=\"has-normal-font-size wp-block-heading\">Gratuit sur r\u00e9servations&nbsp;au 02 35 68 93 97<\/h2>\n\n\n\n<h2 class=\"has-normal-font-size wp-block-heading\"><a href=\"https:\/\/mediatheque.ville-grand-quevilly.fr\/\">https:\/\/mediatheque.ville-grand-quevilly.fr\/<\/a><\/h2>\n\n\n\n<h2 class=\"has-text-align-center has-text-color wp-block-heading\" style=\"color:#fff265;font-size:65px\"><strong>&#8211; &#8211; &#8211;<\/strong><\/h2>\n\n\n\n<h2 class=\"has-small-font-size wp-block-heading\"><mark style=\"background-color:#000000\" class=\"has-inline-color has-white-color\">  Spectacle participatif &#8211; \u00e0 partir de 12 ans  <\/mark><\/h2>\n\n\n\n<h2 class=\"has-black-color has-text-color has-medium-font-size wp-block-heading\"><strong>Cie la Vie Grande<\/strong><\/h2>\n\n\n\n<h2 class=\"has-text-color has-large-font-size wp-block-heading\" style=\"color:#e94540;text-transform:uppercase\"><strong>On ne nait pas femme<\/strong><\/h2>\n\n\n\n<p>Un spectacle immersif sur l&rsquo;histoire du f\u00e9minisme en France !<br>A partir de faits historiques et de grands textes et \u00e9v\u00e9nements qui ont marqu\u00e9 l&rsquo;histoire des femmes en France, ce spectacle retrace le parcours des grandes figures des luttes pour les droits des femmes, de la R\u00e9volution fran\u00e7aise \u00e0 nos jours. Suivi d\u2019une rencontre-d\u00e9bat.<\/p>\n\n\n\n<h2 class=\"has-text-color has-normal-font-size wp-block-heading\" style=\"color:#e94540\"><strong>Samedi 17 septembre \u00e0 16h<\/strong> (45min)<\/h2>\n\n\n\n<h2 class=\"has-black-color has-text-color has-normal-font-size wp-block-heading\"><strong>M\u00e9diath\u00e8que de Grand Quevilly<\/strong><\/h2>\n\n\n\n<h2 class=\"has-normal-font-size wp-block-heading\">Esplanade Tony Larue &#8211; 76120 Grand-Quevilly<\/h2>\n\n\n\n<h2 class=\"has-normal-font-size wp-block-heading\">Gratuit &#8211; sur r\u00e9servation au 02 35 68 93 97&nbsp;<\/h2>\n\n\n\n<h2 class=\"has-normal-font-size wp-block-heading\"><a href=\"https:\/\/mediatheque.ville-grand-quevilly.fr\/\">https:\/\/mediatheque.ville-grand-quevilly.fr\/<\/a><\/h2>\n\n\n\n<h2 class=\"has-text-align-center has-text-color wp-block-heading\" style=\"color:#fff265;font-size:65px\"><strong>&#8211; &#8211; &#8211;<\/strong> <\/h2>\n\n\n\n<h2 class=\"has-small-font-size wp-block-heading\"><mark style=\"background-color:#000000\" class=\"has-inline-color has-white-color\">  Ateliers &#8211; \u00e0 partir de 5 ans  <\/mark><\/h2>\n\n\n\n<h2 class=\"has-black-color has-text-color has-medium-font-size wp-block-heading\"><strong>La Fabrique des Savoirs<\/strong><\/h2>\n\n\n\n<h2 class=\"has-text-color has-large-font-size wp-block-heading\" style=\"color:#e94540;text-transform:uppercase\"><strong>H\u00e9ro\u00efnes<\/strong><\/h2>\n\n\n\n<p><strong><em>&#8211; Derni\u00e8res mailles<\/em><br><\/strong>Finalisation de la fresque en tricot en hommage aux ouvri\u00e8res du textile avec Cit\u00e9m\u00f4mes.<br>&#8211; <strong><em>Atelier <\/em>Les h\u00e9ro\u00efnes des enfants d&rsquo;aujourd&rsquo;hui<\/strong><br>Cr\u00e9ation de masques pour mettre \u00e0 l&rsquo;honneur les h\u00e9ro\u00efnes des enfants d&rsquo;aujourd&rsquo;hui !<\/p>\n\n\n\n<h2 class=\"has-text-color has-normal-font-size wp-block-heading\" style=\"color:#e94540\"><strong>Samedi 17 et dimanche 18 septembre<\/strong>, en continu.<\/h2>\n\n\n\n<h2 class=\"has-black-color has-text-color has-normal-font-size wp-block-heading\"><strong>La Fabrique des Savoirs<\/strong><\/h2>\n\n\n\n<h2 class=\"has-normal-font-size wp-block-heading\">7 cours Gambetta &#8211; 76500 Elbeuf<\/h2>\n\n\n\n<h2 class=\"has-normal-font-size wp-block-heading\">Gratuit, sur r\u00e9servation au 02 32 96 30 40<\/h2>\n\n\n\n<h2 class=\"has-normal-font-size wp-block-heading\"><a href=\"https:\/\/musees-rouen-normandie.fr\/\">https:\/\/musees-rouen-normandie.fr<\/a>&nbsp;<\/h2>\n\n\n\n<h2 class=\"has-text-align-center has-text-color wp-block-heading\" style=\"color:#fff265;font-size:65px\"><strong>&#8211; &#8211; &#8211;<\/strong> <\/h2>\n\n\n\n<h2 class=\"has-small-font-size wp-block-heading\"><mark style=\"background-color:#000000\" class=\"has-inline-color has-white-color\">  Jeu &#8211; \u00e0 partir de 8 ans  <\/mark><\/h2>\n\n\n\n<h2 class=\"has-text-color has-large-font-size wp-block-heading\" style=\"color:#e94540;text-transform:uppercase\"><strong>Escape game Jeanne d\u2019Arc<\/strong><\/h2>\n\n\n\n<p>Alors qu\u2019une conspiration de voyageurs du temps tente de modifier l\u2019histoire de Jeanne d\u2019Arc, le destin place sur votre route une myst\u00e9rieuse capsule temporelle. A l\u2019aide d\u2019\u00e9nigmes et de puzzles, aidez Jane Val\u00e9ry-Radot \u00e0 prot\u00e9ger la l\u00e9gende de la plus c\u00e9l\u00e8bre des chevaleresses.<\/p>\n\n\n\n<h2 class=\"has-text-color has-normal-font-size wp-block-heading\" style=\"color:#e94540\"><strong>Samedi 17 septembre \u00e0 15h30 <\/strong>(1h30)<\/h2>\n\n\n\n<h2 class=\"has-black-color has-text-color has-normal-font-size wp-block-heading\"><strong>Biblioth\u00e8que du Ch\u00e2telet<\/strong><\/h2>\n\n\n\n<h2 class=\"has-normal-font-size wp-block-heading\">Place du Ch\u00e2telet &#8211; 76000 Rouen<\/h2>\n\n\n\n<h2 class=\"has-normal-font-size wp-block-heading\">Gratuit sur r\u00e9servation au 02 76 08 80 88<\/h2>\n\n\n\n<h2 class=\"has-normal-font-size wp-block-heading\"><a href=\"https:\/\/rnbi.rouen.fr\/\">https:\/\/rnbi.rouen.fr\/<\/a><\/h2>\n\n\n\n<h2 class=\"has-text-align-center has-text-color wp-block-heading\" style=\"color:#94638f;font-size:65px\"><strong>&#8211; &#8211; &#8211; &#8211; &#8211; &#8211; &#8211; &#8211; &#8211;<\/strong><\/h2>\n\n\n\n<p class=\"has-text-color\" style=\"color:#94638f;font-size:30px\">Seine Maritime (Hors M\u00e9tropole)<\/p>\n\n\n\n<h2 class=\"has-small-font-size wp-block-heading\"><mark style=\"background-color:#000000\" class=\"has-inline-color has-white-color\">  Projection et Rencontre &#8211; \u00e0 partir de 12 ans  <\/mark><\/h2>\n\n\n\n<h2 class=\"has-black-color has-text-color has-medium-font-size wp-block-heading\"><strong>Normandie Images<\/strong><\/h2>\n\n\n\n<h2 class=\"has-text-color has-large-font-size wp-block-heading\" style=\"color:#e94540;text-transform:uppercase\"><strong>Tourne-la comme Alice<\/strong><\/h2>\n\n\n\n<p>Apr\u00e8s la diffusion de films d&rsquo;archives amateurs du d\u00e9but du XX\u00e8me si\u00e8cle,&nbsp;projection du court-m\u00e9trage <em>Les r\u00e9sultats du f\u00e9minisme<\/em> (1906) dans lequel la r\u00e9alisatrice Alice Guy inverse les r\u00f4les des hommes et des femmes pour questionner la place de chacun\u00b7e dans la soci\u00e9t\u00e9 et dans la fiction. Ensuite, place \u00e0 l\u2019adaptation r\u00e9alis\u00e9e par les jeunes de la maison d&rsquo;enfants de Saint-Saire (Fondation Les Nids) lors d\u2019ateliers de r\u00e9alisation avec Florence Guillaume, m\u00e9diatrice cin\u00e9ma.<\/p>\n\n\n\n<h2 class=\"has-text-color has-normal-font-size wp-block-heading\" style=\"color:#e94540\"><strong>Jeudi 15 septembre \u00e0 19h<\/strong> (1h15)<\/h2>\n\n\n\n<h2 class=\"has-black-color has-text-color has-normal-font-size wp-block-heading\"><strong>Cin\u00e9ma Le Normandy<\/strong><\/h2>\n\n\n\n<h2 class=\"has-normal-font-size wp-block-heading\">18 rue Poissonni\u00e8re &#8211; 76270 Neufch\u00e2tel-en-Bray<\/h2>\n\n\n\n<h2 class=\"has-normal-font-size wp-block-heading\">Gratuit sur r\u00e9servation au 02 35 89 12 43 ou au 07 87 61 56 62<\/h2>\n\n\n\n<h2 class=\"has-normal-font-size wp-block-heading\"><a href=\"http:\/\/www.normandieimages.fr\">www.normandieimages.fr<\/a><\/h2>\n\n\n\n<h2 class=\"has-text-align-center has-text-color wp-block-heading\" style=\"color:#94638f;font-size:65px\"><strong><strong>&#8211; &#8211; &#8211; &#8211; &#8211; &#8211; &#8211; &#8211; &#8211;<\/strong><\/strong><\/h2>\n\n\n\n<p class=\"has-text-color\" style=\"color:#94638f;font-size:30px\">Calvados<\/p>\n\n\n\n<h2 class=\"has-small-font-size wp-block-heading\"><mark style=\"background-color:#000000\" class=\"has-inline-color has-white-color\">  Atelier &#8211; de 12 \u00e0 18 ans  <\/mark><\/h2>\n\n\n\n<h2 class=\"has-black-color has-text-color has-medium-font-size wp-block-heading\"><strong>Collectif Go Go Go : Yelsha &amp; Turtle White<\/strong><\/h2>\n\n\n\n<h2 class=\"has-text-color has-large-font-size wp-block-heading\" style=\"color:#e94540;text-transform:uppercase\"><strong>Atelier d&rsquo;\u00e9criture rap<\/strong><\/h2>\n\n\n\n<p>Cette initiation s&rsquo;adresse \u00e0 toutes les rappeuses f\u00e9minines et queer, de 12 \u00e0 18 ans sans aucun pr\u00e9-requis. Attention, places tr\u00e8s limit\u00e9es !<\/p>\n\n\n\n<h2 class=\"has-text-color has-normal-font-size wp-block-heading\" style=\"color:#e94540\"><strong>Samedi 17 septembre \u00e0 10h <\/strong>(3h)<\/h2>\n\n\n\n<h2 class=\"has-black-color has-text-color has-normal-font-size wp-block-heading\"><strong>Le Carg\u00f6<\/strong><\/h2>\n\n\n\n<h2 class=\"has-normal-font-size wp-block-heading\">9 cours Caffarelli &#8211; 14000 Caen<\/h2>\n\n\n\n<h2 class=\"has-normal-font-size wp-block-heading\">Gratuit, inscription<strong> indispensable<\/strong> au 02 31 86 79 31 ou via <a href=\"https:\/\/docs.google.com\/forms\/d\/e\/1FAIpQLSesoW764ypRW0xYMhejExEGaPqlQshLeM6Ra5Z1udvm_51jCg\/viewform\" target=\"_blank\" rel=\"noreferrer noopener\">le formulaire ligne<\/a> <\/h2>\n\n\n\n<h2 class=\"has-normal-font-size wp-block-heading\"><a href=\"https:\/\/lecargo.fr\">https:\/\/lecargo.fr<\/a><\/h2>\n\n\n\n<h2 class=\"has-text-align-center has-text-color wp-block-heading\" style=\"color:#fff265;font-size:65px\"><strong>&#8211; &#8211; &#8211; <\/strong><\/h2>\n\n\n\n<h2 class=\"has-small-font-size wp-block-heading\"><mark style=\"background-color:#000000\" class=\"has-inline-color has-white-color\">  Spectacle &#8211; \u00e0 partir de 13 ans  <\/mark><\/h2>\n\n\n\n<h2 class=\"has-black-color has-text-color has-medium-font-size wp-block-heading\"><strong>Cie LE T.O.C.<\/strong><\/h2>\n\n\n\n<h2 class=\"has-text-color has-large-font-size wp-block-heading\" style=\"color:#e94540;text-transform:uppercase\"><strong>La plume et le fusil : Louise Michel<\/strong><\/h2>\n\n\n\n<p>A partir des textes de Louise Michel : <em>M\u00e9moires<\/em> et<em> La Commune<\/em>, ce spectacle aborde sous forme d\u2019\u00e9pisodes le parcours et la vie de cette femme singuli\u00e8re et les diff\u00e9rents aspects de son militantisme.&nbsp;<\/p>\n\n\n\n<h2 class=\"has-text-color has-normal-font-size wp-block-heading\" style=\"color:#e94540\"><strong>Du samedi 17 au dimanche 18 septembre \u00e0 20h et \u00e0 15h30 <\/strong>(1h30)<\/h2>\n\n\n\n<h2 class=\"has-black-color has-text-color has-normal-font-size wp-block-heading\"><strong>M\u00e9diath\u00e8que Les 7 lieux<\/strong><\/h2>\n\n\n\n<h2 class=\"has-normal-font-size wp-block-heading\">1 boulevard Fabian Ware &#8211; 14400 Bayeux<\/h2>\n\n\n\n<h2 class=\"has-normal-font-size wp-block-heading\">Gratuit sur r\u00e9servation au 02 31 51 20 20<\/h2>\n\n\n\n<h2 class=\"has-normal-font-size wp-block-heading\"><a href=\"https:\/\/www.les7lieux.fr\/\">https:\/\/www.les7lieux.fr\/<\/a><\/h2>\n\n\n\n<h2 class=\"has-text-align-center has-text-color wp-block-heading\" style=\"color:#94638f;font-size:65px\"><strong>&#8211; &#8211; &#8211; &#8211; &#8211; &#8211; &#8211; &#8211; &#8211;<\/strong><\/h2>\n\n\n\n<p class=\"has-text-color\" style=\"color:#94638f;font-size:30px\">Eure<\/p>\n\n\n\n<h2 class=\"has-small-font-size wp-block-heading\"><mark style=\"background-color:#000000\" class=\"has-inline-color has-white-color\">  Temps fort &#8211; \u00e0 partir de 7 ans  <\/mark><\/h2>\n\n\n\n<h2 class=\"has-black-color has-text-color has-medium-font-size wp-block-heading\"><strong>La Manufacture<\/strong><\/h2>\n\n\n\n<h2 class=\"has-text-color has-large-font-size wp-block-heading\" style=\"color:#e94540;text-transform:uppercase\"><strong>L&rsquo;astronomie : un \u00ab\u00a0monde\u00a0\u00bb d&rsquo;hommes ?<\/strong><\/h2>\n\n\n\n<p>R\u00e9habilitons l\u2019importance des femmes dans l\u2019histoire de l\u2019astronomie !<br>Au programme:<strong><br><\/strong>&#8211; \u00e0 14h : s\u00e9ances de Plan\u00e9tarium (\u00e0 partir de 14 ans )<br><em>&#8211; <\/em>\u00e0 15h15 : atelier de r\u00e9alisation d\u2019un jeu questions\/r\u00e9ponses autour de femmes astronomes inspirantes (de 7 \u00e0 10 ans)<br>&#8211; \u00e0 17h30 : Caf\u00e9-conf\u00e9rence <strong><em>La conqu\u00eate spatiale de Valentina Terechkova \u00e0 Samantha Cristoforetti <\/em><\/strong>anim\u00e9 par l&rsquo;association Elles bougent (\u00e0 partir de 11 ans)<br>&#8211; <strong><em> <\/em><\/strong>\u00e0 19h : LAN Party pour partir \u00e0 la conqu\u00eate spatiale \u00e0 travers le jeu <em>Kerbal Space Program<\/em> (\u00e0 partir de 15 ans).<\/p>\n\n\n\n<h2 class=\"has-text-color has-normal-font-size wp-block-heading\" style=\"color:#e94540\"><strong>Samedi 17 septembre de 14h \u00e0 22h&nbsp;<\/strong><\/h2>\n\n\n\n<h2 class=\"has-black-color has-text-color has-normal-font-size wp-block-heading\"><strong>\u00c9cole annexe de Navarre<\/strong><\/h2>\n\n\n\n<h2 class=\"has-normal-font-size wp-block-heading\">59 rue Saint-Germain &#8211; 27000 Evreux<\/h2>\n\n\n\n<h2 class=\"has-normal-font-size wp-block-heading\">Gratuit sur r\u00e9servation au 02 32 33 47 39<\/h2>\n\n\n\n<h2 class=\"has-normal-font-size wp-block-heading\"><a href=\"https:\/\/www.lamanufacture-evreux.fr\/\">https:\/\/www.lamanufacture-evreux.fr\/<\/a><\/h2>\n\n\n\n<h2 class=\"has-text-align-center has-text-color wp-block-heading\" style=\"color:#94638f;font-size:65px\"><strong>&#8211; &#8211; &#8211; &#8211; &#8211; &#8211; &#8211; &#8211; &#8211; <\/strong><\/h2>\n\n\n\n<p class=\"has-text-color\" style=\"color:#94638f;font-size:30px\">Manche<\/p>\n\n\n\n<h2 class=\"has-small-font-size wp-block-heading\"><mark style=\"background-color:#000000\" class=\"has-inline-color has-white-color\">  Conf\u00e9rence dans\u00e9e, cont\u00e9e et imag\u00e9e &#8211; \u00e0 partir de 10 ans  <\/mark><\/h2>\n\n\n\n<h2 class=\"has-black-color has-text-color has-medium-font-size wp-block-heading\"><strong>Cie Moi Peau &#8211; S\u00e9bastien Laurent &amp; Annabelle Rosenow<\/strong><\/h2>\n\n\n\n<h2 class=\"has-text-color has-large-font-size wp-block-heading\" style=\"color:#e94540;text-transform:uppercase\"><strong>Victoire<\/strong><\/h2>\n\n\n\n<p>En d\u00e9tournant plusieurs tableaux c\u00e9l\u00e8bres, l\u2019illustratrice Claire Cantais narre, dans <em>Votez Victorine<\/em>, l\u2019histoire d\u2019une jeune femme qui, \u00e0 la suite d\u2019une mauvaise blague, se retrouve nue dans la nature, c\u2019est-\u00e0-dire libre ! Promise \u00e0 un avenir tout trac\u00e9, elle profite de cette exp\u00e9rience pour d\u00e9cider de prendre sa vie en main et jouer un tour \u00e0 la soci\u00e9t\u00e9. Au fil d\u2019\u00e9chapp\u00e9es libres dans notre histoire de l\u2019art, ce spectacle questionne les repr\u00e9sentations des femmes dans l\u2019art et leur reconnaissance en tant qu&rsquo;artistes.<\/p>\n\n\n\n<h2 class=\"has-text-color has-normal-font-size wp-block-heading\" style=\"color:#e94540\"><strong>Mercredi 14 septembre \u00e0 15h<\/strong> (45min)<\/h2>\n\n\n\n<h2 class=\"has-black-color has-text-color has-normal-font-size wp-block-heading\"><strong>Mus\u00e9e d\u2019art et d\u2019histoire<\/strong><\/h2>\n\n\n\n<h2 class=\"has-normal-font-size wp-block-heading\">Place du Champ de Mars &#8211; 50000 Saint-L\u00f4<\/h2>\n\n\n\n<h2 class=\"has-normal-font-size wp-block-heading\">Gratuit sur r\u00e9servation au 02 33 72 52 55<\/h2>\n\n\n\n<h2 class=\"has-normal-font-size wp-block-heading\"><a href=\"http:\/\/musees.saint-lo.fr\/\">http:\/\/musees.saint-lo.fr\/<\/a><\/h2>\n\n\n\n<hr class=\"wp-block-separator has-text-color has-alpha-channel-opacity has-background\" style=\"background-color:#94638f;color:#94638f\"\/>\n","protected":false},"excerpt":{"rendered":"<p>M\u00e9tropole Rouen Normandie Spectacle &#8211; \u00e0 partir de 8 ans Cie La Vie R\u00eav\u00e9e &#8211; Marion Casabianca MOI, MATHILDE PLANCHON, FEMME AUTRICE EXTRAORDINAIRE TE PARLE DE MON PALAIS D&rsquo;OR ET D&rsquo;ARGENT Mathilde Planchon est une autrice de 37 ans porteuse de Trisomie 21. Dans son livre Je&nbsp; viens de loin \u00e9dit\u00e9 en 2014, elle se [&hellip;]<\/p>\n","protected":false},"author":9,"featured_media":0,"parent":0,"menu_order":0,"comment_status":"closed","ping_status":"closed","template":"","meta":{"footnotes":""},"class_list":["post-2195","page","type-page","status-publish","hentry"],"_links":{"self":[{"href":"https:\/\/hf-normandie.fr\/index.php\/wp-json\/wp\/v2\/pages\/2195","targetHints":{"allow":["GET"]}}],"collection":[{"href":"https:\/\/hf-normandie.fr\/index.php\/wp-json\/wp\/v2\/pages"}],"about":[{"href":"https:\/\/hf-normandie.fr\/index.php\/wp-json\/wp\/v2\/types\/page"}],"author":[{"embeddable":true,"href":"https:\/\/hf-normandie.fr\/index.php\/wp-json\/wp\/v2\/users\/9"}],"replies":[{"embeddable":true,"href":"https:\/\/hf-normandie.fr\/index.php\/wp-json\/wp\/v2\/comments?post=2195"}],"version-history":[{"count":13,"href":"https:\/\/hf-normandie.fr\/index.php\/wp-json\/wp\/v2\/pages\/2195\/revisions"}],"predecessor-version":[{"id":2418,"href":"https:\/\/hf-normandie.fr\/index.php\/wp-json\/wp\/v2\/pages\/2195\/revisions\/2418"}],"wp:attachment":[{"href":"https:\/\/hf-normandie.fr\/index.php\/wp-json\/wp\/v2\/media?parent=2195"}],"curies":[{"name":"wp","href":"https:\/\/api.w.org\/{rel}","templated":true}]}}