{"id":2225,"date":"2022-08-14T17:06:08","date_gmt":"2022-08-14T15:06:08","guid":{"rendered":"http:\/\/hf-normandie.fr\/?page_id=2225"},"modified":"2022-08-14T17:06:08","modified_gmt":"2022-08-14T15:06:08","slug":"journees-du-matrimoine-2022-manche","status":"publish","type":"page","link":"https:\/\/hf-normandie.fr\/index.php\/journees-du-matrimoine-2022-manche\/","title":{"rendered":"Journ\u00e9es du Matrimoine 2022 &#8211; Manche"},"content":{"rendered":"\n<hr class=\"wp-block-separator has-text-color has-alpha-channel-opacity has-background\" style=\"background-color:#94638f;color:#94638f\"\/>\n\n\n<div class=\"wp-block-image\">\n<figure class=\"aligncenter size-full\"><img loading=\"lazy\" decoding=\"async\" width=\"977\" height=\"406\" src=\"https:\/\/hf-normandie.fr\/wp-content\/uploads\/2022\/08\/Banniere-JDM-Manche-Final.jpg\" alt=\"\" class=\"wp-image-2312\" srcset=\"https:\/\/hf-normandie.fr\/wp-content\/uploads\/2022\/08\/Banniere-JDM-Manche-Final.jpg 977w, https:\/\/hf-normandie.fr\/wp-content\/uploads\/2022\/08\/Banniere-JDM-Manche-Final-300x125.jpg 300w, https:\/\/hf-normandie.fr\/wp-content\/uploads\/2022\/08\/Banniere-JDM-Manche-Final-768x319.jpg 768w\" sizes=\"auto, (max-width: 977px) 100vw, 977px\" \/><\/figure>\n<\/div>\n\n\n<h2 class=\"has-small-font-size wp-block-heading\"><mark style=\"background-color:#000000\" class=\"has-inline-color has-white-color\">  Cin\u00e9-Concert  <\/mark> <\/h2>\n\n\n\n<h2 class=\"has-medium-font-size wp-block-heading\" style=\"font-style:normal;font-weight:400\"><mark style=\"background-color:rgba(0, 0, 0, 0)\" class=\"has-inline-color has-black-color\"><strong>Cie Intensit\u00e9s &#8211; Maguelone Vidal<\/strong><\/mark><\/h2>\n\n\n\n<h2 class=\"has-text-color has-large-font-size wp-block-heading\" style=\"color:#e94540;text-transform:uppercase\"><strong>Pionni\u00e8res<\/strong><\/h2>\n\n\n\n<p class=\"has-normal-font-size\"><em>Pionni\u00e8res <\/em>est une ode contemporaine \u00e0 l\u2019engagement artistique et politique des r\u00e9alisatrices Lo\u00efs Weber et Germaine Dulac. Maguelone Vidal explore les relations po\u00e9tiques et sensorielles entre leur cin\u00e9ma et la performance musicale, autour de deux films qui t\u00e9moignent d\u2019une inventivit\u00e9 prodigieuse \u00e0 la fois dans l\u2019incarnation d\u2019un personnage f\u00e9minin extr\u00eamement libre &#8211; dans <em>La Cigarette<\/em> de Germaine Dulac (1919) &#8211; ou encore dans la conception m\u00eame des images &#8211; dans <em>Suspense<\/em> de Lois Weber (1913).<\/p>\n\n\n\n<h2 class=\"has-text-color has-normal-font-size wp-block-heading\" style=\"color:#e94540\"><strong>Samedi 17 septembre \u00e0 17h <\/strong>(1h)<\/h2>\n\n\n\n<h2 class=\"has-normal-font-size wp-block-heading\" style=\"font-style:normal;font-weight:400\"><mark style=\"background-color:rgba(0, 0, 0, 0)\" class=\"has-inline-color has-black-color\">Le Normandy<\/mark><\/h2>\n\n\n\n<h2 class=\"has-normal-font-size wp-block-heading\">25 place du Champ de Mars &#8211; 50000 Saint-L\u00f4<\/h2>\n\n\n\n<h2 class=\"has-normal-font-size wp-block-heading\">Gratuit &#8211; Infos au 02 33 57 60 96<\/h2>\n\n\n\n<h2 class=\"has-normal-font-size wp-block-heading\"><a href=\"http:\/\/www.lenormandy.net\">www.lenormandy.net<\/a><\/h2>\n\n\n\n<h1 class=\"has-text-align-center has-text-color wp-block-heading\" style=\"color:#fff265;font-size:65px;text-transform:uppercase\"><strong>&#8211; &#8211; &#8211;<\/strong><\/h1>\n\n\n\n<h2 class=\"has-small-font-size wp-block-heading\" style=\"font-style:normal;font-weight:400\"><mark style=\"background-color:#000000\" class=\"has-inline-color has-white-color\">  Conf\u00e9rence dans\u00e9e, cont\u00e9e et imag\u00e9e &#8211; \u00e0 partir de 10 ans  <\/mark><\/h2>\n\n\n\n<h2 class=\"has-medium-font-size wp-block-heading\"><mark style=\"background-color:rgba(0, 0, 0, 0)\" class=\"has-inline-color has-black-color\"><strong>Cie Moi Peau &#8211; S\u00e9bastien Laurent &amp; Annabelle Rosenow<\/strong><\/mark><\/h2>\n\n\n\n<h2 class=\"has-text-color has-large-font-size wp-block-heading\" style=\"color:#e94540;text-transform:uppercase\"><strong>Victoire<\/strong><\/h2>\n\n\n\n<p class=\"has-normal-font-size\">En d\u00e9tournant plusieurs tableaux c\u00e9l\u00e8bres, l\u2019illustratrice Claire Cantais narre, dans <em>Votez Victorine<\/em>, l\u2019histoire d\u2019une jeune femme qui, \u00e0 la suite d\u2019une mauvaise blague, se retrouve nue dans la nature, c\u2019est-\u00e0-dire libre ! Promise \u00e0 un avenir tout trac\u00e9, elle profite de cette exp\u00e9rience pour d\u00e9cider de prendre sa vie en main et jouer un tour \u00e0 la soci\u00e9t\u00e9<s>.<\/s> Au fil d\u2019\u00e9chapp\u00e9es libres dans notre histoire de l\u2019art, ce spectacle questionne les repr\u00e9sentations des femmes dans l\u2019art et leur reconnaissance en tant qu&rsquo;artistes.&nbsp;<\/p>\n\n\n\n<h2 class=\"has-text-color has-normal-font-size wp-block-heading\" style=\"color:#e94540\"><strong><strong>Mercredi 14 septembre \u00e0 15h<\/strong> (45min)<\/strong><\/h2>\n\n\n\n<h2 class=\"has-normal-font-size wp-block-heading\"><strong><mark style=\"background-color:rgba(0, 0, 0, 0)\" class=\"has-inline-color has-black-color\">Mus\u00e9e d\u2019Art et d\u2019Histoire <\/mark><\/strong><\/h2>\n\n\n\n<h2 class=\"has-black-color has-text-color has-normal-font-size wp-block-heading\">Place du Champ de Mars &#8211; 50000 Saint-L\u00f4<\/h2>\n\n\n\n<h2 class=\"has-black-color has-text-color has-normal-font-size wp-block-heading\">Gratuit sur r\u00e9servation au 02 33 72 52 55<\/h2>\n\n\n\n<h2 class=\"has-normal-font-size wp-block-heading\"><a href=\"http:\/\/musees.saint-lo.fr\/\">http:\/\/musees.saint-lo.fr\/<\/a><\/h2>\n\n\n\n<h2 class=\"has-text-align-center has-text-color wp-block-heading\" style=\"color:#fff265;font-size:65px\"><strong>&#8211; &#8211; &#8211;<\/strong><\/h2>\n\n\n\n<h2 class=\"has-small-font-size wp-block-heading\"><mark style=\"background-color:#000000\" class=\"has-inline-color has-white-color\">  Exposition &#8211; Visite comment\u00e9e  <\/mark><\/h2>\n\n\n\n<h2 class=\"has-black-color has-text-color has-medium-font-size wp-block-heading\"><strong>Jeanne Dubois-Pacquet<\/strong><\/h2>\n\n\n\n<h2 class=\"has-text-color has-large-font-size wp-block-heading\" style=\"color:#e94540;text-transform:uppercase\"><strong>Je m&rsquo;appelle Jean Pacquet de Bois<\/strong><\/h2>\n\n\n\n<p class=\"has-normal-font-size\">Entre pass\u00e9, pr\u00e9sent et futur, entre autoportrait et autofiction, l\u2019artiste Jeanne Pacquet Dubois expose dans son village natal avec la maison familiale comme point de rep\u00e8re.<br>Une r\u00e9flexion au sujet de la transmission et de l\u2019h\u00e9ritage, de la collecte et de la cr\u00e9ation d\u2019images. Visite comment\u00e9e de l\u2019exposition suivie de l\u2019inauguration de la biblioth\u00e8que.<\/p>\n\n\n\n<h2 class=\"has-text-color has-normal-font-size wp-block-heading\" style=\"color:#e94540\"><strong>Dimanche 18 septembre \u00e0 11h <\/strong>(45min)<\/h2>\n\n\n\n<h2 class=\"has-black-color has-text-color has-normal-font-size wp-block-heading\"><strong>Biblioth\u00e8que Sim\u00e9on Luce<\/strong> <\/h2>\n\n\n\n<h2 class=\"has-black-color has-text-color has-normal-font-size wp-block-heading\">50430 Bretteville-sur-Ay<\/h2>\n\n\n\n<h2 class=\"has-black-color has-text-color has-normal-font-size wp-block-heading\">Gratuit &#8211; Infos au 02 33 07 10 67 ou mairiedebrettevillesuray@wanadoo.fr<\/h2>\n\n\n\n<h2 class=\"has-normal-font-size wp-block-heading\"><a href=\"http:\/\/www.brettevillesuray.fr\">www.brettevillesuray.fr<\/a><\/h2>\n\n\n\n<hr class=\"wp-block-separator has-text-color has-alpha-channel-opacity has-background\" style=\"background-color:#94638f;color:#94638f\"\/>\n","protected":false},"excerpt":{"rendered":"<p>Cin\u00e9-Concert Cie Intensit\u00e9s &#8211; Maguelone Vidal Pionni\u00e8res Pionni\u00e8res est une ode contemporaine \u00e0 l\u2019engagement artistique et politique des r\u00e9alisatrices Lo\u00efs Weber et Germaine Dulac. Maguelone Vidal explore les relations po\u00e9tiques et sensorielles entre leur cin\u00e9ma et la performance musicale, autour de deux films qui t\u00e9moignent d\u2019une inventivit\u00e9 prodigieuse \u00e0 la fois dans l\u2019incarnation d\u2019un personnage [&hellip;]<\/p>\n","protected":false},"author":1,"featured_media":0,"parent":0,"menu_order":0,"comment_status":"closed","ping_status":"closed","template":"","meta":{"footnotes":""},"class_list":["post-2225","page","type-page","status-publish","hentry"],"_links":{"self":[{"href":"https:\/\/hf-normandie.fr\/index.php\/wp-json\/wp\/v2\/pages\/2225","targetHints":{"allow":["GET"]}}],"collection":[{"href":"https:\/\/hf-normandie.fr\/index.php\/wp-json\/wp\/v2\/pages"}],"about":[{"href":"https:\/\/hf-normandie.fr\/index.php\/wp-json\/wp\/v2\/types\/page"}],"author":[{"embeddable":true,"href":"https:\/\/hf-normandie.fr\/index.php\/wp-json\/wp\/v2\/users\/1"}],"replies":[{"embeddable":true,"href":"https:\/\/hf-normandie.fr\/index.php\/wp-json\/wp\/v2\/comments?post=2225"}],"version-history":[{"count":7,"href":"https:\/\/hf-normandie.fr\/index.php\/wp-json\/wp\/v2\/pages\/2225\/revisions"}],"predecessor-version":[{"id":2313,"href":"https:\/\/hf-normandie.fr\/index.php\/wp-json\/wp\/v2\/pages\/2225\/revisions\/2313"}],"wp:attachment":[{"href":"https:\/\/hf-normandie.fr\/index.php\/wp-json\/wp\/v2\/media?parent=2225"}],"curies":[{"name":"wp","href":"https:\/\/api.w.org\/{rel}","templated":true}]}}