{"id":2235,"date":"2022-08-14T17:05:32","date_gmt":"2022-08-14T15:05:32","guid":{"rendered":"http:\/\/hf-normandie.fr\/?page_id=2235"},"modified":"2022-09-09T16:06:06","modified_gmt":"2022-09-09T14:06:06","slug":"journees-du-matrimoine-2022-orne","status":"publish","type":"page","link":"https:\/\/hf-normandie.fr\/index.php\/journees-du-matrimoine-2022-orne\/","title":{"rendered":"Journ\u00e9es du Matrimoine 2022 &#8211; Orne"},"content":{"rendered":"\n<hr class=\"wp-block-separator has-text-color has-alpha-channel-opacity has-background\" style=\"background-color:#94638f;color:#94638f\"\/>\n\n\n\n<figure class=\"wp-block-gallery aligncenter has-nested-images columns-default is-cropped wp-block-gallery-1 is-layout-flex wp-block-gallery-is-layout-flex\">\n<figure class=\"wp-block-image size-full\"><img decoding=\"async\" data-id=\"2342\" src=\"https:\/\/hf-normandie.fr\/wp-content\/uploads\/2022\/08\/Banniere-JDM-Orne-Final-1.jpg\" alt=\"\" class=\"wp-image-2342\"\/><\/figure>\n<\/figure>\n\n\n\n<h2 class=\"has-small-font-size wp-block-heading\"><mark style=\"background-color:#000000\" class=\"has-inline-color has-white-color\">  Projection &#8211; Rencontre  <\/mark><\/h2>\n\n\n\n<h2 class=\"has-black-color has-text-color has-medium-font-size wp-block-heading\"><strong>R\u00e9seau G\u00e9n\u00e9riques \/ Pamela B. Green<\/strong><\/h2>\n\n\n\n<h2 class=\"has-text-color has-large-font-size wp-block-heading\" style=\"color:#e94540;text-transform:uppercase\"><strong>Be natural, l&rsquo;histoire cach\u00e9e d&rsquo;Alice Guy-Blach\u00e9<\/strong><\/h2>\n\n\n\n<p class=\"has-black-color has-text-color has-normal-font-size\">Au d\u00e9but du 20e si\u00e8cle, Alice Guy est une figure incontournable du cin\u00e9ma : r\u00e9alisatrice du premier film de fiction, productrice chez Gaumont et directrice de studio aux Etats-Unis. Un si\u00e8cle plus tard, son nom est presque effac\u00e9 des m\u00e9moires.&nbsp;Pamela B.Green interroge des personnalit\u00e9s du cin\u00e9ma au sein d&rsquo;une investigation palpitante sur cette invisibilisation narr\u00e9e par Jodie Foster. Suivie d\u2019une rencontre sur la repr\u00e9sentation des femmes dans le cin\u00e9ma et plus largement dans l\u2019espace public.<\/p>\n\n\n\n<h2 class=\"has-text-color has-normal-font-size wp-block-heading\" style=\"color:#e94540\"><strong>Jeudi 15 septembre \u00e0 20h45 (2h)<\/strong><\/h2>\n\n\n\n<h2 class=\"has-black-color has-text-color has-normal-font-size wp-block-heading\"><strong>Cin\u00e9ma de Domfront-en-Poiraie&nbsp;<\/strong>&nbsp;<\/h2>\n\n\n\n<h2 class=\"has-black-color has-text-color has-normal-font-size wp-block-heading\">61700 Domfront-en-Poiraie<\/h2>\n\n\n\n<h2 class=\"has-text-color has-normal-font-size wp-block-heading\" style=\"color:#e94540\"><strong>Samedi 17 septembre \u00e0 20h30 (2h)<\/strong><\/h2>\n\n\n\n<h2 class=\"has-black-color has-text-color has-normal-font-size wp-block-heading\"><strong>Salle Daniel Rouault<\/strong><\/h2>\n\n\n\n<h2 class=\"has-black-color has-text-color has-normal-font-size wp-block-heading\">61170 Le M\u00eale-sur-Sarthe<\/h2>\n\n\n\n<h2 class=\"has-black-color has-text-color has-normal-font-size wp-block-heading\">Tarifs habituels des cin\u00e9mas<\/h2>\n\n\n\n<h2 class=\"has-vivid-red-color has-text-color has-normal-font-size wp-block-heading\"><a href=\"https:\/\/laliguenormandie.org\/cinema\/programmation\/\">https:\/\/laliguenormandie.org\/cinema\/programmation\/ <\/a><\/h2>\n\n\n\n<h2 class=\"has-text-align-center has-text-color wp-block-heading\" style=\"color:#fff265;font-size:65px\"><strong>&#8211; &#8211; &#8211;<\/strong><\/h2>\n\n\n\n<h2 class=\"has-small-font-size wp-block-heading\"><mark style=\"background-color:#000000\" class=\"has-inline-color has-white-color\">  Balade cont\u00e9e  <\/mark> <\/h2>\n\n\n\n<h2 class=\"has-black-color has-text-color has-medium-font-size wp-block-heading\"><strong>Cie Transtopie \/ Collectif des droits des femmes 61<\/strong><\/h2>\n\n\n\n<h2 class=\"has-text-color has-large-font-size wp-block-heading\" style=\"color:#e94540;text-transform:uppercase\"><strong>Balade f\u00e9ministe<\/strong><\/h2>\n\n\n\n<p class=\"has-normal-font-size\">Une d\u00e9couverte du matrimoine \u00e0 travers une d\u00e9ambulation dans les rues d&rsquo;Alen\u00e7on !<br>A chaque arr\u00eat, les conteuses de la Compagnie Transtopie transforment l\u2019espace public et adjoignent aux rues le nom d&rsquo;une femme illustre en nous racontant son histoire.<\/p>\n\n\n\n<h2 class=\"has-text-color has-normal-font-size wp-block-heading\" style=\"color:#e94540\"><strong><s>Dimanche 18 septembre \u00e0 17h<\/s> Samedi 17 septembre \u00e0 11h (2h)<\/strong><\/h2>\n\n\n\n<h2 class=\"has-black-color has-text-color has-normal-font-size wp-block-heading\"><strong><s>D\u00e9part Parc Simone Veil<\/s><\/strong> <strong>D\u00e9part du Square de la poste<\/strong><\/h2>\n\n\n\n<h2 class=\"has-black-color has-text-color has-normal-font-size wp-block-heading\">61000 Alen\u00e7on<\/h2>\n\n\n\n<h2 class=\"has-black-color has-text-color has-normal-font-size wp-block-heading\">Gratuit &#8211; Infos au 06 70 83 39 63<\/h2>\n\n\n\n<h2 class=\"has-vivid-red-color has-text-color has-normal-font-size wp-block-heading\"><a href=\"https:\/\/www.transtopie.fr\/\">transtopie.fr <\/a><\/h2>\n\n\n\n<h2 class=\"has-text-align-center has-text-color wp-block-heading\" style=\"color:#fff265;font-size:65px\"><strong>&#8211; &#8211; &#8211;<\/strong><\/h2>\n\n\n\n<h2 class=\"has-small-font-size wp-block-heading\"><mark style=\"background-color:#000000\" class=\"has-inline-color has-white-color\">  Conf\u00e9rence  <\/mark><\/h2>\n\n\n\n<h2 class=\"has-black-color has-text-color has-medium-font-size wp-block-heading\"><strong>Tatiana Bailleul<\/strong><\/h2>\n\n\n\n<h2 class=\"has-text-color has-large-font-size wp-block-heading\" style=\"color:#e94540;text-transform:uppercase\"><strong>Marie Laurencin, une peintresse libre<\/strong><\/h2>\n\n\n\n<p class=\"has-black-color has-text-color has-normal-font-size\">Form\u00e9e dans les cours priv\u00e9s, Marie Laurencin (1883-1956) exp\u00e9rimente tr\u00e8s rapidement sa libert\u00e9 artistique dans les pas de ses amis d\u2019abord (Picasso, Apollinaire), avant de trouver sa mani\u00e8re propre. Son \u0153uvre distille un certain \u00e9rotisme qui refl\u00e8te sa libert\u00e9 de femme. Cette conf\u00e9rence montre la subtilit\u00e9 de cette artiste figurative en lui redonnant sa juste place dans l\u2019histoire de l\u2019art des avant-gardes.<\/p>\n\n\n\n<h2 class=\"has-text-color has-normal-font-size wp-block-heading\" style=\"color:#e94540\"><strong>Vendredi 16 septembre \u00e0 20h (1h15)<\/strong><\/h2>\n\n\n\n<h2 class=\"has-black-color has-text-color has-normal-font-size wp-block-heading\"><strong>Auditorium de la m\u00e9diath\u00e8que Fran\u00e7ois Mitterrand<\/strong><\/h2>\n\n\n\n<h2 class=\"has-black-color has-text-color has-normal-font-size wp-block-heading\">1-3 rue des R\u00e9demptoristes &#8211; 61200 Argentan<\/h2>\n\n\n\n<h2 class=\"has-black-color has-text-color has-normal-font-size wp-block-heading\">Gratuit sur r\u00e9servation au 02 33 67 02 50<\/h2>\n\n\n\n<h2 class=\"has-normal-font-size wp-block-heading\"><a href=\"https:\/\/www.mediatheques-argentan-intercom.fr\/\">https:\/\/www.mediatheques-argentan-intercom.fr\/<br><\/a><\/h2>\n\n\n\n<h2 class=\"has-text-align-center has-text-color wp-block-heading\" style=\"color:#fff265;font-size:65px\"><strong>&#8211; &#8211; &#8211;<\/strong><\/h2>\n\n\n\n<h2 class=\"has-small-font-size wp-block-heading\"><mark style=\"background-color:#000000\" class=\"has-inline-color has-white-color\">  Visite comment\u00e9e  <\/mark><\/h2>\n\n\n\n<h2 class=\"has-black-color has-text-color has-medium-font-size wp-block-heading\"><strong>Maison des Dentelles<\/strong><\/h2>\n\n\n\n<h2 class=\"has-text-color has-large-font-size wp-block-heading\" style=\"color:#e94540;text-transform:uppercase\"><strong>de gaze ou de rose, faites le point !<\/strong><\/h2>\n\n\n\n<p class=\"has-black-color has-text-color has-normal-font-size\">En lien avec l\u2019exposition <em>De gaze ou de rose, faites le point !<\/em> autour des dentelles belges, la Maison des Dentelles propose des petites visites guid\u00e9es impromptues sur une \u0153uvre ou un objet illustrant le r\u00f4le des femmes dans l\u2019histoire crois\u00e9e des dentelles ornaises et belges. L&rsquo;association Des fuseaux \u00e0 l&rsquo;aiguille aux fils de l&rsquo;Orne propose \u00e9galement des d\u00e9monstrations du savoir-faire des dentelli\u00e8res.&nbsp;<\/p>\n\n\n\n<h2 class=\"has-text-color has-normal-font-size wp-block-heading\" style=\"color:#e94540\"><strong>Samedi 17 et dimanche 18 septembre de 13h30 \u00e0 18h<\/strong><\/h2>\n\n\n\n<h2 class=\"has-black-color has-text-color has-normal-font-size wp-block-heading\"><strong>Maison des Dentelles<\/strong><\/h2>\n\n\n\n<h2 class=\"has-black-color has-text-color has-normal-font-size wp-block-heading\">34 rue de la No\u00eb &#8211; 61200 Argentan<\/h2>\n\n\n\n<h2 class=\"has-black-color has-text-color has-normal-font-size wp-block-heading\">Entr\u00e9e libre &#8211; Infos au 02 33 67 50 78<\/h2>\n\n\n\n<h2 class=\"has-vivid-red-color has-text-color has-normal-font-size wp-block-heading\"><a href=\"https:\/\/musees-argentan.fr\">https:\/\/musees-argentan.fr<\/a><\/h2>\n\n\n\n<h2 class=\"has-text-align-center has-text-color wp-block-heading\" style=\"color:#fff265;font-size:65px\"><strong>&#8211; &#8211; &#8211;<\/strong><\/h2>\n\n\n\n<h2 class=\"has-small-font-size wp-block-heading\"><mark style=\"background-color:#000000\" class=\"has-inline-color has-white-color\">  Concert  <\/mark><\/h2>\n\n\n\n<h2 class=\"has-black-color has-text-color has-medium-font-size wp-block-heading\"><strong>Duo Andranian<\/strong><\/h2>\n\n\n\n<h2 class=\"has-text-color has-large-font-size wp-block-heading\" style=\"color:#e94540;text-transform:uppercase\"><strong>Compositrices \u00e0 l\u2019honneur<\/strong><\/h2>\n\n\n\n<p class=\"has-black-color has-text-color has-normal-font-size\">Le duo de pianistes Andranian met \u00e0 l\u2019honneur quelques-unes des compositrices les plus remarquables des p\u00e9riodes romantique et post-romantique, longtemps laiss\u00e9es dans l&rsquo;oubli.<\/p>\n\n\n\n<h2 class=\"has-text-color has-normal-font-size wp-block-heading\" style=\"color:#e94540\"><strong>Samedi 17 septembre \u00e0 15h (1h15)&nbsp;<\/strong><\/h2>\n\n\n\n<h2 class=\"has-black-color has-text-color has-normal-font-size wp-block-heading\"><strong>Mus\u00e9e du Ch\u00e2teau<\/strong><\/h2>\n\n\n\n<h2 class=\"has-black-color has-text-color has-normal-font-size wp-block-heading\">61104 Flers<\/h2>\n\n\n\n<h2 class=\"has-black-color has-text-color has-normal-font-size wp-block-heading\">Entr\u00e9e libre &#8211; Infos au 02 33 64 66 48<\/h2>\n\n\n\n<h2 class=\"has-vivid-red-color has-text-color has-normal-font-size wp-block-heading\"><a href=\"http:\/\/www.flers-agglomeration.fr\">www.flers-agglomeration.fr<\/a><\/h2>\n\n\n\n<h2 class=\"has-text-align-center has-text-color wp-block-heading\" style=\"color:#fff265;font-size:65px\"><strong>&#8211; &#8211; &#8211;<\/strong><\/h2>\n\n\n\n<h2 class=\"has-small-font-size wp-block-heading\"><mark style=\"background-color:#000000\" class=\"has-inline-color has-white-color\">  Atelier d&rsquo;\u00e9criture  <\/mark><\/h2>\n\n\n\n<h2 class=\"has-black-color has-text-color has-medium-font-size wp-block-heading\"><strong>Anne Monneau<\/strong><\/h2>\n\n\n\n<h2 class=\"has-text-color has-large-font-size wp-block-heading\" style=\"color:#e94540;text-transform:uppercase\"><strong>Femmes cr\u00e9atrices<\/strong><\/h2>\n\n\n\n<p class=\"has-black-color has-text-color has-normal-font-size\">Inspir\u00e9es par les \u00e9crits de grandes po\u00e9tesses, les participantes de cet atelier d\u2019\u00e9criture, anim\u00e9 par Anne Monneau, seront invit\u00e9es \u00e0 s\u2019exprimer sur leur identit\u00e9 de femme \u00e0 travers des textes po\u00e9tiques. Avec cet atelier d&rsquo;\u00e9criture, les participantes, femmes talentueuses, po\u00e9tesses en herbe ou en devenir, d\u00e9couvriront leur force cr\u00e9atrice.<\/p>\n\n\n\n<h2 class=\"has-text-color has-normal-font-size wp-block-heading\" style=\"color:#e94540\"><strong>Samedi 17 septembre \u00e0 de 10h30 \u00e0 12h30 (2h)<\/strong><\/h2>\n\n\n\n<h2 class=\"has-black-color has-text-color has-normal-font-size wp-block-heading\"><strong>Librairie La Curieuse<\/strong><\/h2>\n\n\n\n<h2 class=\"has-black-color has-text-color has-normal-font-size wp-block-heading\">7 place Henri IV &#8211; 61200 Argentan<\/h2>\n\n\n\n<h2 class=\"has-black-color has-text-color has-normal-font-size wp-block-heading\">Gratuit sur r\u00e9servation au 06 26 35 70 76<\/h2>\n\n\n\n<h2 class=\"has-normal-font-size wp-block-heading\"><a href=\"https:\/\/www.librairie-lacurieuse-argentan.net\/\">https:\/\/www.librairie-lacurieuse-argentan.net\/<\/a><\/h2>\n\n\n\n<h2 class=\"has-text-align-center has-text-color wp-block-heading\" style=\"color:#fff265;font-size:65px\"><strong>&#8211; &#8211; &#8211;<\/strong><\/h2>\n\n\n\n<h2 class=\"has-small-font-size wp-block-heading\"><mark style=\"background-color:#000000\" class=\"has-inline-color has-white-color\">  Concert  <\/mark> <\/h2>\n\n\n\n<h2 class=\"has-black-color has-text-color has-medium-font-size wp-block-heading\"><strong>Kyrie Kristmanson<\/strong><\/h2>\n\n\n\n<h2 class=\"has-text-color has-large-font-size wp-block-heading\" style=\"color:#e94540;text-transform:uppercase\"><strong>Floralia<\/strong><\/h2>\n\n\n\n<p class=\"has-black-color has-text-color has-normal-font-size\">En mars 2020, lorsque la plan\u00e8te s\u2019est progressivement confin\u00e9e, Kyrie Kristmanson a \u00e9crit <em>Floralia<\/em>, un cycle de 9 chansons comme une ode enivr\u00e9e \u00e0 Flora, d\u00e9esse romaine de la nature, de la renaissance et de la floraison. Comment perp\u00e9tuer la danse douce et puissante de Flora ?&nbsp;<\/p>\n\n\n\n<h2 class=\"has-text-color has-normal-font-size wp-block-heading\" style=\"color:#e94540\"><strong>Samedi 17 septembre \u00e0 19h (1h)<\/strong><\/h2>\n\n\n\n<h2 class=\"has-black-color has-text-color has-normal-font-size wp-block-heading\"><strong>\u00c9glise Saint-Pierre de Courcerault<\/strong><\/h2>\n\n\n\n<h2 class=\"has-normal-font-size wp-block-heading\">61340 Cour-Maugis-sur-Huisne<\/h2>\n\n\n\n<h2 class=\"has-normal-font-size wp-block-heading\">Gratuit&nbsp;<\/h2>\n\n\n\n<h2 class=\"has-normal-font-size wp-block-heading\"><a href=\"https:\/\/www.facebook.com\/Vie-et-patrimoine-%C3%A0-Courcerault-578044912351056\/\">https:\/\/www.facebook.com\/Vie-et-patrimoine-%C3%A0-Courcerault-578044912351056\/<\/a><\/h2>\n\n\n\n<h2 class=\"has-text-align-center has-text-color wp-block-heading\" style=\"color:#fff265;font-size:65px\"><strong>&#8211; &#8211; &#8211;<\/strong><\/h2>\n\n\n\n<h2 class=\"has-small-font-size wp-block-heading\"><mark style=\"background-color:#000000\" class=\"has-inline-color has-white-color\">  Concert &#8211; Conf\u00e9rence  <\/mark>    <\/h2>\n\n\n\n<h2 class=\"has-black-color has-text-color has-medium-font-size wp-block-heading\"><strong>Anne-Flore Grandsire \/ Virginie Daniaud<\/strong><\/h2>\n\n\n\n<h2 class=\"has-text-color has-large-font-size wp-block-heading\" style=\"color:#e94540;text-transform:uppercase\"><strong>Dariane &#8211; Des femmes et des plantes<\/strong><\/h2>\n\n\n\n<p class=\"has-black-color has-text-color has-normal-font-size\">La conf\u00e9rence de Virginie Daniaud, <em>Paysannes-herboristes au 21e si\u00e8cle, <\/em>sera suivie d\u2019un concert de son groupe Dariane qui m\u00eale, dans une \u00e9nergie dansante, chant lyrique puissant et beats \u00e9lectro bruts.<\/p>\n\n\n\n<h2 class=\"has-text-color has-normal-font-size wp-block-heading\" style=\"color:#e94540\"><strong>Samedi 17 septembre \u00e0 17h30 (2h30)<\/strong><\/h2>\n\n\n\n<h2 class=\"has-black-color has-text-color has-normal-font-size wp-block-heading\"><strong>Le K-Rabo<\/strong><\/h2>\n\n\n\n<h2 class=\"has-black-color has-text-color has-normal-font-size wp-block-heading\">Le bourg, Rabodanges &#8211; 61210 Putanges-le-Lac<\/h2>\n\n\n\n<h2 class=\"has-black-color has-text-color has-normal-font-size wp-block-heading\">Gratuit<\/h2>\n\n\n\n<h2 class=\"has-normal-font-size wp-block-heading\"><a href=\"https:\/\/www.lekrabo.fr\/\">https:\/\/www.lekrabo.fr\/<\/a><\/h2>\n\n\n\n<hr class=\"wp-block-separator has-text-color has-alpha-channel-opacity has-background\" style=\"background-color:#94638f;color:#94638f\"\/>\n","protected":false},"excerpt":{"rendered":"<p>Projection &#8211; Rencontre R\u00e9seau G\u00e9n\u00e9riques \/ Pamela B. Green Be natural, l&rsquo;histoire cach\u00e9e d&rsquo;Alice Guy-Blach\u00e9 Au d\u00e9but du 20e si\u00e8cle, Alice Guy est une figure incontournable du cin\u00e9ma : r\u00e9alisatrice du premier film de fiction, productrice chez Gaumont et directrice de studio aux Etats-Unis. Un si\u00e8cle plus tard, son nom est presque effac\u00e9 des m\u00e9moires.&nbsp;Pamela [&hellip;]<\/p>\n","protected":false},"author":1,"featured_media":0,"parent":0,"menu_order":0,"comment_status":"closed","ping_status":"closed","template":"","meta":{"footnotes":""},"class_list":["post-2235","page","type-page","status-publish","hentry"],"_links":{"self":[{"href":"https:\/\/hf-normandie.fr\/index.php\/wp-json\/wp\/v2\/pages\/2235","targetHints":{"allow":["GET"]}}],"collection":[{"href":"https:\/\/hf-normandie.fr\/index.php\/wp-json\/wp\/v2\/pages"}],"about":[{"href":"https:\/\/hf-normandie.fr\/index.php\/wp-json\/wp\/v2\/types\/page"}],"author":[{"embeddable":true,"href":"https:\/\/hf-normandie.fr\/index.php\/wp-json\/wp\/v2\/users\/1"}],"replies":[{"embeddable":true,"href":"https:\/\/hf-normandie.fr\/index.php\/wp-json\/wp\/v2\/comments?post=2235"}],"version-history":[{"count":9,"href":"https:\/\/hf-normandie.fr\/index.php\/wp-json\/wp\/v2\/pages\/2235\/revisions"}],"predecessor-version":[{"id":2656,"href":"https:\/\/hf-normandie.fr\/index.php\/wp-json\/wp\/v2\/pages\/2235\/revisions\/2656"}],"wp:attachment":[{"href":"https:\/\/hf-normandie.fr\/index.php\/wp-json\/wp\/v2\/media?parent=2235"}],"curies":[{"name":"wp","href":"https:\/\/api.w.org\/{rel}","templated":true}]}}