{"id":2237,"date":"2022-08-14T14:17:43","date_gmt":"2022-08-14T12:17:43","guid":{"rendered":"http:\/\/hf-normandie.fr\/?page_id=2237"},"modified":"2022-09-13T11:37:32","modified_gmt":"2022-09-13T09:37:32","slug":"journees-du-matrimoine-2022-seine-maritime","status":"publish","type":"page","link":"https:\/\/hf-normandie.fr\/index.php\/journees-du-matrimoine-2022-seine-maritime\/","title":{"rendered":"Journ\u00e9es du Matrimoine 2022 &#8211; Seine-Maritime"},"content":{"rendered":"\n<hr class=\"wp-block-separator has-text-color has-alpha-channel-opacity has-background\" style=\"background-color:#94638f;color:#94638f\"\/>\n\n\n<div class=\"wp-block-image\">\n<figure class=\"aligncenter size-full\"><img loading=\"lazy\" decoding=\"async\" width=\"977\" height=\"406\" src=\"https:\/\/hf-normandie.fr\/wp-content\/uploads\/2022\/08\/Banniere-JDM-SM-Final.jpg\" alt=\"\" class=\"wp-image-2324\" srcset=\"https:\/\/hf-normandie.fr\/wp-content\/uploads\/2022\/08\/Banniere-JDM-SM-Final.jpg 977w, https:\/\/hf-normandie.fr\/wp-content\/uploads\/2022\/08\/Banniere-JDM-SM-Final-300x125.jpg 300w, https:\/\/hf-normandie.fr\/wp-content\/uploads\/2022\/08\/Banniere-JDM-SM-Final-768x319.jpg 768w\" sizes=\"auto, (max-width: 977px) 100vw, 977px\" \/><\/figure>\n<\/div>\n\n\n<h2 class=\"has-small-font-size wp-block-heading\"><mark style=\"background-color:#000000\" class=\"has-inline-color has-white-color\">  Projection et Rencontre &#8211; \u00e0 partir de 12 ans  <\/mark><\/h2>\n\n\n\n<h2 class=\"has-black-color has-text-color has-medium-font-size wp-block-heading\"><strong>Normandie Images<\/strong><\/h2>\n\n\n\n<h2 class=\"has-text-color has-large-font-size wp-block-heading\" style=\"color:#e94540;text-transform:uppercase\"><strong>Tourne-la comme Alice<\/strong><\/h2>\n\n\n\n<p class=\"has-black-color has-text-color has-normal-font-size\">Apr\u00e8s la diffusion de films d&rsquo;archives amateurs du d\u00e9but du 20\u00e8me si\u00e8cle,&nbsp;projection du court-m\u00e9trage <em>Les r\u00e9sultats du f\u00e9minisme<\/em> (1906) dans lequel la r\u00e9alisatrice Alice Guy inverse les r\u00f4les des hommes et des femmes pour questionner la place de chacun\u00b7e dans la soci\u00e9t\u00e9 et dans la fiction. Ensuite, place \u00e0 l\u2019adaptation r\u00e9alis\u00e9e par les jeunes de la maison d&rsquo;enfants de Saint-Saire (Fondation Les Nids) lors d\u2019ateliers de r\u00e9alisation avec Florence Guillaume, m\u00e9diatrice cin\u00e9ma.<\/p>\n\n\n\n<h2 class=\"has-text-color has-normal-font-size wp-block-heading\" style=\"color:#e94540\"><strong>Jeudi 15 septembre \u00e0 19h (1h15)<\/strong><\/h2>\n\n\n\n<h2 class=\"has-black-color has-text-color has-normal-font-size wp-block-heading\"><strong>Cin\u00e9ma Le Normandy<\/strong><\/h2>\n\n\n\n<h2 class=\"has-black-color has-text-color has-normal-font-size wp-block-heading\">18 rue Poissonni\u00e8re &#8211; 76270 Neufch\u00e2tel-en-Bray<\/h2>\n\n\n\n<h2 class=\"has-black-color has-text-color has-normal-font-size wp-block-heading\">Gratuit sur r\u00e9servation au 02 35 89 12 43 ou au 07 87 61 56 62<\/h2>\n\n\n\n<h2 class=\"has-normal-font-size wp-block-heading\"><a href=\"http:\/\/www.normandieimages.fr\">www.normandieimages.fr<\/a><\/h2>\n\n\n\n<h2 class=\"has-text-align-center has-text-color wp-block-heading\" style=\"color:#fff265;font-size:65px\"><strong>&#8211; &#8211; &#8211;<\/strong><\/h2>\n\n\n\n<h2 class=\"has-small-font-size wp-block-heading\"><mark style=\"background-color:#000000\" class=\"has-inline-color has-white-color\">Projection &#8211; Exposition<\/mark><\/h2>\n\n\n\n<h2 class=\"has-black-color has-text-color has-medium-font-size wp-block-heading\"><strong>Mairie de Goderville<\/strong><\/h2>\n\n\n\n<h2 class=\"has-text-color has-large-font-size wp-block-heading\" style=\"color:#e94540;text-transform:uppercase\"><strong>Inspir\u00e9es et inspirantes, quelques fran\u00e7aises qui ont marqu\u00e9 l\u2019histoire<\/strong><\/h2>\n\n\n\n<p class=\"has-black-color has-text-color has-normal-font-size\">Le documentaire <em>Alice Guy &#8211; L&rsquo;inconnue du 7e art <\/em>de Val\u00e9rie Urr\u00e9a et Nathalie Masduraud (2021)<em> <\/em>retrace la carri\u00e8re de cette figure incontournable du cin\u00e9ma : r\u00e9alisatrice du premier film de fiction, productrice chez Gaumont et directrice de studio aux Etats-Unis.<br>En parall\u00e8le, une exposition pr\u00e9sente une vingtaine de fran\u00e7aises, souvent oubli\u00e9es elles aussi par l\u2019Histoire, qui ont marqu\u00e9 leur \u00e9poque et dont les actions ont encore des r\u00e9percussions \u00e0 l\u2019heure actuelle.<\/p>\n\n\n\n<h2 class=\"has-text-color has-normal-font-size wp-block-heading\" style=\"color:#e94540\"><strong>Jeudi 15 septembre \u00e0 20h30 (1h)<\/strong><\/h2>\n\n\n\n<h2 class=\"has-black-color has-text-color has-normal-font-size wp-block-heading\"><strong>La Ficelle<\/strong><\/h2>\n\n\n\n<h2 class=\"has-black-color has-text-color has-normal-font-size wp-block-heading\">Rue Saint-Jacques &#8211; 76110 Goderville<\/h2>\n\n\n\n<h2 class=\"has-black-color has-text-color has-normal-font-size wp-block-heading\">Gratuit &#8211; Infos au 06 22 34 15 10<\/h2>\n\n\n\n<h2 class=\"has-normal-font-size wp-block-heading\"><a href=\"https:\/\/www.facebook.com\/sallelaficelle.goderville\/\">https:\/\/www.facebook.com\/sallelaficelle.goderville\/<\/a><\/h2>\n\n\n\n<h2 class=\"has-text-align-center has-text-color wp-block-heading\" style=\"color:#fff265;font-size:65px\"><strong>&#8211; &#8211; &#8211;<\/strong><\/h2>\n\n\n\n<h2 class=\"has-small-font-size wp-block-heading\"><mark style=\"background-color:#000000\" class=\"has-inline-color has-white-color\">  Table ronde  <\/mark><\/h2>\n\n\n\n<h2 class=\"has-black-color has-text-color has-medium-font-size wp-block-heading\"><strong>Le Tetris &amp; Le CEM<\/strong><\/h2>\n\n\n\n<h2 class=\"has-text-color has-large-font-size wp-block-heading\" style=\"color:#e94540;text-transform:uppercase\"><strong>Quelle perception a-t-on des femmes exp\u00e9riment\u00e9es dans l\u2019art ?<\/strong><\/h2>\n\n\n\n<p class=\"has-black-color has-text-color has-normal-font-size\">Avec Doris Le Mat-Thieulen (guitariste-chanteuse du groupe Grand Final), Anne-Sophie Pauchet (metteuse en sc\u00e8ne et com\u00e9dienne, co-fondatrice de la compagnie Akt\u00e9) et Sarah Cr\u00e9pin (co-fondatrice et metteuse en sc\u00e8ne de la compagnie La BaZooKa).<\/p>\n\n\n\n<h2 class=\"has-text-color has-normal-font-size wp-block-heading\" style=\"color:#e94540\"><strong>Samedi 17 septembre \u00e0 15h (2h)<\/strong><\/h2>\n\n\n\n<h2 class=\"has-black-color has-text-color has-normal-font-size wp-block-heading\"><strong>Bar du Tetris<\/strong><\/h2>\n\n\n\n<h2 class=\"has-normal-font-size wp-block-heading\">55 rue du 329e R.I. \u2013 76620 Le Havre<\/h2>\n\n\n\n<h2 class=\"has-black-color has-text-color has-normal-font-size wp-block-heading\">Gratuit<\/h2>\n\n\n\n<h2 class=\"has-vivid-red-color has-text-color has-normal-font-size wp-block-heading\"><a href=\"https:\/\/letetris.fr\/\">https:\/\/letetris.fr\/<\/a><\/h2>\n\n\n\n<h2 class=\"has-text-align-center has-text-color wp-block-heading\" style=\"color:#fff265;font-size:65px\"><strong>&#8211; &#8211; &#8211;<\/strong><\/h2>\n\n\n\n<h2 class=\"has-small-font-size wp-block-heading\"><mark style=\"background-color:#000000\" class=\"has-inline-color has-white-color\">  Concert  <\/mark><\/h2>\n\n\n\n<h2 class=\"has-text-color has-large-font-size wp-block-heading\" style=\"color:#e94540\"><strong>GO GIRLZZZ #2<\/strong><\/h2>\n\n\n\n<p class=\"has-black-color has-text-color has-normal-font-size\">Ce concert revendique la place des femmes dans la jeune cr\u00e9ation normande tr\u00e8s riche sur le territoire : Shadwick, OK Plague, Violet Indigo, Pollyanna et Nina &amp; Lara. <\/p>\n\n\n\n<h2 class=\"has-text-color has-normal-font-size wp-block-heading\" style=\"color:#e94540\"><strong>Samedi 17 septembre \u00e0 19h30 (2h)<\/strong><\/h2>\n\n\n\n<h2 class=\"has-black-color has-text-color has-normal-font-size wp-block-heading\"><strong>Le CEM<\/strong><\/h2>\n\n\n\n<h2 class=\"has-black-color has-text-color has-normal-font-size wp-block-heading\">55 rue du 329e R.I. \u2013 76620 Le Havre<\/h2>\n\n\n\n<h2 class=\"has-black-color has-text-color has-normal-font-size wp-block-heading\">Entr\u00e9e libre<\/h2>\n\n\n\n<h2 class=\"has-vivid-red-color has-text-color has-normal-font-size wp-block-heading\"><a href=\"http:\/\/www.le-cem.com\">www.le-cem.com<\/a><\/h2>\n\n\n\n<h2 class=\"has-text-align-center has-text-color wp-block-heading\" style=\"color:#fff265;font-size:65px\"><strong>&#8211; &#8211; &#8211;<\/strong><\/h2>\n\n\n\n<h2 class=\"has-small-font-size wp-block-heading\"><mark style=\"background-color:#000000\" class=\"has-inline-color has-white-color\">  Spectacle  <\/mark><\/h2>\n\n\n\n<h2 class=\"has-black-color has-text-color has-medium-font-size wp-block-heading\"><strong>Cie l&rsquo;Envers du d\u00e9cor<\/strong><\/h2>\n\n\n\n<h2 class=\"has-text-color has-large-font-size wp-block-heading\" style=\"color:#e94540;text-transform:uppercase\"><strong>Viva Frida<\/strong><\/h2>\n\n\n\n<p class=\"has-black-color has-text-color has-normal-font-size\">Quelle puissance visionnaire, quel esprit fallait-il pour accoucher d\u2019une \u0153uvre picturale d\u00e9sormais reconnue comme l\u2019une des plus originales du 20\u00e8me si\u00e8cle ? En sept tableaux inspir\u00e9s des autoportraits et des correspondances de l\u2019artiste, Claire Nebout, guid\u00e9e par Karelle Prugnaud, donne vie \u00e0 Frida Kahlo intime, artiste intemporelle, anticonformiste et femme de combats.<\/p>\n\n\n\n<h2 class=\"has-text-color has-normal-font-size wp-block-heading\" style=\"color:#e94540\"><strong>Vendredi 16 septembre \u00e0 20h (1h20)<\/strong><\/h2>\n\n\n\n<h2 class=\"has-black-color has-text-color has-normal-font-size wp-block-heading\"><strong>DSN-Dieppe Sc\u00e8ne Nationale-Grande Salle<\/strong><\/h2>\n\n\n\n<h2 class=\"has-black-color has-text-color has-normal-font-size wp-block-heading\">1 quai B\u00e9rigny &#8211; 76200 Dieppe<\/h2>\n\n\n\n<h2 class=\"has-black-color has-text-color has-normal-font-size wp-block-heading\">Tarifs: de 12\u20ac \u00e0 25\u20ac &#8211; Infos ou r\u00e9servation au 02 35 82 04 43<\/h2>\n\n\n\n<h2 class=\"has-normal-font-size wp-block-heading\"><a href=\"https:\/\/www.dsn.asso.fr\/\">https:\/\/www.dsn.asso.fr\/<\/a><\/h2>\n\n\n\n<h2 class=\"has-text-align-center has-text-color wp-block-heading\" style=\"color:#fff265;font-size:65px\"><strong>&#8211; &#8211; &#8211;<\/strong><\/h2>\n\n\n\n<h2 class=\"has-small-font-size wp-block-heading\"><mark style=\"background-color:#000000\" class=\"has-inline-color has-white-color\">  Projection &#8211; D\u00e9bat  <\/mark><\/h2>\n\n\n\n<h2 class=\"has-black-color has-text-color has-medium-font-size wp-block-heading\"><strong>Association Du grain \u00e0 d\u00e9moudre<\/strong><\/h2>\n\n\n\n<h2 class=\"has-text-color has-large-font-size wp-block-heading\" style=\"color:#e94540;text-transform:uppercase\"><strong>Les femmes dans le cin\u00e9ma d&rsquo;horreur&nbsp;<\/strong><\/h2>\n\n\n\n<p class=\"has-black-color has-text-color has-normal-font-size\">Apr\u00e8s la projection du film <em>\u00c9volution <\/em>de Lucile Had\u017eihalilovi\u0107 (2015)<em>, <\/em>M\u00e9lanie Boissonneau propose une r\u00e9trospective et un d\u00e9bat autour de la place des femmes derri\u00e8re et devant la cam\u00e9ra dans ce cin\u00e9ma de genre tr\u00e8s codifi\u00e9.<\/p>\n\n\n\n<h2 class=\"has-text-color has-normal-font-size wp-block-heading\" style=\"color:#e94540\"><strong>Samedi 17 septembre \u00e0 20h30 (1h30)<\/strong><\/h2>\n\n\n\n<h2 class=\"has-black-color has-text-color has-normal-font-size wp-block-heading\"><strong>Cin\u00e9ma Le Studio<\/strong><\/h2>\n\n\n\n<h2 class=\"has-black-color has-text-color has-normal-font-size wp-block-heading\">3 rue du G\u00e9n\u00e9ral Sarrail &#8211; 76600 Le Havre<\/h2>\n\n\n\n<h2 class=\"has-black-color has-text-color has-normal-font-size wp-block-heading\">Tarifs : 6,50\u20ac \/\/ r\u00e9duit: 5,50\u20ac \/\/ 3\u20ac pour les \u00e9tudiant.es de l\u2019Universit\u00e9 du Havre <\/h2>\n\n\n\n<h2 class=\"has-black-color has-text-color has-normal-font-size wp-block-heading\">Infos ou r\u00e9servation au 02 35 43 64 63<\/h2>\n\n\n\n<h2 class=\"has-vivid-red-color has-text-color has-normal-font-size wp-block-heading\">http:\/\/www.cinema-le-studio.fr\/<\/h2>\n\n\n\n<h2 class=\"has-text-align-center has-text-color wp-block-heading\" style=\"color:#fff265;font-size:65px\"><strong>&#8211; &#8211; &#8211;<\/strong><\/h2>\n\n\n\n<h2 class=\"has-small-font-size wp-block-heading\"><mark style=\"background-color:#000000\" class=\"has-inline-color has-white-color\">  Projection &#8211; Rencontre  <\/mark>    \u00a0<\/h2>\n\n\n\n<h2 class=\"has-black-color has-text-color has-medium-font-size wp-block-heading\"><strong>Lisa Rovner \/ Association PiedNu<\/strong><\/h2>\n\n\n\n<h2 class=\"has-text-color has-large-font-size wp-block-heading\" style=\"color:#e94540;text-transform:uppercase\"><strong>Sisters with Transistors<\/strong><\/h2>\n\n\n\n<p class=\"has-black-color has-text-color has-normal-font-size\">Ce documentaire met \u00e0 l&rsquo;honneur des pionni\u00e8res des musiques \u00e9lectroniques et de l\u2019informatique musicale des ann\u00e9es 50 aux ann\u00e9es 80 \u00e0 travers une dizaine de portraits.<br>La projection sera suivie d\u2019une rencontre et d\u2019un temps de jeu \u00e0 16h30 pour exp\u00e9rimenter la cr\u00e9ation sonore collective sur l\u2019instrumentarium de l\u2019association PiedNu.<\/p>\n\n\n\n<h2 class=\"has-text-color has-normal-font-size wp-block-heading\" style=\"color:#e94540\"><strong>Dimanche 18 septembre \u00e0 14h30 (3h)<\/strong><\/h2>\n\n\n\n<h2 class=\"has-black-color has-text-color has-normal-font-size wp-block-heading\"><strong>Fort de Tourneville<\/strong><\/h2>\n\n\n\n<h2 class=\"has-black-color has-text-color has-normal-font-size wp-block-heading\">(Alv\u00e9oles 11 et 12) 55 rue du 329e R.I &#8211; 76620 Le Havre<\/h2>\n\n\n\n<h2 class=\"has-black-color has-text-color has-normal-font-size wp-block-heading\">Gratuit sur r\u00e9servation par mail \u00e0 <a href=\"mailto:info@pourlesoiseaux.fr\">info@pourlesoiseaux.fr<\/a><\/h2>\n\n\n\n<h2 class=\"has-vivid-red-color has-text-color has-normal-font-size wp-block-heading\"><a href=\"https:\/\/pourlesoiseaux.fr\/\">https:\/\/pourlesoiseaux.fr\/<\/a><\/h2>\n\n\n\n<h2 class=\"has-text-align-center has-text-color wp-block-heading\" style=\"color:#fff265;font-size:65px\"><strong>&#8211; &#8211; &#8211;<\/strong><\/h2>\n\n\n\n<h2 class=\"has-small-font-size wp-block-heading\"><mark style=\"background-color:#000000\" class=\"has-inline-color has-white-color\">  Conf\u00e9rence  <\/mark><\/h2>\n\n\n\n<h2 class=\"has-black-color has-text-color has-medium-font-size wp-block-heading\"><strong>La Fabrik \u00e0 Sons &amp; Christophe Brault<\/strong><\/h2>\n\n\n\n<h2 class=\"has-text-color has-large-font-size wp-block-heading\" style=\"color:#e94540;text-transform:uppercase\"><strong>Les filles dans le rock<\/strong><\/h2>\n\n\n\n<p class=\"has-black-color has-text-color has-normal-font-size\">Conf\u00e9rence sur la place des femmes dans les musiques actuelles ponctu\u00e9e d&rsquo;\u00e9coutes musicales de groupes de rock normands r\u00e9pertori\u00e9s sur la Sonoth\u00e8que Normandie. Suivi d\u2019un mini-concert d&rsquo;artistes normandes.<\/p>\n\n\n\n<h2 class=\"has-text-color has-normal-font-size wp-block-heading\" style=\"color:#e94540\"><strong>Vendredi 16 septembre \u00e0 20h (2h)<\/strong><\/h2>\n\n\n\n<h2 class=\"has-black-color has-text-color has-normal-font-size wp-block-heading\"><strong>Salle Maupassant<\/strong><\/h2>\n\n\n\n<h2 class=\"has-black-color has-text-color has-normal-font-size wp-block-heading\">Le Val-aux-Gr\u00e8s Route de Mirville &#8211; 76210 Bolbec<\/h2>\n\n\n\n<h2 class=\"has-black-color has-text-color has-normal-font-size wp-block-heading\">Gratuit &#8211; Infos au 02 35 31 55 78<\/h2>\n\n\n\n<h2 class=\"has-vivid-red-color has-text-color has-normal-font-size wp-block-heading\"><a href=\"https:\/\/fabrikasons.com\/\">https:\/\/fabrikasons.com\/<\/a><\/h2>\n\n\n\n<h2 class=\"has-text-align-center has-text-color wp-block-heading\" style=\"color:#fff265;font-size:65px\"><strong>&#8211; &#8211; &#8211;<\/strong><\/h2>\n\n\n\n<h2 class=\"has-small-font-size wp-block-heading\"><mark style=\"background-color:#000000\" class=\"has-inline-color has-white-color\">  Concert &#8211; Lecture  <\/mark><\/h2>\n\n\n\n<h2 class=\"has-black-color has-text-color has-medium-font-size wp-block-heading\"><strong>ORFEO 2000 &#8211;&nbsp; Jean-Pierre Menuge<\/strong><\/h2>\n\n\n\n<h2 class=\"has-text-color has-large-font-size wp-block-heading\" style=\"color:#e94540;text-transform:uppercase\"><strong>Femmes des Lumi\u00e8res<\/strong><\/h2>\n\n\n\n<p class=\"has-black-color has-text-color has-normal-font-size\">A travers des textes choisis du si\u00e8cle des Lumi\u00e8res (Diderot, Voltaire, Olympe de Gouges&#8230;), les artistes \u00e9voquent en musique, \u00e9voquent l\u2019\u00e9poque o\u00f9 \u00e9mergent les id\u00e9es nouvelles de l\u2019\u00e9mancipation f\u00e9minine. <\/p>\n\n\n\n<h2 class=\"has-text-color has-normal-font-size wp-block-heading\" style=\"color:#e94540\"><strong>Samedi 17 septembre \u00e0 20h (1h30)<\/strong><\/h2>\n\n\n\n<h2 class=\"has-black-color has-text-color has-normal-font-size wp-block-heading\"><strong>Eglise Saint-Jacques<\/strong><\/h2>\n\n\n\n<h2 class=\"has-black-color has-text-color has-normal-font-size wp-block-heading\">4 place de l&rsquo;\u00e9glise &#8211; 76470 Le Tr\u00e9port<\/h2>\n\n\n\n<h2 class=\"has-black-color has-text-color has-normal-font-size wp-block-heading\">Tarif solidaire &#8211; Infos au 06 30 49 44 29<\/h2>\n\n\n\n<h2 class=\"has-vivid-red-color has-text-color has-normal-font-size wp-block-heading\"><a href=\"http:\/\/www.heuresmusicales.com\">www.heuresmusicales.com<\/a><\/h2>\n\n\n\n<hr class=\"wp-block-separator has-text-color has-alpha-channel-opacity has-background\" style=\"background-color:#94638f;color:#94638f\"\/>\n\n\n\n<p><\/p>\n\n\n\n<h2 class=\"has-black-color has-text-color has-medium-font-size wp-block-heading\">Retrouver la programmation sp\u00e9ciale M\u00e9tropole Rouen Normandie \u00e0 cette adresse : <\/h2>\n\n\n\n<h2 class=\"has-text-color has-medium-font-size wp-block-heading\" style=\"color:#e94540\"><a href=\"https:\/\/hf-normandie.fr\/index.php\/journees-du-matrimoine-2022-metropole\/ \">https:\/\/hf-normandie.fr\/index.php\/journees-du-matrimoine-2022-metropole\/ <\/a><\/h2>\n","protected":false},"excerpt":{"rendered":"<p>Projection et Rencontre &#8211; \u00e0 partir de 12 ans Normandie Images Tourne-la comme Alice Apr\u00e8s la diffusion de films d&rsquo;archives amateurs du d\u00e9but du 20\u00e8me si\u00e8cle,&nbsp;projection du court-m\u00e9trage Les r\u00e9sultats du f\u00e9minisme (1906) dans lequel la r\u00e9alisatrice Alice Guy inverse les r\u00f4les des hommes et des femmes pour questionner la place de chacun\u00b7e dans la [&hellip;]<\/p>\n","protected":false},"author":1,"featured_media":0,"parent":0,"menu_order":0,"comment_status":"closed","ping_status":"closed","template":"","meta":{"footnotes":""},"class_list":["post-2237","page","type-page","status-publish","hentry"],"_links":{"self":[{"href":"https:\/\/hf-normandie.fr\/index.php\/wp-json\/wp\/v2\/pages\/2237","targetHints":{"allow":["GET"]}}],"collection":[{"href":"https:\/\/hf-normandie.fr\/index.php\/wp-json\/wp\/v2\/pages"}],"about":[{"href":"https:\/\/hf-normandie.fr\/index.php\/wp-json\/wp\/v2\/types\/page"}],"author":[{"embeddable":true,"href":"https:\/\/hf-normandie.fr\/index.php\/wp-json\/wp\/v2\/users\/1"}],"replies":[{"embeddable":true,"href":"https:\/\/hf-normandie.fr\/index.php\/wp-json\/wp\/v2\/comments?post=2237"}],"version-history":[{"count":19,"href":"https:\/\/hf-normandie.fr\/index.php\/wp-json\/wp\/v2\/pages\/2237\/revisions"}],"predecessor-version":[{"id":2436,"href":"https:\/\/hf-normandie.fr\/index.php\/wp-json\/wp\/v2\/pages\/2237\/revisions\/2436"}],"wp:attachment":[{"href":"https:\/\/hf-normandie.fr\/index.php\/wp-json\/wp\/v2\/media?parent=2237"}],"curies":[{"name":"wp","href":"https:\/\/api.w.org\/{rel}","templated":true}]}}