{"id":2300,"date":"2022-08-12T17:54:10","date_gmt":"2022-08-12T15:54:10","guid":{"rendered":"http:\/\/hf-normandie.fr\/?page_id=2300"},"modified":"2022-08-12T17:54:10","modified_gmt":"2022-08-12T15:54:10","slug":"edito-2022","status":"publish","type":"page","link":"https:\/\/hf-normandie.fr\/index.php\/edito-2022\/","title":{"rendered":"\u00c9dito 2022"},"content":{"rendered":"\n<figure class=\"wp-block-image size-large is-style-default\"><a href=\"https:\/\/hf-normandie.fr\/wp-content\/uploads\/2022\/08\/Programme-JDM-22.pdf\"><img loading=\"lazy\" decoding=\"async\" width=\"1024\" height=\"538\" src=\"https:\/\/hf-normandie.fr\/wp-content\/uploads\/2022\/08\/image_partage\u2560ue_facebook-1024x538.jpg\" alt=\"\" class=\"wp-image-2204\" srcset=\"https:\/\/hf-normandie.fr\/wp-content\/uploads\/2022\/08\/image_partage\u2560ue_facebook-1024x538.jpg 1024w, https:\/\/hf-normandie.fr\/wp-content\/uploads\/2022\/08\/image_partage\u2560ue_facebook-300x158.jpg 300w, https:\/\/hf-normandie.fr\/wp-content\/uploads\/2022\/08\/image_partage\u2560ue_facebook-768x403.jpg 768w, https:\/\/hf-normandie.fr\/wp-content\/uploads\/2022\/08\/image_partage\u2560ue_facebook.jpg 1200w\" sizes=\"auto, (max-width: 1024px) 100vw, 1024px\" \/><\/a><\/figure>\n\n\n\n<p>Depuis 2015, les Journ\u00e9es du Matrimoine c\u00e9l\u00e8brent notre h\u00e9ritage culturel commun et gr\u00e2ce au Mouvement HF, elles sont d\u00e9sormais indivisibles des Journ\u00e9es du Patrimoine dans de nombreux territoires. C\u2019est un premier pas vers l\u2019\u00e9galit\u00e9 r\u00e9elle mais le chemin reste encore long !<br><br>En 2022, HF Normandie a fait para\u00eetre un Observatoire de l\u2019\u00e9galit\u00e9 femmes-hommes dans les arts et la culture* et le constat est sans appel : les femmes repr\u00e9sentent toujours moins de 30% des artistes programm\u00e9es. Il faut donc continuer inlassablement \u00e0 se mobiliser collectivement au quotidien et \u00e0 tous les niveaux, afin de b\u00e2tir enfin une soci\u00e9t\u00e9 plus juste, soucieuse de ne plus discriminer la moiti\u00e9 de notre humanit\u00e9. <br><br>Pour briser ce plafond de verre, il nous faut construire de nouveaux mod\u00e8les de repr\u00e9sentations en valorisant les femmes de notre histoire, donner aux artistes femmes des moyens \u00e9quivalents \u00e0 ceux des hommes et bien s\u00fbr cr\u00e9er les conditions de s\u00e9curit\u00e9 indispensables \u00e0 la r\u00e9ussite des femmes en d\u00e9non\u00e7ant sans rel\u00e2che les violences sexuelles et sexistes dont elles font l&rsquo;objet dans notre secteur et partout dans la soci\u00e9t\u00e9.<br><br>Ainsi, pour cette 6e \u00e9dition en Normandie, gr\u00e2ce au soutien de nos partenaires, les femmes artistes et intellectuelles seront une nouvelle fois valoris\u00e9es \u00e0 travers une centaine de projets (expositions, spectacles, concerts, visites guid\u00e9es, lectures, conf\u00e9rences, projections) propos\u00e9s dans 70 lieux, partout en Normandie. Autant d\u2019occasions de d\u00e9couvrir ou de red\u00e9couvrir l\u2019\u0153uvre des grandes figures f\u00e9minines de notre histoire r\u00e9gionale, nationale ou internationale<br>mais \u00e9galement des cr\u00e9atrices contemporaines normandes qui constitueront le matrimoine de demain !<br><br>Comme notamment :<br>*Des projections mettant en lumi\u00e8re le travail de r\u00e9alisatrices telles qu\u2019Alice Guy, Germaine Dulac ou Margarethe<br>Von Trotta ;<br>* Des cr\u00e9ations th\u00e9\u00e2trales originales explorant la diversit\u00e9 des parcours des femmes d\u2019hier et d\u2019aujourd\u2019hui ;<br>* Des concerts, expositions, conf\u00e9rences et tables rondes sur la place des femmes dans la musique ;<br>* Des expositions, spectacles, conf\u00e9rences pour d\u00e9construire les mythes et st\u00e9r\u00e9otypes qui &#8211; de la sorci\u00e8re \u00e0 l\u2019ouvri\u00e8re en passant par l\u2019artiste f\u00e9minine &#8211; assignent encore trop souvent aujourd&rsquo;hui les femmes \u00e0 un r\u00f4le choisi pour elles.<\/p>\n\n\n\n<p><strong>Belles Journ\u00e9es du Matrimoine en Normandie \u00e0 toutes et tous !<\/strong><\/p>\n\n\n\n<p><strong>L\u2019\u00e9quipe d\u2019<\/strong><strong><em>HF Normandie<\/em><\/strong><\/p>\n\n\n\n<p><em>Rozenn Bartra, Val\u00e9rie Diome, Camille Loury, Anne-Sophie Pauchet, Jos\u00e9 Sagit et Nadia Sahali.<\/em><\/p>\n\n\n\n<p>Coordination : <em>Faustine Le Bras assist\u00e9e d<\/em>e Carole Le Blond et No\u00e9mie De Jesus Sousa en Service civique.<\/p>\n\n\n\n<p><em>et les b\u00e9n\u00e9voles de l\u2019association.<\/em><\/p>\n","protected":false},"excerpt":{"rendered":"<p>Depuis 2015, les Journ\u00e9es du Matrimoine c\u00e9l\u00e8brent notre h\u00e9ritage culturel commun et gr\u00e2ce au Mouvement HF, elles sont d\u00e9sormais indivisibles des Journ\u00e9es du Patrimoine dans de nombreux territoires. C\u2019est un premier pas vers l\u2019\u00e9galit\u00e9 r\u00e9elle mais le chemin reste encore long ! En 2022, HF Normandie a fait para\u00eetre un Observatoire de l\u2019\u00e9galit\u00e9 femmes-hommes dans [&hellip;]<\/p>\n","protected":false},"author":2,"featured_media":0,"parent":0,"menu_order":0,"comment_status":"closed","ping_status":"closed","template":"","meta":{"footnotes":""},"class_list":["post-2300","page","type-page","status-publish","hentry"],"_links":{"self":[{"href":"https:\/\/hf-normandie.fr\/index.php\/wp-json\/wp\/v2\/pages\/2300","targetHints":{"allow":["GET"]}}],"collection":[{"href":"https:\/\/hf-normandie.fr\/index.php\/wp-json\/wp\/v2\/pages"}],"about":[{"href":"https:\/\/hf-normandie.fr\/index.php\/wp-json\/wp\/v2\/types\/page"}],"author":[{"embeddable":true,"href":"https:\/\/hf-normandie.fr\/index.php\/wp-json\/wp\/v2\/users\/2"}],"replies":[{"embeddable":true,"href":"https:\/\/hf-normandie.fr\/index.php\/wp-json\/wp\/v2\/comments?post=2300"}],"version-history":[{"count":1,"href":"https:\/\/hf-normandie.fr\/index.php\/wp-json\/wp\/v2\/pages\/2300\/revisions"}],"predecessor-version":[{"id":2302,"href":"https:\/\/hf-normandie.fr\/index.php\/wp-json\/wp\/v2\/pages\/2300\/revisions\/2302"}],"wp:attachment":[{"href":"https:\/\/hf-normandie.fr\/index.php\/wp-json\/wp\/v2\/media?parent=2300"}],"curies":[{"name":"wp","href":"https:\/\/api.w.org\/{rel}","templated":true}]}}