{"id":2492,"date":"2023-01-20T12:22:34","date_gmt":"2023-01-20T11:22:34","guid":{"rendered":"https:\/\/hf-normandie.fr\/?page_id=2492"},"modified":"2026-04-10T09:41:54","modified_gmt":"2026-04-10T07:41:54","slug":"ressources-indispensables-mouvement-hf","status":"publish","type":"page","link":"https:\/\/hf-normandie.fr\/index.php\/ressources-indispensables-mouvement-hf\/","title":{"rendered":"Le Mouvement HF+"},"content":{"rendered":"\n<p>Le <em><strong><a href=\"http:\/\/www.hf-idf.org\/wp-content\/uploads\/2012-07-04-manifeste-HF.pdf\">Manifeste du Mouvement<\/a> HF<\/strong><\/em> est le premier document commun \u00e0 tous les collectifs et associations HF en r\u00e9gion regroup\u00e9s aujourd\u2019hui en f\u00e9d\u00e9ration, posant le constat chiffr\u00e9 des in\u00e9galit\u00e9s femmes\/hommes dans l\u2019art et la culture et proposant tout un ensemble de mesures \u00e0 mettre en \u0153uvre maintenant.<br>En 2019, le Mouvement HF s&rsquo;est r\u00e9uni pour r\u00e9\u00e9crire le manifeste pour demander l\u2019application des lois promulgu\u00e9es depuis 7 ans : <a href=\"http:\/\/hf-idf.org\/wp-content\/uploads\/2019\/08\/Manifeste-des-revendications.pdf\"><strong>Le Manifeste 2019<\/strong><\/a>. <br>En 2023, pour plus d&rsquo;inclusivit\u00e9, le Mouvement est devenu HF+.<br><a href=\"https:\/\/www.mouvement-hf.org\/_files\/ugd\/9fc9af_e56ce3e010d64696ad876e257fa16223.pdf\" target=\"_blank\" rel=\"noreferrer noopener\"><strong>Consulter le Manifeste 2024<\/strong><\/a><\/p>\n\n\n\n<p><a href=\"https:\/\/www.mouvement-hf.org\/\"><strong>https:\/\/www.mouvement-hf.org\/<\/strong><\/a><\/p>\n\n\n\n<h2 class=\"wp-block-heading\">Les collectifs r\u00e9gionaux : <\/h2>\n\n\n\n<ul class=\"wp-block-list\">\n<li>HFx Auvergne-Rh\u00f4ne-Alpes &nbsp;<a href=\"https:\/\/www.hfauvergnerhonealpes.org\/\">hfauvergnerhonealpes.org<\/a><\/li>\n\n\n\n<li>HF+ Bretagne <a href=\"https:\/\/hfbretagne.com\/\" target=\"_blank\" rel=\"noreferrer noopener\">hfbretagne.com<\/a><\/li>\n\n\n\n<li>HF+ Hauts-de-France <a href=\"https:\/\/www.collectifhfplushdf.com\/\">collectifhfplushdf.com<\/a><\/li>\n\n\n\n<li>HF \u00cele-de-France <a href=\"http:\/\/hf-idf.org\/\">hf-idf.org<\/a><\/li>\n\n\n\n<li>HF+ Occitanie &#8211; Languedoc-Roussillon <\/li>\n\n\n\n<li>Mouvement Alli\u00e9.e.s Occitanie Toulouse <a href=\"https:\/\/alliees.org\/\">https:\/\/alliees.org\/<\/a> <\/li>\n\n\n\n<li>HF Centre-Val de Loire&nbsp;<mark><a href=\"https:\/\/hf-cvl.org\/\">hf-cvl.org<\/a><\/mark><\/li>\n\n\n\n<li>HF+ Normandie<\/li>\n\n\n\n<li>HFX Grand Est<\/li>\n\n\n\n<li>Mouvman FH+R\u00e9union<\/li>\n<\/ul>\n\n\n\n<p><\/p>\n\n\n\n<h2 class=\"wp-block-heading\">A l&rsquo;\u00e9tranger : <\/h2>\n\n\n\n<p><a href=\"http:\/\/www.clasicasymodernas.org\/\" target=\"_blank\" rel=\"noreferrer noopener\"><strong>Clasicas y Modernas<\/strong><\/a>, l\u2019\u00e9quivalent espagnol d\u2019HF+ et leur&nbsp;<a href=\"https:\/\/clasicasymodernas.org\/manifiesto-por-la-igualdad-en-la-cultura\/\" target=\"_blank\" rel=\"noreferrer noopener\"><strong>manifeste<\/strong><\/a>.<\/p>\n","protected":false},"excerpt":{"rendered":"<p>Le Manifeste du Mouvement HF est le premier document commun \u00e0 tous les collectifs et associations HF en r\u00e9gion regroup\u00e9s aujourd\u2019hui en f\u00e9d\u00e9ration, posant le constat chiffr\u00e9 des in\u00e9galit\u00e9s femmes\/hommes dans l\u2019art et la culture et proposant tout un ensemble de mesures \u00e0 mettre en \u0153uvre maintenant.En 2019, le Mouvement HF s&rsquo;est r\u00e9uni pour r\u00e9\u00e9crire [&hellip;]<\/p>\n","protected":false},"author":11,"featured_media":0,"parent":0,"menu_order":0,"comment_status":"closed","ping_status":"closed","template":"","meta":{"footnotes":""},"class_list":["post-2492","page","type-page","status-publish","hentry"],"_links":{"self":[{"href":"https:\/\/hf-normandie.fr\/index.php\/wp-json\/wp\/v2\/pages\/2492","targetHints":{"allow":["GET"]}}],"collection":[{"href":"https:\/\/hf-normandie.fr\/index.php\/wp-json\/wp\/v2\/pages"}],"about":[{"href":"https:\/\/hf-normandie.fr\/index.php\/wp-json\/wp\/v2\/types\/page"}],"author":[{"embeddable":true,"href":"https:\/\/hf-normandie.fr\/index.php\/wp-json\/wp\/v2\/users\/11"}],"replies":[{"embeddable":true,"href":"https:\/\/hf-normandie.fr\/index.php\/wp-json\/wp\/v2\/comments?post=2492"}],"version-history":[{"count":14,"href":"https:\/\/hf-normandie.fr\/index.php\/wp-json\/wp\/v2\/pages\/2492\/revisions"}],"predecessor-version":[{"id":6679,"href":"https:\/\/hf-normandie.fr\/index.php\/wp-json\/wp\/v2\/pages\/2492\/revisions\/6679"}],"wp:attachment":[{"href":"https:\/\/hf-normandie.fr\/index.php\/wp-json\/wp\/v2\/media?parent=2492"}],"curies":[{"name":"wp","href":"https:\/\/api.w.org\/{rel}","templated":true}]}}