{"id":2501,"date":"2023-01-20T12:22:35","date_gmt":"2023-01-20T11:22:35","guid":{"rendered":"https:\/\/hf-normandie.fr\/?page_id=2501"},"modified":"2025-02-24T13:45:13","modified_gmt":"2025-02-24T12:45:13","slug":"ressources-les-engagements-pour-legalite","status":"publish","type":"page","link":"https:\/\/hf-normandie.fr\/index.php\/ressources-les-engagements-pour-legalite\/","title":{"rendered":"Les engagements"},"content":{"rendered":"\n<p><strong><a rel=\"noreferrer noopener\" href=\"https:\/\/www.culture.gouv.fr\/Sites-thematiques\/Egalite-et-diversite\" target=\"_blank\">Minist\u00e8re de la Culture<\/a><\/strong>&nbsp;\u2013 site th\u00e9matique d\u00e9di\u00e9 \u00e0 l\u2019\u00c9galit\u00e9 et \u00e0 la diversit\u00e9<\/p>\n\n\n\n<p><strong><a rel=\"noreferrer noopener\" href=\"http:\/\/www.haut-conseil-egalite.gouv.fr\/\" target=\"_blank\">Haut Conseil \u00e0 l\u2019\u00c9galit\u00e9<\/a><\/strong><\/p>\n\n\n\n<p><mark><strong><a href=\"https:\/\/www.culture.gouv.fr\/Espace-documentation\/Documentation-administrative\/Feuille-de-route-Egalite-2022#:~:text=La%20feuille%20de%20route%202022,commence%20%C3%A0%20porter%20ses%20fruits.\">Feuille de route \u00c9galit\u00e9 2022 (culture.gouv.fr)<\/a><\/strong><\/mark><br>Minist\u00e8re de la Culture<br><em>2022<\/em><\/p>\n\n\n\n<p><strong><mark><a href=\"https:\/\/www.egalite-femmes-hommes.gouv.fr\/publication-de-ledition-2021-des-chiffres-cles-vers-legalite-reelle-entre-les-femmes-et-les-hommes\/\">Minist\u00e8re charg\u00e9 de l\u2019\u00e9galit\u00e9 entre les femmes et les hommes, de la diversit\u00e9 et de l\u2019\u00e9galit\u00e9 des chances<\/a><\/mark><\/strong><br>Vers l\u2019\u00e9galit\u00e9 r\u00e9elle entre les hommes et les femmes \u2013 chiffres cl\u00e9s<br><em>202<\/em>1<\/p>\n\n\n\n<p><a rel=\"noreferrer noopener\" href=\"https:\/\/www.culture.gouv.fr\/Presse\/Communiques-de-presse\/Le-ministere-de-la-Culture-s-engage-contre-les-violences-et-harcelements-sexuels-et-sexistes-enquete-dans-les-ecoles-superieures-de-la-Culture\" target=\"_blank\"><strong>Le minist\u00e8re de la Culture s\u2019engage contre les violences et harc\u00e8lements sexuels et sexistes : enqu\u00eate dans les \u00e9coles sup\u00e9rieures de la Culture<\/strong>&nbsp;&nbsp;<\/a>suite \u00e0 une enqu\u00eate interne sur la perception des violences et harc\u00e8lements sexuels et sexistes dans les 99 \u00e9tablissements de l\u2019enseignement sup\u00e9rieur culture<br>Minist\u00e8re de la Culture<br><em>2020<\/em><\/p>\n\n\n\n<p><strong><a rel=\"noreferrer noopener\" href=\"https:\/\/www.culture.gouv.fr\/Sites-thematiques\/Egalite-et-diversite\/Documentation\/Feuille-de-route-Egalite-2020-2022\" target=\"_blank\">Feuille de route \u00c9galit\u00e9 2020-2022 (culture.gouv.fr)<\/a>&nbsp;<\/strong><br>Minist\u00e8re de la Culture<br><em>2020<\/em><\/p>\n\n\n\n<p><strong><mark><a href=\"https:\/\/www.culture.gouv.fr\/Sites-thematiques\/Egalite-et-diversite\/Les-engagements-du-Ministere\/Feuille-de-route-Egalite-2019-2022\">Feuille de route \u00c9galit\u00e9 2019-2022 (culture.gouv.fr)<\/a><\/mark><br><\/strong>Minist\u00e8re de la Culture<br><em>2019<\/em><\/p>\n\n\n\n<p><a rel=\"noreferrer noopener\" href=\"https:\/\/www.vie-publique.fr\/dossier\/19589-les-droits-des-femmes-une-politique-de-legalite\" target=\"_blank\"><strong>Les droits des femmes : une politique de l\u2019\u00e9galit\u00e9<\/strong><\/a><br>Dossier de la Documentation Fran\u00e7aise<br><em>2019<\/em><\/p>\n\n\n\n<p><strong><mark><a href=\"https:\/\/www.normandie.fr\/sites\/default\/files\/2021-01\/chartedroitsculturels-D%C3%A9clarationNormandie.pdf\">D\u00e9claration des actrices culturelles et des acteurs culturels de Normandie<\/a><\/mark><\/strong><br>h\u00e9berg\u00e9e sur le site de la r\u00e9gion Normandie<br><em>2018<\/em><\/p>\n\n\n\n<p><\/p>\n","protected":false},"excerpt":{"rendered":"<p>Minist\u00e8re de la Culture&nbsp;\u2013 site th\u00e9matique d\u00e9di\u00e9 \u00e0 l\u2019\u00c9galit\u00e9 et \u00e0 la diversit\u00e9 Haut Conseil \u00e0 l\u2019\u00c9galit\u00e9 Feuille de route \u00c9galit\u00e9 2022 (culture.gouv.fr)Minist\u00e8re de la Culture2022 Minist\u00e8re charg\u00e9 de l\u2019\u00e9galit\u00e9 entre les femmes et les hommes, de la diversit\u00e9 et de l\u2019\u00e9galit\u00e9 des chancesVers l\u2019\u00e9galit\u00e9 r\u00e9elle entre les hommes et les femmes \u2013 chiffres cl\u00e9s2021 [&hellip;]<\/p>\n","protected":false},"author":11,"featured_media":0,"parent":0,"menu_order":0,"comment_status":"closed","ping_status":"closed","template":"","meta":{"footnotes":""},"class_list":["post-2501","page","type-page","status-publish","hentry"],"_links":{"self":[{"href":"https:\/\/hf-normandie.fr\/index.php\/wp-json\/wp\/v2\/pages\/2501","targetHints":{"allow":["GET"]}}],"collection":[{"href":"https:\/\/hf-normandie.fr\/index.php\/wp-json\/wp\/v2\/pages"}],"about":[{"href":"https:\/\/hf-normandie.fr\/index.php\/wp-json\/wp\/v2\/types\/page"}],"author":[{"embeddable":true,"href":"https:\/\/hf-normandie.fr\/index.php\/wp-json\/wp\/v2\/users\/11"}],"replies":[{"embeddable":true,"href":"https:\/\/hf-normandie.fr\/index.php\/wp-json\/wp\/v2\/comments?post=2501"}],"version-history":[{"count":4,"href":"https:\/\/hf-normandie.fr\/index.php\/wp-json\/wp\/v2\/pages\/2501\/revisions"}],"predecessor-version":[{"id":5011,"href":"https:\/\/hf-normandie.fr\/index.php\/wp-json\/wp\/v2\/pages\/2501\/revisions\/5011"}],"wp:attachment":[{"href":"https:\/\/hf-normandie.fr\/index.php\/wp-json\/wp\/v2\/media?parent=2501"}],"curies":[{"name":"wp","href":"https:\/\/api.w.org\/{rel}","templated":true}]}}