{"id":2504,"date":"2023-01-20T12:22:34","date_gmt":"2023-01-20T11:22:34","guid":{"rendered":"https:\/\/hf-normandie.fr\/?page_id=2504"},"modified":"2026-04-10T09:43:48","modified_gmt":"2026-04-10T07:43:48","slug":"ressources-sinformer-et-agir","status":"publish","type":"page","link":"https:\/\/hf-normandie.fr\/index.php\/ressources-sinformer-et-agir\/","title":{"rendered":"S&rsquo;informer et agir"},"content":{"rendered":"\n<p><a rel=\"noreferrer noopener\" href=\"http:\/\/www.laboratoiredelegalite.org\/\" target=\"_blank\"><strong>Le Laboratoire de l\u2019\u00c9galit\u00e9<\/strong><\/a>, pour mettre en \u00e9vidence les in\u00e9galit\u00e9s et les combattre<\/p>\n\n\n\n<p>L&rsquo;Agence r\u00e9gionale d&rsquo;am\u00e9lioration des conditions de travail (ARACT) propose une fiche <strong><a href=\"https:\/\/cnm.fr\/wp-content\/uploads\/2021\/03\/Egalite-FH-ou-en-suis-je-dans-ma-structure-comment-agir-1.pdf\">\u00e0 destination des structures culturelles pour r\u00e9aliser un autodiagnostic<\/a><\/strong>, l&rsquo;objectif est de dresser un \u00e9tat des lieux de l&rsquo;\u00e9galit\u00e9 femmes-hommes au sein de sa propre structure.<\/p>\n\n\n\n<p><a rel=\"noreferrer noopener\" href=\"http:\/\/www.lesnouvellesnews.fr\/\" target=\"_blank\"><strong><em>Les Nouvelles News<\/em><\/strong><\/a>, site d\u2019informations sur l\u2019\u00e9galit\u00e9 hommes\/femmes<\/p>\n\n\n\n<p><a href=\"https:\/\/www.librairie-des-femmes.fr\/livre\/9782374253107-exploser-le-plafond-precis-de-feminisme-a-l-usage-du-monde-prat-fraisse\/\"><strong><em>Exploser le plafond, pr\u00e9cis de f\u00e9minisme \u00e0 l\u2019usage du monde de la culture<\/em><\/strong><\/a>, ouvrage de Reine Prat, Octobre 2021<\/p>\n\n\n\n<p><a href=\"https:\/\/www.facebook.com\/p\/La-Barbe-groupe-daction-f%C3%A9ministe-100063740735397\/?locale=fr_FR\"><strong>La Barbe<\/strong>, <\/a>Facebook du collectif f\u00e9ministe La Barbe, engag\u00e9 dans la lutte pour l\u2019\u00e9galit\u00e9 hommes\/femmes<\/p>\n\n\n\n<p><a rel=\"noreferrer noopener\" href=\"http:\/\/www.institutemilieduchatelet.org\/\" target=\"_blank\"><strong>Institut Emilie du Ch\u00e2telet<\/strong><\/a>,&nbsp;pour le d\u00e9veloppement et la diffusion des recherches sur les femmes, le sexe et le genre<\/p>\n\n\n\n<p><a rel=\"noreferrer noopener\" href=\"http:\/\/www.adequations.org\/spip.php?article880\" target=\"_blank\"><strong>Ad\u00e9quation<\/strong><\/a>, site pour le d\u00e9veloppement humain durable, la diversit\u00e9 culturelle et l\u2019\u00c9galit\u00e9 hommes-femmes (page de ressources concernant l\u2019\u00e9galit\u00e9 professionnelle)<\/p>\n\n\n\n<p><mark><a href=\"http:\/\/www.centre-hubertine-auclert.fr\/egalitheque\">L\u2019\u00e9galith\u00e8que du Centre Hubertine Auclert<\/a><\/mark>, pour promouvoir une culture de l\u2019\u00c9galit\u00e9 hommes-femmes (page de ressources de documents et m\u00e9dias concernant l\u2019\u00e9galit\u00e9)<\/p>\n\n\n\n<p><a href=\"https:\/\/www.noustoutes.org\/\"><strong>#NousToutes<\/strong><\/a>, site d\u2019informations sur l\u2019\u00c9galit\u00e9 hommes\/femmes<\/p>\n\n\n\n<p><a rel=\"noreferrer noopener\" href=\"https:\/\/www.50-50magazine.fr\/\" target=\"_blank\"><strong><em>50 \u2013 50 Magazine<\/em>, le magazine de l\u2019\u00e9galit\u00e9 femmes-hommes<\/strong><\/a><\/p>\n\n\n\n<p><strong><a href=\"https:\/\/www.celles-qui-osent.com\/\">Celles qui osent<\/a><\/strong>, m\u00e9dia f\u00e9ministe qui propose des podcasts et des articles sur des sujets divers, dont l&rsquo;objectif est de mettre en avant \u00ab\u00a0les femmes qui ose ou qui ont os\u00e9\u00a0\u00bb et qui pourtant restent ou sont rest\u00e9es dans l&rsquo;oubli. <\/p>\n\n\n\n<p><mark><a href=\"https:\/\/www.arte.tv\/fr\/videos\/RC-015860\/kreatur\/\"><em>Kreatur<\/em><\/a><\/mark>&nbsp;\u2013 magazine f\u00e9ministe \u2013 ARTE<\/p>\n\n\n\n<p><mark><a href=\"https:\/\/open.spotify.com\/show\/1WgrGarkpE3efj57f8uvzo?si=HgwcaZjwS8abI2fUX3_Dqg\"><em>La Poudre<\/em><\/a>&nbsp;<\/mark>\u2013 Podcast anim\u00e9 par Lauren Bastide qui re\u00e7oit des femmes artistes, militantes ou politiques<\/p>\n\n\n\n<p><em><strong><a href=\"https:\/\/www.binge.audio\/podcast\/les-couilles-sur-la-table\">Les Couilles sur la table<\/a><\/strong><\/em> &#8211; Podcast anim\u00e9 par Victoire Tuaillon qui re\u00e7oit des chercheur.euse.s, auteur.ice.s, artistes, femmes et hommes politiques ou militants, pour discuter de la pr\u00e9dominance de la masculinit\u00e9 dans notre soci\u00e9t\u00e9<\/p>\n\n\n\n<p><a href=\"https:\/\/open.spotify.com\/show\/6hRv4ZgVchFV71C2cPtu8D\"><strong><em>F\u00e9minisme Initial<\/em><\/strong><\/a> &#8211; Dans le cadre d\u2019un partenariat entre le Certificat \u00e9galit\u00e9 femmes\/hommes de l\u2019\u00e9cole d\u2019Affaires Publiques de Sciences Po Paris et le Haut Conseil \u00e0 l\u2019Egalit\u00e9 (HCE), quatre \u00e9tudiantes ont r\u00e9alis\u00e9 un podcast de 7 \u00e9pisodes, traitant de sujets d\u2019\u00e9galit\u00e9 entre les femmes et les hommes et des droits des femmes.&nbsp;<strong>Le premier \u00e9pisode porte sur l&rsquo;\u00e9gacontionnalit\u00e9, notion introduite et d\u00e9finie par le HCE en 2014.<\/strong><\/p>\n\n\n\n<p><a href=\"https:\/\/open.spotify.com\/show\/2mFjTFXiye2ikie5deOt1b?si=GQvCEZmqSK6pKpsFL8z2ZQ\"><em><strong>Elles ont os\u00e9<\/strong><\/em><\/a>, le nouveau podcast des Echos sur les femmes qui font bouger l\u2019\u00e9conomie, la culture, la recherche, etc.<\/p>\n\n\n\n<p><a href=\"https:\/\/www.egalite-femmes-hommes.gouv.fr\/sites\/efh\/files\/migration\/2020\/12\/Chiffres-cles-EFH_2020.pdf\"><strong>Chiffres cl\u00e9s Egalit\u00e9 Femmes Hommes 2020<\/strong><\/a> (egalite-femmes-hommes.gouv.fr)&nbsp;\u2013 rapport gouvernemental pr\u00e9sentant les donn\u00e9es les plus significatives de l\u2019ann\u00e9e 2020 sur l\u2019\u00e9galit\u00e9 femmes-hommes (impact de la crise sanitaire, violences sexuelles\u2026)<\/p>\n\n\n\n<p><a rel=\"noreferrer noopener\" href=\"https:\/\/www.youtube.com\/watch?v=EDDxAIhHt08\" target=\"_blank\"><strong>Et tout le monde s\u2019en fout #1 \u2013 Les femmes \u2013 \u2013 YouTube<\/strong><\/a>&nbsp;\u2013 Sur l\u2019\u00e9galit\u00e9 hommes\/femmes, cha\u00eene Youtube de vulgarisation scientifique et sociologique<\/p>\n\n\n\n<p><strong><a href=\"https:\/\/georgettesand.org\/manifeste\/\">Collectif Georgette Sand<\/a>&nbsp;<\/strong>\u2013&nbsp;<em>Faut-il s\u2019appeler George pour \u00eatre prise au s\u00e9rieux ?<\/em><\/p>\n\n\n\n<p><a href=\"https:\/\/www.lesinternettes.com\/\"><strong>Les Internettes<\/strong><\/a>, collectif qui a pour objectif de mettre en avant les cr\u00e9atrices de contenus sur internet, notamment sur Youtube. Leur site comporte une rubrique \u00ab\u00a0Internettes explorer\u00a0\u00bb qui r\u00e9f\u00e9rence de nombreuses vid\u00e9os Youtube r\u00e9alis\u00e9es par des femmes sur des sujets divers et vari\u00e9s. <\/p>\n\n\n\n<p><a href=\"http:\/\/uveditions.com\/wikifemia-langue-genre-technologies\/\"><strong>Roberte la Rousse \u2013 WIKIF\u00c9MIA | Langue, genre, technologies<\/strong><\/a>, Avril 2022 \u2013 Biographies de femmes remarquables dans une langue exprim\u00e9e enti\u00e8rement \u00ab&nbsp;\u00e0 la f\u00e9minine&nbsp;\u00bb<\/p>\n\n\n\n<p><a href=\"https:\/\/www.saloon-paris.fr\/\"><strong>SALOON PARIS<\/strong><\/a> &#8211; Un r\u00e9seau international pour les femmes de la sc\u00e8ne artistique parisienne<\/p>\n\n\n\n<h2 class=\"wp-block-heading has-medium-font-size\">Pour les plus jeunes : <\/h2>\n\n\n\n<p><strong><a href=\"https:\/\/matilda.education\/\">Matilda \u00e9ducation<\/a><\/strong>, plus de 80 vid\u00e9os, accompagn\u00e9es de ressources p\u00e9dagogiques, sur les th\u00e9matiques de l&rsquo;\u00e9galit\u00e9 entre les sexes, dans tous les domaines.<\/p>\n\n\n\n<p><strong><a href=\"https:\/\/www.centre-hubertine-auclert.fr\/egalitheque\/ressource-externe-au-cha\/decoder-le-sexisme-dans-la-pop-culture\">D\u00e9coder le sexisme dans la pop culture.<\/a><\/strong>  <\/p>\n\n\n\n<p><\/p>\n\n\n\n<p><\/p>\n","protected":false},"excerpt":{"rendered":"<p>Le Laboratoire de l\u2019\u00c9galit\u00e9, pour mettre en \u00e9vidence les in\u00e9galit\u00e9s et les combattre L&rsquo;Agence r\u00e9gionale d&rsquo;am\u00e9lioration des conditions de travail (ARACT) propose une fiche \u00e0 destination des structures culturelles pour r\u00e9aliser un autodiagnostic, l&rsquo;objectif est de dresser un \u00e9tat des lieux de l&rsquo;\u00e9galit\u00e9 femmes-hommes au sein de sa propre structure. Les Nouvelles News, site d\u2019informations [&hellip;]<\/p>\n","protected":false},"author":11,"featured_media":0,"parent":0,"menu_order":0,"comment_status":"closed","ping_status":"closed","template":"","meta":{"footnotes":""},"class_list":["post-2504","page","type-page","status-publish","hentry"],"_links":{"self":[{"href":"https:\/\/hf-normandie.fr\/index.php\/wp-json\/wp\/v2\/pages\/2504","targetHints":{"allow":["GET"]}}],"collection":[{"href":"https:\/\/hf-normandie.fr\/index.php\/wp-json\/wp\/v2\/pages"}],"about":[{"href":"https:\/\/hf-normandie.fr\/index.php\/wp-json\/wp\/v2\/types\/page"}],"author":[{"embeddable":true,"href":"https:\/\/hf-normandie.fr\/index.php\/wp-json\/wp\/v2\/users\/11"}],"replies":[{"embeddable":true,"href":"https:\/\/hf-normandie.fr\/index.php\/wp-json\/wp\/v2\/comments?post=2504"}],"version-history":[{"count":13,"href":"https:\/\/hf-normandie.fr\/index.php\/wp-json\/wp\/v2\/pages\/2504\/revisions"}],"predecessor-version":[{"id":6680,"href":"https:\/\/hf-normandie.fr\/index.php\/wp-json\/wp\/v2\/pages\/2504\/revisions\/6680"}],"wp:attachment":[{"href":"https:\/\/hf-normandie.fr\/index.php\/wp-json\/wp\/v2\/media?parent=2504"}],"curies":[{"name":"wp","href":"https:\/\/api.w.org\/{rel}","templated":true}]}}