{"id":2516,"date":"2023-01-20T12:22:34","date_gmt":"2023-01-20T11:22:34","guid":{"rendered":"https:\/\/hf-normandie.fr\/?page_id=2516"},"modified":"2026-04-10T09:46:56","modified_gmt":"2026-04-10T07:46:56","slug":"femmes-et-musique","status":"publish","type":"page","link":"https:\/\/hf-normandie.fr\/index.php\/femmes-et-musique\/","title":{"rendered":"Musique"},"content":{"rendered":"\n<h3 class=\"wp-block-heading\"><strong>S&rsquo;informer sur les in\u00e9galit\u00e9s<\/strong><\/h3>\n\n\n\n<p><a rel=\"noreferrer noopener\" href=\"https:\/\/www.wah-egalite.org\/\" target=\"_blank\"><strong>WAH !<\/strong><\/a>&nbsp;plateforme proposant des ressources pour l\u2019\u00e9galit\u00e9 et la diversit\u00e9 dans les musiques (podcasts, sites internet, ouvrages\u2026).&nbsp;Cr\u00e9\u00e9e en 2019 par la&nbsp;<a rel=\"noreferrer noopener\" href=\"https:\/\/www.fedelima.org\/\" target=\"_blank\"><strong>FEDELIMA<\/strong><\/a>, en coop\u00e9ration avec diff\u00e9rents r\u00e9seaux r\u00e9gionaux d\u2019acteurs des musiques actuelles (<a rel=\"noreferrer noopener\" href=\"https:\/\/www.lerif.org\/\" target=\"_blank\"><strong>le RIF<\/strong><\/a>), la&nbsp;<strong><a rel=\"noreferrer noopener\" href=\"https:\/\/fracama.org\/\" target=\"_blank\">FRACAMA<\/a>&nbsp;<\/strong>et le&nbsp;<strong><a rel=\"noreferrer noopener\" href=\"http:\/\/www.sma-syndicat.org\/\" target=\"_blank\">SMA<\/a>&nbsp;<\/strong>(Syndicat des Musiques Actuelles).<\/p>\n\n\n\n<p><strong><a href=\"https:\/\/theses.fr\/2000PA100178\">Publications et articles de Hyacinthe Ravet<\/a><\/strong>, Musicologue et sociologue consacrant ses recherches aux rapports de genre dans les professions musicales et artistiques (ex :&nbsp;<em>Musiciennes. Enqu\u00eate sur les femmes et la musique<\/em>, Paris, Editions Autrement, 2011 | \u00ab&nbsp;Cheffes d\u2019orchestre, le temps des pionni\u00e8res n\u2019est pas r\u00e9volu&nbsp;!&nbsp;\u00bb,&nbsp;<em>Travail, genre et soci\u00e9t\u00e9s<\/em>, n\u00b0&nbsp;35, 2016).<\/p>\n\n\n\n<p><a href=\"https:\/\/www.binge.audio\/podcast\/les-couilles-sur-la-table\/en-musique-les-hommes-donnent-le-la\" target=\"_blank\" rel=\"noreferrer noopener\"><strong>Episode 51 \u00ab\u00a0En musique, les hommes donnent le \u00ab\u00a0la\u00a0\u00bb\u00a0\u00bb<\/strong><\/a> du podcast Les couilles sur la table de Victoire Tuaillon. <\/p>\n\n\n\n<p><strong><a href=\"https:\/\/shows.acast.com\/sisters-of-sound\" data-type=\"link\" data-id=\"https:\/\/shows.acast.com\/sisters-of-sound\" target=\"_blank\" rel=\"noreferrer noopener\">Sisters of Sound<\/a><\/strong>, un podcast r\u00e9alis\u00e9 par l&rsquo;artiste Mythie qui explore la place des femmes dans l&rsquo;industrie musicale \u00e0 travers des t\u00e9moignages inspirants.<\/p>\n\n\n\n<p><mark><a href=\"https:\/\/www.leslibraires.fr\/livre\/15076606-1-la-poudre-tome-1-ecrivain-es-et-musicienne--lauren-bastide-marabout\" target=\"_blank\" rel=\"noreferrer noopener\"><em>La Poudre (Tome 1), \u00e9crivain\u00b7es et musiciennes<\/em><\/a><\/mark>,&nbsp;recueil des entretiens de Lauren Bastide, dans le cadre du Podcast La Poudre,&nbsp;2020.<\/p>\n\n\n\n<p><a href=\"https:\/\/www.youtube.com\/@lacantatricechome9895\" data-type=\"link\" data-id=\"https:\/\/www.youtube.com\/@lacantatricechome9895\" target=\"_blank\" rel=\"noreferrer noopener\"><strong>La Cantatrice Ch\u00f4me<\/strong><\/a>, s\u00e9rie documentaire sur YouTube en trois \u00e9pisodes qui interroge l&rsquo;absence ou le manque de femmes dans l&rsquo;industrie musicale tant en technique, que sur sc\u00e8ne ou \u00e0 la direction des structures.<\/p>\n\n\n\n<p><a href=\"https:\/\/open.spotify.com\/show\/0KnBftZ16GBZPmZx9zpsjx\" data-type=\"link\" data-id=\"https:\/\/open.spotify.com\/show\/0KnBftZ16GBZPmZx9zpsjx\" target=\"_blank\" rel=\"noreferrer noopener\"><strong>Girls Twiddling Knobs<\/strong><\/a>, un podcast (en anglais) sur les femmes productrices de musique et leur place dans l&rsquo;univers technique.<\/p>\n\n\n\n<h3 class=\"wp-block-heading\"><strong>(Re)D\u00e9couvrir les musiciennes<\/strong><\/h3>\n\n\n\n<p><strong><a href=\"https:\/\/www.radiofrance.fr\/francemusique\/podcasts\/musique-nom-feminin\" target=\"_blank\" rel=\"noreferrer noopener\">Musique, nom f\u00e9minin<\/a><\/strong> est un podcast pr\u00e9sent\u00e9 par France Musique en partenariat avec le CNM, qui pr\u00e9sente 16 portraits de compositrices ou autrices qui se sont illustr\u00e9es dans des genres musicaux diff\u00e9rents comme le jazz, la chanson fran\u00e7aise, le folk ou encore la musique classique. \u00c0 \u00e9couter sans mod\u00e9ration !<\/p>\n\n\n\n<p><a rel=\"noreferrer noopener\" href=\"https:\/\/www.presencecompositrices.com\/recherche-oeuvre\" target=\"_blank\"><strong>Que demander \u00e0 Clara ? (presencecompositrices.com)<\/strong><\/a>&nbsp;\u2013 base de donn\u00e9es collaborative qui a pour objectif de mettre en avant le travail de centaines de compositrices oubli\u00e9es, invisibilis\u00e9es.<\/p>\n\n\n\n<p><strong><a href=\"https:\/\/www.facebook.com\/citedescompositrices\/\">La Bo\u00eete \u00e0 P\u00e9pite<\/a><\/strong>, une page Facebook qui se donne l&rsquo;objectif de mettre en avant des compositrices invisibilis\u00e9es.<\/p>\n\n\n\n<p><mark><a href=\"https:\/\/open.spotify.com\/playlist\/37i9dQZF1DWU8quswnFt3c?si=95622a66041f437d\" target=\"_blank\" rel=\"noreferrer noopener\">Equal<\/a><\/mark>, \u00e9coutez les femmes du monde entier, \u00e0 plein volume (Playlist Spotify).<\/p>\n\n\n\n<h3 class=\"wp-block-heading\"><strong>Trouver un r\u00e9seau de professionnelles<\/strong><\/h3>\n\n\n\n<p><strong><a href=\"https:\/\/www.shesaid.so\/\" data-type=\"link\" data-id=\"https:\/\/www.shesaid.so\/\" target=\"_blank\" rel=\"noreferrer noopener\">She Said So<\/a><\/strong>, une communaut\u00e9 de professionnelles de la musique qui promeut le travail des femmes et des minorit\u00e9s de genre dans l&rsquo;industrie musicale.<\/p>\n\n\n\n<p><a href=\"https:\/\/majeures.org\/\" data-type=\"link\" data-id=\"https:\/\/majeures.org\/\" target=\"_blank\" rel=\"noreferrer noopener\"><strong>Majeur\u00b7es<\/strong><\/a>, premier annuaire inclusif des professionnel\u00b7les femmes cis, personnes trans et non-binaires de la musique, cr\u00e9\u00e9 par She Said So.<\/p>\n\n\n\n<p><a href=\"http:\/\/www.techniciexnes.com\/\" data-type=\"link\" data-id=\"http:\/\/www.techniciexnes.com\/\" target=\"_blank\" rel=\"noreferrer noopener\"><strong>Techniciexnes<\/strong><\/a>, annuaire en mixit\u00e9 choisie des techniciexnes de l&rsquo;art.<\/p>\n\n\n\n<p><a href=\"https:\/\/www.connecther.fr\/\" data-type=\"link\" data-id=\"https:\/\/www.connecther.fr\/\" target=\"_blank\" rel=\"noreferrer noopener\"><strong>Connect&rsquo;HER<\/strong><\/a>, association dont le but est d&rsquo;offrir une meilleure visibilit\u00e9 aux\u00a0<strong>artistes issu\u00b7e\u00b7s des minorit\u00e9s de genre de la sc\u00e8ne \u00e9lectronique fran\u00e7aise<\/strong>\u00a0et de cr\u00e9er de nouvelles synergies entre les artistes. Le site r\u00e9f\u00e9rence plus de 350 artistes dont les actualit\u00e9s sont diffus\u00e9es sur le <a href=\"https:\/\/www.instagram.com\/_connecther\/\" data-type=\"link\" data-id=\"https:\/\/www.instagram.com\/_connecther\/\" target=\"_blank\" rel=\"noreferrer noopener\"><strong>r\u00e9seau associ\u00e9<\/strong><\/a>.<\/p>\n\n\n\n<p><strong><a href=\"http:\/\/morewomenonstage.fr\/\" data-type=\"link\" data-id=\"http:\/\/morewomenonstage.fr\/\" target=\"_blank\" rel=\"noreferrer noopener\">More Women On stage<\/a><\/strong>, association f\u00e9ministe cr\u00e9\u00e9e afin d\u2019accompagner les musicien\u00b7nes et les professionnel\u00b7les de la musique. Organise le More Women On Stage Festival ainsi que des masterclass pour se former et partager des exp\u00e9riences communes.<\/p>\n\n\n\n<p><strong><a href=\"https:\/\/modal-media.com\/annuaire-des-musiciennes-x\/?page=1&amp;types=groupe\" data-type=\"link\" data-id=\"https:\/\/modal-media.com\/annuaire-des-musiciennes-x\/?page=1&amp;types=groupe\" target=\"_blank\" rel=\"noreferrer noopener\">L&rsquo;annuaire des musiciennes-x<\/a> <\/strong>(x = personne appartenant \u00e0 une minorit\u00e9 de genre) cr\u00e9\u00e9 par la <a href=\"https:\/\/www.famdt.com\/\" data-type=\"link\" data-id=\"https:\/\/www.famdt.com\/\" target=\"_blank\" rel=\"noreferrer noopener\"><strong>FAMDT <\/strong><\/a>qui recense les femmes et minorit\u00e9s de genre dans les musiques traditionnelles.<\/p>\n\n\n\n<p><br><\/p>\n","protected":false},"excerpt":{"rendered":"<p>S&rsquo;informer sur les in\u00e9galit\u00e9s WAH !&nbsp;plateforme proposant des ressources pour l\u2019\u00e9galit\u00e9 et la diversit\u00e9 dans les musiques (podcasts, sites internet, ouvrages\u2026).&nbsp;Cr\u00e9\u00e9e en 2019 par la&nbsp;FEDELIMA, en coop\u00e9ration avec diff\u00e9rents r\u00e9seaux r\u00e9gionaux d\u2019acteurs des musiques actuelles (le RIF), la&nbsp;FRACAMA&nbsp;et le&nbsp;SMA&nbsp;(Syndicat des Musiques Actuelles). Publications et articles de Hyacinthe Ravet, Musicologue et sociologue consacrant ses recherches aux [&hellip;]<\/p>\n","protected":false},"author":11,"featured_media":0,"parent":0,"menu_order":0,"comment_status":"closed","ping_status":"closed","template":"","meta":{"footnotes":""},"class_list":["post-2516","page","type-page","status-publish","hentry"],"_links":{"self":[{"href":"https:\/\/hf-normandie.fr\/index.php\/wp-json\/wp\/v2\/pages\/2516","targetHints":{"allow":["GET"]}}],"collection":[{"href":"https:\/\/hf-normandie.fr\/index.php\/wp-json\/wp\/v2\/pages"}],"about":[{"href":"https:\/\/hf-normandie.fr\/index.php\/wp-json\/wp\/v2\/types\/page"}],"author":[{"embeddable":true,"href":"https:\/\/hf-normandie.fr\/index.php\/wp-json\/wp\/v2\/users\/11"}],"replies":[{"embeddable":true,"href":"https:\/\/hf-normandie.fr\/index.php\/wp-json\/wp\/v2\/comments?post=2516"}],"version-history":[{"count":16,"href":"https:\/\/hf-normandie.fr\/index.php\/wp-json\/wp\/v2\/pages\/2516\/revisions"}],"predecessor-version":[{"id":6683,"href":"https:\/\/hf-normandie.fr\/index.php\/wp-json\/wp\/v2\/pages\/2516\/revisions\/6683"}],"wp:attachment":[{"href":"https:\/\/hf-normandie.fr\/index.php\/wp-json\/wp\/v2\/media?parent=2516"}],"curies":[{"name":"wp","href":"https:\/\/api.w.org\/{rel}","templated":true}]}}