{"id":2518,"date":"2023-01-20T12:21:55","date_gmt":"2023-01-20T11:21:55","guid":{"rendered":"https:\/\/hf-normandie.fr\/?page_id=2518"},"modified":"2026-02-19T09:13:13","modified_gmt":"2026-02-19T08:13:13","slug":"femmes-et-arts-visuels","status":"publish","type":"page","link":"https:\/\/hf-normandie.fr\/index.php\/femmes-et-arts-visuels\/","title":{"rendered":"Arts visuels"},"content":{"rendered":"\n<p><a href=\"https:\/\/federationdelarturbain.org\/place-des-femmes-dans-lart-urbain\/\"><strong>\u00c9tude sur la place des femmes dans l&rsquo;art urbain<\/strong><\/a> par la f\u00e9d\u00e9ration de l&rsquo;art urbain,  lanc\u00e9e \u00e0 l\u2019automne 2024 pour \u00e9tablir un \u00e9tat des lieux de la situation, initier des de\u0301bats, identifier des actions correctives, sensibiliser et accompagner les actrices et acteurs du domaine.<\/p>\n\n\n\n<p><mark><a href=\"http:\/\/www.scoop.it\/t\/gender-and-art\">Gender and art<\/a><\/mark>, blog sp\u00e9cialis\u00e9 sur les questions de genre dans l\u2019art et recensant les \u00e9v\u00e9nements culturels li\u00e9s au genre en France et \u00e0 l\u2019\u00e9tranger<\/p>\n\n\n\n<p><mark><a href=\"http:\/\/fresques.ina.fr\/elles-centrepompidou\/fresque\">elle@centrepompidou<\/a><\/mark>, site qui pr\u00e9sente les artistes femmes expos\u00e9e \u00e0 Beaubourg<\/p>\n\n\n\n<p><a rel=\"noreferrer noopener\" href=\"http:\/\/ellescomptent.wordpress.com\/\" target=\"_blank\"><strong>Elles comptent<\/strong><\/a>, blog qui se donne pour but de compter les femmes, par structure, dans le monde de l\u2019art<\/p>\n\n\n\n<p><a rel=\"noreferrer noopener\" href=\"http:\/\/www.guerrillagirls.com\/\" target=\"_blank\"><strong>Guerilla Girls, fighting discrimination with facts, humor and fake fur<\/strong><\/a>, site du mouvement&nbsp;<em>Guerilla Girls<\/em>, qui lutte contre les in\u00e9galit\u00e9s hommes\/femmes dans le monde de l\u2019art<\/p>\n\n\n\n<p><a rel=\"noreferrer noopener\" href=\"http:\/\/atlantesetcariatides.wordpress.com\/\" target=\"_blank\"><strong>Atlantes et Cariatides<\/strong><\/a>, site sur la place des femmes dans les arts, la culture et les fonds publics<\/p>\n\n\n\n<p><a rel=\"noreferrer noopener\" href=\"https:\/\/artsandculture.google.com\/exhibit\/parcours-th%25C3%25A9matique-femmes\/UAKir_Qifg2mKQ\" target=\"_blank\"><strong>Parcours th\u00e9matique : Femmes \u2013 Mus\u00e9e des Beaux-Arts de Lyon \u2014 Google Arts &amp; Culture<\/strong><\/a>&nbsp;\u2013 portail google arts and culture, parcours th\u00e9matiques sur les femmes<\/p>\n\n\n\n<p><a rel=\"noreferrer noopener\" href=\"http:\/\/poleartsvisuels-pdl.fr\/wp-content\/uploads\/2020\/07\/rapport.pdf\" target=\"_blank\"><strong>\u00ab&nbsp;Et pourtant elles photographient\u2026 Les parcours des femmes photographes&nbsp;\u00bb<\/strong><\/a>, une \u00e9tude sociologique de Ir\u00e8ne Jonas traitant de parcours de femmes dans la photographie en d\u00e9montrant les clich\u00e9s et difficult\u00e9s auxquelles elles font face<\/p>\n\n\n\n<p><a href=\"https:\/\/figurationfeminine.blogspot.com\/\" data-type=\"link\" data-id=\"https:\/\/figurationfeminine.blogspot.com\/\"><strong>FIGURATION FEMININE<\/strong><\/a>, blog \u00e9tablissant une liste de femmes peintres d&rsquo;il y a 30.000 ans, jusqu&rsquo;aux artistes d&rsquo;aujourd&rsquo;hui, ayant pour sujet la repr\u00e9sentation de la femme<\/p>\n\n\n\n<p><a rel=\"noreferrer noopener\" href=\"https:\/\/www.fisheyemagazine.fr\/rdv\/cest-dans-le-mag\/elles-photographes-une-sous-exposition-manifeste\/\" target=\"_blank\"><strong>\u00ab&nbsp;Femmes photographes, une sous-exposition manifeste&nbsp;\u00bb<\/strong><\/a>, manifeste engag\u00e9 sur la discrimination des femmes dans le milieu de la photographie<\/p>\n\n\n\n<p><strong><a href=\"https:\/\/www.beauxarts.com\/series\/30-femmes-artistes-que-vous-devriez-absolument-connaitre\/\" data-type=\"link\" data-id=\"https:\/\/www.beauxarts.com\/series\/30-femmes-artistes-que-vous-devriez-absolument-connaitre\/\">40 femmes artistes que vous devriez absolument conna\u00eetre<\/a><\/strong>, s\u00e9rie d&rsquo;articles qui met \u00e0 l&rsquo;honneur 40 cr\u00e9atrices peu connues, de diff\u00e9rentes \u00e9poques<\/p>\n\n\n\n<p><strong><a href=\"https:\/\/www.streetarttourparis.com\/fr\/les-femmes-artistes-dans-lart-urbain\/\" data-type=\"link\" data-id=\"https:\/\/www.streetarttourparis.com\/fr\/les-femmes-artistes-dans-lart-urbain\/\">Les femmes artistes dans l\u2019art urbain<\/a><\/strong>, article qui aborde la question de la situation des femmes artistes dans l\u2019art urbain.<\/p>\n\n\n\n<p><a href=\"https:\/\/euradio.fr\/emission\/KYQz-la-cause-des-femmes-en-europe-jade-champetier\/oQQl-la-place-des-femmes-dans-lart\" data-type=\"link\" data-id=\"https:\/\/euradio.fr\/emission\/KYQz-la-cause-des-femmes-en-europe-jade-champetier\/oQQl-la-place-des-femmes-dans-lart\"><strong>La place des femmes dans l\u2019art<\/strong><\/a>, podcast \u00e9voquant la place des femmes dans le monde de l&rsquo;art<\/p>\n\n\n\n<h2 class=\"wp-block-heading has-medium-font-size\">A l&rsquo;\u00e9tranger : <\/h2>\n\n\n\n<p><a rel=\"noreferrer noopener\" href=\"http:\/\/www.mav.org.es\/\" target=\"_blank\"><strong>MAV, mujeres de artes visuales<\/strong>,<\/a>&nbsp;association espagnole sp\u00e9cialis\u00e9e dans l\u2019\u00e9galit\u00e9 hommes\/femmes dans les arts visuels. <\/p>\n","protected":false},"excerpt":{"rendered":"<p>\u00c9tude sur la place des femmes dans l&rsquo;art urbain par la f\u00e9d\u00e9ration de l&rsquo;art urbain, lanc\u00e9e \u00e0 l\u2019automne 2024 pour \u00e9tablir un \u00e9tat des lieux de la situation, initier des de\u0301bats, identifier des actions correctives, sensibiliser et accompagner les actrices et acteurs du domaine. Gender and art, blog sp\u00e9cialis\u00e9 sur les questions de genre dans [&hellip;]<\/p>\n","protected":false},"author":11,"featured_media":0,"parent":0,"menu_order":0,"comment_status":"closed","ping_status":"closed","template":"","meta":{"footnotes":""},"class_list":["post-2518","page","type-page","status-publish","hentry"],"_links":{"self":[{"href":"https:\/\/hf-normandie.fr\/index.php\/wp-json\/wp\/v2\/pages\/2518","targetHints":{"allow":["GET"]}}],"collection":[{"href":"https:\/\/hf-normandie.fr\/index.php\/wp-json\/wp\/v2\/pages"}],"about":[{"href":"https:\/\/hf-normandie.fr\/index.php\/wp-json\/wp\/v2\/types\/page"}],"author":[{"embeddable":true,"href":"https:\/\/hf-normandie.fr\/index.php\/wp-json\/wp\/v2\/users\/11"}],"replies":[{"embeddable":true,"href":"https:\/\/hf-normandie.fr\/index.php\/wp-json\/wp\/v2\/comments?post=2518"}],"version-history":[{"count":11,"href":"https:\/\/hf-normandie.fr\/index.php\/wp-json\/wp\/v2\/pages\/2518\/revisions"}],"predecessor-version":[{"id":6546,"href":"https:\/\/hf-normandie.fr\/index.php\/wp-json\/wp\/v2\/pages\/2518\/revisions\/6546"}],"wp:attachment":[{"href":"https:\/\/hf-normandie.fr\/index.php\/wp-json\/wp\/v2\/media?parent=2518"}],"curies":[{"name":"wp","href":"https:\/\/api.w.org\/{rel}","templated":true}]}}