{"id":2567,"date":"2023-01-20T15:04:30","date_gmt":"2023-01-20T14:04:30","guid":{"rendered":"https:\/\/hf-normandie.fr\/?page_id=2567"},"modified":"2025-05-22T13:44:30","modified_gmt":"2025-05-22T11:44:30","slug":"reseaux","status":"publish","type":"page","link":"https:\/\/hf-normandie.fr\/index.php\/reseaux\/","title":{"rendered":"R\u00e9seaux"},"content":{"rendered":"\n<p><a rel=\"noreferrer noopener\" href=\"https:\/\/www.lafabriquedeladanse.fr\/les-femmes-sont-la\/\" target=\"_blank\"><strong>Les femmes sont l\u00e0 !<\/strong><\/a>&nbsp;Un dispositif d\u2019accompagnement d\u00e9di\u00e9 aux femmes chor\u00e9graphes<\/p>\n\n\n\n<p><strong><a href=\"https:\/\/majeures.org\/\">Majeur\u2022e\u2022s<\/a><\/strong> , annuaire inclusif des professionnel\u00b7les femmes cis, personnes trans et non-binaires de la musique<\/p>\n\n\n\n<p><a href=\"https:\/\/lfsm.net\/\"><strong>Les femmes s&rsquo;en m\u00ealent<\/strong><\/a> , festival itin\u00e9rant mettant en avant les artistes f\u00e9minines des sc\u00e8nes ind\u00e9pendantes<\/p>\n\n\n\n<p><a rel=\"noreferrer noopener\" href=\"http:\/\/www.matermittentes.com\/\" target=\"_blank\"><strong>Le blog des matermittentes<\/strong><\/a>&nbsp;pour faire valoir les droits des intermittentes en mati\u00e8re de cong\u00e9s maternit\u00e9 et d\u2019arr\u00eats maladie<\/p>\n\n\n\n<p><strong><a href=\"https:\/\/www.instagram.com\/bichesclubcollectif\/\">Le Biches Club<\/a><\/strong>,  dispositif d\u2019accompagnement de musicien\u2022nes femmes et minorit\u00e9s de genre en Normandie<\/p>\n\n\n\n<p><strong><a href=\"https:\/\/mewem.fr\/\">MEWEM<\/a><\/strong> , pour encourager les femmes et minorit\u00e9s de genre \u00e0 entreprendre dans la musique <\/p>\n\n\n\n<p><a href=\"https:\/\/www.facebook.com\/pages\/Wantd\/301106693343170\" target=\"_blank\" rel=\"noreferrer noopener\"><strong>Want&amp;d<\/strong><\/a>, faire circuler de l\u2019information sur les postes \u00e0 responsabilit\u00e9 dans le secteur culture pour encourager les femmes \u00e0 postuler<\/p>\n\n\n\n<p><a href=\"https:\/\/www.instagram.com\/association.ada\/\"><strong>L&rsquo;Association des Acteur.ices<\/strong><\/a> &#8211; Association d\u2019acteur.ices f\u00e9ministe et anti-raciste<\/p>\n\n\n\n<p><a rel=\"noreferrer noopener\" href=\"http:\/\/www.femalepressure.net\/fempress.html\" target=\"_blank\"><strong>Female Pressure<\/strong><\/a>, r\u00e9seau international d\u2019artistes femmes dans les musiques \u00e9lectroniques<\/p>\n\n\n\n<p><a rel=\"noreferrer noopener\" href=\"https:\/\/www.shesaid.so\/\" target=\"_blank\"><strong>shesaid.so<\/strong><\/a>&nbsp;\u2013 connecte des femmes et minorit\u00e9s de genre professionnelles du secteur musical (label, management, artistes etc.) pour une industrie plus \u00e9quitable<\/p>\n\n\n\n<p><a rel=\"noreferrer noopener\" href=\"http:\/\/www.lesfillesdelaphoto.com\/\" target=\"_blank\"><strong>Les filles de la photo<\/strong><\/a>, est une association professionnelle de femmes photographes qui lutte en faveur de l\u2019\u00e9galit\u00e9 des femmes et des hommes dans le monde de la photographie<\/p>\n\n\n\n<p><a rel=\"noreferrer noopener\" href=\"https:\/\/la-part-des-femmes.com\/\" target=\"_blank\"><strong>La Part des femmes<\/strong><\/a>, est un collectif engag\u00e9 en faveur de la visibilit\u00e9 et de la reconnaissance des femmes photographes<\/p>\n\n\n\n<p><a href=\"https:\/\/womeningamesfrance.org\/\"><strong>Women In Games<\/strong><\/a>, est une association professionnelle qui milite pour la mixit\u00e9 et l\u2019augmentation de la pr\u00e9sence des femmes et personnes non-binaires dans l\u2019industrie du jeu vid\u00e9o<\/p>\n\n\n\n<p>Afdas, op\u00e9rateur de comp\u00e9tence qui propose ses services aux entreprises et aux salari\u00e9.es, a mis en place <a href=\"https:\/\/www.afdas.com\/entreprise\/impulser-une-demarche-responsable-dans-votre-entreprise\/agir-en-faveur-de-legalite-professionnelle.html\"><strong>une offre de services Egalit\u00e9 Professionnelle<\/strong><\/a> \u00e0 destination des entreprises. <\/p>\n\n\n\n<p><strong>WAH!<\/strong> propose sur son site une <strong><a href=\"https:\/\/www.wah-egalite.org\/quelques-annuaires-existants\/\">liste d&rsquo;annuaires de professionnel\u2022les  <\/a><\/strong><\/p>\n\n\n\n<p><strong><a href=\"https:\/\/www.ada-x.org\/\" data-type=\"link\" data-id=\"https:\/\/www.ada-x.org\/\">Ada X<\/a><\/strong>, un centre d\u2019artistes f\u00e9ministe bilingue engag\u00e9 dans l\u2019exploration, la cr\u00e9ation et la r\u00e9flexion critique en arts m\u00e9diatiques et en culture num\u00e9rique, il soutient la production et la diffusion du travail d\u2019artistes femmes, trans, non-binaires et queer<\/p>\n\n\n\n<p><strong><a href=\"https:\/\/www.femmesobscures.fr\/le-collectif\/\" data-type=\"link\" data-id=\"https:\/\/www.femmesobscures.fr\/le-collectif\/\">Femmes Obscures<\/a><\/strong>, &nbsp;collectif ayant pour but de promouvoir les femmes artistes dont l\u2019univers et la sensibilit\u00e9 artistique s\u2019apparentent au sombre, \u00e0 l\u2019\u00e9trange, au bizarre et au fantastique par le biais d\u2019une exposition collective annuelle<\/p>\n\n\n\n<p><strong><a href=\"https:\/\/arqueer.hypotheses.org\/\" data-type=\"link\" data-id=\"https:\/\/arqueer.hypotheses.org\/\">Collectif ARQ<\/a><\/strong>, collectif ayant pour objectif la production, le rassemblement et la valorisation des recherches scientifiques sur l\u2019art et les repr\u00e9sentations f\u00e9ministes et queers<\/p>\n\n\n\n<p><strong><a href=\"https:\/\/contemporaines.fr\/\" data-type=\"link\" data-id=\"https:\/\/contemporaines.fr\/\">Contemporaines<\/a><\/strong>, association de loi 1901, s\u2019engage pour l\u2019\u00e9galit\u00e9 de genre dans l\u2019art contemporain et lutte pour offrir les m\u00eames opportunit\u00e9s, une meilleure repr\u00e9sentation et une r\u00e9mun\u00e9ration \u00e9quivalente pour les artistes contemporain\u00b7es dans un cadre bienveillant<\/p>\n\n\n\n<p><strong><a href=\"https:\/\/craftinc656149087.wordpress.com\/\" data-type=\"link\" data-id=\"https:\/\/craftinc656149087.wordpress.com\/\">Collectif Artemisiae<\/a><\/strong>, association culturelle de femmes artistes ayant pour objectif de soutenir les femmes artistes par la cr\u00e9ation d\u2019un espace qu\u2019elles&nbsp;peuvent utiliser pour laisser libre cours \u00e0 leur cr\u00e9ativit\u00e9, et les exposer<\/p>\n\n\n\n<p><a href=\"https:\/\/www.lapetite.fr\/\"><strong>La Petite<\/strong><\/a>, association qui s\u2019engage pour l\u2019\u00e9galit\u00e9 des genres et contre les violences sexistes et sexuelles dans les Industries culturelles et cr\u00e9atives<\/p>\n\n\n\n<p><a href=\"https:\/\/www.cultureegalite.fr\/\"><strong>Culture \u00e9galit\u00e9<\/strong><\/a>, association f\u00e9ministe non-mixte martiniquaise, qui milite pour l\u2019\u00e9galit\u00e9 entre les hommes et les femmes, sur la mixit\u00e9, la diversit\u00e9, la solidarit\u00e9 carib\u00e9enne, internationale<\/p>\n\n\n\n<p><a href=\"https:\/\/www.instagram.com\/cestquilaboss\/\"><strong>C&rsquo;est Qui La Boss ?  <\/strong><\/a>m\u00e9dia qui nourrit l&rsquo;ambition des femmes en mettant en avant des contenus inspirants et motivants sur des femmes influentes<\/p>\n\n\n\n<p><a href=\"https:\/\/www.instagram.com\/metootheatre\/\"><strong>MeTooTh\u00e9\u00e2tre<\/strong><\/a>, collectif qui lutte contre les violences sexistes et sexuelles dans le th\u00e9\u00e2tre<\/p>\n\n\n\n<p><a href=\"https:\/\/parcourspionnieres.fr\/\"><strong>Parcours de Pionni\u00e8res<\/strong><\/a>,  association qui donne de la visibilit\u00e9 \u00e0 des femmes qui ont marqu\u00e9 l&rsquo;Histoire et qui ont \u00e9t\u00e9 oubli\u00e9es<\/p>\n\n\n\n<p><\/p>\n","protected":false},"excerpt":{"rendered":"<p>Les femmes sont l\u00e0 !&nbsp;Un dispositif d\u2019accompagnement d\u00e9di\u00e9 aux femmes chor\u00e9graphes Majeur\u2022e\u2022s , annuaire inclusif des professionnel\u00b7les femmes cis, personnes trans et non-binaires de la musique Les femmes s&rsquo;en m\u00ealent , festival itin\u00e9rant mettant en avant les artistes f\u00e9minines des sc\u00e8nes ind\u00e9pendantes Le blog des matermittentes&nbsp;pour faire valoir les droits des intermittentes en mati\u00e8re de [&hellip;]<\/p>\n","protected":false},"author":2,"featured_media":0,"parent":0,"menu_order":0,"comment_status":"closed","ping_status":"closed","template":"","meta":{"footnotes":""},"class_list":["post-2567","page","type-page","status-publish","hentry"],"_links":{"self":[{"href":"https:\/\/hf-normandie.fr\/index.php\/wp-json\/wp\/v2\/pages\/2567","targetHints":{"allow":["GET"]}}],"collection":[{"href":"https:\/\/hf-normandie.fr\/index.php\/wp-json\/wp\/v2\/pages"}],"about":[{"href":"https:\/\/hf-normandie.fr\/index.php\/wp-json\/wp\/v2\/types\/page"}],"author":[{"embeddable":true,"href":"https:\/\/hf-normandie.fr\/index.php\/wp-json\/wp\/v2\/users\/2"}],"replies":[{"embeddable":true,"href":"https:\/\/hf-normandie.fr\/index.php\/wp-json\/wp\/v2\/comments?post=2567"}],"version-history":[{"count":9,"href":"https:\/\/hf-normandie.fr\/index.php\/wp-json\/wp\/v2\/pages\/2567\/revisions"}],"predecessor-version":[{"id":5161,"href":"https:\/\/hf-normandie.fr\/index.php\/wp-json\/wp\/v2\/pages\/2567\/revisions\/5161"}],"wp:attachment":[{"href":"https:\/\/hf-normandie.fr\/index.php\/wp-json\/wp\/v2\/media?parent=2567"}],"curies":[{"name":"wp","href":"https:\/\/api.w.org\/{rel}","templated":true}]}}