{"id":2608,"date":"2023-01-26T16:00:24","date_gmt":"2023-01-26T15:00:24","guid":{"rendered":"https:\/\/hf-normandie.fr\/?page_id=2608"},"modified":"2023-08-11T10:29:48","modified_gmt":"2023-08-11T08:29:48","slug":"journees-du-matrimoine-2023","status":"publish","type":"page","link":"https:\/\/hf-normandie.fr\/index.php\/journees-du-matrimoine-2023\/","title":{"rendered":"Journ\u00e9es du Matrimoine 2023"},"content":{"rendered":"\n<figure class=\"wp-block-image size-full\"><img loading=\"lazy\" decoding=\"async\" width=\"851\" height=\"315\" src=\"https:\/\/hf-normandie.fr\/wp-content\/uploads\/2023\/07\/gabarits-web-20234-1.jpg\" alt=\"\" class=\"wp-image-2700\" srcset=\"https:\/\/hf-normandie.fr\/wp-content\/uploads\/2023\/07\/gabarits-web-20234-1.jpg 851w, https:\/\/hf-normandie.fr\/wp-content\/uploads\/2023\/07\/gabarits-web-20234-1-300x111.jpg 300w, https:\/\/hf-normandie.fr\/wp-content\/uploads\/2023\/07\/gabarits-web-20234-1-768x284.jpg 768w\" sizes=\"auto, (max-width: 851px) 100vw, 851px\" \/><\/figure>\n\n\n\n<h1 class=\"wp-block-heading\"><strong>Les Journ\u00e9es du Matrimoine sont de retour en Normandie du 14 au 17 septembre 2023&nbsp;!<\/strong><\/h1>\n\n\n\n<p><strong>Conf\u00e9rences, expositions, lectures, spectacles, visites comment\u00e9es, projections, ateliers<\/strong>\u2026 Plus de 100 \u00e9v\u00e8nements seront \u00e0 d\u00e9couvrir dans pr\u00e8s de 80 lieux partenaires de cette septi\u00e8me \u00e9dition. <\/p>\n\n\n\n<div data-wp-interactive=\"core\/file\" class=\"wp-block-file\"><object data-wp-bind--hidden=\"!state.hasPdfPreview\" hidden class=\"wp-block-file__embed\" data=\"https:\/\/hf-normandie.fr\/wp-content\/uploads\/2023\/08\/Programme-JDM-2023.pdf\" type=\"application\/pdf\" style=\"width:100%;height:600px\" aria-label=\"Contenu embarqu\u00e9 Programme JDM 2023.\"><\/object><a id=\"wp-block-file--media-f3f430c0-a89d-42cb-afaf-f4ca3fa075c9\" href=\"https:\/\/hf-normandie.fr\/wp-content\/uploads\/2023\/08\/Programme-JDM-2023.pdf\">Programme JDM 2023<\/a><a href=\"https:\/\/hf-normandie.fr\/wp-content\/uploads\/2023\/08\/Programme-JDM-2023.pdf\" class=\"wp-block-file__button wp-element-button\" download aria-describedby=\"wp-block-file--media-f3f430c0-a89d-42cb-afaf-f4ca3fa075c9\">T\u00e9l\u00e9charger<\/a><\/div>\n\n\n\n<p><br>D\u00e9couvrez aussi le programme de l&rsquo;\u00e9dition 2023 par territoire :<br><a href=\"https:\/\/hf-normandie.fr\/index.php\/journees-du-matrimoine-2023-calvados\/\"><strong>Calvados<\/strong><\/a> \/ <a href=\"https:\/\/hf-normandie.fr\/index.php\/journees-du-matrimoine-2023-eure\/\"><strong>Eure<\/strong><\/a> \/<a href=\"https:\/\/hf-normandie.fr\/index.php\/journees-du-matrimoine-2023-manche\/\"> <strong>Manche<\/strong><\/a> \/ <a href=\"https:\/\/hf-normandie.fr\/index.php\/journees-du-matrimoine-2023-seine-maritime\/\"><strong>Seine-Maritime<\/strong> <\/a>&amp; <a href=\"https:\/\/hf-normandie.fr\/index.php\/journees-du-matrimoine-2023-metropole-rouen-normandie\/\"><strong>M\u00e9tropole Rouen Normandie<\/strong><\/a> \/ <a href=\"https:\/\/hf-normandie.fr\/index.php\/journees-du-matrimoine-2023-orne\/\"><strong>Orne<\/strong><\/a><\/p>\n\n\n\n<iframe loading=\"lazy\" src=\"https:\/\/www.google.com\/maps\/d\/embed?mid=110IOaYYFbXK0oJP1F4_ArYQ3zsdIRos&#038;ehbc=2E312F\" width=\"640\" height=\"480\"><\/iframe>\n\n\n\n<p>Ou par typologie : <br><a href=\"https:\/\/hf-normandie.fr\/index.php\/journees-du-matrimoine-2023-ateliers-artistiques\/\"><strong>Ateliers<\/strong><\/a> \/ <strong><a href=\"https:\/\/hf-normandie.fr\/index.php\/journees-du-matrimoine-2023-balades-commentees\/\">Balades comment\u00e9es<\/a><\/strong> \/ <strong><a href=\"https:\/\/hf-normandie.fr\/index.php\/journees-du-matrimoine-2023-conferences\/\">Conf\u00e9rences<\/a><\/strong> \/ <strong><a href=\"https:\/\/hf-normandie.fr\/index.php\/journees-du-matrimoine-2023-concerts-et-spectacles-musicaux\/\">Concerts et spectacles musicaux<\/a><\/strong> \/ <strong><a href=\"https:\/\/hf-normandie.fr\/index.php\/journees-du-matrimoine-2023-expositions\/\">Expositions et visites comment\u00e9es<\/a><\/strong> \/  <strong><a href=\"https:\/\/hf-normandie.fr\/index.php\/journees-du-matrimoine-2023-lectures\/\">Lectures <\/a><\/strong>\/ <strong><a href=\"https:\/\/hf-normandie.fr\/index.php\/journees-du-matrimoine-2023-femmes-et-cinema\/\">Projections <\/a><\/strong>\/ <strong><a href=\"https:\/\/hf-normandie.fr\/index.php\/journees-du-matrimoine-2023-spectacles-et-performances\/\">Spectacles et performances<\/a> <\/strong><\/p>\n","protected":false},"excerpt":{"rendered":"<p>Les Journ\u00e9es du Matrimoine sont de retour en Normandie du 14 au 17 septembre 2023&nbsp;! Conf\u00e9rences, expositions, lectures, spectacles, visites comment\u00e9es, projections, ateliers\u2026 Plus de 100 \u00e9v\u00e8nements seront \u00e0 d\u00e9couvrir dans pr\u00e8s de 80 lieux partenaires de cette septi\u00e8me \u00e9dition. D\u00e9couvrez aussi le programme de l&rsquo;\u00e9dition 2023 par territoire :Calvados \/ Eure \/ Manche \/ [&hellip;]<\/p>\n","protected":false},"author":2,"featured_media":0,"parent":0,"menu_order":0,"comment_status":"closed","ping_status":"closed","template":"","meta":{"footnotes":""},"class_list":["post-2608","page","type-page","status-publish","hentry"],"_links":{"self":[{"href":"https:\/\/hf-normandie.fr\/index.php\/wp-json\/wp\/v2\/pages\/2608","targetHints":{"allow":["GET"]}}],"collection":[{"href":"https:\/\/hf-normandie.fr\/index.php\/wp-json\/wp\/v2\/pages"}],"about":[{"href":"https:\/\/hf-normandie.fr\/index.php\/wp-json\/wp\/v2\/types\/page"}],"author":[{"embeddable":true,"href":"https:\/\/hf-normandie.fr\/index.php\/wp-json\/wp\/v2\/users\/2"}],"replies":[{"embeddable":true,"href":"https:\/\/hf-normandie.fr\/index.php\/wp-json\/wp\/v2\/comments?post=2608"}],"version-history":[{"count":9,"href":"https:\/\/hf-normandie.fr\/index.php\/wp-json\/wp\/v2\/pages\/2608\/revisions"}],"predecessor-version":[{"id":3061,"href":"https:\/\/hf-normandie.fr\/index.php\/wp-json\/wp\/v2\/pages\/2608\/revisions\/3061"}],"wp:attachment":[{"href":"https:\/\/hf-normandie.fr\/index.php\/wp-json\/wp\/v2\/media?parent=2608"}],"curies":[{"name":"wp","href":"https:\/\/api.w.org\/{rel}","templated":true}]}}