{"id":2732,"date":"2023-08-01T15:50:17","date_gmt":"2023-08-01T13:50:17","guid":{"rendered":"https:\/\/hf-normandie.fr\/?page_id=2732"},"modified":"2023-09-11T17:53:23","modified_gmt":"2023-09-11T15:53:23","slug":"journees-du-matrimoine-2023-manche","status":"publish","type":"page","link":"https:\/\/hf-normandie.fr\/index.php\/journees-du-matrimoine-2023-manche\/","title":{"rendered":"Journ\u00e9es du Matrimoine 2023 \u2013 Manche"},"content":{"rendered":"\n<p><\/p>\n\n\n\n<h2 class=\"wp-block-heading has-small-font-size\"><mark style=\"background-color:#000000\" class=\"has-inline-color has-white-color\"><strong>   Visite comment\u00e9e  <\/strong><\/mark><\/h2>\n\n\n\n<h2 class=\"wp-block-heading has-black-color has-text-color has-medium-font-size\"><strong>Mus\u00e9e d\u2019art et d\u2019histoire de Saint-L\u00f4<\/strong><\/h2>\n\n\n\n<h2 class=\"wp-block-heading has-text-color has-large-font-size\" style=\"color:#e94540;text-transform:uppercase\"><strong>Mus\u00e9e au f\u00e9minin<\/strong><\/h2>\n\n\n\n<p>Quelle est la place des femmes dans les collections ? Cette visite pr\u00e9sente les femmes qui font le mus\u00e9e et ont rayonn\u00e9 dans les arts du Moyen-\u00c2ge \u00e0 aujourd\u2019hui &#8211; qu\u2019elles soient artistes, mod\u00e8les, collectionneuses et\/ou m\u00e9c\u00e8nes.<\/p>\n\n\n\n<h2 class=\"wp-block-heading has-text-color has-normal-font-size\" style=\"color:#e94540\"><strong>Jeudi 14 septembre \u00e0 19h<\/strong> (1h)<\/h2>\n\n\n\n<h2 class=\"wp-block-heading has-black-color has-text-color has-normal-font-size\"><strong>Mus\u00e9e d\u2019art et d\u2019histoire de Saint-L\u00f4<\/strong><\/h2>\n\n\n\n<h2 class=\"wp-block-heading has-black-color has-text-color has-normal-font-size\">Place du Champ de Mars 50000 Saint-L\u00f4<\/h2>\n\n\n\n<h2 class=\"wp-block-heading has-black-color has-text-color has-normal-font-size\">Gratuit sur r\u00e9servation au 02 33 72 52 55<\/h2>\n\n\n\n<h2 class=\"wp-block-heading has-black-color has-text-color has-normal-font-size\"><a href=\"https:\/\/www.saint-lo.fr\/decouvrir-bouger\/culture\/musee-d-art-et-d-histoire\">https:\/\/www.saint-lo.fr\/decouvrir-bouger\/culture\/musee-d-art-et-d-histoire<\/a> \/ <a href=\"http:\/\/musees.saint-lo.fr\/\">http:\/\/musees.saint-lo.fr\/<\/a><\/h2>\n\n\n\n<p><\/p>\n\n\n\n<p class=\"has-text-align-center has-text-color\" style=\"color:#fcb90075;font-size:62px\"><strong>&#8211; &#8211; &#8211;<\/strong><\/p>\n\n\n\n<h2 class=\"wp-block-heading has-small-font-size\"><mark style=\"background-color:#000000\" class=\"has-inline-color has-white-color\">Projection &#8211; Rencontre  <\/mark><\/h2>\n\n\n\n<h2 class=\"wp-block-heading has-black-color has-text-color has-medium-font-size\"><strong>MaCaO 7\u00e8me Art \/ M\u00e9lanie Boissoneau<\/strong><\/h2>\n\n\n\n<h2 class=\"wp-block-heading has-text-color has-large-font-size\" style=\"color:#e94540;text-transform:uppercase\"><strong>PERSONNAGES F\u00c9MININS AU CIN\u00c9MA : L&rsquo;EXEMPLE DE THELMA ET LOUISE&nbsp;<\/strong><\/h2>\n\n\n\n<div class=\"wp-block-media-text alignwide has-media-on-the-right is-stacked-on-mobile\"><div class=\"wp-block-media-text__content\">\n<p>Rencontre avec M\u00e9lanie Boissonneau (doctoresse en \u00c9tudes cin\u00e9matographiques sp\u00e9cialiste du cin\u00e9ma de genre et des repr\u00e9sentations de genre) sur les personnages f\u00e9minin au cin\u00e9ma suite \u00e0 la projection du film culte de Ridley Scott avec Susan Sarandon et Geena Davis.<\/p>\n\n\n\n<p>Dans le cadre de Play it Again, en partenariat avec l&rsquo;ADRC.<\/p>\n\n\n\n<p>Photo : Affiche du film <em>Thelma et Louise<\/em> de Ridley Scott, 1991<\/p>\n<\/div><figure class=\"wp-block-media-text__media\"><img loading=\"lazy\" decoding=\"async\" width=\"768\" height=\"1024\" src=\"https:\/\/hf-normandie.fr\/wp-content\/uploads\/2023\/08\/Thelma-Louise-768x1024.webp\" alt=\"\" class=\"wp-image-2983 size-full\" srcset=\"https:\/\/hf-normandie.fr\/wp-content\/uploads\/2023\/08\/Thelma-Louise-768x1024.webp 768w, https:\/\/hf-normandie.fr\/wp-content\/uploads\/2023\/08\/Thelma-Louise-225x300.webp 225w, https:\/\/hf-normandie.fr\/wp-content\/uploads\/2023\/08\/Thelma-Louise-1152x1536.webp 1152w, https:\/\/hf-normandie.fr\/wp-content\/uploads\/2023\/08\/Thelma-Louise.webp 1200w\" sizes=\"auto, (max-width: 768px) 100vw, 768px\" \/><\/figure><\/div>\n\n\n\n<p><\/p>\n\n\n\n<h2 class=\"wp-block-heading has-text-color has-normal-font-size\" style=\"color:#e94540\"><strong>Jeudi 14 septembre septembre \u00e0 20h<\/strong> (3h)<\/h2>\n\n\n\n<h2 class=\"wp-block-heading has-normal-font-size\"><strong>Cin\u00e9ma Le Long Court<\/strong><\/h2>\n\n\n\n<h2 class=\"wp-block-heading has-normal-font-size\">24 Rue Saint-Maur 50200 Coutances <\/h2>\n\n\n\n<h2 class=\"wp-block-heading has-normal-font-size\">Tarifs habituel du cin\u00e9ma, renseignements au 02 33 07 57 09 <\/h2>\n\n\n\n<h2 class=\"wp-block-heading has-normal-font-size\"><a href=\"https:\/\/www.lelongcourt.fr\/\">https:\/\/www.lelongcourt.fr\/<\/a><\/h2>\n\n\n\n<h2 class=\"wp-block-heading has-text-color has-normal-font-size\" style=\"color:#e94540\"><strong>Dimanche 17 septembre \u00e0 17h<\/strong> (3h)<\/h2>\n\n\n\n<h2 class=\"wp-block-heading has-normal-font-size\"><strong><strong>Cin\u00e9ma de Villedieu-les-Po\u00eales-Rouffigny&nbsp;<\/strong><\/strong><\/h2>\n\n\n\n<h2 class=\"wp-block-heading has-normal-font-size\">14 rue des Costils 50800 Villedieu-les-Po\u00eales-Rouffigny<\/h2>\n\n\n\n<h2 class=\"wp-block-heading has-normal-font-size\">Tarifs habituel du cin\u00e9ma, renseignements au 02 33 61 46 82<\/h2>\n\n\n\n<h2 class=\"wp-block-heading has-normal-font-size\"><a href=\"https:\/\/www.villedieu-cinema.fr\/\">https:\/\/www.villedieu-cinema.fr\/<\/a><\/h2>\n\n\n\n<p><\/p>\n\n\n\n<p class=\"has-text-align-center has-text-color\" style=\"color:#fcb90075;font-size:62px\"><strong>&#8211; &#8211; &#8211;<\/strong><\/p>\n\n\n\n<h2 class=\"wp-block-heading has-small-font-size\"><mark style=\"background-color:#000000\" class=\"has-inline-color has-white-color\">  Atelier cr\u00e9atif  <\/mark><\/h2>\n\n\n\n<h2 class=\"wp-block-heading has-black-color has-text-color has-medium-font-size\"><strong>Mn\u00e9mosyne &#8211; Anne Monneau<\/strong><\/h2>\n\n\n\n<h2 class=\"wp-block-heading has-text-color has-large-font-size\" style=\"color:#e94540;text-transform:uppercase\"><strong>Herbier po\u00e9tique<\/strong><\/h2>\n\n\n\n<p>Inspir\u00e9\u00b7e\u00b7s par des po\u00e9tesses, des botanistes, des photographes et des illustratrices, telles que Emily Dickinson (po\u00e9tesse et botaniste), Anna Atkins (photographe et botaniste), Agn\u00e8s Domergue (po\u00e9tesse et autrice) ou C\u00e9cile Hudrisier (illustratrice), les participant\u00b7es seront invit\u00e9\u00b7es \u00e0 cr\u00e9er une planche d\u2019herbier po\u00e9tique compos\u00e9e de fleurs ou feuilles s\u00e9ch\u00e9es et d\u2019un po\u00e8me \u00e9crit durant l\u2019atelier.<\/p>\n\n\n\n<h2 class=\"wp-block-heading has-text-color has-normal-font-size\" style=\"color:#e94540\"><strong>Dimanche 17 septembre \u00e0 10h <\/strong>(2h)<\/h2>\n\n\n\n<h2 class=\"wp-block-heading has-normal-font-size\"><strong>Biblioth\u00e8que patrimoniale<\/strong><\/h2>\n\n\n\n<h2 class=\"wp-block-heading has-normal-font-size\">Place Littr\u00e9, 2\u00e8me \u00e9tage de l&rsquo;H\u00f4tel de Ville 50300 Avranches<\/h2>\n\n\n\n<h2 class=\"wp-block-heading has-normal-font-size\">Gratuit sur r\u00e9servation au 02 33 79 57 00<\/h2>\n\n\n\n<h2 class=\"wp-block-heading has-normal-font-size\"><a href=\"https:\/\/avranches-fonds-ancien-pom.c3rb.org\/\">https:\/\/avranches-fonds-ancien-pom.c3rb.org\/<\/a> <\/h2>\n\n\n\n<p class=\"has-text-align-center has-text-color\" style=\"color:#fcb90075;font-size:62px\"><strong>&#8211; &#8211; &#8211;<\/strong><\/p>\n\n\n\n<h2 class=\"wp-block-heading has-small-font-size\"><mark style=\"background-color:#000000\" class=\"has-inline-color has-white-color\">  Spectacle  <\/mark><\/h2>\n\n\n\n<h2 class=\"wp-block-heading has-black-color has-text-color has-medium-font-size\"><strong>Association FEMMES ? &#8211; H\u00e9l\u00e8ne Milan et Florence Capron<\/strong><\/h2>\n\n\n\n<h2 class=\"wp-block-heading has-text-color has-large-font-size\" style=\"color:#e94540;text-transform:uppercase\"><strong>Anita Conti et les Dames de la mer<\/strong><\/h2>\n\n\n\n<p>R\u00e9cits de mer, po\u00e8mes, chants et contes \u00e0 partir de l\u2019\u0153uvre d\u2019Anita Conti, oc\u00e9anographe, photographe, po\u00e9tesse et de l\u2019exp\u00e9rience maritime &#8211; recherches, histoires et actions &#8211; de femmes de tous les continents (Sonia de Borodaewsky, les p\u00eacheuses guerri\u00e8res du Viet-Nam, Shakuntala Haraksingh Thilsed, les haenyeo, Asha de Vos, les femmes du Saloum&#8230;). Tous ces r\u00e9cits alertent sur les questions \u00e9cologiques, l\u2019\u00e9galit\u00e9 femmes-hommes et la protection des oc\u00e9ans.<\/p>\n\n\n\n<h2 class=\"wp-block-heading has-text-color has-normal-font-size\" style=\"color:#e94540\"><strong>Dimanche 17 septembre \u00e0 15h<\/strong> (1h)<\/h2>\n\n\n\n<h2 class=\"wp-block-heading has-normal-font-size\"><strong>Scriptorial d&rsquo;Avranches<\/strong><\/h2>\n\n\n\n<h2 class=\"wp-block-heading has-normal-font-size\">Place d\u2019Estouteville 50300 Avranches<\/h2>\n\n\n\n<h2 class=\"wp-block-heading has-normal-font-size\">Gratuit sur r\u00e9servation au 02 33 79 57 00<\/h2>\n\n\n\n<h2 class=\"wp-block-heading has-normal-font-size\"><a href=\"http:\/\/www.scriptorial.fr\/\">http:\/\/www.scriptorial.fr\/<\/a><\/h2>\n\n\n\n<p class=\"has-text-align-center has-text-color\" style=\"color:#fcb90075;font-size:62px\"><strong>&#8211; &#8211; &#8211;<\/strong><\/p>\n\n\n\n<div class=\"wp-block-group alignwide\"><div class=\"wp-block-group__inner-container is-layout-constrained wp-block-group-is-layout-constrained\">\n<div class=\"wp-block-group alignwide\"><div class=\"wp-block-group__inner-container is-layout-constrained wp-block-group-is-layout-constrained\">\n<h2 class=\"wp-block-heading has-small-font-size\"><mark style=\"background-color:#000000\" class=\"has-inline-color has-white-color\"> Exposition &amp; visite comment\u00e9e  <\/mark><\/h2>\n\n\n\n<h2 class=\"wp-block-heading has-black-color has-text-color has-medium-font-size\"><strong>Mus\u00e9e Quesnel-Morini\u00e8re&nbsp;<\/strong><\/h2>\n\n\n\n<h2 class=\"wp-block-heading has-text-color has-large-font-size\" style=\"color:#e94540;text-transform:uppercase\"><strong>Les femmes sortent de leur r\u00e9serve<\/strong><\/h2>\n\n\n\n<div class=\"wp-block-media-text alignwide is-stacked-on-mobile\"><figure class=\"wp-block-media-text__media\"><img loading=\"lazy\" decoding=\"async\" width=\"355\" height=\"473\" src=\"https:\/\/hf-normandie.fr\/wp-content\/uploads\/2023\/08\/Musee-Quesnel-Moriniere-Les-femmes-sortent-de-leur-reserve-Yvonne-Guegan-Archives-du-Calvados.jpg\" alt=\"\" class=\"wp-image-2979 size-full\" srcset=\"https:\/\/hf-normandie.fr\/wp-content\/uploads\/2023\/08\/Musee-Quesnel-Moriniere-Les-femmes-sortent-de-leur-reserve-Yvonne-Guegan-Archives-du-Calvados.jpg 355w, https:\/\/hf-normandie.fr\/wp-content\/uploads\/2023\/08\/Musee-Quesnel-Moriniere-Les-femmes-sortent-de-leur-reserve-Yvonne-Guegan-Archives-du-Calvados-225x300.jpg 225w\" sizes=\"auto, (max-width: 355px) 100vw, 355px\" \/><\/figure><div class=\"wp-block-media-text__content\">\n<p>A travers des \u0153uvres sorties pour la plupart des r\u00e9serves du mus\u00e9e et datant du XVIIIe si\u00e8cle \u00e0 nos jours, cette exposition est l\u2019occasion de d\u00e9couvrir l\u2019histoire des femmes artistes, l\u2019\u00e9volution de leurs conditions et leurs droits au cours de l\u2019Histoire. L\u2019art normand est aussi celui des Normandes ! Depuis la fin du XIXe si\u00e8cle, il est marqu\u00e9 par des figures importantes comme Yvonne Gu\u00e9gan (1915-2005) ou Th\u00e9onie Jouanna Quesnel (n\u00e9e en 1848). La pr\u00e9sence des \u0153uvres d\u2019Arlette Bouvier, figure du mouvement artistique local du <em>Pou qui Grimpe<\/em>, permettra de se rappeler que l\u2019art coutan\u00e7ais est aussi celui des femmes !<\/p>\n\n\n\n<p>Photo : Yvonne Gu\u00e9gan \u00a9Archives du Calvados<\/p>\n<\/div><\/div>\n\n\n\n<p><\/p>\n\n\n\n<h2 class=\"wp-block-heading has-text-color has-normal-font-size\" style=\"color:#e94540\"><strong>Samedi 16 septembre \u00e0 15h et 16h30<\/strong> (45 min)<\/h2>\n\n\n\n<h2 class=\"wp-block-heading has-normal-font-size\"><strong>Mus\u00e9e Quesnel-Morini\u00e8re<\/strong><\/h2>\n\n\n\n<h2 class=\"wp-block-heading has-normal-font-size\">2 rue Quesnel-Morini\u00e8re 50200 Coutances<\/h2>\n\n\n\n<h2 class=\"wp-block-heading has-normal-font-size\">Entr\u00e9e libre<\/h2>\n\n\n\n<h2 class=\"wp-block-heading has-normal-font-size\"><a href=\"https:\/\/www.coutances.fr\/se-divertir\/musee\/\">https:\/\/www.coutances.fr\/se-divertir\/musee\/<\/a> <\/h2>\n\n\n\n<h2 class=\"wp-block-heading has-normal-font-size\"><strong><mark style=\"background-color:rgba(0, 0, 0, 0)\" class=\"has-inline-color has-vivid-red-color\">Exposition jusqu\u2019au 5 d\u00e9cembre, ouverture exceptionnelle du Mus\u00e9e samedi 16 et dimanche 17 septembre de 10h \u00e0 12h et de 14h \u00e0 18h.&nbsp;<\/mark><\/strong><\/h2>\n\n\n\n<p class=\"has-text-align-center has-text-color\" style=\"color:#fcb90075;font-size:62px\"><strong>&#8211; &#8211; &#8211;<\/strong><\/p>\n<\/div><\/div>\n<\/div><\/div>\n\n\n\n<h2 class=\"wp-block-heading has-small-font-size\"><mark style=\"background-color:#000000\" class=\"has-inline-color has-white-color\">  Spectacle &#8211; En famille, \u00e0 partir de 8 ans  <\/mark><\/h2>\n\n\n\n<h2 class=\"wp-block-heading has-black-color has-text-color has-medium-font-size\"><strong><strong>Camille Regnault<\/strong><\/strong><\/h2>\n\n\n\n<h2 class=\"wp-block-heading has-text-color has-large-font-size\" style=\"color:#e94540;text-transform:uppercase\"><strong><strong>En avant toutes<\/strong><\/strong><\/h2>\n\n\n\n<p>Ind\u00e9pendantes, courageuses, audacieuses : les h\u00e9ro\u00efnes de conte prennent leur destin en main et n\u2019en font qu\u2019\u00e0 leur t\u00eate. Fortes de leurs pouvoirs et de leurs savoirs, les femmes partent \u00e0 l\u2019aventure, ouvrent des chemins et se battent pour leur dignit\u00e9 !&nbsp;<\/p>\n\n\n\n<h2 class=\"wp-block-heading has-text-color has-normal-font-size\" style=\"color:#e94540\"><strong>Dimanche 17 septembre \u00e0 15h30<\/strong> (1h)<\/h2>\n\n\n\n<h2 class=\"wp-block-heading has-normal-font-size\"><strong>Mus\u00e9e Quesnel-Morini\u00e8re<\/strong><\/h2>\n\n\n\n<h2 class=\"wp-block-heading has-normal-font-size\">2 rue Quesnel-Morini\u00e8re 50200 Coutances<\/h2>\n\n\n\n<h2 class=\"wp-block-heading has-normal-font-size\">Gratuit sur r\u00e9servation au 02 33 07 07 88<\/h2>\n\n\n\n<h2 class=\"wp-block-heading has-normal-font-size\"><a href=\"https:\/\/www.coutances.fr\/se-divertir\/musee\/\">https:\/\/www.coutances.fr\/se-divertir\/musee\/<\/a><\/h2>\n\n\n\n<p><\/p>\n\n\n\n<p class=\"has-text-align-center has-text-color\" style=\"color:#fcb90075;font-size:62px\"><strong>&#8211; &#8211; &#8211;<\/strong><\/p>\n\n\n\n<div class=\"wp-block-group alignwide\"><div class=\"wp-block-group__inner-container is-layout-constrained wp-block-group-is-layout-constrained\">\n<h2 class=\"wp-block-heading has-small-font-size\"><mark style=\"background-color:#000000\" class=\"has-inline-color has-white-color\">  Lecture th\u00e9\u00e2tralis\u00e9e &#8211; En famille, \u00e0 partir de 11 ans  <\/mark><\/h2>\n\n\n\n<h2 class=\"wp-block-heading has-black-color has-text-color has-medium-font-size\"><strong>Cie Bor\u00e9ale<\/strong><\/h2>\n\n\n\n<h2 class=\"wp-block-heading has-text-color has-large-font-size\" style=\"color:#e94540;text-transform:uppercase\"><strong>Tu seras un homme, ma fille<\/strong><\/h2>\n\n\n\n<div class=\"wp-block-media-text alignwide has-media-on-the-right is-stacked-on-mobile\"><div class=\"wp-block-media-text__content\">\n<p>Une galerie de 9 portraits de femmes remarquables parmi lesquelles figurent : la m\u00e9decin et gyn\u00e9cologue Agnodice (4e si\u00e8cle avant J.-C.), contrainte de se d\u00e9guiser en homme pour \u00e9tudier et exercer ; l\u2019exploratrice et botaniste Jeanne Barret (1740-1807), travestie en homme pour lever l\u2019ancre avec l\u2019exp\u00e9dition de Bougainville autour du monde (1766-1769) ; ou encore Violette Morris (1893-1944), surnomm\u00e9e \u00ab La hy\u00e8ne de la Gestapo \u00bb.<\/p>\n\n\n\n<p>Photo : Affiche <em>Tu seras un homme, ma fille<\/em> \u00a9Cie Bor\u00e9ale<\/p>\n<\/div><figure class=\"wp-block-media-text__media\"><img loading=\"lazy\" decoding=\"async\" width=\"725\" height=\"1024\" src=\"https:\/\/hf-normandie.fr\/wp-content\/uploads\/2023\/08\/036_-Tu-seras-un-homme-ma-fille-725x1024.jpg\" alt=\"\" class=\"wp-image-2980 size-full\" srcset=\"https:\/\/hf-normandie.fr\/wp-content\/uploads\/2023\/08\/036_-Tu-seras-un-homme-ma-fille-725x1024.jpg 725w, https:\/\/hf-normandie.fr\/wp-content\/uploads\/2023\/08\/036_-Tu-seras-un-homme-ma-fille-212x300.jpg 212w, https:\/\/hf-normandie.fr\/wp-content\/uploads\/2023\/08\/036_-Tu-seras-un-homme-ma-fille-768x1085.jpg 768w, https:\/\/hf-normandie.fr\/wp-content\/uploads\/2023\/08\/036_-Tu-seras-un-homme-ma-fille-1088x1536.jpg 1088w, https:\/\/hf-normandie.fr\/wp-content\/uploads\/2023\/08\/036_-Tu-seras-un-homme-ma-fille-1450x2048.jpg 1450w, https:\/\/hf-normandie.fr\/wp-content\/uploads\/2023\/08\/036_-Tu-seras-un-homme-ma-fille-scaled.jpg 1813w\" sizes=\"auto, (max-width: 725px) 100vw, 725px\" \/><\/figure><\/div>\n\n\n\n<p><\/p>\n\n\n\n<h2 class=\"wp-block-heading has-text-color has-normal-font-size\" style=\"color:#e94540\"><strong>Samedi 16 septembre \u00e0 18h<\/strong><\/h2>\n\n\n\n<h2 class=\"wp-block-heading has-normal-font-size\"><strong>Le Normandy<\/strong><\/h2>\n\n\n\n<h2 class=\"wp-block-heading has-normal-font-size\">25 place du Champ de Mars 50000 Saint-L\u00f4<\/h2>\n\n\n\n<h2 class=\"wp-block-heading has-normal-font-size\">Gratuit \u2013 Infos au 02 33 57 60 96<\/h2>\n\n\n\n<h2 class=\"wp-block-heading has-normal-font-size\"><a href=\"http:\/\/www.lenormandy.net\">www.lenormandy.net<\/a><\/h2>\n\n\n\n<p class=\"has-text-align-center has-text-color\" style=\"color:#fcb90075;font-size:62px\"><strong>&#8211; &#8211; &#8211;<\/strong><\/p>\n<\/div><\/div>\n\n\n\n<h2 class=\"wp-block-heading has-small-font-size\"><mark style=\"background-color:#000000\" class=\"has-inline-color has-white-color\">  Conf\u00e9rence gesticul\u00e9e &#8211; \u00e0 partir de 15 ans  <\/mark> <\/h2>\n\n\n\n<h2 class=\"wp-block-heading has-black-color has-text-color has-medium-font-size\"><strong>ASSUREIPSS &#8211; Isabelle Asselin<\/strong><\/h2>\n\n\n\n<h2 class=\"wp-block-heading has-text-color has-large-font-size\" style=\"color:#e94540;text-transform:uppercase\"><strong>L\u2019IVG en questions &#8211; O\u00f9 en est-on 50 ans apr\u00e8s la loi ?<\/strong><\/h2>\n\n\n\n<p>Pourquoi 50 ans apr\u00e8s la loi Veil, l\u2019interruption volontaire de grossesse reste encore un parcours inavou\u00e9, inavouable, voire sem\u00e9 d\u2019emb\u00fbches alors que 33 % des femmes connaissent cet \u00e9v\u00e9nement au moins une fois dans leur vie ? Pourquoi ce droit est-il sans cesse remis en question ? Pourquoi n&rsquo;est-il pas universel ?<\/p>\n\n\n\n<h2 class=\"wp-block-heading has-text-color has-normal-font-size\" style=\"color:#e94540\"><strong>Dimanche 17 septembre \u00e0 17h<\/strong> (1h40)<\/h2>\n\n\n\n<h2 class=\"wp-block-heading has-black-color has-text-color has-normal-font-size\"><strong>Restaurant La Lune Rousse<\/strong><\/h2>\n\n\n\n<h2 class=\"wp-block-heading has-black-color has-text-color has-normal-font-size\">Lieu dit Le Repas 2 route Bocage 50510 Saint-Sauveur-la-Pommeraye<\/h2>\n\n\n\n<h2 class=\"wp-block-heading has-black-color has-text-color has-normal-font-size\">Gratuit sur r\u00e9servation par mail : assureipss@gmail.com<\/h2>\n\n\n\n<h2 class=\"wp-block-heading has-normal-font-size\">Contact : 02 33 68 91 60<\/h2>\n","protected":false},"excerpt":{"rendered":"<p>Visite comment\u00e9e Mus\u00e9e d\u2019art et d\u2019histoire de Saint-L\u00f4 Mus\u00e9e au f\u00e9minin Quelle est la place des femmes dans les collections ? Cette visite pr\u00e9sente les femmes qui font le mus\u00e9e et ont rayonn\u00e9 dans les arts du Moyen-\u00c2ge \u00e0 aujourd\u2019hui &#8211; qu\u2019elles soient artistes, mod\u00e8les, collectionneuses et\/ou m\u00e9c\u00e8nes. Jeudi 14 septembre \u00e0 19h (1h) Mus\u00e9e [&hellip;]<\/p>\n","protected":false},"author":11,"featured_media":0,"parent":0,"menu_order":0,"comment_status":"closed","ping_status":"closed","template":"","meta":{"footnotes":""},"class_list":["post-2732","page","type-page","status-publish","hentry"],"_links":{"self":[{"href":"https:\/\/hf-normandie.fr\/index.php\/wp-json\/wp\/v2\/pages\/2732","targetHints":{"allow":["GET"]}}],"collection":[{"href":"https:\/\/hf-normandie.fr\/index.php\/wp-json\/wp\/v2\/pages"}],"about":[{"href":"https:\/\/hf-normandie.fr\/index.php\/wp-json\/wp\/v2\/types\/page"}],"author":[{"embeddable":true,"href":"https:\/\/hf-normandie.fr\/index.php\/wp-json\/wp\/v2\/users\/11"}],"replies":[{"embeddable":true,"href":"https:\/\/hf-normandie.fr\/index.php\/wp-json\/wp\/v2\/comments?post=2732"}],"version-history":[{"count":15,"href":"https:\/\/hf-normandie.fr\/index.php\/wp-json\/wp\/v2\/pages\/2732\/revisions"}],"predecessor-version":[{"id":3186,"href":"https:\/\/hf-normandie.fr\/index.php\/wp-json\/wp\/v2\/pages\/2732\/revisions\/3186"}],"wp:attachment":[{"href":"https:\/\/hf-normandie.fr\/index.php\/wp-json\/wp\/v2\/media?parent=2732"}],"curies":[{"name":"wp","href":"https:\/\/api.w.org\/{rel}","templated":true}]}}