{"id":2734,"date":"2023-08-01T15:55:50","date_gmt":"2023-08-01T13:55:50","guid":{"rendered":"https:\/\/hf-normandie.fr\/?page_id=2734"},"modified":"2023-09-11T10:53:20","modified_gmt":"2023-09-11T08:53:20","slug":"journees-du-matrimoine-2023-orne","status":"publish","type":"page","link":"https:\/\/hf-normandie.fr\/index.php\/journees-du-matrimoine-2023-orne\/","title":{"rendered":"Journ\u00e9es du Matrimoine 2023 \u2013 Orne"},"content":{"rendered":"\n<p><\/p>\n\n\n\n<p class=\"has-medium-font-size\"><strong>\u274c ANNUL\u00c9<\/strong><\/p>\n\n\n\n<h2 class=\"wp-block-heading has-small-font-size\"><mark style=\"background-color:#000000\" class=\"has-inline-color has-white-color\"><strong><s>  Balade cont\u00e9e <\/s><\/strong><\/mark><\/h2>\n\n\n\n<h2 class=\"wp-block-heading has-black-color has-text-color has-medium-font-size\"><strong><strong><s>Collectif des droits des femmes 61<\/s><\/strong><\/strong><\/h2>\n\n\n\n<h2 class=\"wp-block-heading has-text-color has-large-font-size\" style=\"color:#e94540;text-transform:uppercase\"><strong><strong><s>Balade f\u00e9ministe<\/s><\/strong><\/strong><\/h2>\n\n\n\n<p><s>Rebaptisons les noms de rues avec des noms de femmes illustres ! Ce projet de visibilisation des femmes artistes, scientifiques, sportives, historiques propose de r\u00e9habiliter la m\u00e9moire de ce matrimoine aupr\u00e8s des habitant\u00b7es d&rsquo;Alen\u00e7on.<\/s><\/p>\n\n\n\n<h2 class=\"wp-block-heading has-text-color has-normal-font-size\" style=\"color:#e94540\"><s><strong>Samedi 16 septembre \u00e0 11h<\/strong> (1h)<\/s><\/h2>\n\n\n\n<h2 class=\"wp-block-heading has-black-color has-text-color has-normal-font-size\"><s>RDV 61 avenue de Basingstoke\u00a061000 Alen\u00e7on<\/s><\/h2>\n\n\n\n<h2 class=\"wp-block-heading has-black-color has-text-color has-normal-font-size\"><s>Gratuit<\/s><\/h2>\n\n\n\n<h2 class=\"wp-block-heading has-black-color has-text-color has-normal-font-size\"><s>Informations : <a rel=\"noreferrer noopener\" href=\"mailto:c.droitsdesfemmes61@gmail.com\" target=\"_blank\">c.droitsdesfemmes61@gmail.com<\/a> <br>Facebook : collectif droits des femmes 61<br>Instagram : collectif.droits.femmes.61<\/s><\/h2>\n\n\n\n<p class=\"has-text-align-center has-text-color\" style=\"color:#fcb90075;font-size:62px\"><strong>&#8211; &#8211; &#8211;<\/strong><\/p>\n\n\n\n<h2 class=\"wp-block-heading has-small-font-size\"><mark style=\"background-color:#000000\" class=\"has-inline-color has-white-color\"><strong>  Lecture  <\/strong><\/mark><\/h2>\n\n\n\n<h2 class=\"wp-block-heading has-black-color has-text-color has-medium-font-size\"><strong><strong>Cie Alphageste<\/strong><\/strong><\/h2>\n\n\n\n<h2 class=\"wp-block-heading has-text-color has-large-font-size\" style=\"color:#e94540;text-transform:uppercase\"><strong>SO\/MA &#8211; Nul ne sait ce que peut un corps<\/strong><\/h2>\n\n\n\n<div class=\"wp-block-media-text alignwide is-stacked-on-mobile\"><figure class=\"wp-block-media-text__media\"><img loading=\"lazy\" decoding=\"async\" width=\"1024\" height=\"768\" src=\"https:\/\/hf-normandie.fr\/wp-content\/uploads\/2023\/08\/074_-SO_MA-Nul-ne-sait-ce-que-peut-un-corps-1024x768.jpg\" alt=\"\" class=\"wp-image-2987 size-full\" srcset=\"https:\/\/hf-normandie.fr\/wp-content\/uploads\/2023\/08\/074_-SO_MA-Nul-ne-sait-ce-que-peut-un-corps-1024x768.jpg 1024w, https:\/\/hf-normandie.fr\/wp-content\/uploads\/2023\/08\/074_-SO_MA-Nul-ne-sait-ce-que-peut-un-corps-300x225.jpg 300w, https:\/\/hf-normandie.fr\/wp-content\/uploads\/2023\/08\/074_-SO_MA-Nul-ne-sait-ce-que-peut-un-corps-768x576.jpg 768w, https:\/\/hf-normandie.fr\/wp-content\/uploads\/2023\/08\/074_-SO_MA-Nul-ne-sait-ce-que-peut-un-corps-1536x1152.jpg 1536w, https:\/\/hf-normandie.fr\/wp-content\/uploads\/2023\/08\/074_-SO_MA-Nul-ne-sait-ce-que-peut-un-corps.jpg 1728w\" sizes=\"auto, (max-width: 1024px) 100vw, 1024px\" \/><\/figure><div class=\"wp-block-media-text__content\">\n<p>Dans le film <em>Persona<\/em> de Bergman, Elisabeth Vogler est mutique. Dans <em>SO\/MA, <\/em>elle renoue avec la parole. Issue d&rsquo;une commande d&rsquo;\u00e9criture \u00e0 l&rsquo;autrice Sigrid Carr\u00e9-Lecoindre, cette pi\u00e8ce traite des th\u00e9matiques comme le langage, le corps, la d\u00e9pression post partum et aussi le vertige identitaire li\u00e9 \u00e0 l&rsquo;exp\u00e9rience th\u00e9\u00e2trale aussi bien qu&rsquo;\u00e0 la maternit\u00e9. Elle interroge en creux l&rsquo;origine et le fondement de notre parole.<\/p>\n\n\n\n<p>Photo : <em>SO\/MA &#8211; Nul ne sait ce que peut un corps<\/em> \u00a9Cie Alphageste<\/p>\n<\/div><\/div>\n\n\n\n<p><\/p>\n\n\n\n<h2 class=\"wp-block-heading has-text-color has-normal-font-size\" style=\"color:#e94540\"><strong>Vendredi 15 septembre \u00e0 19h<\/strong> (1h40) <\/h2>\n\n\n\n<h2 class=\"wp-block-heading has-black-color has-text-color has-normal-font-size\"><strong>Sc\u00e8ne Nationale 61<\/strong><\/h2>\n\n\n\n<h2 class=\"wp-block-heading has-black-color has-text-color has-normal-font-size\">2 Av. de Basingstoke 61000 Alen\u00e7on<\/h2>\n\n\n\n<h2 class=\"wp-block-heading has-black-color has-text-color has-normal-font-size\">Gratuit <\/h2>\n\n\n\n<h2 class=\"wp-block-heading has-black-color has-text-color has-normal-font-size\"><a href=\"https:\/\/www.scenenationale61.com\/\">https:\/\/www.scenenationale61.com\/<\/a><\/h2>\n\n\n\n<p><\/p>\n\n\n\n<p class=\"has-text-align-center has-text-color\" style=\"color:#fcb90075;font-size:62px\"><strong>&#8211; &#8211; &#8211;<\/strong><\/p>\n\n\n\n<h2 class=\"wp-block-heading has-small-font-size\"><mark style=\"background-color:#000000\" class=\"has-inline-color has-white-color\"><strong>  Concert <\/strong><\/mark><\/h2>\n\n\n\n<h2 class=\"wp-block-heading has-black-color has-text-color has-medium-font-size\"><strong><strong>Duo Andranian&nbsp;<\/strong><\/strong><\/h2>\n\n\n\n<h2 class=\"wp-block-heading has-text-color has-large-font-size\" style=\"color:#e94540;text-transform:uppercase\"><strong><strong>Orientales<\/strong><\/strong><\/h2>\n\n\n\n<p>Trop longtemps maintenues dans l\u2019oubli et l\u2019obscurit\u00e9, les compositrices apparaissent toujours plus nombreuses et talentueuses. Leur sensibilit\u00e9 et leur imagination se r\u00e9v\u00e8lent tout particuli\u00e8rement, ici, avec l\u2019\u00e9vocation, en vogue \u00e0 une \u00e9poque, d\u2019un orient fantasm\u00e9.&nbsp;<\/p>\n\n\n\n<h2 class=\"wp-block-heading has-text-color has-normal-font-size\" style=\"color:#e94540\"><strong>Dimanche 17 septembre \u00e0 17h <\/strong>(1h15)<\/h2>\n\n\n\n<h2 class=\"wp-block-heading has-black-color has-text-color has-normal-font-size\"><strong>\u00c9glise de Coudehard<\/strong><\/h2>\n\n\n\n<h2 class=\"wp-block-heading has-black-color has-text-color has-normal-font-size\">12 La Croix Tiret 61160 Coudehard<\/h2>\n\n\n\n<h2 class=\"wp-block-heading has-black-color has-text-color has-normal-font-size\">Payant : 15\u20ac \/ Gratuit pour les &#8211; de 10 ans &#8211; R\u00e9servations au 06 83 50 41 80<\/h2>\n\n\n\n<p><\/p>\n\n\n\n<p class=\"has-text-align-center has-text-color\" style=\"color:#fcb90075;font-size:62px\"><strong>&#8211; &#8211; &#8211;<\/strong><\/p>\n\n\n\n<div class=\"wp-block-group\"><div class=\"wp-block-group__inner-container is-layout-constrained wp-block-group-is-layout-constrained\">\n<h2 class=\"wp-block-heading has-small-font-size\"><mark style=\"background-color:#000000\" class=\"has-inline-color has-white-color\"><strong>  Atelier  <\/strong><\/mark><\/h2>\n\n\n\n<h2 class=\"wp-block-heading has-black-color has-text-color has-medium-font-size\"><strong>M\u00e9lanie Dornier, <strong>photographe auteure<\/strong><\/strong>,<strong> et la recyclerie les Fourmis vertes<\/strong><\/h2>\n\n\n\n<h2 class=\"wp-block-heading has-text-color has-large-font-size\" style=\"color:#e94540;text-transform:uppercase\"><strong>Empreintes au f\u00e9minin : artisanat et photographie<\/strong><\/h2>\n\n\n\n<div class=\"wp-block-media-text alignwide has-media-on-the-right is-stacked-on-mobile\"><div class=\"wp-block-media-text__content\">\n<p>Venez d\u00e9couvrir les richesses de l\u2019artisanat f\u00e9minin et l\u2019\u00e9criture de la lumi\u00e8re ! En hommage \u00e0 Anna Atkins, une des premi\u00e8res femme photographe, le cyanotype une technique de photographie par contact sera utilis\u00e9e pour photographier des tr\u00e9sors de l\u2019artisanat f\u00e9minin ornais.<\/p>\n\n\n\n<p>Photo : Anna Atkins, 1961 \u00a9DR<\/p>\n<\/div><figure class=\"wp-block-media-text__media\"><img loading=\"lazy\" decoding=\"async\" width=\"695\" height=\"1024\" src=\"https:\/\/hf-normandie.fr\/wp-content\/uploads\/2023\/08\/126_-Empreintes-au-feminin-Anna-Atkins-Public-domain-695x1024.jpg\" alt=\"\" class=\"wp-image-2988 size-full\" srcset=\"https:\/\/hf-normandie.fr\/wp-content\/uploads\/2023\/08\/126_-Empreintes-au-feminin-Anna-Atkins-Public-domain-695x1024.jpg 695w, https:\/\/hf-normandie.fr\/wp-content\/uploads\/2023\/08\/126_-Empreintes-au-feminin-Anna-Atkins-Public-domain-204x300.jpg 204w, https:\/\/hf-normandie.fr\/wp-content\/uploads\/2023\/08\/126_-Empreintes-au-feminin-Anna-Atkins-Public-domain-768x1132.jpg 768w, https:\/\/hf-normandie.fr\/wp-content\/uploads\/2023\/08\/126_-Empreintes-au-feminin-Anna-Atkins-Public-domain.jpg 790w\" sizes=\"auto, (max-width: 695px) 100vw, 695px\" \/><\/figure><\/div>\n\n\n\n<p><\/p>\n\n\n\n<h2 class=\"wp-block-heading has-text-color has-normal-font-size\" style=\"color:#e94540\"><strong>Samedi 16 septembre \u00e0 10h et 14h<\/strong><\/h2>\n\n\n\n<h2 class=\"wp-block-heading has-black-color has-text-color has-normal-font-size\"><strong>Recyclerie Les Fourmis Vertes<\/strong><\/h2>\n\n\n\n<h2 class=\"wp-block-heading has-black-color has-text-color has-normal-font-size\">3 Bis Rue de Fr\u00eanes 61100 Landisacq<\/h2>\n\n\n\n<h2 class=\"wp-block-heading has-black-color has-text-color has-normal-font-size\">Gratuit &#8211; r\u00e9servation conseill\u00e9e au 02 33 30 41 66 <\/h2>\n\n\n\n<h2 class=\"wp-block-heading has-black-color has-text-color has-normal-font-size\"><a href=\"https:\/\/lesfourmisvertes61.org\">https:\/\/lesfourmisvertes61.org<\/a><\/h2>\n\n\n\n<p><\/p>\n\n\n\n<p class=\"has-text-align-center has-text-color\" style=\"color:#fcb90075;font-size:62px\"><strong>&#8211; &#8211; &#8211;<\/strong><\/p>\n<\/div><\/div>\n\n\n\n<h2 class=\"wp-block-heading has-small-font-size\"><mark style=\"background-color:#000000\" class=\"has-inline-color has-white-color\"><strong>  Exposition  <\/strong><\/mark><\/h2>\n\n\n\n<h2 class=\"wp-block-heading has-black-color has-text-color has-medium-font-size\"><strong>Danielle P\u00e9an Le Roux<\/strong><\/h2>\n\n\n\n<h2 class=\"wp-block-heading has-text-color has-large-font-size\" style=\"color:#e94540;text-transform:uppercase\"><strong><strong>Le Jardin de Circ\u00e9<\/strong><\/strong><\/h2>\n\n\n\n<p>L\u2019artiste Danielle P\u00e9an Le Roux c\u00e9l\u00e8bre la figure de Circ\u00e9 \u00e0 travers un hommage \u00e0 la femme subtile et envo\u00fbtante qu&rsquo;elle devait \u00eatre, avec cette grande connaissance de l\u2019art des plantes et de leurs pouvoirs.<\/p>\n\n\n\n<h2 class=\"wp-block-heading has-text-color has-normal-font-size\" style=\"color:#e94540\"><strong>Du&nbsp; 14 septembre au 30&nbsp; octobre&nbsp;&#8211; Horaires de la manufacture<\/strong><\/h2>\n\n\n\n<h2 class=\"wp-block-heading has-black-color has-text-color has-normal-font-size\"><strong>Manufacture Bohin<\/strong><\/h2>\n\n\n\n<h2 class=\"wp-block-heading has-black-color has-text-color has-normal-font-size\">1 Le Bourg, 61300 Saint-Sulpice-sur-Risle<\/h2>\n\n\n\n<h2 class=\"wp-block-heading has-black-color has-text-color has-normal-font-size\">Entr\u00e9e libre<\/h2>\n\n\n\n<h2 class=\"wp-block-heading has-black-color has-text-color has-normal-font-size\"><a href=\"https:\/\/bohin.com\/\">https:\/\/bohin.com\/<\/a><\/h2>\n","protected":false},"excerpt":{"rendered":"<p>\u274c ANNUL\u00c9 Balade cont\u00e9e Collectif des droits des femmes 61 Balade f\u00e9ministe Rebaptisons les noms de rues avec des noms de femmes illustres ! Ce projet de visibilisation des femmes artistes, scientifiques, sportives, historiques propose de r\u00e9habiliter la m\u00e9moire de ce matrimoine aupr\u00e8s des habitant\u00b7es d&rsquo;Alen\u00e7on. Samedi 16 septembre \u00e0 11h (1h) RDV 61 avenue [&hellip;]<\/p>\n","protected":false},"author":11,"featured_media":0,"parent":0,"menu_order":0,"comment_status":"closed","ping_status":"closed","template":"","meta":{"footnotes":""},"class_list":["post-2734","page","type-page","status-publish","hentry"],"_links":{"self":[{"href":"https:\/\/hf-normandie.fr\/index.php\/wp-json\/wp\/v2\/pages\/2734","targetHints":{"allow":["GET"]}}],"collection":[{"href":"https:\/\/hf-normandie.fr\/index.php\/wp-json\/wp\/v2\/pages"}],"about":[{"href":"https:\/\/hf-normandie.fr\/index.php\/wp-json\/wp\/v2\/types\/page"}],"author":[{"embeddable":true,"href":"https:\/\/hf-normandie.fr\/index.php\/wp-json\/wp\/v2\/users\/11"}],"replies":[{"embeddable":true,"href":"https:\/\/hf-normandie.fr\/index.php\/wp-json\/wp\/v2\/comments?post=2734"}],"version-history":[{"count":13,"href":"https:\/\/hf-normandie.fr\/index.php\/wp-json\/wp\/v2\/pages\/2734\/revisions"}],"predecessor-version":[{"id":3152,"href":"https:\/\/hf-normandie.fr\/index.php\/wp-json\/wp\/v2\/pages\/2734\/revisions\/3152"}],"wp:attachment":[{"href":"https:\/\/hf-normandie.fr\/index.php\/wp-json\/wp\/v2\/media?parent=2734"}],"curies":[{"name":"wp","href":"https:\/\/api.w.org\/{rel}","templated":true}]}}