{"id":2759,"date":"2023-08-03T13:03:37","date_gmt":"2023-08-03T11:03:37","guid":{"rendered":"https:\/\/hf-normandie.fr\/?page_id=2759"},"modified":"2023-09-11T10:57:06","modified_gmt":"2023-09-11T08:57:06","slug":"journees-du-matrimoine-2023-femmes-et-cinema","status":"publish","type":"page","link":"https:\/\/hf-normandie.fr\/index.php\/journees-du-matrimoine-2023-femmes-et-cinema\/","title":{"rendered":"Journ\u00e9es du Matrimoine 2023 \u2013 Projections"},"content":{"rendered":"\n<p><\/p>\n\n\n\n<p>Venez c\u00e9l\u00e9brer notre Matrimoine cin\u00e9matographique ! Pour cette septi\u00e8me \u00e9dition, 6 projections et 1 cin\u00e9-conf\u00e9rence sont organis\u00e9es sur le territoire normand.<\/p>\n\n\n\n<p><\/p>\n\n\n\n<p><strong>\u2b55\ufe0f AJOUT<\/strong><\/p>\n\n\n\n<h2 class=\"wp-block-heading has-small-font-size\"><mark style=\"background-color:#000000\" class=\"has-inline-color has-white-color\">Projection<\/mark><\/h2>\n\n\n\n<h2 class=\"wp-block-heading has-black-color has-text-color has-medium-font-size\"><strong>Le Caf\u00e9 des Images <\/strong><\/h2>\n\n\n\n<h2 class=\"wp-block-heading has-text-color has-large-font-size\" style=\"color:#e94540;text-transform:uppercase\"><strong>FRAN\u00c7OISE D\u2019EAUBONNE, UNE \u00c9POP\u00c9E \u00c9COF\u00c9MINISTE A\/ ALTERNATIBA<\/strong><\/h2>\n\n\n\n<p>Dans les ann\u00e9es 1970, Fran\u00e7oise d\u2019Eaubonne d\u00e9tonne dans le paysage intellectuel fran\u00e7ais. A 50 ans, elle a d\u00e9j\u00e0 remport\u00e9 plusieurs prix litt\u00e9raires et publi\u00e9 une quarantaine de romans et essais, mais reprend de plus belle son combat militant. Elle est la premi\u00e8re \u00e0 d\u00e9finir l\u2019\u00e9cof\u00e9minisme, d\u00e9non\u00e7ant l\u2019oppression commune des femmes et de la plan\u00e8te comme cons\u00e9quence du patriarcat. Elle participe aux actions du MLF, \u00e0 la cr\u00e9ation du FHAR (front homosexuel d\u2019action r\u00e9volutionnaire) et th\u00e9orise la contre-violence, allant jusqu\u2019\u00e0 saboter le chantier de la centrale nucl\u00e9aire de Fessenheim. Ce film pr\u00e9sente pour la premi\u00e8re fois des documents in\u00e9dits. Puisant librement dans les manuscrits et archives photographiques qu\u2019elle a l\u00e9gu\u00e9s \u00e0 l\u2019Institut M\u00e9moire de l\u2019Edition contemporaine, ses proches et des chercheuses, historiennes, \u00e9ditrices commentent la r\u00e9sonance de son h\u00e9ritage f\u00e9ministe et \u00e9cologiste.<\/p>\n\n\n\n<h2 class=\"wp-block-heading has-text-color has-normal-font-size\" style=\"color:#e94540\"><strong>Jeudi 14 septembre \u00e0 20h30<\/strong><\/h2>\n\n\n\n<h2 class=\"wp-block-heading has-text-color has-normal-font-size\" style=\"color:#e94540\"><strong>Le Caf\u00e9 des Images<\/strong><\/h2>\n\n\n\n<h2 class=\"wp-block-heading has-black-color has-text-color has-normal-font-size\">4 square du th\u00e9\u00e2tre, 14200 H\u00e9rouville-Saint-Clair<\/h2>\n\n\n\n<h2 class=\"wp-block-heading has-black-color has-text-color has-normal-font-size\">Tarif sp\u00e9cial, r\u00e9servation sur : <a href=\"https:\/\/cafedesimages-vad.cotecine.fr\/reserver\/F588636\/D1694716200\/VF\/\">https:\/\/cafedesimages-vad.cotecine.fr\/reserver\/F588636\/D1694716200\/VF\/<\/a><\/h2>\n\n\n\n<h2 class=\"wp-block-heading has-black-color has-text-color has-normal-font-size\"><a href=\"https:\/\/cafedesimages.fr\/\">https:\/\/cafedesimages.fr\/<\/a><\/h2>\n\n\n\n<p class=\"has-text-align-center has-text-color\" style=\"color:#fcb90075;font-size:62px\"><strong>\u2013 \u2013 \u2013<\/strong><\/p>\n\n\n\n<p><strong>\u2b55\ufe0f AJOUT<\/strong><\/p>\n\n\n\n<h2 class=\"wp-block-heading has-small-font-size\"><mark style=\"background-color:#000000\" class=\"has-inline-color has-white-color\">Projection<\/mark><\/h2>\n\n\n\n<h2 class=\"wp-block-heading has-black-color has-text-color has-medium-font-size\"><strong>Le Caf\u00e9 des Images <\/strong><\/h2>\n\n\n\n<h2 class=\"wp-block-heading has-text-color has-large-font-size\" style=\"color:#e94540;text-transform:uppercase\"><strong><strong>CIN\u00c9-INCLUSIF PEAU D\u2019\u00c2NE + RENCONTRE AVEC EUG\u00c9NIE FILHO (AD\/SME)<\/strong><\/strong><\/h2>\n\n\n\n<p>Organis\u00e9 par&nbsp;<a href=\"https:\/\/adrc-asso.org\/\">l\u2019ADRC<\/a>&nbsp;depuis 2019, avec le soutien du CNC et de nombreux partenaires,&nbsp;le festival <em>Play It Again&nbsp;!&nbsp;<\/em>propose de (re)d\u00e9couvrir sur grand \u00e9cran une s\u00e9lection de films de r\u00e9pertoire : grands classiques du cin\u00e9ma et perles rares en versions restaur\u00e9es.<\/p>\n\n\n\n<p>Pour cette occasion, red\u00e9couvrez en cin\u00e9-inclusif le film<em>&nbsp;Peau d\u2019\u00c2ne&nbsp;<\/em>de Jacques Demy sous le prisme de l\u2019\u00e9cof\u00e9minisme.&nbsp;La projection du film est suivie d\u2019une rencontre avec la critique Eug\u00e9nie Filho, de&nbsp;<em>Revus &amp; Corrig\u00e9s<\/em>. Pour \u00eatre accessible \u00e0 tout le monde, la s\u00e9ance est audio-d\u00e9crite et sous-titr\u00e9e&nbsp;AD\/SME, et la rencontre est interpr\u00e9t\u00e9e en LSF-Langue des signes fran\u00e7aise.<\/p>\n\n\n\n<h2 class=\"wp-block-heading has-text-color has-normal-font-size\" style=\"color:#e94540\"><strong>Vendredi 15 septembre \u00e0 20h30<\/strong><\/h2>\n\n\n\n<h2 class=\"wp-block-heading has-text-color has-normal-font-size\" style=\"color:#e94540\"><strong>Le Caf\u00e9 des Images<\/strong><\/h2>\n\n\n\n<h2 class=\"wp-block-heading has-black-color has-text-color has-normal-font-size\">4 square du th\u00e9\u00e2tre, 14200 H\u00e9rouville-Saint-Clair<\/h2>\n\n\n\n<h2 class=\"wp-block-heading has-black-color has-text-color has-normal-font-size\">Gratuit sur r\u00e9servation : <a href=\"https:\/\/www.helloasso.com\/associations\/cafe-des-images\/evenements\/cine-inclusif-peau-d-ane \">https:\/\/www.helloasso.com\/associations\/cafe-des-images\/evenements\/cine-inclusif-peau-d-ane <\/a><\/h2>\n\n\n\n<h2 class=\"wp-block-heading has-black-color has-text-color has-normal-font-size\"><a href=\"https:\/\/cafedesimages.fr\/\">https:\/\/cafedesimages.fr\/<\/a><\/h2>\n\n\n\n<p class=\"has-text-align-center has-text-color\" style=\"color:#fcb90075;font-size:62px\"><strong>\u2013 \u2013 \u2013<\/strong><\/p>\n\n\n\n<h2 class=\"wp-block-heading has-small-font-size\"><mark style=\"background-color:#000000\" class=\"has-inline-color has-white-color\">  Projection &#8211; Rencontre  <\/mark><\/h2>\n\n\n\n<h2 class=\"wp-block-heading has-black-color has-text-color has-medium-font-size\"><strong>Elles Font Leur Cin\u00e9ma<\/strong><\/h2>\n\n\n\n<h2 class=\"wp-block-heading has-text-color has-large-font-size\" style=\"color:#e94540;text-transform:uppercase\"><strong>Nous \u00e9tions Jeunes de Binka Jeliazkova<\/strong><\/h2>\n\n\n\n<div class=\"wp-block-media-text alignwide is-stacked-on-mobile\"><figure class=\"wp-block-media-text__media\"><img loading=\"lazy\" decoding=\"async\" width=\"725\" height=\"1024\" src=\"https:\/\/hf-normandie.fr\/wp-content\/uploads\/2023\/08\/217_-Elles-font-leur-cinema-Affiche-Nous-etions-jeunes-1-725x1024.webp\" alt=\"\" class=\"wp-image-2967 size-full\" srcset=\"https:\/\/hf-normandie.fr\/wp-content\/uploads\/2023\/08\/217_-Elles-font-leur-cinema-Affiche-Nous-etions-jeunes-1-725x1024.webp 725w, https:\/\/hf-normandie.fr\/wp-content\/uploads\/2023\/08\/217_-Elles-font-leur-cinema-Affiche-Nous-etions-jeunes-1-212x300.webp 212w, https:\/\/hf-normandie.fr\/wp-content\/uploads\/2023\/08\/217_-Elles-font-leur-cinema-Affiche-Nous-etions-jeunes-1-768x1085.webp 768w, https:\/\/hf-normandie.fr\/wp-content\/uploads\/2023\/08\/217_-Elles-font-leur-cinema-Affiche-Nous-etions-jeunes-1-1088x1536.webp 1088w, https:\/\/hf-normandie.fr\/wp-content\/uploads\/2023\/08\/217_-Elles-font-leur-cinema-Affiche-Nous-etions-jeunes-1.webp 1133w\" sizes=\"auto, (max-width: 725px) 100vw, 725px\" \/><\/figure><div class=\"wp-block-media-text__content\">\n<p>Binka Jeliazkova, premi\u00e8re r\u00e9alisatrice de Bulgarie, a tourn\u00e9 neuf films entre 1957 et 1988, et s\u2019est impos\u00e9e comme une artiste libre et novatrice que l\u2019\u00c9tat, malgr\u00e9 ses efforts, n\u2019a jamais r\u00e9ussi ni \u00e0 faire taire, ni \u00e0 r\u00e9cup\u00e9rer. La projection de <em>Nous \u00e9tions jeunes<\/em> (1961), film\u00e9 dans une libert\u00e9 de ton et de forme d\u2019une modernit\u00e9 \u00e9tourdissante, sera suivie d\u2019un \u00e9change avec Eug\u00e9nie Zvonkine, historienne et critique sp\u00e9cialiste des cin\u00e9mas de l&rsquo;est.<\/p>\n\n\n\n<p>Photo : Affiche <em>Nous \u00e9tions jeunes<\/em> de Binka Jeliazkova, 1961<\/p>\n<\/div><\/div>\n\n\n\n<p><\/p>\n\n\n\n<h2 class=\"wp-block-heading has-text-color has-normal-font-size\" style=\"color:#e94540\"><strong>Dimanche 17 septembre \u00e0 10h30<\/strong> (1h50)<\/h2>\n\n\n\n<h2 class=\"wp-block-heading has-normal-font-size\"><strong>Omnia R\u00e9publique&nbsp;<\/strong><\/h2>\n\n\n\n<h2 class=\"wp-block-heading has-black-color has-text-color has-normal-font-size\">28 rue de la R\u00e9publique 76000 Rouen<\/h2>\n\n\n\n<h2 class=\"wp-block-heading has-black-color has-text-color has-normal-font-size\">Payant : 5,50\u20ac \/ 4,50\u20ac (r\u00e9duit)<\/h2>\n\n\n\n<h2 class=\"wp-block-heading has-black-color has-text-color has-normal-font-size\"><a href=\"https:\/\/www.omnia-cinemas.com\/\">https:\/\/www.omnia-cinemas.com\/<\/a><\/h2>\n\n\n\n<p><\/p>\n\n\n\n<p class=\"has-text-align-center has-text-color\" style=\"color:#fcb90075;font-size:62px\"><strong>&#8211; &#8211; &#8211;<\/strong><\/p>\n\n\n\n<h2 class=\"wp-block-heading has-small-font-size\"><mark style=\"background-color:#000000\" class=\"has-inline-color has-white-color\"> Projection &#8211; d\u00e9bat   <\/mark><\/h2>\n\n\n\n<h2 class=\"wp-block-heading has-black-color has-text-color has-medium-font-size\"><strong>Association Femmes et cin\u00e9ma<\/strong><\/h2>\n\n\n\n<h2 class=\"wp-block-heading has-text-color has-large-font-size\" style=\"color:#e94540;text-transform:uppercase\"><strong>Ph\u00e9nom\u00e9nales<\/strong><\/h2>\n\n\n\n<p>N\u2019est-il pas l\u2019heure de se cr\u00e9er de nouveaux mod\u00e8les de r\u00e9ussite inspirants ? Au travers d\u2019un cycle de courts-m\u00e9trages, d\u00e9couvrez des histoires de femmes qui ont d\u00e9cid\u00e9 de se faire une place dans le monde des sciences et du num\u00e9rique !<\/p>\n\n\n\n<h2 class=\"wp-block-heading has-text-color has-normal-font-size\" style=\"color:#e94540\"><strong>Samedi 16 septembre \u00e0 14h <\/strong>(1h)<\/h2>\n\n\n\n<h2 class=\"wp-block-heading has-normal-font-size\"><strong>L\u2019Atrium<\/strong><\/h2>\n\n\n\n<h2 class=\"wp-block-heading has-black-color has-text-color has-normal-font-size\">115 Bd de l\u2019Europe 76100 Rouen<\/h2>\n\n\n\n<h2 class=\"wp-block-heading has-black-color has-text-color has-normal-font-size\">Gratuit &#8211; R\u00e9servation conseill\u00e9e au 02 35 89 42 27<\/h2>\n\n\n\n<h2 class=\"wp-block-heading has-black-color has-text-color has-normal-font-size\">&nbsp;<a href=\"https:\/\/www.atriumnormandie.fr\/\">https:\/\/www.atriumnormandie.fr\/<\/a><\/h2>\n\n\n\n<p><\/p>\n\n\n\n<div class=\"wp-block-group alignwide\"><div class=\"wp-block-group__inner-container is-layout-constrained wp-block-group-is-layout-constrained\">\n<p class=\"has-text-align-center has-text-color\" style=\"color:#fcb90075;font-size:62px\"><strong>&#8211; &#8211; &#8211;<\/strong><\/p>\n\n\n\n<h2 class=\"wp-block-heading has-small-font-size\"><mark style=\"background-color:#000000\" class=\"has-inline-color has-white-color\"> Projection  <\/mark> <\/h2>\n\n\n\n<h2 class=\"wp-block-heading has-black-color has-text-color has-medium-font-size\"><strong><strong>Association Du grain \u00e0 d\u00e9moudre<\/strong><\/strong><\/h2>\n\n\n\n<h2 class=\"wp-block-heading has-text-color has-large-font-size\" style=\"color:#e94540;text-transform:uppercase\"><strong><strong>Femmes et film noir : <em>The Hitch-Hiker<\/em> de Ida Lupino<\/strong><\/strong><\/h2>\n\n\n\n<div class=\"wp-block-media-text alignwide has-media-on-the-right is-stacked-on-mobile\"><div class=\"wp-block-media-text__content\">\n<p><em>Le voyage de la peur<\/em> d&rsquo;Ida Lupino, est, en 1953, le premier et seul film noir de la p\u00e9riode classique \u00e0 \u00eatre r\u00e9alis\u00e9 par une femme. Il raconte l&rsquo;histoire de deux amis, Bower et Collins, qui d\u00e9cident de prendre en stop un homme. Ce dernier est en fait un tueur en s\u00e9rie recherch\u00e9 par la police&#8230; Suivi d&rsquo;une analyse et r\u00e9trospective sur le r\u00f4le des femmes dans le film noir par une docteure en \u00e9tudes cin\u00e9matographiques.<\/p>\n\n\n\n<p>Photo : Affiche du film&nbsp;<em>Le Voyage de la peur<\/em>&nbsp;d\u2019Ida Lupino, 1953<\/p>\n<\/div><figure class=\"wp-block-media-text__media\"><img loading=\"lazy\" decoding=\"async\" width=\"708\" height=\"1024\" src=\"https:\/\/hf-normandie.fr\/wp-content\/uploads\/2023\/08\/129_-Femmes-et-films-noirs-708x1024.jpg\" alt=\"\" class=\"wp-image-2968 size-full\" srcset=\"https:\/\/hf-normandie.fr\/wp-content\/uploads\/2023\/08\/129_-Femmes-et-films-noirs-708x1024.jpg 708w, https:\/\/hf-normandie.fr\/wp-content\/uploads\/2023\/08\/129_-Femmes-et-films-noirs-207x300.jpg 207w, https:\/\/hf-normandie.fr\/wp-content\/uploads\/2023\/08\/129_-Femmes-et-films-noirs-768x1111.jpg 768w, https:\/\/hf-normandie.fr\/wp-content\/uploads\/2023\/08\/129_-Femmes-et-films-noirs.jpg 1000w\" sizes=\"auto, (max-width: 708px) 100vw, 708px\" \/><\/figure><\/div>\n\n\n\n<p><\/p>\n\n\n\n<h2 class=\"wp-block-heading has-text-color has-normal-font-size\" style=\"color:#e94540\"><strong>Vendredi 15 septembre \u00e0 20h30<\/strong> (1h30)<\/h2>\n\n\n\n<h2 class=\"wp-block-heading has-black-color has-text-color has-normal-font-size\"><strong>Cin\u00e9ma le Studio<\/strong><\/h2>\n\n\n\n<h2 class=\"wp-block-heading has-black-color has-text-color has-normal-font-size\">3 Rue du G\u00e9n\u00e9ral Sarrail 76600 Le Havre<\/h2>\n\n\n\n<h2 class=\"wp-block-heading has-black-color has-text-color has-normal-font-size\">Payant : 6,50\u20ac \/ R\u00e9duit : 5,5\u20ac. R\u00e9servation au 02 35 43 64 63 ou 02 77 67 64 42<\/h2>\n\n\n\n<h2 class=\"wp-block-heading has-normal-font-size\"><a href=\"http:\/\/www.cinema-le-studio.fr\/\">http:\/\/www.cinema-le-studio.fr\/<\/a><\/h2>\n\n\n\n<p><\/p>\n<\/div><\/div>\n\n\n\n<p class=\"has-text-align-center has-text-color\" style=\"color:#fcb90075;font-size:62px\"><strong>&#8211; &#8211; &#8211;<\/strong><\/p>\n\n\n\n<h2 class=\"wp-block-heading has-small-font-size\"><mark style=\"background-color:#000000\" class=\"has-inline-color has-white-color\"><strong>Projection<\/strong>  <\/mark><\/h2>\n\n\n\n<h2 class=\"wp-block-heading has-black-color has-text-color has-medium-font-size\"><strong>Virginie Barr\u00e9<\/strong><\/h2>\n\n\n\n<h2 class=\"wp-block-heading has-text-color has-large-font-size\" style=\"color:#e94540;text-transform:uppercase\"><strong>Nos corps sont des rivi\u00e8res<\/strong><\/h2>\n\n\n\n<div class=\"wp-block-media-text alignwide is-stacked-on-mobile\"><figure class=\"wp-block-media-text__media\"><img decoding=\"async\" src=\"https:\/\/hf-normandie.fr\/wp-content\/uploads\/2023\/08\/FRAC_178_-Virginie-Barre-affiche-du-film-Nos-corps-sont-des-rivieres-\u00a9-Adagp-Paris-2023-1.jpg\" alt=\"\" class=\"wp-image-2935 size-full\"\/><\/figure><div class=\"wp-block-media-text__content\">\n<p>\u00ab\u00a0Nos corps sont des rivi\u00e8res\u00a0\u00bb est un film de plage po\u00e9tique, une fantaisie dans laquelle jeunes gens et plus grands se mettent \u00e0 danser dans un paysage baln\u00e9aire.<br>R\u00e9alis\u00e9 par Virginie Barr\u00e9 dans le cadre de sa r\u00e9sidence \u00c9TAPE #3 port\u00e9 par le Frac Normandie en partenariat avec la Ville de Trouville-sur-Mer et l\u2019entreprise Les Cures Marines.<\/p>\n\n\n\n<p>Photo : Affiche de&nbsp;<em>Nos corps sont des rivi\u00e8res<\/em>&nbsp;de Virginie Barr\u00e9 \u00a9Adagp, Paris, 2023<\/p>\n<\/div><\/div>\n\n\n\n<p><\/p>\n\n\n\n<h2 class=\"wp-block-heading has-text-color has-normal-font-size\" style=\"color:#e94540\"><strong><strong>Samedi 16 et dimanche 17 septembre de 14h \u00e0 18h<\/strong><\/strong><\/h2>\n\n\n\n<h2 class=\"wp-block-heading has-black-color has-text-color has-normal-font-size\"><strong><strong>FRAC Normandie <\/strong><\/strong><\/h2>\n\n\n\n<h2 class=\"wp-block-heading has-black-color has-text-color has-normal-font-size\">7bis rue Neuve-Bourg-l&rsquo;Abb\u00e9 14000 Caen<\/h2>\n\n\n\n<h2 class=\"wp-block-heading has-black-color has-text-color has-normal-font-size\">Entr\u00e9e libre<\/h2>\n\n\n\n<h2 class=\"wp-block-heading has-normal-font-size\"><a href=\"http:\/\/www.fracnormandie.fr\">www.fracnormandie.fr<\/a><\/h2>\n\n\n\n<p><\/p>\n\n\n\n<p class=\"has-text-align-center has-text-color\" style=\"color:#fcb90075;font-size:62px\"><strong>&#8211; &#8211; &#8211;<\/strong><\/p>\n\n\n\n<h2 class=\"wp-block-heading has-small-font-size\"><mark style=\"background-color:#000000\" class=\"has-inline-color has-white-color\"> <strong>Projection<\/strong>  <\/mark><\/h2>\n\n\n\n<h2 class=\"wp-block-heading has-black-color has-text-color has-medium-font-size\"><strong>Myriam Verreault<\/strong><\/h2>\n\n\n\n<h2 class=\"wp-block-heading has-text-color has-large-font-size\" style=\"color:#e94540;text-transform:uppercase\"><strong>Kuessipan<\/strong><\/h2>\n\n\n\n<p>Nord du Qu\u00e9bec. Mikuan et Shaniss, deux amies ins\u00e9parables, grandissent dans une r\u00e9serve de la communaut\u00e9 innue. Petites, elles se promettent de toujours rester ensemble. Mais \u00e0 l\u2019aube de leurs 17 ans, leurs aspirations semblent les \u00e9loigner : Shaniss fonde une famille, tandis que Mikuan tombe amoureuse d\u2019un blanc et r\u00eave de quitter cette r\u00e9serve devenue trop petite pour elle\u2026<br>Suivie d&rsquo;un d\u00e9bat anim\u00e9 par le CEM\u00c9A de Normandie.<\/p>\n\n\n\n<h2 class=\"wp-block-heading has-text-color has-normal-font-size\" style=\"color:#e94540\"><strong>Vendredi 15 septembre \u00e0 20h<\/strong> (2h30)<\/h2>\n\n\n\n<h2 class=\"wp-block-heading has-black-color has-text-color has-normal-font-size\"><strong><strong>Cin\u00e9ma Les Arcades de Val de Reuil<\/strong>&nbsp;<\/strong><\/h2>\n\n\n\n<h2 class=\"wp-block-heading has-black-color has-text-color has-normal-font-size\">5 Place des Chalands 27100 Val de Reuil<\/h2>\n\n\n\n<h2 class=\"wp-block-heading has-black-color has-text-color has-normal-font-size\">Tarif : 4,5\u20ac<\/h2>\n\n\n\n<h2 class=\"wp-block-heading has-black-color has-text-color has-normal-font-size\"><a href=\"https:\/\/www.cinemalesarcades.com\/\">https:\/\/www.cinemalesarcades.com\/<\/a><\/h2>\n\n\n\n<p><\/p>\n\n\n\n<div class=\"wp-block-group alignwide\"><div class=\"wp-block-group__inner-container is-layout-constrained wp-block-group-is-layout-constrained\">\n<p class=\"has-text-align-center has-text-color\" style=\"color:#fcb90075;font-size:62px\"><strong>&#8211; &#8211; &#8211;<\/strong><\/p>\n\n\n\n<h2 class=\"wp-block-heading has-small-font-size\"><mark style=\"background-color:#000000\" class=\"has-inline-color has-white-color\"> Projection &#8211; Rencontre  <\/mark><\/h2>\n\n\n\n<h2 class=\"wp-block-heading has-black-color has-text-color has-medium-font-size\"><strong>MaCaO 7\u00e8me Art \/ M\u00e9lanie Boissoneau<\/strong><\/h2>\n\n\n\n<h2 class=\"wp-block-heading has-text-color has-large-font-size\" style=\"color:#e94540;text-transform:uppercase\"><strong>PERSONNAGES F\u00c9MININS AU CIN\u00c9MA : L&rsquo;EXEMPLE DE THELMA ET LOUISE&nbsp;<\/strong><\/h2>\n\n\n\n<div class=\"wp-block-media-text alignwide has-media-on-the-right is-stacked-on-mobile\"><div class=\"wp-block-media-text__content\">\n<p>Rencontre avec M\u00e9lanie Boissonneau (docteure en \u00c9tudes cin\u00e9matographiques sp\u00e9cialiste du cin\u00e9ma de genre et des repr\u00e9sentations de genre) sur les personnages f\u00e9minin au cin\u00e9ma suite \u00e0 la projection du film culte de Ridley Scott avec Susan Sarandon et Geena Davis.<\/p>\n\n\n\n<p>Dans le cadre de Play it Again, en partenariat avec l&rsquo;ADRC.<\/p>\n\n\n\n<p>Photo : Affiche du film <em>Thelma et Louise <\/em>de Ridley Scott, 1991<\/p>\n<\/div><figure class=\"wp-block-media-text__media\"><img loading=\"lazy\" decoding=\"async\" width=\"768\" height=\"1024\" src=\"https:\/\/hf-normandie.fr\/wp-content\/uploads\/2023\/08\/Thelma-Louise-768x1024.webp\" alt=\"\" class=\"wp-image-2983 size-full\" srcset=\"https:\/\/hf-normandie.fr\/wp-content\/uploads\/2023\/08\/Thelma-Louise-768x1024.webp 768w, https:\/\/hf-normandie.fr\/wp-content\/uploads\/2023\/08\/Thelma-Louise-225x300.webp 225w, https:\/\/hf-normandie.fr\/wp-content\/uploads\/2023\/08\/Thelma-Louise-1152x1536.webp 1152w, https:\/\/hf-normandie.fr\/wp-content\/uploads\/2023\/08\/Thelma-Louise.webp 1200w\" sizes=\"auto, (max-width: 768px) 100vw, 768px\" \/><\/figure><\/div>\n\n\n\n<p><\/p>\n\n\n\n<h2 class=\"wp-block-heading has-text-color has-normal-font-size\" style=\"color:#e94540\"><strong>Mercredi 13 septembre \u00e0 20h <\/strong>(3h)<\/h2>\n\n\n\n<h2 class=\"wp-block-heading has-normal-font-size\"><strong>Cin\u00e9ma Le Basselin<\/strong><\/h2>\n\n\n\n<h2 class=\"wp-block-heading has-normal-font-size\">Place Castel 14500 Vire-Normandie <\/h2>\n\n\n\n<h2 class=\"wp-block-heading has-normal-font-size\">Tarifs habituels du cin\u00e9ma, renseignements au 02 31 66 16 40<\/h2>\n\n\n\n<h2 class=\"wp-block-heading has-normal-font-size\"><a href=\"http:\/\/www.macao7emeart.fr\/macao\/-Actions-ponctuelles-\">http:\/\/www.macao7emeart.fr\/macao\/-Actions-ponctuelles \/ &#8211;<\/a><a href=\"http:\/\/cinema-lebasselin.fr\/\">http:\/\/cinema-lebasselin.fr\/<\/a><\/h2>\n\n\n\n<h2 class=\"wp-block-heading has-text-color has-normal-font-size\" style=\"color:#e94540\"><strong>Jeudi 14 septembre septembre \u00e0 20h<\/strong> (3h)<\/h2>\n\n\n\n<h2 class=\"wp-block-heading has-normal-font-size\"><strong>Cin\u00e9ma Le Long Court<\/strong><\/h2>\n\n\n\n<h2 class=\"wp-block-heading has-normal-font-size\">24 Rue Saint-Maur 50200 Coutances <\/h2>\n\n\n\n<h2 class=\"wp-block-heading has-normal-font-size\">Tarifs habituel du cin\u00e9ma, renseignements au 02 33 07 57 09 <\/h2>\n\n\n\n<h2 class=\"wp-block-heading has-normal-font-size\"><a href=\"https:\/\/www.lelongcourt.fr\/\">https:\/\/www.lelongcourt.fr\/<\/a><\/h2>\n\n\n\n<h2 class=\"wp-block-heading has-text-color has-normal-font-size\" style=\"color:#e94540\"><strong>Dimanche 17 septembre \u00e0 17h<\/strong> (3h)<\/h2>\n\n\n\n<h2 class=\"wp-block-heading has-normal-font-size\"><strong><strong>Cin\u00e9ma de Villedieu-les-Po\u00eales-Rouffigny&nbsp;<\/strong><\/strong><\/h2>\n\n\n\n<h2 class=\"wp-block-heading has-normal-font-size\">14 rue des Costils 50800 Villedieu-les-Po\u00eales-Rouffigny<\/h2>\n\n\n\n<h2 class=\"wp-block-heading has-normal-font-size\">Tarifs habituel du cin\u00e9ma, renseignements au 02 33 61 46 82<\/h2>\n\n\n\n<h2 class=\"wp-block-heading has-normal-font-size\"><a href=\"https:\/\/www.villedieu-cinema.fr\/\">https:\/\/www.villedieu-cinema.fr\/<\/a><\/h2>\n<\/div><\/div>\n\n\n\n<p class=\"has-text-align-center has-text-color\" style=\"color:#fcb90075;font-size:62px\"><strong>&#8211; &#8211; &#8211;<\/strong><\/p>\n\n\n\n<h2 class=\"wp-block-heading has-small-font-size\"><mark style=\"background-color:#000000\" class=\"has-inline-color has-white-color\">  Cin\u00e9-conf\u00e9rence  <\/mark><\/h2>\n\n\n\n<h2 class=\"wp-block-heading has-black-color has-text-color has-medium-font-size\"><strong>Normandie Images<\/strong> &#8211; <strong>Agn\u00e8s Deleforge&nbsp;<\/strong><\/h2>\n\n\n\n<h2 class=\"wp-block-heading has-text-color has-large-font-size\" style=\"color:#e94540;text-transform:uppercase\"><strong>Violet, Edith, Mary, Balbina and co, des artistes en visite chez les Noufflard en Normandie<\/strong><\/h2>\n\n\n\n<p>Les peintres Berthe et Andr\u00e9 Noufflard recevaient l&rsquo;\u00e9t\u00e9 dans les ann\u00e9es 30, dans leur clos-masure de Fresnay-le-Long, leurs amies \u00e9crivaines, musiciennes, critiques d&rsquo;art\u2026 Des rencontres avec des femmes artistes qu&rsquo;ils filmaient merveilleusement avec une petite cam\u00e9ra Path\u00e9 Baby, t\u00e9moignages d&rsquo;une grande vitalit\u00e9 culturelle et intellectuelle.<\/p>\n\n\n\n<h2 class=\"wp-block-heading has-text-color has-normal-font-size\" style=\"color:#e94540\"><strong>Samedi 16 septembre \u00e0 14h30<\/strong> (1h), possibilit\u00e9 de prolonger par une visite de la salle Jacques-Emile Blanche du Mus\u00e9e<\/h2>\n\n\n\n<h2 class=\"wp-block-heading has-normal-font-size\"><strong>Auditorium du Mus\u00e9e des Beaux-Arts<\/strong><\/h2>\n\n\n\n<h2 class=\"wp-block-heading has-black-color has-text-color has-normal-font-size\">26 bis rue Jean Lecanuet 76000 Rouen<\/h2>\n\n\n\n<h2 class=\"wp-block-heading has-black-color has-text-color has-normal-font-size\">Gratuit, r\u00e9servation conseill\u00e9e au 02 35 89 12 59 ou sur&nbsp; <a href=\"https:\/\/www.helloasso.com\/associations\/normandie-images\/evenements\/violet-edith-mary-balbina-and-co-des-artistes-en-visite-chez-les-noufflard\">https:\/\/www.helloasso.com\/associations\/normandie-images\/evenements\/violet-edith-mary-balbina-and-co-des-artistes-en-visite-chez-les-noufflard<\/a><\/h2>\n\n\n\n<h2 class=\"wp-block-heading has-black-color has-text-color has-normal-font-size\"><a href=\"https:\/\/mbarouen.fr\/fr\">https:\/\/mbarouen.fr\/fr<\/a><\/h2>\n","protected":false},"excerpt":{"rendered":"<p>Venez c\u00e9l\u00e9brer notre Matrimoine cin\u00e9matographique ! Pour cette septi\u00e8me \u00e9dition, 6 projections et 1 cin\u00e9-conf\u00e9rence sont organis\u00e9es sur le territoire normand. \u2b55\ufe0f AJOUT Projection Le Caf\u00e9 des Images FRAN\u00c7OISE D\u2019EAUBONNE, UNE \u00c9POP\u00c9E \u00c9COF\u00c9MINISTE A\/ ALTERNATIBA Dans les ann\u00e9es 1970, Fran\u00e7oise d\u2019Eaubonne d\u00e9tonne dans le paysage intellectuel fran\u00e7ais. A 50 ans, elle a d\u00e9j\u00e0 remport\u00e9 plusieurs [&hellip;]<\/p>\n","protected":false},"author":11,"featured_media":0,"parent":0,"menu_order":0,"comment_status":"closed","ping_status":"closed","template":"","meta":{"footnotes":""},"class_list":["post-2759","page","type-page","status-publish","hentry"],"_links":{"self":[{"href":"https:\/\/hf-normandie.fr\/index.php\/wp-json\/wp\/v2\/pages\/2759","targetHints":{"allow":["GET"]}}],"collection":[{"href":"https:\/\/hf-normandie.fr\/index.php\/wp-json\/wp\/v2\/pages"}],"about":[{"href":"https:\/\/hf-normandie.fr\/index.php\/wp-json\/wp\/v2\/types\/page"}],"author":[{"embeddable":true,"href":"https:\/\/hf-normandie.fr\/index.php\/wp-json\/wp\/v2\/users\/11"}],"replies":[{"embeddable":true,"href":"https:\/\/hf-normandie.fr\/index.php\/wp-json\/wp\/v2\/comments?post=2759"}],"version-history":[{"count":10,"href":"https:\/\/hf-normandie.fr\/index.php\/wp-json\/wp\/v2\/pages\/2759\/revisions"}],"predecessor-version":[{"id":3156,"href":"https:\/\/hf-normandie.fr\/index.php\/wp-json\/wp\/v2\/pages\/2759\/revisions\/3156"}],"wp:attachment":[{"href":"https:\/\/hf-normandie.fr\/index.php\/wp-json\/wp\/v2\/media?parent=2759"}],"curies":[{"name":"wp","href":"https:\/\/api.w.org\/{rel}","templated":true}]}}