{"id":2764,"date":"2023-08-03T12:42:01","date_gmt":"2023-08-03T10:42:01","guid":{"rendered":"https:\/\/hf-normandie.fr\/?page_id=2764"},"modified":"2023-09-14T11:38:48","modified_gmt":"2023-09-14T09:38:48","slug":"journees-du-matrimoine-2023-concerts-et-spectacles-musicaux","status":"publish","type":"page","link":"https:\/\/hf-normandie.fr\/index.php\/journees-du-matrimoine-2023-concerts-et-spectacles-musicaux\/","title":{"rendered":"Journ\u00e9es du Matrimoine 2023 \u2013 Concerts et spectacles musicaux"},"content":{"rendered":"\n<p><\/p>\n\n\n\n<p>Venez c\u00e9l\u00e9brer le Matrimoine en musique ! Pour cette septi\u00e8me \u00e9dition, 13 concerts et spectacles musicaux sont organis\u00e9s sur  le territoire normand.  <\/p>\n\n\n\n<p><\/p>\n\n\n\n<h2 class=\"wp-block-heading has-small-font-size\"><mark style=\"background-color:#000000\" class=\"has-inline-color has-white-color\">Concert  <\/mark><\/h2>\n\n\n\n<h2 class=\"wp-block-heading has-black-color has-text-color has-medium-font-size\"><strong><strong>Les Vibrants D\u00e9fricheurs &#8211; Katel, Julie Gasnier&nbsp;et Sylvain Choinier<\/strong><\/strong><\/h2>\n\n\n\n<h2 class=\"wp-block-heading has-text-color has-large-font-size\" style=\"color:#e94540;text-transform:uppercase\"><strong>Il n\u2019est sagesse que d\u2019aventure, un hommage \u00e0 Anita Conti<\/strong><\/h2>\n\n\n\n<p>Un \u00e9clairage en musique de l&rsquo;\u0153uvre d&rsquo;Anita Conti, connue comme la premi\u00e8re femme oc\u00e9anographe, et qui a aussi laiss\u00e9 derri\u00e8re elle une \u0153uvre litt\u00e9raire dense li\u00e9e \u00e0 sa vie sur les mers et les oc\u00e9ans : carnets de bord, r\u00e9cits de voyage, r\u00e9flexions sur notre rapport \u00e0 la nature, ainsi qu&rsquo;une \u0153uvre po\u00e9tique et photographique.<\/p>\n\n\n\n<h2 class=\"wp-block-heading has-text-color has-normal-font-size\" style=\"color:#e94540\"><strong>Jeudi 14 septembre \u00e0 19h et 21h<\/strong> (45 min)<\/h2>\n\n\n\n<h2 class=\"wp-block-heading has-normal-font-size\"><strong>Chapelle St Olaf du Foyer des Marins de Rouen<\/strong><\/h2>\n\n\n\n<h2 class=\"wp-block-heading has-black-color has-text-color has-normal-font-size\">16 rue Duguay-Trouin 76000 Rouen<\/h2>\n\n\n\n<h2 class=\"wp-block-heading has-black-color has-text-color has-normal-font-size\">Gratuit sur r\u00e9servation<\/h2>\n\n\n\n<h2 class=\"wp-block-heading has-black-color has-text-color has-normal-font-size\"><a href=\"https:\/\/foyerdesmarins.fr\/foyer-marins-concerts-spectacles-expositions\/\">https:\/\/foyerdesmarins.fr\/foyer-marins-concerts-spectacles-expositions\/<\/a><\/h2>\n\n\n\n<p><\/p>\n\n\n\n<p class=\"has-text-align-center has-luminous-vivid-amber-color has-text-color\" style=\"font-size:62px\"><strong>&#8211; &#8211; &#8211;<\/strong><\/p>\n\n\n\n<h2 class=\"wp-block-heading has-small-font-size\"><mark style=\"background-color:#000000\" class=\"has-inline-color has-white-color\"><strong>Spectacle musical<\/strong>  <\/mark><\/h2>\n\n\n\n<h2 class=\"wp-block-heading has-black-color has-text-color has-medium-font-size\"><strong><strong><strong><strong>Marie Fortuit<\/strong><\/strong><\/strong><\/strong><\/h2>\n\n\n\n<h2 class=\"wp-block-heading has-text-color has-large-font-size\" style=\"color:#e94540;text-transform:uppercase\"><strong>La vie en vrai (avec Anne Sylvestre)<\/strong><\/h2>\n\n\n\n<figure class=\"wp-block-image alignwide size-large\"><img loading=\"lazy\" decoding=\"async\" width=\"1024\" height=\"572\" src=\"https:\/\/hf-normandie.fr\/wp-content\/uploads\/2023\/08\/4_La-vie-en-vrai_Visuel-principal_DSC00308\u252c\u00aeEsmeralda-Da-Costa_BD-1024x572.jpg\" alt=\"\" class=\"wp-image-2973\" srcset=\"https:\/\/hf-normandie.fr\/wp-content\/uploads\/2023\/08\/4_La-vie-en-vrai_Visuel-principal_DSC00308\u252c\u00aeEsmeralda-Da-Costa_BD-1024x572.jpg 1024w, https:\/\/hf-normandie.fr\/wp-content\/uploads\/2023\/08\/4_La-vie-en-vrai_Visuel-principal_DSC00308\u252c\u00aeEsmeralda-Da-Costa_BD-300x167.jpg 300w, https:\/\/hf-normandie.fr\/wp-content\/uploads\/2023\/08\/4_La-vie-en-vrai_Visuel-principal_DSC00308\u252c\u00aeEsmeralda-Da-Costa_BD-768x429.jpg 768w, https:\/\/hf-normandie.fr\/wp-content\/uploads\/2023\/08\/4_La-vie-en-vrai_Visuel-principal_DSC00308\u252c\u00aeEsmeralda-Da-Costa_BD-1536x857.jpg 1536w, https:\/\/hf-normandie.fr\/wp-content\/uploads\/2023\/08\/4_La-vie-en-vrai_Visuel-principal_DSC00308\u252c\u00aeEsmeralda-Da-Costa_BD-2048x1143.jpg 2048w\" sizes=\"auto, (max-width: 1024px) 100vw, 1024px\" \/><figcaption class=\"wp-element-caption\"><em>La vie en vrai<\/em>&nbsp;\u00a9Esmeralda Da Costa<\/figcaption><\/figure>\n\n\n\n<p>En revisitant ses textes, ses m\u00e9lodies, mais aussi ses engagements f\u00e9ministes et humanistes, ce spectacle musical reprend le flambeau de celle qu\u2019on appelait \u00ab Madame Anne \u00bb. On y retrouve en filigrane les chansons embl\u00e9matiques ou plus confidentielles, qui, loin des enfantines fabulettes, \u00e9voquent sans d\u00e9tour et souvent avec humour, les violences qui p\u00e8sent sur les corps comme sur les \u00e2mes f\u00e9minines, la force de la sororit\u00e9 et du d\u00e9sir, la puissance sans cesse renouvel\u00e9e de la cr\u00e9ation.<\/p>\n\n\n\n<h2 class=\"wp-block-heading has-text-color has-normal-font-size\" style=\"color:#e94540\"><strong>Vendredi 15 septembre \u00e0 20h<\/strong> (1h)<\/h2>\n\n\n\n<h2 class=\"wp-block-heading has-black-color has-text-color has-normal-font-size\"><strong>\u00c9glise Saint Georges<\/strong><\/h2>\n\n\n\n<h2 class=\"wp-block-heading has-black-color has-text-color has-normal-font-size\">Route d\u2019Elbeuf Le Gros Theil 27370 Le Bosc-du-Theil<\/h2>\n\n\n\n<h2 class=\"wp-block-heading has-text-color has-normal-font-size\" style=\"color:#e94540\"><strong><strong>Dimanche 17 septembre \u00e0 14h30<\/strong><\/strong> (1h)<\/h2>\n\n\n\n<h2 class=\"wp-block-heading has-black-color has-text-color has-normal-font-size\"><strong><strong>Jardins du Vieux Ch\u00e2teau<\/strong><\/strong><\/h2>\n\n\n\n<h2 class=\"wp-block-heading has-black-color has-text-color has-normal-font-size\">18 place du Ch\u00e2teau 27110 Le Neubourg<\/h2>\n\n\n\n<h2 class=\"wp-block-heading has-black-color has-text-color has-normal-font-size\">Payant : 10\u20ac \/ r\u00e9duit : 5\u20ac \/ Gratuit pour les &#8211; 8 ans &#8211; R\u00e9servation sur <a href=\"https:\/\/www.billetweb.fr\/et-pop-au-chateau-2\">https:\/\/www.billetweb.fr\/et-pop-au-chateau-2<\/a> ou <a href=\"https:\/\/linktr.ee\/et_pop_au_chateau\">https:\/\/linktr.ee\/et_pop_au_chateau<\/a><\/h2>\n\n\n\n<h2 class=\"wp-block-heading has-black-color has-text-color has-normal-font-size\"><a href=\"https:\/\/www.leneubourg.fr\/culture-patrimoine\/monuments\/vieux-chateau\/\">https:\/\/www.leneubourg.fr\/culture-patrimoine\/monuments\/vieux-chateau\/<\/a><\/h2>\n\n\n\n<p><\/p>\n\n\n\n<p class=\"has-text-align-center has-text-color\" style=\"color:#fcb90075;font-size:62px\"><strong>&#8211; &#8211; &#8211;<\/strong><\/p>\n\n\n\n<h2 class=\"wp-block-heading has-small-font-size\"><mark style=\"background-color:#000000\" class=\"has-inline-color has-white-color\"><strong>  Concert  <\/strong> <\/mark><\/h2>\n\n\n\n<h2 class=\"wp-block-heading has-black-color has-text-color has-medium-font-size\"><strong>Jina Djemba et Julien Vasnier<\/strong><\/h2>\n\n\n\n<h2 class=\"wp-block-heading has-text-color has-large-font-size\" style=\"color:#e94540;text-transform:uppercase\"><strong>Impromptu Nina Simone<\/strong><\/h2>\n\n\n\n<p>Pour cet impromptu, Jina Djemba, actrice et chanteuse, qui a incarn\u00e9 l\u2019ic\u00f4ne am\u00e9ricaine dans la pi\u00e8ce Miss Nina Simone, fera r\u00e9sonner les chansons de Nina Simone, accompagn\u00e9e \u00e0 la guitare par Julien Vasnier.<\/p>\n\n\n\n<h2 class=\"wp-block-heading has-text-color has-normal-font-size\" style=\"color:#e94540\"><strong>Samedi 16 septembre \u00e0 14h et 15h30 <\/strong>(20 min)<\/h2>\n\n\n\n<h2 class=\"wp-block-heading has-black-color has-text-color has-normal-font-size\"><strong><strong>Jardins du Vieux Ch\u00e2teau<\/strong><\/strong><\/h2>\n\n\n\n<h2 class=\"wp-block-heading has-black-color has-text-color has-normal-font-size\">18 place du Ch\u00e2teau 27110 Le Neubourg<\/h2>\n\n\n\n<h2 class=\"wp-block-heading has-black-color has-text-color has-normal-font-size\">Entr\u00e9e libre<\/h2>\n\n\n\n<h2 class=\"wp-block-heading has-black-color has-text-color has-normal-font-size\"><a href=\"https:\/\/www.leneubourg.fr\/culture-patrimoine\/monuments\/vieux-chateau\/\">https:\/\/www.leneubourg.fr\/culture-patrimoine\/monuments\/vieux-chateau\/<\/a><\/h2>\n\n\n\n<p><\/p>\n\n\n\n<p class=\"has-text-align-center has-text-color\" style=\"color:#fcb90075;font-size:62px\"><strong>&#8211; &#8211; &#8211;<\/strong><\/p>\n\n\n\n<h2 class=\"wp-block-heading has-small-font-size\"><mark style=\"background-color:#000000\" class=\"has-inline-color has-white-color\"> <strong>Concerts  <\/strong><\/mark><mark style=\"background-color:rgba(0, 0, 0, 0)\" class=\"has-inline-color has-white-color\"><span style=\"background-color: rgb(0, 0, 0);\"> <\/span><\/mark><\/h2>\n\n\n\n<h2 class=\"wp-block-heading has-text-color has-large-font-size\" style=\"color:#e94540;text-transform:uppercase\"><strong>LIVE \u00c0 GISACUM<\/strong><\/h2>\n\n\n\n<h2 class=\"wp-block-heading has-black-color has-text-color has-medium-font-size\"><strong>Nana Benz du Togo (Digital Vaudou)<\/strong><\/h2>\n\n\n\n<p>Dirig\u00e9e par trois chanteuses, pr\u00eatresses togolaises, ce collectif compte bouleverser la soci\u00e9t\u00e9 patriarcale en d\u00e9voilant une musique DIY ancr\u00e9e, o\u00f9 les traditions et les rythmiques urbaines transportent l\u2019\u00e9coute dans une dimension futuriste.<\/p>\n\n\n\n<h2 class=\"wp-block-heading has-black-color has-text-color has-medium-font-size\"><strong>Lucie Antunes (Pop \u00c9lectro)<\/strong><\/h2>\n\n\n\n<p>\u00c0 la fois batteuse et percussionniste de formation classique et contemporaine, Lucie Antunes aime cr\u00e9er de nouveaux horizons sonores entre pop et \u00e9lectro.<\/p>\n\n\n\n<h2 class=\"wp-block-heading has-black-color has-text-color has-medium-font-size\"><strong>Claire Days (Folk) <\/strong><\/h2>\n\n\n\n<p>Entre musique ind\u00e9 et pop sombre, Claire Days bouscule les fronti\u00e8res de la folk, \u00e0 la crois\u00e9e d\u2019artistes comme Fink, Lianne la Havas ou encore Feist.<\/p>\n\n\n\n<h2 class=\"wp-block-heading has-text-color has-normal-font-size\" style=\"color:#e94540\"><strong>Samedi 16 septembre, \u00e0 partir de 16h<\/strong><\/h2>\n\n\n\n<h2 class=\"wp-block-heading has-black-color has-text-color has-normal-font-size\"><strong>Site arch\u00e9ologique de Gisacum<\/strong><\/h2>\n\n\n\n<h2 class=\"wp-block-heading has-black-color has-text-color has-normal-font-size\">8 rue des Thermes 27930 Le Vieil-\u00c9vreux<\/h2>\n\n\n\n<h2 class=\"wp-block-heading has-black-color has-text-color has-normal-font-size\">Entr\u00e9e libre<\/h2>\n\n\n\n<h2 class=\"wp-block-heading has-black-color has-text-color has-normal-font-size\"><a href=\"https:\/\/www.letangram.com\/\">https:\/\/www.letangram.com\/<\/a><\/h2>\n\n\n\n<p><\/p>\n\n\n\n<p class=\"has-text-align-center has-text-color\" style=\"color:#fcb90075;font-size:62px\"><strong>&#8211; &#8211; &#8211;<\/strong><\/p>\n\n\n\n<h2 class=\"wp-block-heading has-small-font-size\"><mark style=\"background-color:#000000\" class=\"has-inline-color has-white-color\">  Concert  <\/mark><\/h2>\n\n\n\n<h2 class=\"wp-block-heading has-black-color has-text-color has-medium-font-size\"><strong>Quatuor Atlantis<\/strong><\/h2>\n\n\n\n<h2 class=\"wp-block-heading has-text-color has-large-font-size\" style=\"color:#e94540;text-transform:uppercase\"><strong>Ethel SmYth, compositrice et suffragette britannique<\/strong><\/h2>\n\n\n\n<div class=\"wp-block-media-text alignwide is-stacked-on-mobile\"><figure class=\"wp-block-media-text__media\"><img loading=\"lazy\" decoding=\"async\" width=\"1024\" height=\"731\" src=\"https:\/\/hf-normandie.fr\/wp-content\/uploads\/2023\/08\/053_-Ethel-Smith-compositrice-et-suffragette-Britannique-DR-1024x731.jpg\" alt=\"\" class=\"wp-image-3022 size-full\" srcset=\"https:\/\/hf-normandie.fr\/wp-content\/uploads\/2023\/08\/053_-Ethel-Smith-compositrice-et-suffragette-Britannique-DR-1024x731.jpg 1024w, https:\/\/hf-normandie.fr\/wp-content\/uploads\/2023\/08\/053_-Ethel-Smith-compositrice-et-suffragette-Britannique-DR-300x214.jpg 300w, https:\/\/hf-normandie.fr\/wp-content\/uploads\/2023\/08\/053_-Ethel-Smith-compositrice-et-suffragette-Britannique-DR-768x549.jpg 768w, https:\/\/hf-normandie.fr\/wp-content\/uploads\/2023\/08\/053_-Ethel-Smith-compositrice-et-suffragette-Britannique-DR-1536x1097.jpg 1536w, https:\/\/hf-normandie.fr\/wp-content\/uploads\/2023\/08\/053_-Ethel-Smith-compositrice-et-suffragette-Britannique-DR-2048x1463.jpg 2048w\" sizes=\"auto, (max-width: 1024px) 100vw, 1024px\" \/><\/figure><div class=\"wp-block-media-text__content\">\n<p>Le quatuor Atlantis vous propose de d\u00e9couvrir l\u2019\u0153uvre d\u2019Ethel Smyth compositrice m\u00e9connue du d\u00e9but XXe si\u00e8cle qui \u00e9tait une f\u00e9ministe engag\u00e9e ainsi qu\u2019une grande artiste. Son quatuor en mi mineur refl\u00e8te son \u00e9poque, son combat et sa personnalit\u00e9 hors norme.<\/p>\n\n\n\n<p>Photo : <em>Ethel Smyth compositrice et suffragette Britannique<\/em> \u00a9DR<\/p>\n<\/div><\/div>\n\n\n\n<p><\/p>\n\n\n\n<h2 class=\"wp-block-heading has-text-color has-normal-font-size\" style=\"color:#e94540\"><strong>Dimanche 17 septembre \u00e0 16h&nbsp;<\/strong><\/h2>\n\n\n\n<h2 class=\"wp-block-heading has-normal-font-size\"><strong>A\u00eetre Saint-Maclou<\/strong><\/h2>\n\n\n\n<h2 class=\"wp-block-heading has-black-color has-text-color has-normal-font-size\">186 rue Martainville 76000 Rouen<\/h2>\n\n\n\n<h2 class=\"wp-block-heading has-black-color has-text-color has-normal-font-size\">Gratuit, dans la limite des places disponibles<\/h2>\n\n\n\n<h2 class=\"wp-block-heading has-black-color has-text-color has-normal-font-size\"><a href=\"https:\/\/www.aitresaintmaclou.fr\/\">https:\/\/www.aitresaintmaclou.fr\/<\/a><\/h2>\n\n\n\n<p><\/p>\n\n\n\n<p class=\"has-text-align-center has-luminous-vivid-amber-color has-text-color\" style=\"font-size:62px\"><strong>&#8211; &#8211; &#8211;<\/strong><\/p>\n\n\n\n<h2 class=\"wp-block-heading has-small-font-size\"><mark style=\"background-color:#000000\" class=\"has-inline-color has-white-color\"> Concert <\/mark><\/h2>\n\n\n\n<h2 class=\"wp-block-heading has-black-color has-text-color has-medium-font-size\"><strong>Fuckin\u2019B. Love &#8211; Lady Arlette &amp; Blanche C\u00e9lamor (Annabelle Cavallin &amp; Dominique Bonafini)<\/strong><\/h2>\n\n\n\n<h2 class=\"wp-block-heading has-text-color has-large-font-size\" style=\"color:#e94540;text-transform:uppercase\"><strong>Hommage \u00e0 la rockeuse inconnue<\/strong><\/h2>\n\n\n\n<p>La l\u00e9gende du rock compte \u00e9norm\u00e9ment de h\u00e9ros, mais aussi, on le sait moins, d\u2019h\u00e9ro\u00efnes. A travers leurs chansons et des anecdotes, venez d\u00e9couvrir quelques-unes de ces oubli\u00e9es du binaire (Rosetta Tharpe, Fanny, Jane County, Lydia Lunch, \u2026) aussi \u00e9nerv\u00e9es, pas polies et talentueuses que leurs coll\u00e8gues masculins !<\/p>\n\n\n\n<h2 class=\"wp-block-heading has-text-color has-normal-font-size\" style=\"color:#e94540\"><strong>Jeudi 14 septembre \u00e0 19h30<\/strong> (51 min)<\/h2>\n\n\n\n<h2 class=\"wp-block-heading has-normal-font-size\"><strong>Centre Andr\u00e9 Malraux&nbsp;<\/strong><\/h2>\n\n\n\n<h2 class=\"wp-block-heading has-black-color has-text-color has-normal-font-size\">Rue Fran\u00e7ois Couperin 76000 Rouen<\/h2>\n\n\n\n<h2 class=\"wp-block-heading has-black-color has-text-color has-normal-font-size\">Gratuit, r\u00e9servation conseill\u00e9e sur <a href=\"http:\/\/rouen.fr\/patrimoine2023\"><strong>rouen.fr\/patrimoine2023<\/strong><\/a> (\u00e0 partir du 1er septembre).<\/h2>\n\n\n\n<h2 class=\"wp-block-heading has-black-color has-text-color has-normal-font-size\"><a href=\"https:\/\/rouen.fr\/adresse\/centre-andre-malraux\">https:\/\/rouen.fr\/adresse\/centre-andre-malraux<\/a><\/h2>\n\n\n\n<h2 class=\"wp-block-heading has-text-color has-normal-font-size\" style=\"color:#e94540\"><strong>Vendredi 15 septembre \u00e0 18h <\/strong>(51 min)<\/h2>\n\n\n\n<h2 class=\"wp-block-heading has-normal-font-size\"><strong>M\u00e9diath\u00e8que Anne Frank<\/strong><\/h2>\n\n\n\n<h2 class=\"wp-block-heading has-black-color has-text-color has-normal-font-size\">2 Place Fran\u00e7ois Mitterrand 76250 D\u00e9ville-l\u00e8s-Rouen<\/h2>\n\n\n\n<h2 class=\"wp-block-heading has-black-color has-text-color has-normal-font-size\">Gratuit <\/h2>\n\n\n\n<h2 class=\"wp-block-heading has-black-color has-text-color has-normal-font-size\"><a href=\"https:\/\/www.mediatheque-anne-frank.fr\/\">https:\/\/www.mediatheque-anne-frank.fr\/<\/a><\/h2>\n\n\n\n<p><\/p>\n\n\n\n<p class=\"has-text-align-center has-text-color\" style=\"color:#fcb90075;font-size:62px\"><strong>&#8211; &#8211; &#8211;<\/strong><\/p>\n\n\n\n<h2 class=\"wp-block-heading has-small-font-size\"><mark style=\"background-color:#000000\" class=\"has-inline-color has-white-color\">  Concert   <\/mark><\/h2>\n\n\n\n<h2 class=\"wp-block-heading has-black-color has-text-color has-medium-font-size\"><strong>ARIA <\/strong><strong>(Atelier de Rencontres et d&rsquo;Initiatives Artistiques) &#8211; Kate Le Page (soprano),&nbsp; Patrick Desseauve (piano) et des choristes de l&rsquo;association.<\/strong><\/h2>\n\n\n\n<h2 class=\"wp-block-heading has-text-color has-large-font-size\" style=\"color:#e94540;text-transform:uppercase\"><strong>Soleils de septembre<\/strong><\/h2>\n\n\n\n<p>Un concert pour voix et piano afin de valoriser l&rsquo;h\u00e9ritage culturel des compositrices, encore trop souvent m\u00e9connues : Fanny Mendelssohn-Hensel, C\u00e9cile Chaminade, Amy Beach, Lili Boulanger, &#8230;<\/p>\n\n\n\n<h2 class=\"wp-block-heading has-text-color has-normal-font-size\" style=\"color:#e94540\"><strong>Dimanche 17 septembre \u00e0 16h et 17h<\/strong> (30 min)<\/h2>\n\n\n\n<h2 class=\"wp-block-heading has-normal-font-size\"><strong>Mus\u00e9e Le Secq des Tournelles<\/strong><\/h2>\n\n\n\n<h2 class=\"wp-block-heading has-black-color has-text-color has-normal-font-size\">Rue Jacques Villon 76000 Rouen<\/h2>\n\n\n\n<h2 class=\"wp-block-heading has-black-color has-text-color has-normal-font-size\">Gratuit <\/h2>\n\n\n\n<h2 class=\"wp-block-heading has-black-color has-text-color has-normal-font-size\"><a href=\"https:\/\/museelesecqdestournelles.fr\/fr\">https:\/\/museelesecqdestournelles.fr\/fr<\/a><\/h2>\n\n\n\n<p><\/p>\n\n\n\n<p class=\"has-text-align-center has-luminous-vivid-amber-color has-text-color\" style=\"font-size:62px\"><strong>&#8211; &#8211; &#8211;<\/strong><\/p>\n\n\n\n<h2 class=\"wp-block-heading has-small-font-size\"><mark style=\"background-color:#000000\" class=\"has-inline-color has-white-color\">  <strong>Conf\u00e9rence musicale<\/strong>  <\/mark><\/h2>\n\n\n\n<h2 class=\"wp-block-heading has-black-color has-text-color has-medium-font-size\"><strong>D\u00e9borah Livet &amp; les Lunaisiens<\/strong><\/h2>\n\n\n\n<h2 class=\"wp-block-heading has-text-color has-large-font-size\" style=\"color:#e94540;text-transform:uppercase\"><strong>LE FOLKLORE DE LA R\u00c9SISTANCE PO\u00c8MES ET CHANSONS DE FEMMES PENDANT L\u2019OCCUPATION<\/strong><\/h2>\n\n\n\n<p>\u00c0 la fin de la Seconde Guerre mondiale, le compositeur Paul Arma propose des \u00e9missions radiodiffus\u00e9es, <em>La R\u00e9sistance qui chante<\/em>, dans lesquelles il pr\u00e9sente les chants qu\u2019il a collect\u00e9s avec sa femme Edm\u00e9e pendant l\u2019Occupation. Aujourd\u2019hui, ce recueil intitul\u00e9 <em>Le Folklore de la R\u00e9sistance<\/em> recense pr\u00e8s de 1 300 chants dont un tiers utilisent des compositions originales, les autres reprenant des airs connus.<\/p>\n\n\n\n<h2 class=\"wp-block-heading has-text-color has-normal-font-size\" style=\"color:#e94540\"><strong>Vendredi 15 Septembre \u00e0 20h <\/strong>(1h)<\/h2>\n\n\n\n<h2 class=\"wp-block-heading has-normal-font-size\">Renseignements \u00e0 partir du 20 ao\u00fbt 2023 sur le site :<a href=\"http:\/\/www.academie-bach.fr\/\"> www.academie-bach.fr<\/a><\/h2>\n\n\n\n<h2 class=\"wp-block-heading has-black-color has-text-color has-normal-font-size\">Tarifs : 25 \u20ac \/\/ 18 \u20ac adh\u00e9rent.es \/\/ 10 \u20ac tarif r\u00e9duit \/ gratuit pour les \u2013 18 ans<\/h2>\n\n\n\n<h2 class=\"wp-block-heading has-black-color has-text-color has-normal-font-size\">&nbsp;<a href=\"http:\/\/www.academie-bach.fr\/\">www.academie-bach.fr<\/a><\/h2>\n\n\n\n<p><\/p>\n\n\n\n<p class=\"has-text-align-center has-luminous-vivid-amber-color has-text-color\" style=\"font-size:62px\"><strong>&#8211; &#8211; &#8211;<\/strong> <\/p>\n\n\n\n<h2 class=\"wp-block-heading has-small-font-size\"><mark style=\"background-color:#000000\" class=\"has-inline-color has-white-color\">  Rencontres po\u00e9tiques, audiovisuelles et musicales  <\/mark><\/h2>\n\n\n\n<h2 class=\"wp-block-heading has-black-color has-text-color has-medium-font-size\"><strong>M KREOL Kollektif<\/strong><\/h2>\n\n\n\n<h2 class=\"wp-block-heading has-text-color has-large-font-size\" style=\"color:#e94540;text-transform:uppercase\"><strong>Vwali\u00e9 &#8230; aimez ces aires &#8230; aimez ces airs &#8230; de Paulette Nardal<\/strong><\/h2>\n\n\n\n<p>Exposition d&rsquo;images et de citations comme fil d\u2019Ariane de la d\u00e9marche po\u00e9tique, artistique et m\u00e9morielle du projet \u00abVwali\u00e9 &#8230; | aimez ces aires &#8230; aimez ces airs &#8230;\u00bb. Une mani\u00e8re originale et singuli\u00e8re de rendre hommage, \u00e0 Paulette Nardal et \u00e0 travers son histoire, aux femmes qui ont fait et continuent de faire leur part pour la Terre, la Libert\u00e9 et l\u2019Humanit\u00e9.<\/p>\n\n\n\n<h2 class=\"wp-block-heading has-text-color has-normal-font-size\" style=\"color:#e94540\"><strong>Jeudi 14 septembre \u00e0 19h<\/strong> (4h)<\/h2>\n\n\n\n<h2 class=\"wp-block-heading has-black-color has-text-color has-normal-font-size\"><strong>Le Tunnel<\/strong><\/h2>\n\n\n\n<h2 class=\"wp-block-heading has-black-color has-text-color has-normal-font-size\">46 rue P\u00e8re Charles de Foucauld 14000 Caen<\/h2>\n\n\n\n<h2 class=\"wp-block-heading has-black-color has-text-color has-normal-font-size\">Gratuit sur r\u00e9servation au 07 82 71 88 62 ou sur <a href=\"https:\/\/framaforms.org\/je-minscris-aux-activites-evenements-de-lassociation-quelle-chouette-planete-1649192445\">https:\/\/framaforms.org\/je-minscris-aux-activites-evenements-de-lassociation-quelle-chouette-planete-1649192445<\/a><\/h2>\n\n\n\n<h2 class=\"wp-block-heading has-normal-font-size\"><a href=\"https:\/\/letunnelcaen.fr\/\">https:\/\/letunnelcaen.fr\/<\/a><\/h2>\n\n\n\n<p><\/p>\n\n\n\n<p class=\"has-text-align-center has-luminous-vivid-amber-color has-text-color\" style=\"font-size:62px\"><strong>&#8211; &#8211; &#8211;<\/strong><\/p>\n\n\n\n<h2 class=\"wp-block-heading has-small-font-size\"><mark style=\"background-color:#000000\" class=\"has-inline-color has-white-color\">  <strong>Concert  <\/strong><\/mark><\/h2>\n\n\n\n<h2 class=\"wp-block-heading has-black-color has-text-color has-medium-font-size\"><strong>Cie Comme sur des roulettes<\/strong><\/h2>\n\n\n\n<h2 class=\"wp-block-heading has-text-color has-large-font-size\" style=\"color:#e94540;text-transform:uppercase\"><strong><strong>D\u00c9BUTS (ou comment je suis devenue musicienne)<\/strong><\/strong><\/h2>\n\n\n\n<p>De Brigitte Fontaine \u00e0 Bj\u00f6k, Annette Banneville revient sur ses influences f\u00e9minines et d\u00e9livre le t\u00e9moignage de ce qu\u2019a repr\u00e9sent\u00e9 pour elle la d\u00e9couverte de ces artistes embl\u00e9matiques aux univers singuliers qui ont su trouver un large \u00e9cho et ouvrir la voie aux g\u00e9n\u00e9rations futures.&nbsp;<\/p>\n\n\n\n<h2 class=\"wp-block-heading has-text-color has-normal-font-size\" style=\"color:#e94540\"><strong>Samedi 16 septembre \u00e0 20h30 <\/strong>(1h) <\/h2>\n\n\n\n<h2 class=\"wp-block-heading has-black-color has-text-color has-normal-font-size\"><strong>Le Labo <\/strong><\/h2>\n\n\n\n<h2 class=\"wp-block-heading has-black-color has-text-color has-normal-font-size\">12 rue de la Poste 14380 Landelles-et-Coupigny&nbsp;<\/h2>\n\n\n\n<h2 class=\"wp-block-heading has-black-color has-text-color has-normal-font-size\">Tarif solidaire, r\u00e9servation au 06 08 23 88 95<\/h2>\n\n\n\n<p><\/p>\n\n\n\n<p class=\"has-text-align-center has-luminous-vivid-amber-color has-text-color\" style=\"font-size:62px\"><strong>&#8211; &#8211; &#8211;<\/strong><\/p>\n\n\n\n<h2 class=\"wp-block-heading has-small-font-size\"><mark style=\"background-color:#000000\" class=\"has-inline-color has-white-color\"><strong> Concert <\/strong><\/mark><\/h2>\n\n\n\n<h2 class=\"wp-block-heading has-black-color has-text-color has-medium-font-size\"><strong><strong>Duo Andranian&nbsp;<\/strong><\/strong><\/h2>\n\n\n\n<h2 class=\"wp-block-heading has-text-color has-large-font-size\" style=\"color:#e94540;text-transform:uppercase\"><strong><strong>Orientales<\/strong><\/strong><\/h2>\n\n\n\n<p>Trop longtemps maintenues dans l\u2019oubli et l\u2019obscurit\u00e9, les compositrices apparaissent toujours plus nombreuses et talentueuses. Leur sensibilit\u00e9 et leur imagination se r\u00e9v\u00e8lent tout particuli\u00e8rement, ici, avec l\u2019\u00e9vocation, en vogue \u00e0 une \u00e9poque, d\u2019un orient fantasm\u00e9.&nbsp;<\/p>\n\n\n\n<h2 class=\"wp-block-heading has-text-color has-normal-font-size\" style=\"color:#e94540\"><strong>Dimanche 17 septembre \u00e0 17h <\/strong>(1h15)<\/h2>\n\n\n\n<h2 class=\"wp-block-heading has-black-color has-text-color has-normal-font-size\"><strong>\u00c9glise de Coudehard<\/strong><\/h2>\n\n\n\n<h2 class=\"wp-block-heading has-black-color has-text-color has-normal-font-size\">12 La Croix Tiret 61160 Coudehard<\/h2>\n\n\n\n<h2 class=\"wp-block-heading has-black-color has-text-color has-normal-font-size\">Payant : 15\u20ac \/ Gratuit pour les &#8211; de 10 ans &#8211; R\u00e9servations au 06 83 50 41 80<\/h2>\n\n\n\n<p><\/p>\n","protected":false},"excerpt":{"rendered":"<p>Venez c\u00e9l\u00e9brer le Matrimoine en musique ! Pour cette septi\u00e8me \u00e9dition, 13 concerts et spectacles musicaux sont organis\u00e9s sur le territoire normand. Concert Les Vibrants D\u00e9fricheurs &#8211; Katel, Julie Gasnier&nbsp;et Sylvain Choinier Il n\u2019est sagesse que d\u2019aventure, un hommage \u00e0 Anita Conti Un \u00e9clairage en musique de l&rsquo;\u0153uvre d&rsquo;Anita Conti, connue comme la premi\u00e8re femme [&hellip;]<\/p>\n","protected":false},"author":11,"featured_media":0,"parent":0,"menu_order":0,"comment_status":"closed","ping_status":"closed","template":"","meta":{"footnotes":""},"class_list":["post-2764","page","type-page","status-publish","hentry"],"_links":{"self":[{"href":"https:\/\/hf-normandie.fr\/index.php\/wp-json\/wp\/v2\/pages\/2764","targetHints":{"allow":["GET"]}}],"collection":[{"href":"https:\/\/hf-normandie.fr\/index.php\/wp-json\/wp\/v2\/pages"}],"about":[{"href":"https:\/\/hf-normandie.fr\/index.php\/wp-json\/wp\/v2\/types\/page"}],"author":[{"embeddable":true,"href":"https:\/\/hf-normandie.fr\/index.php\/wp-json\/wp\/v2\/users\/11"}],"replies":[{"embeddable":true,"href":"https:\/\/hf-normandie.fr\/index.php\/wp-json\/wp\/v2\/comments?post=2764"}],"version-history":[{"count":14,"href":"https:\/\/hf-normandie.fr\/index.php\/wp-json\/wp\/v2\/pages\/2764\/revisions"}],"predecessor-version":[{"id":3211,"href":"https:\/\/hf-normandie.fr\/index.php\/wp-json\/wp\/v2\/pages\/2764\/revisions\/3211"}],"wp:attachment":[{"href":"https:\/\/hf-normandie.fr\/index.php\/wp-json\/wp\/v2\/media?parent=2764"}],"curies":[{"name":"wp","href":"https:\/\/api.w.org\/{rel}","templated":true}]}}