{"id":2769,"date":"2023-08-03T12:57:36","date_gmt":"2023-08-03T10:57:36","guid":{"rendered":"https:\/\/hf-normandie.fr\/?page_id=2769"},"modified":"2023-08-03T12:57:36","modified_gmt":"2023-08-03T10:57:36","slug":"journees-du-matrimoine-2023-femmes-et-sciences","status":"publish","type":"page","link":"https:\/\/hf-normandie.fr\/index.php\/journees-du-matrimoine-2023-femmes-et-sciences\/","title":{"rendered":"Journ\u00e9es du Matrimoine 2023 \u2013 Femmes et sciences"},"content":{"rendered":"\n<p><\/p>\n\n\n\n<p>Pour cette septi\u00e8me \u00e9dition, 5 projets autour du th\u00e8me \u201cfemmes et sciences\u201d ont lieu sur le territoire normand !<\/p>\n\n\n\n<p><\/p>\n\n\n\n<h2 class=\"wp-block-heading has-small-font-size\"><mark style=\"background-color:#000000\" class=\"has-inline-color has-white-color\">  Lecture th\u00e9\u00e2tralis\u00e9e  <\/mark><\/h2>\n\n\n\n<h2 class=\"wp-block-heading has-black-color has-text-color has-medium-font-size\"><strong>Cie Les filles de Simone<\/strong><\/h2>\n\n\n\n<h2 class=\"wp-block-heading has-text-color has-large-font-size\" style=\"color:#e94540;text-transform:uppercase\"><strong>Ada<\/strong><\/h2>\n\n\n\n<p>Pourquoi les filles et les maths \u00e7a fait (souvent) deux ? Pour r\u00e9soudre l\u2019\u00e9quation et conjurer cette nullit\u00e9 socialement cultiv\u00e9e, la compagnie Les Filles de Simone rend un hommage fantaisiste et culott\u00e9 \u00e0 Ada Lovelace, inventrice g\u00e9niale du premier code informatique, 150 ans avant tout le monde.<\/p>\n\n\n\n<h2 class=\"wp-block-heading has-text-color has-normal-font-size\" style=\"color:#e94540\"><strong>Dimanche 17 septembre \u00e0 15h30<\/strong> (1h)<\/h2>\n\n\n\n<h2 class=\"wp-block-heading has-normal-font-size\"><strong>Mus\u00e9e Flaubert et d&rsquo;histoire de la m\u00e9decine<\/strong><\/h2>\n\n\n\n<h2 class=\"wp-block-heading has-black-color has-text-color has-normal-font-size\">51 rue Lecat 76000 Rouen<\/h2>\n\n\n\n<h2 class=\"wp-block-heading has-black-color has-text-color has-normal-font-size\">Gratuit<\/h2>\n\n\n\n<h2 class=\"wp-block-heading has-black-color has-text-color has-normal-font-size\"><a href=\"https:\/\/www.musees-normandie.fr\/musees-normandie\/musee-flaubert-et-d-histoire-de-la-medecine\/\">https:\/\/www.musees-normandie.fr\/musees-normandie\/musee-flaubert-et-d-histoire-de-la-medecine\/<\/a><\/h2>\n\n\n\n<p><\/p>\n\n\n\n<p class=\"has-text-align-center has-text-color\" style=\"color:#fcb90075;font-size:62px\"><strong>&#8211; &#8211; &#8211;<\/strong><\/p>\n\n\n\n<h2 class=\"wp-block-heading has-small-font-size\"><mark style=\"background-color:#000000\" class=\"has-inline-color has-white-color\">Conf\u00e9rence  <\/mark><\/h2>\n\n\n\n<h2 class=\"wp-block-heading has-black-color has-text-color has-medium-font-size\"><strong>B\u00e9n\u00e9dicte Percheron<\/strong><\/h2>\n\n\n\n<h2 class=\"wp-block-heading has-text-color has-large-font-size\" style=\"color:#e94540;text-transform:uppercase\"><strong>Les femmes naturalistes en Normandie au XIXe si\u00e8cle<\/strong><\/h2>\n\n\n\n<p>Dans le domaine de l\u2019histoire naturelle, en Normandie comme ailleurs, de nombreuses femmes ont travaill\u00e9 dans l\u2019ombre de naturalistes reconnus, comme Marie Le Masson Le Golft au Havre ou Anne Christie Pouchet \u00e0 Rouen. Cette conf\u00e9rence revient sur l&rsquo;accession des femmes aux cours d\u2019histoire naturelle, dans les ann\u00e9es 1880, comme \u00e9l\u00e8ves puis enseignantes, et leur participation aux travaux des soci\u00e9t\u00e9s savantes, comme Marie Roussel, \u00e9galement pionni\u00e8re locale de la m\u00e9decine.&nbsp;<\/p>\n\n\n\n<h2 class=\"wp-block-heading has-text-color has-normal-font-size\" style=\"color:#e94540\"><strong>Samedi 16 septembre \u00e0 15h30<\/strong> (1h)<\/h2>\n\n\n\n<h2 class=\"wp-block-heading has-normal-font-size\"><strong>Auditorium des soci\u00e9t\u00e9s savantes<\/strong><\/h2>\n\n\n\n<h2 class=\"wp-block-heading has-black-color has-text-color has-normal-font-size\">198 rue Beauvoisine 76000 Rouen<\/h2>\n\n\n\n<h2 class=\"wp-block-heading has-black-color has-text-color has-normal-font-size\">Entr\u00e9e libre<\/h2>\n\n\n\n<h2 class=\"wp-block-heading has-black-color has-text-color has-normal-font-size\"><a href=\"https:\/\/rouen.fr\/associations\/consortium_des_societes_savantes\">https:\/\/rouen.fr\/associations\/consortium_des_societes_savantes<\/a><\/h2>\n\n\n\n<p><\/p>\n\n\n\n<p class=\"has-text-align-center has-luminous-vivid-amber-color has-text-color\" style=\"font-size:62px\"><strong>&#8211; &#8211; &#8211;<\/strong><\/p>\n\n\n\n<h2 class=\"wp-block-heading has-small-font-size\"><mark style=\"background-color:#000000\" class=\"has-inline-color has-white-color\">Spectacle &#8211; En famille, \u00e0 partir de 13 ans <\/mark><\/h2>\n\n\n\n<h2 class=\"wp-block-heading has-black-color has-text-color has-medium-font-size\"><strong>Cie Ah ! Le Destin<\/strong><\/h2>\n\n\n\n<h2 class=\"wp-block-heading has-text-color has-large-font-size\" style=\"color:#e94540;text-transform:uppercase\"><strong>Radium Mania<\/strong><\/h2>\n\n\n\n<p>En s\u2019attachant aux anecdotes les plus fascinantes de l&rsquo;existence de Maria Sklodowska Curie (1867-1934) et en s\u2019appuyant sur ses nombreuses correspondances et discours, Radium Mania r\u00e9v\u00e8le, au-del\u00e0 d\u2019un destin exceptionnel, un parcours de lutte inspirant. Ce spectacle questionne la place des femmes dans la communaut\u00e9 scientifique ainsi que leurs acc\u00e8s aux \u00e9tudes, sujets qui sont toujours d\u2019actualit\u00e9 un si\u00e8cle plus tard.<\/p>\n\n\n\n<h2 class=\"wp-block-heading has-text-color has-normal-font-size\" style=\"color:#e94540\"><strong>Vendredi 15 septembre \u00e0 18h<\/strong> (55 min)<\/h2>\n\n\n\n<h2 class=\"wp-block-heading has-normal-font-size\"><strong><strong>M\u00e9diath\u00e8que Fran\u00e7ois-Mitterrand<\/strong>&nbsp;<\/strong><\/h2>\n\n\n\n<h2 class=\"wp-block-heading has-black-color has-text-color has-normal-font-size\">Esplanade Tony Larue 76120 Grand Quevilly<\/h2>\n\n\n\n<h2 class=\"wp-block-heading has-black-color has-text-color has-normal-font-size\">Gratuit<\/h2>\n\n\n\n<h2 class=\"wp-block-heading has-black-color has-text-color has-normal-font-size\"><a href=\"https:\/\/mediatheque.ville-grand-quevilly.fr\/\">https:\/\/mediatheque.ville-grand-quevilly.fr\/<\/a><\/h2>\n\n\n\n<p><\/p>\n\n\n\n<p class=\"has-text-align-center has-luminous-vivid-amber-color has-text-color\" style=\"font-size:62px\"><strong>&#8211; &#8211; &#8211;<\/strong><\/p>\n\n\n\n<h2 class=\"wp-block-heading has-small-font-size\"><mark style=\"background-color:#000000\" class=\"has-inline-color has-white-color\"> Visite comment\u00e9e   <\/mark><\/h2>\n\n\n\n<h2 class=\"wp-block-heading has-black-color has-text-color has-medium-font-size\"><strong>Science Action Normandie<\/strong><\/h2>\n\n\n\n<h2 class=\"wp-block-heading has-text-color has-large-font-size\" style=\"color:#e94540;text-transform:uppercase\"><strong>Les femmes embl\u00e9matiques de la sant\u00e9<\/strong><\/h2>\n\n\n\n<p>Venez d\u00e9couvrir les femmes qui ont marqu\u00e9 l\u2019histoire de la sant\u00e9 !<\/p>\n\n\n\n<h2 class=\"wp-block-heading has-text-color has-normal-font-size\" style=\"color:#e94540\"><strong>Samedi 16 septembre et dimanche 17 septembre<\/strong> <strong>\u00e0 14h15, 15h15 et 16h30 <\/strong>(45 min)<\/h2>\n\n\n\n<h2 class=\"wp-block-heading has-normal-font-size\"><strong>L\u2019Atrium<\/strong><\/h2>\n\n\n\n<h2 class=\"wp-block-heading has-normal-font-size\">115 Bd de l\u2019Europe 76100 Rouen<\/h2>\n\n\n\n<h2 class=\"wp-block-heading has-normal-font-size\">Gratuit \u2013 R\u00e9servation conseill\u00e9e au 02 35 89 42 27<\/h2>\n\n\n\n<h2 class=\"wp-block-heading has-normal-font-size\">&nbsp;<a href=\"https:\/\/www.atriumnormandie.fr\/\">https:\/\/www.atriumnormandie.fr\/<\/a><\/h2>\n\n\n\n<p class=\"has-text-align-center has-luminous-vivid-amber-color has-text-color\" style=\"font-size:62px\"><strong>&#8211; &#8211; &#8211;<\/strong><\/p>\n\n\n\n<h2 class=\"wp-block-heading has-small-font-size\"><mark style=\"background-color:#000000\" class=\"has-inline-color has-white-color\">  Projection &#8211; d\u00e9bat   <\/mark><\/h2>\n\n\n\n<h2 class=\"wp-block-heading has-black-color has-text-color has-medium-font-size\"><strong>Association Femmes et cin\u00e9ma<\/strong><\/h2>\n\n\n\n<h2 class=\"wp-block-heading has-text-color has-large-font-size\" style=\"color:#e94540;text-transform:uppercase\"><strong>Ph\u00e9nom\u00e9nales<\/strong><\/h2>\n\n\n\n<p>N\u2019est-il pas l\u2019heure de se cr\u00e9er de nouveaux mod\u00e8les de r\u00e9ussite inspirants ? Au travers d\u2019un cycle de courts-m\u00e9trages, d\u00e9couvrez des histoires de femmes qui ont d\u00e9cid\u00e9 de se faire une place dans le monde des sciences et du num\u00e9rique !<\/p>\n\n\n\n<h2 class=\"wp-block-heading has-text-color has-normal-font-size\" style=\"color:#e94540\"><strong>Samedi 16 septembre \u00e0 14h <\/strong>(1h)<\/h2>\n\n\n\n<h2 class=\"wp-block-heading has-normal-font-size\"><strong>L\u2019Atrium<\/strong><\/h2>\n\n\n\n<h2 class=\"wp-block-heading has-normal-font-size\">115 Bd de l\u2019Europe 76100 Rouen<\/h2>\n\n\n\n<h2 class=\"wp-block-heading has-normal-font-size\">Gratuit \u2013 R\u00e9servation conseill\u00e9e au 02 35 89 42 27<\/h2>\n\n\n\n<h2 class=\"wp-block-heading has-normal-font-size\">\u00a0<a href=\"https:\/\/www.atriumnormandie.fr\/\">https:\/\/www.atriumnormandie.fr\/<\/a><\/h2>\n","protected":false},"excerpt":{"rendered":"<p>Pour cette septi\u00e8me \u00e9dition, 5 projets autour du th\u00e8me \u201cfemmes et sciences\u201d ont lieu sur le territoire normand ! Lecture th\u00e9\u00e2tralis\u00e9e Cie Les filles de Simone Ada Pourquoi les filles et les maths \u00e7a fait (souvent) deux ? Pour r\u00e9soudre l\u2019\u00e9quation et conjurer cette nullit\u00e9 socialement cultiv\u00e9e, la compagnie Les Filles de Simone rend un [&hellip;]<\/p>\n","protected":false},"author":11,"featured_media":0,"parent":0,"menu_order":0,"comment_status":"closed","ping_status":"closed","template":"","meta":{"footnotes":""},"class_list":["post-2769","page","type-page","status-publish","hentry"],"_links":{"self":[{"href":"https:\/\/hf-normandie.fr\/index.php\/wp-json\/wp\/v2\/pages\/2769","targetHints":{"allow":["GET"]}}],"collection":[{"href":"https:\/\/hf-normandie.fr\/index.php\/wp-json\/wp\/v2\/pages"}],"about":[{"href":"https:\/\/hf-normandie.fr\/index.php\/wp-json\/wp\/v2\/types\/page"}],"author":[{"embeddable":true,"href":"https:\/\/hf-normandie.fr\/index.php\/wp-json\/wp\/v2\/users\/11"}],"replies":[{"embeddable":true,"href":"https:\/\/hf-normandie.fr\/index.php\/wp-json\/wp\/v2\/comments?post=2769"}],"version-history":[{"count":4,"href":"https:\/\/hf-normandie.fr\/index.php\/wp-json\/wp\/v2\/pages\/2769\/revisions"}],"predecessor-version":[{"id":2844,"href":"https:\/\/hf-normandie.fr\/index.php\/wp-json\/wp\/v2\/pages\/2769\/revisions\/2844"}],"wp:attachment":[{"href":"https:\/\/hf-normandie.fr\/index.php\/wp-json\/wp\/v2\/media?parent=2769"}],"curies":[{"name":"wp","href":"https:\/\/api.w.org\/{rel}","templated":true}]}}