{"id":2771,"date":"2023-08-03T12:48:54","date_gmt":"2023-08-03T10:48:54","guid":{"rendered":"https:\/\/hf-normandie.fr\/?page_id=2771"},"modified":"2023-09-11T11:01:40","modified_gmt":"2023-09-11T09:01:40","slug":"journees-du-matrimoine-2023-ateliers-artistiques","status":"publish","type":"page","link":"https:\/\/hf-normandie.fr\/index.php\/journees-du-matrimoine-2023-ateliers-artistiques\/","title":{"rendered":"Journ\u00e9es du Matrimoine 2023 \u2013 Ateliers artistiques"},"content":{"rendered":"\n<p><\/p>\n\n\n\n<p>Pour cette septi\u00e8me \u00e9dition, 7 ateliers artistiques ont lieu sur le territoire normand !<\/p>\n\n\n\n<p><\/p>\n\n\n\n<p><strong>\u2b55\ufe0f AJOUT<\/strong><\/p>\n\n\n\n<h2 class=\"wp-block-heading has-small-font-size\"><mark style=\"background-color:#000000\" class=\"has-inline-color has-white-color\"> Atelier d&rsquo;\u00e9criture <\/mark><\/h2>\n\n\n\n<h2 class=\"wp-block-heading has-black-color has-text-color has-medium-font-size\"><strong>Juliette Riedler<\/strong><\/h2>\n\n\n\n<h2 class=\"wp-block-heading has-text-color has-large-font-size\" style=\"color:#e94540;text-transform:uppercase\"><strong>La r\u00e9\u00e9criture f\u00e9ministe des contes<\/strong><\/h2>\n\n\n\n<p>Atelier d&rsquo;\u00e9criture propos\u00e9 par Juliette Riedler de 10h30 \u00e0 12h30 au mus\u00e9e Pierre Corneille de Petit Couronne sur le th\u00e8me, \u00ab\u00a0la r\u00e9\u00e9criture f\u00e9ministe des contes\u00a0\u00bb. Juliette Riedler est l&rsquo;autrice <em>Vieille Petite Fille<\/em>, pi\u00e8ce que la cie Alphageste jouera \u00e0 15h au m\u00eame endroit.<\/p>\n\n\n\n<h2 class=\"wp-block-heading has-text-color has-normal-font-size\" style=\"color:#e94540\"><strong>Dimanche 17 septembre de 10h30 \u00e0 12h30<\/strong><\/h2>\n\n\n\n<h2 class=\"wp-block-heading has-vivid-red-color has-text-color has-normal-font-size\"><strong>Maison des Champs &#8211; mus\u00e9e Pierre Corneille <\/strong><\/h2>\n\n\n\n<h2 class=\"wp-block-heading has-black-color has-text-color has-normal-font-size\">502 rue Pierre Corneille 76650 Petit-Couronne<\/h2>\n\n\n\n<h2 class=\"wp-block-heading has-black-color has-text-color has-normal-font-size\">Gratuit<\/h2>\n\n\n\n<h2 class=\"wp-block-heading has-black-color has-text-color has-normal-font-size\"><a href=\"https:\/\/www.offranville.fr\/78-decouvrir\/175-parc-du-colombier\"><\/a><a href=\"https:\/\/museepierrecorneille.fr\/fr\/maison-des-champs-pierre-corneille\">https:\/\/museepierrecorneille.fr\/fr\/maison-des-champs-pierre-corneille<\/a><\/h2>\n\n\n\n<p><\/p>\n\n\n\n<p class=\"has-text-align-center has-text-color\" style=\"color:#fcb90075;font-size:62px\"><strong>\u2013 \u2013 \u2013<\/strong><\/p>\n\n\n\n<h2 class=\"wp-block-heading has-small-font-size\"><mark style=\"background-color:#000000\" class=\"has-inline-color has-white-color\"> Atelier street art <\/mark><\/h2>\n\n\n\n<h2 class=\"wp-block-heading has-black-color has-text-color has-medium-font-size\"><strong>Mathilde Guegan<\/strong><\/h2>\n\n\n\n<h2 class=\"wp-block-heading has-text-color has-large-font-size\" style=\"color:#e94540;text-transform:uppercase\"><strong>Matrimoine Street art : Alice Milliat<\/strong><\/h2>\n\n\n\n<div class=\"wp-block-media-text alignwide is-stacked-on-mobile\"><figure class=\"wp-block-media-text__media\"><img loading=\"lazy\" decoding=\"async\" width=\"1024\" height=\"656\" src=\"https:\/\/hf-normandie.fr\/wp-content\/uploads\/2023\/08\/068_-Atelier-matrimoine-Street-Art-Credit-Alice-Milliat-1024x656.jpg\" alt=\"\" class=\"wp-image-2947 size-full\" srcset=\"https:\/\/hf-normandie.fr\/wp-content\/uploads\/2023\/08\/068_-Atelier-matrimoine-Street-Art-Credit-Alice-Milliat-1024x656.jpg 1024w, https:\/\/hf-normandie.fr\/wp-content\/uploads\/2023\/08\/068_-Atelier-matrimoine-Street-Art-Credit-Alice-Milliat-300x192.jpg 300w, https:\/\/hf-normandie.fr\/wp-content\/uploads\/2023\/08\/068_-Atelier-matrimoine-Street-Art-Credit-Alice-Milliat-768x492.jpg 768w, https:\/\/hf-normandie.fr\/wp-content\/uploads\/2023\/08\/068_-Atelier-matrimoine-Street-Art-Credit-Alice-Milliat.jpg 1131w\" sizes=\"auto, (max-width: 1024px) 100vw, 1024px\" \/><\/figure><div class=\"wp-block-media-text__content\">\n<p>A travers un atelier Street art responsable et collaboratif, l\u2019artiste Mathilde Guegan, nous invite \u00e0 d\u00e9couvrir ou red\u00e9couvrir Alice Milliat (1884-1957), m\u00e8re des Jeux Olympiques F\u00e9minins, reconnue comme l&rsquo;une des plus grandes militantes du combat pour la reconnaissance du sport f\u00e9minin au niveau international.<\/p>\n\n\n\n<p>Photo : <em>Atelier matrimoine Street Art <\/em>\u00a9Alice Milliat<\/p>\n<\/div><\/div>\n\n\n\n<p><\/p>\n\n\n\n<h2 class=\"wp-block-heading has-text-color has-normal-font-size\" style=\"color:#e94540\"><strong>Samedi 16 septembre \u00e0 10h30 <\/strong>(1h30)<\/h2>\n\n\n\n<h2 class=\"wp-block-heading has-normal-font-size\"><strong><strong>M\u00e9diath\u00e8que Fran\u00e7ois-Mitterrand<\/strong>&nbsp;<\/strong><\/h2>\n\n\n\n<h2 class=\"wp-block-heading has-black-color has-text-color has-normal-font-size\">Esplanade Tony Larue 76120 Grand Quevilly<\/h2>\n\n\n\n<h2 class=\"wp-block-heading has-black-color has-text-color has-normal-font-size\">Gratuit,&nbsp;inscription au 0235689397<\/h2>\n\n\n\n<h2 class=\"wp-block-heading has-black-color has-text-color has-normal-font-size\"><a href=\"https:\/\/mediatheque.ville-grand-quevilly.fr\/\">https:\/\/mediatheque.ville-grand-quevilly.fr\/<\/a><\/h2>\n\n\n\n<p><\/p>\n\n\n\n<p class=\"has-text-align-center has-text-color\" style=\"color:#fcb90075;font-size:62px\"><strong>&#8211; &#8211; &#8211;<\/strong><\/p>\n\n\n\n<h2 class=\"wp-block-heading has-small-font-size\"><mark style=\"background-color:#000000\" class=\"has-inline-color has-white-color\">Temps fort  <\/mark> <\/h2>\n\n\n\n<h2 class=\"wp-block-heading has-black-color has-text-color has-medium-font-size\"><strong><strong><strong>Le Phare &#8211; Centre Chor\u00e9graphique National du Havre Normandie<\/strong><\/strong><\/strong><\/h2>\n\n\n\n<h2 class=\"wp-block-heading has-text-color has-large-font-size\" style=\"color:#e94540;text-transform:uppercase\"><strong>Causerie Dansante &#8211; l&rsquo;h\u00e9ritage des femmes chor\u00e9graphes<\/strong><\/h2>\n\n\n\n<p>Le Phare organise sa premi\u00e8re causerie dansante : une journ\u00e9e hybride anim\u00e9e par des danseuses et chor\u00e9graphes, m\u00ealant ateliers de pratiques, pr\u00e9sentations et conf\u00e9rences autour de l\u2019histoire de la danse contemporaine et du r\u00f4le que les femmes y ont jou\u00e9.<\/p>\n\n\n\n<h2 class=\"wp-block-heading has-text-color has-normal-font-size\" style=\"color:#e94540\"><strong>Samedi 16 septembre de 10h \u00e0 16h<\/strong><\/h2>\n\n\n\n<h2 class=\"wp-block-heading has-black-color has-text-color has-normal-font-size\"><strong>Le Phare, CCN du Havre Normandie<\/strong><\/h2>\n\n\n\n<h2 class=\"wp-block-heading has-black-color has-text-color has-normal-font-size\">30 rue des briquetiers 76600 Le Havre<\/h2>\n\n\n\n<h2 class=\"wp-block-heading has-black-color has-text-color has-normal-font-size\">Gratuit sur r\u00e9servation au 02 35 26 23 00 ou contact@lephare-ccn.fr<\/h2>\n\n\n\n<h2 class=\"wp-block-heading has-normal-font-size\"><a href=\"https:\/\/lephare-ccn.fr\">https:\/\/lephare-ccn.fr<\/a><\/h2>\n\n\n\n<p><\/p>\n\n\n\n<p class=\"has-text-align-center has-luminous-vivid-amber-color has-text-color\" style=\"font-size:62px\"><strong>&#8211; &#8211; &#8211;<\/strong><\/p>\n\n\n\n<h2 class=\"wp-block-heading has-small-font-size\"><mark style=\"background-color:#000000\" class=\"has-inline-color has-white-color\"> Atelier   <\/mark><\/h2>\n\n\n\n<h2 class=\"wp-block-heading has-black-color has-text-color has-medium-font-size\"><strong>Biblioth\u00e8que Boris Vian<\/strong><\/h2>\n\n\n\n<h2 class=\"wp-block-heading has-text-color has-large-font-size\" style=\"color:#e94540;text-transform:uppercase\"><strong>Atelier artistique<\/strong><\/h2>\n\n\n\n<p>Atelier artistique \u00e0 partir d\u2019\u0153uvres de femmes artistes pour un public adulte.<\/p>\n\n\n\n<h2 class=\"wp-block-heading has-text-color has-normal-font-size\" style=\"color:#e94540\"><strong>Samedi 16 septembre \u00e0 14h <\/strong>(2h)<\/h2>\n\n\n\n<h2 class=\"wp-block-heading has-normal-font-size\"><strong>Biblioth\u00e8que Boris Vian<\/strong>&nbsp;<\/h2>\n\n\n\n<h2 class=\"wp-block-heading has-black-color has-text-color has-normal-font-size\">5 rue Georges Clemenceau&nbsp; 76530 Grand Couronne<\/h2>\n\n\n\n<h2 class=\"wp-block-heading has-black-color has-text-color has-normal-font-size\">Gratuit sur r\u00e9servation au 02 32 11 64 01<\/h2>\n\n\n\n<h2 class=\"wp-block-heading has-black-color has-text-color has-normal-font-size\"><a href=\"https:\/\/mediatheque.ville-grandcouronne.fr\/\">https:\/\/mediatheque.ville-grandcouronne.fr\/<\/a><\/h2>\n\n\n\n<p><\/p>\n\n\n\n<p class=\"has-text-align-center has-text-color\" style=\"color:#fcb90075;font-size:62px\"><strong>&#8211; &#8211; &#8211;<\/strong><\/p>\n\n\n\n<h2 class=\"wp-block-heading has-small-font-size\"><mark style=\"background-color:#000000\" class=\"has-inline-color has-white-color\"><strong> Balade atelier &#8211; En famille, \u00e0 partir de 5 ans<\/strong><\/mark><\/h2>\n\n\n\n<h2 class=\"wp-block-heading has-black-color has-text-color has-medium-font-size\"><strong>Emilie Breux<\/strong><\/h2>\n\n\n\n<h2 class=\"wp-block-heading has-text-color has-large-font-size\" style=\"color:#e94540;text-transform:uppercase\"><strong>Balade artistique dans le quartier Lorge<\/strong><\/h2>\n\n\n\n<p>Une balade-atelier propos\u00e9e par l\u2019artiste \u00c9milie Breux pour une d\u00e9couverte cr\u00e9ative des espaces cach\u00e9s du quartier Lorge.<\/p>\n\n\n\n<h2 class=\"wp-block-heading has-text-color has-normal-font-size\" style=\"color:#e94540\"><strong>Samedi 16 septembre \u00e0 16h<\/strong> (2h)<\/h2>\n\n\n\n<h2 class=\"wp-block-heading has-black-color has-text-color has-normal-font-size\"><strong><strong>FRAC Normandie <\/strong><\/strong><\/h2>\n\n\n\n<h2 class=\"wp-block-heading has-black-color has-text-color has-normal-font-size\">7bis rue Neuve-Bourg-l&rsquo;Abb\u00e9 14000 Caen<\/h2>\n\n\n\n<h2 class=\"wp-block-heading has-black-color has-text-color has-normal-font-size\">Gratuit, r\u00e9servation sur mediation@fracnormandiecaen.fr<\/h2>\n\n\n\n<h2 class=\"wp-block-heading has-normal-font-size\"><a href=\"http:\/\/www.fracnormandie.fr\">www.fracnormandie.fr<\/a><\/h2>\n\n\n\n<p><\/p>\n\n\n\n<p class=\"has-text-align-center has-luminous-vivid-amber-color has-text-color\" style=\"font-size:62px\"><strong>&#8211; &#8211; &#8211;<\/strong><\/p>\n\n\n\n<h2 class=\"wp-block-heading has-small-font-size\"><mark style=\"background-color:#000000\" class=\"has-inline-color has-white-color\"><strong>Atelier danse &#8211; En famille, \u00e0 partir de 7 ans<\/strong><\/mark><\/h2>\n\n\n\n<h2 class=\"wp-block-heading has-black-color has-text-color has-medium-font-size\"><strong><strong>V\u00e9ronique Favarel<\/strong><\/strong><\/h2>\n\n\n\n<h2 class=\"wp-block-heading has-text-color has-large-font-size\" style=\"color:#e94540;text-transform:uppercase\"><strong>Atelier danse perform\u00e9e<\/strong><\/h2>\n\n\n\n<p>V\u00e9ronique Favarel, chor\u00e9graphe et actrice du film \u00ab<em>Nos corps sont des rivi\u00e8res<\/em>\u00bb de Virginie Barr\u00e9, nous invite \u00e0 prolonger, dans les espaces du Frac et sous la forme d\u2019un atelier, la chor\u00e9graphie du film. Suivi d\u2019une restitution publique et conviviale..<\/p>\n\n\n\n<h2 class=\"wp-block-heading has-text-color has-normal-font-size\" style=\"color:#e94540\"><strong>Dimanche 17 septembre \u00e0 15h <\/strong>(2h)<\/h2>\n\n\n\n<h2 class=\"wp-block-heading has-black-color has-text-color has-normal-font-size\"><strong><strong>FRAC Normandie <\/strong><\/strong><\/h2>\n\n\n\n<h2 class=\"wp-block-heading has-black-color has-text-color has-normal-font-size\">7bis rue Neuve-Bourg-l&rsquo;Abb\u00e9 14000 Caen<\/h2>\n\n\n\n<h2 class=\"wp-block-heading has-black-color has-text-color has-normal-font-size\">Gratuit, r\u00e9servation sur mediation@fracnormandiecaen.fr<\/h2>\n\n\n\n<h2 class=\"wp-block-heading has-normal-font-size\"><a href=\"http:\/\/www.fracnormandie.fr\">www.fracnormandie.fr<\/a><\/h2>\n\n\n\n<p><\/p>\n\n\n\n<p class=\"has-text-align-center has-text-color\" style=\"color:#fcb90075;font-size:62px\"><strong>&#8211; &#8211; &#8211;<\/strong><\/p>\n\n\n\n<h2 class=\"wp-block-heading has-small-font-size\"><mark style=\"background-color:#000000\" class=\"has-inline-color has-white-color\"><strong> Atelier  <\/strong><\/mark><\/h2>\n\n\n\n<h2 class=\"wp-block-heading has-black-color has-text-color has-medium-font-size\"><strong>M\u00e9lanie Dornier, <strong>photographe auteure<\/strong><\/strong>,<strong> et la recyclerie les Fourmis vertes<\/strong><\/h2>\n\n\n\n<h2 class=\"wp-block-heading has-text-color has-large-font-size\" style=\"color:#e94540;text-transform:uppercase\"><strong>Empreintes au f\u00e9minin : artisanat et photographie<\/strong><\/h2>\n\n\n\n<div class=\"wp-block-media-text alignwide has-media-on-the-right is-stacked-on-mobile\"><div class=\"wp-block-media-text__content\">\n<p>Venez d\u00e9couvrir les richesses de l\u2019artisanat f\u00e9minin et l\u2019\u00e9criture de la lumi\u00e8re ! En hommage \u00e0 Anna Atkins, une des premi\u00e8res femme photographe, le cyanotype une technique de photographie par contact sera utilis\u00e9e pour photographier des tr\u00e9sors de l\u2019artisanat f\u00e9minin ornais.<\/p>\n\n\n\n<p>Photo : Anna Atkins, 1961 \u00a9DR<\/p>\n<\/div><figure class=\"wp-block-media-text__media\"><img loading=\"lazy\" decoding=\"async\" width=\"695\" height=\"1024\" src=\"https:\/\/hf-normandie.fr\/wp-content\/uploads\/2023\/08\/126_-Empreintes-au-feminin-Anna-Atkins-Public-domain-695x1024.jpg\" alt=\"\" class=\"wp-image-2988 size-full\" srcset=\"https:\/\/hf-normandie.fr\/wp-content\/uploads\/2023\/08\/126_-Empreintes-au-feminin-Anna-Atkins-Public-domain-695x1024.jpg 695w, https:\/\/hf-normandie.fr\/wp-content\/uploads\/2023\/08\/126_-Empreintes-au-feminin-Anna-Atkins-Public-domain-204x300.jpg 204w, https:\/\/hf-normandie.fr\/wp-content\/uploads\/2023\/08\/126_-Empreintes-au-feminin-Anna-Atkins-Public-domain-768x1132.jpg 768w, https:\/\/hf-normandie.fr\/wp-content\/uploads\/2023\/08\/126_-Empreintes-au-feminin-Anna-Atkins-Public-domain.jpg 790w\" sizes=\"auto, (max-width: 695px) 100vw, 695px\" \/><\/figure><\/div>\n\n\n\n<p><\/p>\n\n\n\n<h2 class=\"wp-block-heading has-text-color has-normal-font-size\" style=\"color:#e94540\"><strong>Samedi 16 septembre \u00e0 10h et 14h<\/strong><\/h2>\n\n\n\n<h2 class=\"wp-block-heading has-black-color has-text-color has-normal-font-size\"><strong>Recyclerie Les Fourmis Vertes<\/strong><\/h2>\n\n\n\n<h2 class=\"wp-block-heading has-black-color has-text-color has-normal-font-size\">3 Bis Rue de Fr\u00eanes 61100 Landisacq<\/h2>\n\n\n\n<h2 class=\"wp-block-heading has-black-color has-text-color has-normal-font-size\">Gratuit &#8211; r\u00e9servation conseill\u00e9e au 02 33 30 41 66 <\/h2>\n\n\n\n<h2 class=\"wp-block-heading has-black-color has-text-color has-normal-font-size\"><a href=\"https:\/\/lesfourmisvertes61.org\">https:\/\/lesfourmisvertes61.org<\/a><\/h2>\n\n\n\n<p><\/p>\n\n\n\n<p class=\"has-text-align-center has-text-color\" style=\"color:#fcb90075;font-size:62px\"><strong>&#8211; &#8211; &#8211;<\/strong><\/p>\n\n\n\n<h2 class=\"wp-block-heading has-small-font-size\"><mark style=\"background-color:#000000\" class=\"has-inline-color has-white-color\">  Atelier cr\u00e9atif  <\/mark><\/h2>\n\n\n\n<h2 class=\"wp-block-heading has-black-color has-text-color has-medium-font-size\"><strong>Mn\u00e9mosyne &#8211; Anne Monneau<\/strong><\/h2>\n\n\n\n<h2 class=\"wp-block-heading has-text-color has-large-font-size\" style=\"color:#e94540;text-transform:uppercase\"><strong>Herbier po\u00e9tique<\/strong><\/h2>\n\n\n\n<p>Inspir\u00e9\u00b7e\u00b7s par des po\u00e9tesses, des botanistes, des photographes et des illustratrices, telles que Emily Dickinson (po\u00e9tesse et botaniste), Anna Atkins (photographe et botaniste), Agn\u00e8s Domergue (po\u00e9tesse et autrice) ou C\u00e9cile Hudrisier (illustratrice), les participant\u00b7es seront invit\u00e9\u00b7es \u00e0 cr\u00e9er une planche d\u2019herbier po\u00e9tique compos\u00e9e de fleurs ou feuilles s\u00e9ch\u00e9es et d\u2019un po\u00e8me \u00e9crit durant l\u2019atelier.<\/p>\n\n\n\n<h2 class=\"wp-block-heading has-text-color has-normal-font-size\" style=\"color:#e94540\"><strong>Dimanche 17 septembre \u00e0 10h <\/strong>(2h)<\/h2>\n\n\n\n<h2 class=\"wp-block-heading has-normal-font-size\"><strong>Biblioth\u00e8que patrimoniale<\/strong><\/h2>\n\n\n\n<h2 class=\"wp-block-heading has-normal-font-size\">Place Littr\u00e9, 2\u00e8me \u00e9tage de l&rsquo;H\u00f4tel de Ville 50300 Avranches<\/h2>\n\n\n\n<h2 class=\"wp-block-heading has-normal-font-size\">Gratuit sur r\u00e9servation au 02 33 79 57 00<\/h2>\n\n\n\n<h2 class=\"wp-block-heading has-normal-font-size\"><a href=\"https:\/\/avranches-fonds-ancien-pom.c3rb.org\/\">https:\/\/avranches-fonds-ancien-pom.c3rb.org\/<\/a> <\/h2>\n\n\n\n<p><\/p>\n\n\n\n<p class=\"has-text-align-center has-text-color\" style=\"color:#fcb90075;font-size:62px\"><\/p>\n","protected":false},"excerpt":{"rendered":"<p>Pour cette septi\u00e8me \u00e9dition, 7 ateliers artistiques ont lieu sur le territoire normand ! \u2b55\ufe0f AJOUT Atelier d&rsquo;\u00e9criture Juliette Riedler La r\u00e9\u00e9criture f\u00e9ministe des contes Atelier d&rsquo;\u00e9criture propos\u00e9 par Juliette Riedler de 10h30 \u00e0 12h30 au mus\u00e9e Pierre Corneille de Petit Couronne sur le th\u00e8me, \u00ab\u00a0la r\u00e9\u00e9criture f\u00e9ministe des contes\u00a0\u00bb. Juliette Riedler est l&rsquo;autrice Vieille [&hellip;]<\/p>\n","protected":false},"author":11,"featured_media":0,"parent":0,"menu_order":0,"comment_status":"closed","ping_status":"closed","template":"","meta":{"footnotes":""},"class_list":["post-2771","page","type-page","status-publish","hentry"],"_links":{"self":[{"href":"https:\/\/hf-normandie.fr\/index.php\/wp-json\/wp\/v2\/pages\/2771","targetHints":{"allow":["GET"]}}],"collection":[{"href":"https:\/\/hf-normandie.fr\/index.php\/wp-json\/wp\/v2\/pages"}],"about":[{"href":"https:\/\/hf-normandie.fr\/index.php\/wp-json\/wp\/v2\/types\/page"}],"author":[{"embeddable":true,"href":"https:\/\/hf-normandie.fr\/index.php\/wp-json\/wp\/v2\/users\/11"}],"replies":[{"embeddable":true,"href":"https:\/\/hf-normandie.fr\/index.php\/wp-json\/wp\/v2\/comments?post=2771"}],"version-history":[{"count":7,"href":"https:\/\/hf-normandie.fr\/index.php\/wp-json\/wp\/v2\/pages\/2771\/revisions"}],"predecessor-version":[{"id":3159,"href":"https:\/\/hf-normandie.fr\/index.php\/wp-json\/wp\/v2\/pages\/2771\/revisions\/3159"}],"wp:attachment":[{"href":"https:\/\/hf-normandie.fr\/index.php\/wp-json\/wp\/v2\/media?parent=2771"}],"curies":[{"name":"wp","href":"https:\/\/api.w.org\/{rel}","templated":true}]}}