{"id":2892,"date":"2023-08-07T14:25:34","date_gmt":"2023-08-07T12:25:34","guid":{"rendered":"https:\/\/hf-normandie.fr\/?page_id=2892"},"modified":"2023-09-14T11:34:26","modified_gmt":"2023-09-14T09:34:26","slug":"journees-du-matrimoine-2023-balades-commentees","status":"publish","type":"page","link":"https:\/\/hf-normandie.fr\/index.php\/journees-du-matrimoine-2023-balades-commentees\/","title":{"rendered":"Journ\u00e9es du Matrimoine 2023 \u2013 Balades comment\u00e9es"},"content":{"rendered":"\n<p><\/p>\n\n\n\n<p>Pour cette septi\u00e8me \u00e9dition, 6 balades comment\u00e9es ont lieu sur le territoire normand !<\/p>\n\n\n\n<p><\/p>\n\n\n\n<h2 class=\"wp-block-heading has-small-font-size\"><mark style=\"background-color:#000000\" class=\"has-inline-color has-white-color\"> Balade comment\u00e9e  <\/mark><\/h2>\n\n\n\n<h2 class=\"wp-block-heading has-black-color has-text-color has-medium-font-size\"><strong>Les balades rouennaises<\/strong><\/h2>\n\n\n\n<h2 class=\"wp-block-heading has-text-color has-large-font-size\" style=\"color:#e94540;text-transform:uppercase\"><strong>Les photographes rouennaises<\/strong><\/h2>\n\n\n\n<p>Partez \u00e0 la d\u00e9couverte du Rouen disparu \u00e0 travers le regard de trois photographes rouennaises : Madame Breton (1809-1895), Mme Witz (XIX\u00e8me si\u00e8cle) et Dominique Cordier (1937-). Rebelles pour leur \u00e9poque, elles ont immortalis\u00e9 des lieux et des instants embl\u00e9matiques de l&rsquo;Histoire de la ville.<\/p>\n\n\n\n<h2 class=\"wp-block-heading has-text-color has-normal-font-size\" style=\"color:#e94540\"><strong>Dimanche 17 septembre \u00e0 14h30<\/strong><\/h2>\n\n\n\n<h2 class=\"wp-block-heading has-normal-font-size\"><strong>Centre ville de Rouen<\/strong><\/h2>\n\n\n\n<h2 class=\"wp-block-heading has-black-color has-text-color has-normal-font-size\">Gratuit sur r\u00e9servation par mail : <a href=\"mailto:lesbaladesrouennaises@gmail.com\">lesbaladesrouennaises@gmail.com<\/a><\/h2>\n\n\n\n<p><\/p>\n\n\n\n<p class=\"has-text-align-center has-text-color\" style=\"color:#fcb90075;font-size:62px\"><strong>&#8211; &#8211; &#8211;<\/strong><\/p>\n\n\n\n<h2 class=\"wp-block-heading has-small-font-size\"><mark style=\"background-color:#000000\" class=\"has-inline-color has-white-color\"> Parcours culturel  <\/mark><\/h2>\n\n\n\n<h2 class=\"wp-block-heading has-black-color has-text-color has-medium-font-size\"><strong>Cultures du C\u0153ur Normandie<\/strong><\/h2>\n\n\n\n<h2 class=\"wp-block-heading has-text-color has-large-font-size\" style=\"color:#e94540;text-transform:uppercase\"><strong>Au coeur du Matrimoine de Rouen<\/strong><\/h2>\n\n\n\n<p>Cultures du C\u0153ur Normandie propose \u00e0 ses b\u00e9n\u00e9ficiaires un footing culturel au c\u0153ur de la ville de Rouen \u00e0 la d\u00e9couverte du Matrimoine de Rouen le matin suivi d\u2019une visite guid\u00e9e du Mus\u00e9e des Beaux-Arts l\u2019apr\u00e8s-midi \u00e0 la d\u00e9couverte des artistes et figures f\u00e9minines des collections.<\/p>\n\n\n\n<h2 class=\"wp-block-heading has-text-color has-normal-font-size\" style=\"color:#e94540\"><strong>Vendredi 15 septembre \u00e0 9h30<\/strong> (2h)<\/h2>\n\n\n\n<h2 class=\"wp-block-heading has-normal-font-size\"><strong>Plan\u00e8te Bien-\u00eatre<\/strong><\/h2>\n\n\n\n<h2 class=\"wp-block-heading has-black-color has-text-color has-normal-font-size\">13 rue Racine 76000 Rouen&nbsp;<\/h2>\n\n\n\n<h2 class=\"wp-block-heading has-black-color has-text-color has-normal-font-size\"><a href=\"https:\/\/www.planetebienetre.fr\/\">https:\/\/www.planetebienetre.fr\/<\/a><\/h2>\n\n\n\n<h2 class=\"wp-block-heading has-text-color has-normal-font-size\" style=\"color:#e94540\"><strong>\u00e0&nbsp; 14h <\/strong>(1h30)<\/h2>\n\n\n\n<h2 class=\"wp-block-heading has-normal-font-size\"><strong>Mus\u00e9e des Beaux-Arts<\/strong><\/h2>\n\n\n\n<h2 class=\"wp-block-heading has-black-color has-text-color has-normal-font-size\">Esplanade Marcel Duchamp 76000 Rouen <\/h2>\n\n\n\n<h2 class=\"wp-block-heading has-black-color has-text-color has-normal-font-size\"><a href=\"https:\/\/mbarouen.fr\/fr\">https:\/\/mbarouen.fr\/fr<\/a><\/h2>\n\n\n\n<h2 class=\"wp-block-heading has-black-color has-text-color has-normal-font-size\">Gratuit sur r\u00e9servation au 06 76 82 62 37 <\/h2>\n\n\n\n<h2 class=\"wp-block-heading has-black-color has-text-color has-normal-font-size\"><a href=\"https:\/\/www.culturesducoeur.org\">https:\/\/www.culturesducoeur.org<\/a><\/h2>\n\n\n\n<p><\/p>\n\n\n\n<p class=\"has-text-align-center has-text-color\" style=\"color:#fcb90075;font-size:62px\"><strong>&#8211; &#8211; &#8211;<\/strong><\/p>\n\n\n\n<h2 class=\"wp-block-heading has-small-font-size\"><mark style=\"background-color:#000000\" class=\"has-inline-color has-white-color\">  Balade th\u00e9\u00e2tralis\u00e9e  <\/mark><\/h2>\n\n\n\n<h2 class=\"wp-block-heading has-black-color has-text-color has-medium-font-size\"><strong>Cie du P&rsquo;tit Ballon<\/strong><\/h2>\n\n\n\n<h2 class=\"wp-block-heading has-text-color has-large-font-size\" style=\"color:#e94540;text-transform:uppercase\"><strong>Rouen est belle..!<\/strong><\/h2>\n\n\n\n<div class=\"wp-block-media-text alignwide is-stacked-on-mobile\"><figure class=\"wp-block-media-text__media\"><img loading=\"lazy\" decoding=\"async\" width=\"778\" height=\"1024\" src=\"https:\/\/hf-normandie.fr\/wp-content\/uploads\/2023\/08\/214_-Rouen-est-belle-Juliette-Billard-778x1024.jpg\" alt=\"\" class=\"wp-image-3018 size-full\" srcset=\"https:\/\/hf-normandie.fr\/wp-content\/uploads\/2023\/08\/214_-Rouen-est-belle-Juliette-Billard-778x1024.jpg 778w, https:\/\/hf-normandie.fr\/wp-content\/uploads\/2023\/08\/214_-Rouen-est-belle-Juliette-Billard-228x300.jpg 228w, https:\/\/hf-normandie.fr\/wp-content\/uploads\/2023\/08\/214_-Rouen-est-belle-Juliette-Billard-768x1010.jpg 768w, https:\/\/hf-normandie.fr\/wp-content\/uploads\/2023\/08\/214_-Rouen-est-belle-Juliette-Billard-1168x1536.jpg 1168w, https:\/\/hf-normandie.fr\/wp-content\/uploads\/2023\/08\/214_-Rouen-est-belle-Juliette-Billard.jpg 1509w\" sizes=\"auto, (max-width: 778px) 100vw, 778px\" \/><\/figure><div class=\"wp-block-media-text__content\">\n<p>Suite \u00e0 la pose de plaques comm\u00e9moratives en l\u2019honneur de 3 femmes inspirantes dans le quartier St-Marc en 2022, cette visite de Rouen th\u00e9\u00e2tralis\u00e9e nous emm\u00e8ne \u00e0 la rencontre de ces trois grandes femmes invisibilis\u00e9es. Esp\u00e9rance Langlois, Magdeleine Hue et Juliette Billard.<\/p>\n\n\n\n<p>En partenariat avec Aur\u00e9lie Daniel \u2013<strong>&nbsp;Les balades rouennaises<\/strong>.<\/p>\n\n\n\n<p>Photo : Juliette Billard \u00a9DR<\/p>\n<\/div><\/div>\n\n\n\n<p><\/p>\n\n\n\n<h2 class=\"wp-block-heading has-text-color has-normal-font-size\" style=\"color:#e94540\"><strong>Samedi 16 septembre \u00e0 14h<\/strong><\/h2>\n\n\n\n<h2 class=\"wp-block-heading has-normal-font-size\"><strong>RDV \u00e0 l&rsquo;A\u00eetre Saint-Maclou<\/strong><\/h2>\n\n\n\n<h2 class=\"wp-block-heading has-black-color has-text-color has-normal-font-size\">186 rue Martainville 76000 Rouen<\/h2>\n\n\n\n<h2 class=\"wp-block-heading has-black-color has-text-color has-normal-font-size\">Gratuit, dans la limite des places disponibles<\/h2>\n\n\n\n<h2 class=\"wp-block-heading has-black-color has-text-color has-normal-font-size\"><a href=\"https:\/\/www.aitresaintmaclou.fr\/\">https:\/\/www.aitresaintmaclou.fr\/<\/a><\/h2>\n\n\n\n<p><\/p>\n\n\n\n<p class=\"has-text-align-center has-text-color\" style=\"color:#fcb90075;font-size:62px\"><strong>&#8211; &#8211; &#8211;<\/strong><\/p>\n\n\n\n<h2 class=\"wp-block-heading has-small-font-size\"><mark style=\"background-color:#000000\" class=\"has-inline-color has-white-color\">  D\u00e9ambulation  <\/mark><\/h2>\n\n\n\n<h2 class=\"wp-block-heading has-black-color has-text-color has-medium-font-size\"><strong>Ville de Malaunay<\/strong><\/h2>\n\n\n\n<h2 class=\"wp-block-heading has-text-color has-large-font-size\" style=\"color:#e94540;text-transform:uppercase\"><strong>Le Matrimoine de Malaunay<\/strong><\/h2>\n\n\n\n<p>Une promenade dans la ville de Malaunay autour du destin de plusieurs femmes de la commune, et il y en a quelques-unes qui ont compt\u00e9 dans l\u2019histoire de Malaunay !<\/p>\n\n\n\n<h2 class=\"wp-block-heading has-text-color has-normal-font-size\" style=\"color:#e94540\"><strong>Jeudi 14 septembre \u00e0 18h30 (1h)<\/strong><\/h2>\n\n\n\n<h2 class=\"wp-block-heading has-black-color has-text-color has-normal-font-size\">RDV place de la mairie &#8211; 76770 Malaunay<\/h2>\n\n\n\n<h2 class=\"wp-block-heading has-black-color has-text-color has-normal-font-size\">Gratuit <\/h2>\n\n\n\n<h2 class=\"wp-block-heading has-black-color has-text-color has-normal-font-size\"><a href=\"http:\/\/www.malaunay.fr\">www.malaunay.fr<\/a> <\/h2>\n\n\n\n<p><\/p>\n\n\n\n<p class=\"has-text-align-center has-text-color\" style=\"color:#fcb90075;font-size:62px\"><strong>&#8211; &#8211; &#8211;<\/strong><\/p>\n\n\n\n<p class=\"has-medium-font-size\" style=\"text-transform:uppercase\"><strong>\u274c ANNUL\u00e9<\/strong><\/p>\n\n\n\n<h2 class=\"wp-block-heading has-small-font-size\"><mark style=\"background-color:#000000\" class=\"has-inline-color has-white-color\"><strong><s>  Balade cont\u00e9e <\/s><\/strong><\/mark><\/h2>\n\n\n\n<h2 class=\"wp-block-heading has-black-color has-text-color has-medium-font-size\"><strong><strong><s>Collectif des droits des femmes 61<\/s><\/strong><\/strong><\/h2>\n\n\n\n<h2 class=\"wp-block-heading has-text-color has-large-font-size\" style=\"color:#e94540;text-transform:uppercase\"><strong><strong><s>Balade f\u00e9ministe<\/s><\/strong><\/strong><\/h2>\n\n\n\n<p><s>Rebaptisons les noms de rues avec des noms de femmes illustres ! Ce projet de visibilisation des femmes artistes, scientifiques, sportives, historiques propose de r\u00e9habiliter la m\u00e9moire de ce matrimoine aupr\u00e8s des habitant\u00b7es d&rsquo;Alen\u00e7on.<\/s><\/p>\n\n\n\n<h2 class=\"wp-block-heading has-text-color has-normal-font-size\" style=\"color:#e94540\"><s><strong>Samedi 16 septembre \u00e0 11h<\/strong> (1h)<\/s><\/h2>\n\n\n\n<h2 class=\"wp-block-heading has-black-color has-text-color has-normal-font-size\"><s>RDV au 61 avenue de basingstoke\u00a061000 Alen\u00e7on<\/s><\/h2>\n\n\n\n<h2 class=\"wp-block-heading has-black-color has-text-color has-normal-font-size\"><s>Gratuit<\/s><\/h2>\n\n\n\n<p><s>Informations : <a rel=\"noreferrer noopener\" href=\"mailto:c.droitsdesfemmes61@gmail.com\" target=\"_blank\">c.droitsdesfemmes61@gmail.com<\/a> <\/s><br><s>Facebook : collectif droits des femmes 61<\/s><br><s>Instagram : collectif.droits.femmes.61<\/s><\/p>\n\n\n\n<p><\/p>\n\n\n\n<p class=\"has-text-align-center has-text-color\" style=\"color:#fcb90075;font-size:62px\"><strong>&#8211; &#8211; &#8211;<\/strong><\/p>\n\n\n\n<h2 class=\"wp-block-heading has-small-font-size\"><mark style=\"background-color:#000000\" class=\"has-inline-color has-white-color\"><strong> Balade atelier &#8211; En famille, \u00e0 partir de 5 ans<\/strong><\/mark><\/h2>\n\n\n\n<h2 class=\"wp-block-heading has-black-color has-text-color has-medium-font-size\"><strong>Emilie Breux<\/strong><\/h2>\n\n\n\n<h2 class=\"wp-block-heading has-text-color has-large-font-size\" style=\"color:#e94540;text-transform:uppercase\"><strong>Balade artistique dans le quartier Lorge<\/strong><\/h2>\n\n\n\n<p>Une balade-atelier propos\u00e9e par l\u2019artiste \u00c9milie Breux pour une d\u00e9couverte cr\u00e9ative des espaces cach\u00e9s du quartier Lorge.<\/p>\n\n\n\n<h2 class=\"wp-block-heading has-text-color has-normal-font-size\" style=\"color:#e94540\"><strong>Samedi 16 septembre \u00e0 16h<\/strong> (2h)<\/h2>\n\n\n\n<h2 class=\"wp-block-heading has-black-color has-text-color has-normal-font-size\"><strong><strong>FRAC Normandie <\/strong><\/strong><\/h2>\n\n\n\n<h2 class=\"wp-block-heading has-black-color has-text-color has-normal-font-size\">7bis rue Neuve-Bourg-l&rsquo;Abb\u00e9 14000 Caen<\/h2>\n\n\n\n<h2 class=\"wp-block-heading has-black-color has-text-color has-normal-font-size\">Gratuit, r\u00e9servation sur mediation@fracnormandiecaen.fr<\/h2>\n\n\n\n<h2 class=\"wp-block-heading has-normal-font-size\"><a href=\"http:\/\/www.fracnormandie.fr\">www.fracnormandie.fr<\/a><\/h2>\n\n\n\n<p><\/p>\n","protected":false},"excerpt":{"rendered":"<p>Pour cette septi\u00e8me \u00e9dition, 6 balades comment\u00e9es ont lieu sur le territoire normand ! Balade comment\u00e9e Les balades rouennaises Les photographes rouennaises Partez \u00e0 la d\u00e9couverte du Rouen disparu \u00e0 travers le regard de trois photographes rouennaises : Madame Breton (1809-1895), Mme Witz (XIX\u00e8me si\u00e8cle) et Dominique Cordier (1937-). Rebelles pour leur \u00e9poque, elles ont [&hellip;]<\/p>\n","protected":false},"author":11,"featured_media":0,"parent":0,"menu_order":0,"comment_status":"closed","ping_status":"closed","template":"","meta":{"footnotes":""},"class_list":["post-2892","page","type-page","status-publish","hentry"],"_links":{"self":[{"href":"https:\/\/hf-normandie.fr\/index.php\/wp-json\/wp\/v2\/pages\/2892","targetHints":{"allow":["GET"]}}],"collection":[{"href":"https:\/\/hf-normandie.fr\/index.php\/wp-json\/wp\/v2\/pages"}],"about":[{"href":"https:\/\/hf-normandie.fr\/index.php\/wp-json\/wp\/v2\/types\/page"}],"author":[{"embeddable":true,"href":"https:\/\/hf-normandie.fr\/index.php\/wp-json\/wp\/v2\/users\/11"}],"replies":[{"embeddable":true,"href":"https:\/\/hf-normandie.fr\/index.php\/wp-json\/wp\/v2\/comments?post=2892"}],"version-history":[{"count":7,"href":"https:\/\/hf-normandie.fr\/index.php\/wp-json\/wp\/v2\/pages\/2892\/revisions"}],"predecessor-version":[{"id":3208,"href":"https:\/\/hf-normandie.fr\/index.php\/wp-json\/wp\/v2\/pages\/2892\/revisions\/3208"}],"wp:attachment":[{"href":"https:\/\/hf-normandie.fr\/index.php\/wp-json\/wp\/v2\/media?parent=2892"}],"curies":[{"name":"wp","href":"https:\/\/api.w.org\/{rel}","templated":true}]}}