{"id":2900,"date":"2023-08-07T14:26:09","date_gmt":"2023-08-07T12:26:09","guid":{"rendered":"https:\/\/hf-normandie.fr\/?page_id=2900"},"modified":"2023-09-14T11:37:56","modified_gmt":"2023-09-14T09:37:56","slug":"journees-du-matrimoine-2023-conferences","status":"publish","type":"page","link":"https:\/\/hf-normandie.fr\/index.php\/journees-du-matrimoine-2023-conferences\/","title":{"rendered":"Journ\u00e9es du Matrimoine 2023 \u2013 Conf\u00e9rences"},"content":{"rendered":"\n<p><\/p>\n\n\n\n<p>Pour cette septi\u00e8me \u00e9dition, 8 conf\u00e9rences ont lieu sur le territoire normand !<\/p>\n\n\n\n<p><\/p>\n\n\n\n<h2 class=\"wp-block-heading has-small-font-size\"><mark style=\"background-color:#000000\" class=\"has-inline-color has-white-color\">Conf\u00e9rence  <\/mark><\/h2>\n\n\n\n<h2 class=\"wp-block-heading has-black-color has-text-color has-medium-font-size\"><strong>Micro-Folie<\/strong><\/h2>\n\n\n\n<h2 class=\"wp-block-heading has-text-color has-large-font-size\" style=\"color:#e94540;text-transform:uppercase\"><strong>Les Femmes artistes<\/strong><\/h2>\n\n\n\n<p>Trop souvent oubli\u00e9es par l\u2019histoire de l\u2019art, les femmes artistes sont pourtant bien plus nombreuses qu\u2019on ne le croit. Venez donc d\u00e9couvrir les \u0153uvres de quelques grands noms de l\u2019art au f\u00e9minin !<\/p>\n\n\n\n<h2 class=\"wp-block-heading has-text-color has-normal-font-size\" style=\"color:#e94540\"><strong>Dimanche 17 septembre \u00e0 14h30<\/strong> (1h)<\/h2>\n\n\n\n<h2 class=\"wp-block-heading has-black-color has-text-color has-normal-font-size\"><strong>Mus\u00e9e num\u00e9rique<\/strong><\/h2>\n\n\n\n<h2 class=\"wp-block-heading has-black-color has-text-color has-normal-font-size\">Rue du G\u00e9n\u00e9ral Giraud 76360 Barentin<\/h2>\n\n\n\n<h2 class=\"wp-block-heading has-black-color has-text-color has-normal-font-size\">Gratuit, sur r\u00e9servation au 0232949023 ou <a href=\"mailto:resa.culture@ville-barentin.fr\">resa.culture@ville-barentin.fr<\/a><\/h2>\n\n\n\n<h2 class=\"wp-block-heading has-normal-font-size\"><a href=\"https:\/\/ville-barentin.fr\/ma-ville\/grands-projets\/musee-numerique\">https:\/\/ville-barentin.fr\/ma-ville\/grands-projets\/musee-numerique<\/a><\/h2>\n\n\n\n<p><\/p>\n\n\n\n<p class=\"has-text-align-center has-luminous-vivid-amber-color has-text-color\" style=\"font-size:62px\"><strong>&#8211; &#8211; &#8211;<\/strong> <\/p>\n\n\n\n<h2 class=\"wp-block-heading has-small-font-size\"><mark style=\"background-color:#000000\" class=\"has-inline-color has-white-color\"> Temps fort  <\/mark> <\/h2>\n\n\n\n<h2 class=\"wp-block-heading has-black-color has-text-color has-medium-font-size\"><strong><strong><strong>Le Phare &#8211; Centre Chor\u00e9graphique National du Havre Normandie<\/strong><\/strong><\/strong><\/h2>\n\n\n\n<h2 class=\"wp-block-heading has-text-color has-large-font-size\" style=\"color:#e94540;text-transform:uppercase\"><strong>Causerie Dansante &#8211; l&rsquo;h\u00e9ritage des femmes chor\u00e9graphes<\/strong><\/h2>\n\n\n\n<div class=\"wp-block-media-text alignwide is-stacked-on-mobile\"><figure class=\"wp-block-media-text__media\"><img loading=\"lazy\" decoding=\"async\" width=\"595\" height=\"899\" src=\"https:\/\/hf-normandie.fr\/wp-content\/uploads\/2023\/08\/182_-Causerie-Dansante-Isadora-Duncan-Credit-Jean-Pierre-Dalbera-CC.jpg\" alt=\"\" class=\"wp-image-2970 size-full\" srcset=\"https:\/\/hf-normandie.fr\/wp-content\/uploads\/2023\/08\/182_-Causerie-Dansante-Isadora-Duncan-Credit-Jean-Pierre-Dalbera-CC.jpg 595w, https:\/\/hf-normandie.fr\/wp-content\/uploads\/2023\/08\/182_-Causerie-Dansante-Isadora-Duncan-Credit-Jean-Pierre-Dalbera-CC-199x300.jpg 199w\" sizes=\"auto, (max-width: 595px) 100vw, 595px\" \/><\/figure><div class=\"wp-block-media-text__content\">\n<p>Le Phare organise sa premi\u00e8re causerie dansante : une journ\u00e9e hybride anim\u00e9e par des danseuses et chor\u00e9graphes, m\u00ealant ateliers de pratiques, pr\u00e9sentations et conf\u00e9rences autour de l\u2019histoire de la danse contemporaine et du r\u00f4le que les femmes y ont jou\u00e9.<\/p>\n\n\n\n<p>Photo : Isadora Duncan \u00a9Jean-Pierre Dalb\u00e9ra<\/p>\n<\/div><\/div>\n\n\n\n<p><\/p>\n\n\n\n<h2 class=\"wp-block-heading has-text-color has-normal-font-size\" style=\"color:#e94540\"><strong>Samedi 16 septembre de 10h \u00e0 16h<\/strong><\/h2>\n\n\n\n<h2 class=\"wp-block-heading has-black-color has-text-color has-normal-font-size\"><strong>Le Phare, CCN du Havre Normandie<\/strong><\/h2>\n\n\n\n<h2 class=\"wp-block-heading has-black-color has-text-color has-normal-font-size\">30 rue des briquetiers 76600 Le Havre<\/h2>\n\n\n\n<h2 class=\"wp-block-heading has-black-color has-text-color has-normal-font-size\">Gratuit sur r\u00e9servation au 02 35 26 23 00 ou contact@lephare-ccn.fr<\/h2>\n\n\n\n<h2 class=\"wp-block-heading has-normal-font-size\"><a href=\"https:\/\/lephare-ccn.fr\">https:\/\/lephare-ccn.fr<\/a><\/h2>\n\n\n\n<p><\/p>\n\n\n\n<p class=\"has-text-align-center has-luminous-vivid-amber-color has-text-color\" style=\"font-size:62px\"><strong>&#8211; &#8211; &#8211;<\/strong><\/p>\n\n\n\n<h2 class=\"wp-block-heading has-small-font-size\"><mark style=\"background-color:#000000\" class=\"has-inline-color has-white-color\"> Rencontre  <\/mark><\/h2>\n\n\n\n<h2 class=\"wp-block-heading has-black-color has-text-color has-medium-font-size\"><strong>Sonoth\u00e8que Normandie &#8211; La Fabrik \u00e0 Sons<\/strong><\/h2>\n\n\n\n<h2 class=\"wp-block-heading has-text-color has-large-font-size\" style=\"color:#e94540;text-transform:uppercase\"><strong>Enjeux des d\u00e9marches pa\u00b7matrimoniales dans les musiques actuelles<\/strong><\/h2>\n\n\n\n<p>Depuis 2007, la Sonoth\u00e8que Normandie \u0153uvre \u00e0 la pa\u00b7matrimonialisation discographique des artistes normand\u00b7es. Au programme : conf\u00e9rence, table ronde avec des professionnel\u00b7les de la fili\u00e8re musicale, des chercheur\u00b7euses et&nbsp; des historien\u00b7nes, pr\u00e9sentation de la nouvelle plateforme Sonoth\u00e8que Normandie et concert.<\/p>\n\n\n\n<h2 class=\"wp-block-heading has-text-color has-normal-font-size\" style=\"color:#e94540\"><strong>Vendredi 15 septembre de 14h \u00e0 22h<\/strong><\/h2>\n\n\n\n<h2 class=\"wp-block-heading has-normal-font-size\"><strong>Centre culturel du Val-au-Gr\u00e8s (salle Maupassant)<\/strong><\/h2>\n\n\n\n<h2 class=\"wp-block-heading has-black-color has-text-color has-normal-font-size\">Route de Mirville 76200 Bolbec<\/h2>\n\n\n\n<h2 class=\"wp-block-heading has-black-color has-text-color has-normal-font-size\">Gratuit, sur r\u00e9servation au 0235315578<\/h2>\n\n\n\n<h2 class=\"wp-block-heading has-black-color has-text-color has-normal-font-size\"><a href=\"https:\/\/fabrikasons.com\"><\/a><a href=\"https:\/\/fabrikasons.com\">https:\/\/fabrikasons.com<\/a><\/h2>\n\n\n\n<p><\/p>\n\n\n\n<p class=\"has-text-align-center has-luminous-vivid-amber-color has-text-color\" style=\"font-size:62px\"><strong>&#8211; &#8211; &#8211;<\/strong><\/p>\n\n\n\n<h2 class=\"wp-block-heading has-small-font-size\"><mark style=\"background-color:#000000\" class=\"has-inline-color has-white-color\">  Conf\u00e9rence  <\/mark><\/h2>\n\n\n\n<h2 class=\"wp-block-heading has-black-color has-text-color has-medium-font-size\"><strong>ENSA &#8211; Ecole nationale sup\u00e9rieure d\u2019architecture<\/strong><\/h2>\n\n\n\n<h2 class=\"wp-block-heading has-text-color has-large-font-size\" style=\"color:#e94540;text-transform:uppercase\"><strong>Explorer de nouveaux lieux de l\u2019architecture : une pratique f\u00e9minine ?&nbsp;<\/strong><\/h2>\n\n\n\n<p>Armelle Le Mou\u00ebllic et Claire Rosset, docteures en architecture, interrogent la mani\u00e8re dont les femmes se sont saisies de nouveaux lieux et de nouveaux objets de l\u2019architecture pour se faire une place. La pr\u00e9sentation de plusieurs parcours de femmes permet de revenir sur une diversification des pratiques architecturales depuis le XXe si\u00e8cle.<\/p>\n\n\n\n<h2 class=\"wp-block-heading has-text-color has-normal-font-size\" style=\"color:#e94540\"><strong>Samedi 16 septembre \u00e0 15h<\/strong> (1h)<\/h2>\n\n\n\n<h2 class=\"wp-block-heading has-normal-font-size\"><strong>Usine Lucien Fromage<\/strong><\/h2>\n\n\n\n<h2 class=\"wp-block-heading has-black-color has-text-color has-normal-font-size\">27 rue Lucien Fromage 76160 Darn\u00e9tal<\/h2>\n\n\n\n<h2 class=\"wp-block-heading has-black-color has-text-color has-normal-font-size\">Gratuit<\/h2>\n\n\n\n<h2 class=\"wp-block-heading has-black-color has-text-color has-normal-font-size\"><a href=\"https:\/\/ensa-normandie.fr\/\">https:\/\/ensa-normandie.fr\/<\/a><\/h2>\n\n\n\n<p><\/p>\n\n\n\n<p class=\"has-text-align-center has-text-color\" style=\"color:#fcb90075;font-size:62px\"><strong>&#8211; &#8211; &#8211;<\/strong><\/p>\n\n\n\n<h2 class=\"wp-block-heading has-small-font-size\"><mark style=\"background-color:#000000\" class=\"has-inline-color has-white-color\">  Cin\u00e9-conf\u00e9rence  <\/mark><\/h2>\n\n\n\n<h2 class=\"wp-block-heading has-black-color has-text-color has-medium-font-size\"><strong>Normandie Images<\/strong> &#8211; <strong>Agn\u00e8s Deleforge&nbsp;<\/strong><\/h2>\n\n\n\n<h2 class=\"wp-block-heading has-text-color has-large-font-size\" style=\"color:#e94540;text-transform:uppercase\"><strong>Violet, Edith, Mary, Balbina and co, des artistes en visite chez les Noufflard en Normandie<\/strong><\/h2>\n\n\n\n<p>Les peintres Berthe et Andr\u00e9 Noufflard recevaient l&rsquo;\u00e9t\u00e9 dans les ann\u00e9es 30, dans leur clos-masure de Fresnay-le-Long, leurs amies \u00e9crivaines, musiciennes, critiques d&rsquo;art\u2026 Des rencontres avec des femmes artistes qu&rsquo;ils filmaient merveilleusement avec une petite cam\u00e9ra Path\u00e9 Baby, t\u00e9moignages d&rsquo;une grande vitalit\u00e9 culturelle et intellectuelle.<\/p>\n\n\n\n<h2 class=\"wp-block-heading has-text-color has-normal-font-size\" style=\"color:#e94540\"><strong>Samedi 16 septembre \u00e0 14h30<\/strong> (1h), possibilit\u00e9 de prolonger par une visite de la salle Jacques-Emile Blanche du Mus\u00e9e<\/h2>\n\n\n\n<h2 class=\"wp-block-heading has-normal-font-size\"><strong>Auditorium du Mus\u00e9e des Beaux-Arts<\/strong><\/h2>\n\n\n\n<h2 class=\"wp-block-heading has-black-color has-text-color has-normal-font-size\">26 bis rue Jean Lecanuet 76000 Rouen<\/h2>\n\n\n\n<h2 class=\"wp-block-heading has-black-color has-text-color has-normal-font-size\">Gratuit, r\u00e9servation conseill\u00e9e au 02 35 89 12 59 ou sur&nbsp; <a href=\"https:\/\/www.helloasso.com\/associations\/normandie-images\/evenements\/violet-edith-mary-balbina-and-co-des-artistes-en-visite-chez-les-noufflard\">https:\/\/www.helloasso.com\/associations\/normandie-images\/evenements\/violet-edith-mary-balbina-and-co-des-artistes-en-visite-chez-les-noufflard<\/a><\/h2>\n\n\n\n<h2 class=\"wp-block-heading has-black-color has-text-color has-normal-font-size\"><a href=\"https:\/\/mbarouen.fr\/fr\">https:\/\/mbarouen.fr\/fr<\/a><\/h2>\n\n\n\n<p><\/p>\n\n\n\n<p class=\"has-text-align-center has-text-color\" style=\"color:#fcb90075;font-size:62px\"><strong>&#8211; &#8211; &#8211;<\/strong><\/p>\n\n\n\n<h2 class=\"wp-block-heading has-small-font-size\"><mark style=\"background-color:#000000\" class=\"has-inline-color has-white-color\"> Conf\u00e9rence  <\/mark><\/h2>\n\n\n\n<h2 class=\"wp-block-heading has-black-color has-text-color has-medium-font-size\"><strong>B\u00e9n\u00e9dicte Percheron<\/strong><\/h2>\n\n\n\n<h2 class=\"wp-block-heading has-text-color has-large-font-size\" style=\"color:#e94540;text-transform:uppercase\"><strong>Les femmes naturalistes en Normandie au XIXe si\u00e8cle<\/strong><\/h2>\n\n\n\n<div class=\"wp-block-media-text alignwide has-media-on-the-right is-stacked-on-mobile\"><div class=\"wp-block-media-text__content\">\n<p>Dans le domaine de l\u2019histoire naturelle, en Normandie comme ailleurs, de nombreuses femmes ont travaill\u00e9 dans l\u2019ombre de naturalistes reconnus, comme Marie Le Masson Le Golft au Havre ou Anne Christie Pouchet \u00e0 Rouen. Cette conf\u00e9rence revient sur l&rsquo;accession des femmes aux cours d\u2019histoire naturelle, dans les ann\u00e9es 1880, comme \u00e9l\u00e8ves puis enseignantes, et leur participation aux travaux des soci\u00e9t\u00e9s savantes, comme Marie Roussel, \u00e9galement pionni\u00e8re locale de la m\u00e9decine.&nbsp;<\/p>\n\n\n\n<p>Photo : Portrait d&rsquo;Anne Christie-Pouchet par Joseph-D\u00e9sir\u00e9 Court, 1849, Mus\u00e9e des Beaux-Arts de Rouen \u00a9RMM<\/p>\n<\/div><figure class=\"wp-block-media-text__media\"><img loading=\"lazy\" decoding=\"async\" width=\"847\" height=\"763\" src=\"https:\/\/hf-normandie.fr\/wp-content\/uploads\/2023\/08\/057_-Les-femmes-naturalistes-en-Normandie-Portrait-dAnne-Christie-Pouchet-par-Joseph-Desire-Court-1849-Musee-des-Beaux-Arts-de-Rouen-\u00a9-RMM.jpg\" alt=\"\" class=\"wp-image-3026 size-full\" srcset=\"https:\/\/hf-normandie.fr\/wp-content\/uploads\/2023\/08\/057_-Les-femmes-naturalistes-en-Normandie-Portrait-dAnne-Christie-Pouchet-par-Joseph-Desire-Court-1849-Musee-des-Beaux-Arts-de-Rouen-\u00a9-RMM.jpg 847w, https:\/\/hf-normandie.fr\/wp-content\/uploads\/2023\/08\/057_-Les-femmes-naturalistes-en-Normandie-Portrait-dAnne-Christie-Pouchet-par-Joseph-Desire-Court-1849-Musee-des-Beaux-Arts-de-Rouen-\u00a9-RMM-300x270.jpg 300w, https:\/\/hf-normandie.fr\/wp-content\/uploads\/2023\/08\/057_-Les-femmes-naturalistes-en-Normandie-Portrait-dAnne-Christie-Pouchet-par-Joseph-Desire-Court-1849-Musee-des-Beaux-Arts-de-Rouen-\u00a9-RMM-768x692.jpg 768w\" sizes=\"auto, (max-width: 847px) 100vw, 847px\" \/><\/figure><\/div>\n\n\n\n<p><\/p>\n\n\n\n<h2 class=\"wp-block-heading has-text-color has-normal-font-size\" style=\"color:#e94540\"><strong>Samedi 16 septembre \u00e0 15h30<\/strong> (1h)<\/h2>\n\n\n\n<h2 class=\"wp-block-heading has-normal-font-size\"><strong>Auditorium des soci\u00e9t\u00e9s savantes<\/strong><\/h2>\n\n\n\n<h2 class=\"wp-block-heading has-black-color has-text-color has-normal-font-size\">198 rue Beauvoisine 76000 Rouen<\/h2>\n\n\n\n<h2 class=\"wp-block-heading has-black-color has-text-color has-normal-font-size\">Entr\u00e9e libre<\/h2>\n\n\n\n<h2 class=\"wp-block-heading has-black-color has-text-color has-normal-font-size\"><a href=\"https:\/\/rouen.fr\/associations\/consortium_des_societes_savantes\">https:\/\/rouen.fr\/associations\/consortium_des_societes_savantes<\/a><\/h2>\n\n\n\n<p><\/p>\n\n\n\n<p class=\"has-text-align-center has-text-color\" style=\"color:#fcb90075;font-size:62px\"><strong>&#8211; &#8211; &#8211;<\/strong><\/p>\n\n\n\n<h2 class=\"wp-block-heading has-small-font-size\"><mark style=\"background-color:#000000\" class=\"has-inline-color has-white-color\"> Conf\u00e9rence gesticul\u00e9e &#8211; \u00e0 partir de 15 ans  <\/mark> <\/h2>\n\n\n\n<h2 class=\"wp-block-heading has-black-color has-text-color has-medium-font-size\"><strong>ASSUREIPSS &#8211; Isabelle Asselin<\/strong><\/h2>\n\n\n\n<h2 class=\"wp-block-heading has-text-color has-large-font-size\" style=\"color:#e94540;text-transform:uppercase\"><strong>L\u2019IVG en questions &#8211; O\u00f9 en est-on 50 ans apr\u00e8s la loi ?<\/strong><\/h2>\n\n\n\n<p>Pourquoi 50 ans apr\u00e8s la loi Veil, l\u2019interruption volontaire de grossesse reste-t-il un parcours inavou\u00e9, inavouable, voire sem\u00e9 d\u2019emb\u00fbches alors que 33 % des femmes connaissent cet \u00e9v\u00e9nement au moins une fois dans leur vie ? Pourquoi ce droit est-il sans cesse remis en question ? Pourquoi n&rsquo;est-il pas universel ?<\/p>\n\n\n\n<h2 class=\"wp-block-heading has-text-color has-normal-font-size\" style=\"color:#e94540\"><strong>Jeudi 14 septembre \u00e0 18h<\/strong> (1h40)<\/h2>\n\n\n\n<h2 class=\"wp-block-heading has-black-color has-text-color has-normal-font-size\"><strong>UFR Sant\u00e9, Universit\u00e9 de Caen, b\u00e2timent Pharmacie, amphi 10<\/strong><\/h2>\n\n\n\n<h2 class=\"wp-block-heading has-black-color has-text-color has-normal-font-size\">Bd Henri Becquerel 14032 Caen<\/h2>\n\n\n\n<h2 class=\"wp-block-heading has-normal-font-size\"><a href=\"http:\/\/ufrsante.unicaen.fr\/\">http:\/\/ufrsante.unicaen.fr\/<\/a>&nbsp;<br><\/h2>\n\n\n\n<h2 class=\"wp-block-heading has-text-color has-normal-font-size\" style=\"color:#e94540\"><strong>Vendredi 15 septembre \u00e0 18h<\/strong> (1h30)<\/h2>\n\n\n\n<h2 class=\"wp-block-heading has-black-color has-text-color has-normal-font-size\"><strong>Halle aux Poissons<\/strong><\/h2>\n\n\n\n<h2 class=\"wp-block-heading has-black-color has-text-color has-normal-font-size\">28 Rue du G\u00e9n\u00e9ral Faidherbe 76600 Le Havre<\/h2>\n\n\n\n<h2 class=\"wp-block-heading has-normal-font-size\"><a href=\"https:\/\/www.halleauxpoissons.org\/\">https:\/\/www.halleauxpoissons.org\/<\/a><\/h2>\n\n\n\n<h2 class=\"wp-block-heading has-text-color has-normal-font-size\" style=\"color:#e94540\"><\/h2>\n\n\n\n<p><strong><mark style=\"background-color:rgba(0, 0, 0, 0)\" class=\"has-inline-color has-vivid-red-color\">Dimanche 17 septembre \u00e0 17h<\/mark><\/strong> <mark style=\"background-color:rgba(0, 0, 0, 0)\" class=\"has-inline-color has-vivid-red-color\">(1h30)<\/mark><br><strong>Restaurant La Lune Rousse<\/strong><br>Lieu dit Le Repas 2 route Bocage 50510 Saint-Sauveur-la-Pommeraye<br>Gratuit sur r\u00e9servation par mail : assureipss@gmail.com<\/p>\n\n\n\n<p><s><strong>Samedi 16 septembre \u00e0 14h30<\/strong>&nbsp;(1h40)<br><strong>Espace Culturel de l\u2019H\u00f4tel Dieu<\/strong><br>11 rue de l\u2019H\u00f4tel Dieu 50700 Valognes<br><\/s><\/p>\n\n\n\n<p class=\"has-text-align-center has-text-color\" style=\"color:#fcb90075;font-size:62px\"><strong>&#8211; &#8211; &#8211;<\/strong><\/p>\n\n\n\n<p class=\"has-medium-font-size\" style=\"text-transform:uppercase\"><strong>\u274c ANNUL\u00e9<\/strong> (report au 6\/11)<\/p>\n\n\n\n<h2 class=\"wp-block-heading has-small-font-size\"><mark style=\"background-color:#000000\" class=\"has-inline-color has-white-color\"><s>  <strong>Conf\u00e9rence musicale<\/strong>  <\/s><\/mark><\/h2>\n\n\n\n<h2 class=\"wp-block-heading has-black-color has-text-color has-medium-font-size\"><strong><s>D\u00e9borah Livet &amp; les Lunaisiens<\/s><\/strong><\/h2>\n\n\n\n<h2 class=\"wp-block-heading has-text-color has-large-font-size\" style=\"color:#e94540;text-transform:uppercase\"><strong><s>LE FOLKLORE DE LA R\u00c9SISTANCE PO\u00c8MES ET CHANSONS DE FEMMES PENDANT L\u2019OCCUPATION<\/s><\/strong><\/h2>\n\n\n\n<p><s>\u00c0 la fin de la Seconde Guerre mondiale, le compositeur Paul Arma propose des \u00e9missions radiodiffus\u00e9es, <em>La R\u00e9sistance qui chante<\/em>, dans lesquelles il pr\u00e9sente les chants qu\u2019il a collect\u00e9s avec sa femme Edm\u00e9e pendant l\u2019Occupation. Aujourd\u2019hui, ce recueil intitul\u00e9 <em>Le Folklore de la R\u00e9sistance<\/em> recense pr\u00e8s de 1 300 chants dont un tiers utilisent des compositions originales, les autres reprenant des airs connus.<\/s><\/p>\n\n\n\n<h2 class=\"wp-block-heading has-text-color has-normal-font-size\" style=\"color:#e94540\"><s><strong>Vendredi 15 Septembre \u00e0 20h <\/strong>(1h)<\/s><\/h2>\n\n\n\n<h2 class=\"wp-block-heading has-normal-font-size\"><s>Renseignements \u00e0 partir du 20 ao\u00fbt 2023 sur le site :<a href=\"http:\/\/www.academie-bach.fr\/\"> www.academie-bach.fr<\/a><\/s><\/h2>\n\n\n\n<h2 class=\"wp-block-heading has-black-color has-text-color has-normal-font-size\"><s>Tarifs : 25 \u20ac \/\/ 18 \u20ac adh\u00e9rent.es \/\/ 10 \u20ac tarif r\u00e9duit \/ gratuit pour les \u2013 18 ans<\/s><\/h2>\n\n\n\n<h2 class=\"wp-block-heading has-black-color has-text-color has-normal-font-size\"><s>\u00a0<a href=\"http:\/\/www.academie-bach.fr\/\">www.academie-bach.fr<\/a><\/s><\/h2>\n\n\n\n<p><\/p>\n\n\n\n<p><\/p>\n\n\n\n<p><\/p>\n\n\n\n<p><\/p>\n","protected":false},"excerpt":{"rendered":"<p>Pour cette septi\u00e8me \u00e9dition, 8 conf\u00e9rences ont lieu sur le territoire normand ! Conf\u00e9rence Micro-Folie Les Femmes artistes Trop souvent oubli\u00e9es par l\u2019histoire de l\u2019art, les femmes artistes sont pourtant bien plus nombreuses qu\u2019on ne le croit. Venez donc d\u00e9couvrir les \u0153uvres de quelques grands noms de l\u2019art au f\u00e9minin ! Dimanche 17 septembre \u00e0 [&hellip;]<\/p>\n","protected":false},"author":11,"featured_media":0,"parent":0,"menu_order":0,"comment_status":"closed","ping_status":"closed","template":"","meta":{"footnotes":""},"class_list":["post-2900","page","type-page","status-publish","hentry"],"_links":{"self":[{"href":"https:\/\/hf-normandie.fr\/index.php\/wp-json\/wp\/v2\/pages\/2900","targetHints":{"allow":["GET"]}}],"collection":[{"href":"https:\/\/hf-normandie.fr\/index.php\/wp-json\/wp\/v2\/pages"}],"about":[{"href":"https:\/\/hf-normandie.fr\/index.php\/wp-json\/wp\/v2\/types\/page"}],"author":[{"embeddable":true,"href":"https:\/\/hf-normandie.fr\/index.php\/wp-json\/wp\/v2\/users\/11"}],"replies":[{"embeddable":true,"href":"https:\/\/hf-normandie.fr\/index.php\/wp-json\/wp\/v2\/comments?post=2900"}],"version-history":[{"count":6,"href":"https:\/\/hf-normandie.fr\/index.php\/wp-json\/wp\/v2\/pages\/2900\/revisions"}],"predecessor-version":[{"id":3210,"href":"https:\/\/hf-normandie.fr\/index.php\/wp-json\/wp\/v2\/pages\/2900\/revisions\/3210"}],"wp:attachment":[{"href":"https:\/\/hf-normandie.fr\/index.php\/wp-json\/wp\/v2\/media?parent=2900"}],"curies":[{"name":"wp","href":"https:\/\/api.w.org\/{rel}","templated":true}]}}