{"id":3315,"date":"2024-01-11T12:50:10","date_gmt":"2024-01-11T11:50:10","guid":{"rendered":"https:\/\/hf-normandie.fr\/?page_id=3315"},"modified":"2026-01-15T15:25:34","modified_gmt":"2026-01-15T14:25:34","slug":"observatoire-de-legalite-femmes-hommes-dans-les-arts-et-la-culture","status":"publish","type":"page","link":"https:\/\/hf-normandie.fr\/index.php\/observatoire-de-legalite-femmes-hommes-dans-les-arts-et-la-culture\/","title":{"rendered":"Observatoire de l\u2019\u00e9galit\u00e9 entre les genres dans les arts et la culture"},"content":{"rendered":"\n<figure class=\"wp-block-gallery aligncenter has-nested-images columns-4 is-cropped wp-block-gallery-1 is-layout-flex wp-block-gallery-is-layout-flex\">\n<figure class=\"wp-block-image size-large\"><img loading=\"lazy\" decoding=\"async\" width=\"479\" height=\"680\" data-id=\"6396\" src=\"https:\/\/hf-normandie.fr\/wp-content\/uploads\/2026\/01\/OBS_2025.png\" alt=\"\" class=\"wp-image-6396\" srcset=\"https:\/\/hf-normandie.fr\/wp-content\/uploads\/2026\/01\/OBS_2025.png 479w, https:\/\/hf-normandie.fr\/wp-content\/uploads\/2026\/01\/OBS_2025-211x300.png 211w\" sizes=\"auto, (max-width: 479px) 100vw, 479px\" \/><\/figure>\n\n\n\n<figure class=\"wp-block-image size-large\"><img loading=\"lazy\" decoding=\"async\" width=\"474\" height=\"678\" data-id=\"6395\" src=\"https:\/\/hf-normandie.fr\/wp-content\/uploads\/2026\/01\/OBS_2024.png\" alt=\"\" class=\"wp-image-6395\" srcset=\"https:\/\/hf-normandie.fr\/wp-content\/uploads\/2026\/01\/OBS_2024.png 474w, https:\/\/hf-normandie.fr\/wp-content\/uploads\/2026\/01\/OBS_2024-210x300.png 210w\" sizes=\"auto, (max-width: 474px) 100vw, 474px\" \/><\/figure>\n\n\n\n<figure class=\"wp-block-image size-large\"><img loading=\"lazy\" decoding=\"async\" width=\"642\" height=\"910\" data-id=\"6398\" src=\"https:\/\/hf-normandie.fr\/wp-content\/uploads\/2026\/01\/OBS_2023.png\" alt=\"\" class=\"wp-image-6398\" srcset=\"https:\/\/hf-normandie.fr\/wp-content\/uploads\/2026\/01\/OBS_2023.png 642w, https:\/\/hf-normandie.fr\/wp-content\/uploads\/2026\/01\/OBS_2023-212x300.png 212w\" sizes=\"auto, (max-width: 642px) 100vw, 642px\" \/><\/figure>\n\n\n\n<figure class=\"wp-block-image size-large\"><img loading=\"lazy\" decoding=\"async\" width=\"643\" height=\"912\" data-id=\"6397\" src=\"https:\/\/hf-normandie.fr\/wp-content\/uploads\/2026\/01\/OBS_2022.png\" alt=\"\" class=\"wp-image-6397\" srcset=\"https:\/\/hf-normandie.fr\/wp-content\/uploads\/2026\/01\/OBS_2022.png 643w, https:\/\/hf-normandie.fr\/wp-content\/uploads\/2026\/01\/OBS_2022-212x300.png 212w\" sizes=\"auto, (max-width: 643px) 100vw, 643px\" \/><\/figure>\n<\/figure>\n\n\n\n<p>Apr\u00e8s une premi\u00e8re \u00e9tude r\u00e9gionale men\u00e9e en 2012, <strong>HF+ Normandie pilote depuis 2022 l\u2019Observatoire de l\u2019\u00e9galit\u00e9 entre les genres dans les arts et la culture en Normandie<\/strong>.<br>Cet outil de r\u00e9f\u00e9rence vise \u00e0 <strong>objectiver, analyser et documenter les in\u00e9galit\u00e9s de genre<\/strong> dans les secteurs artistiques et culturels \u00e0 l\u2019\u00e9chelle r\u00e9gionale, afin d\u2019\u00e9clairer l\u2019action publique et les pratiques professionnelles.<\/p>\n\n\n\n<p>\u00c0 ce jour, <strong>quatre \u00e9ditions<\/strong> ont \u00e9t\u00e9 publi\u00e9es, permettant un <strong>suivi pluriannuel<\/strong>, comparatif et territorialis\u00e9 des \u00e9volutions observ\u00e9es.<\/p>\n\n\n\n<h3 class=\"wp-block-heading\">Pourquoi un Observatoire ?<\/h3>\n\n\n\n<p>Cet outil structurant r\u00e9pond \u00e0 un besoin essentiel : <strong>mesurer, objectiver et rendre visibles des in\u00e9galit\u00e9s de genre persistantes<\/strong>, encore trop souvent minimis\u00e9es dans le champ culturel.<\/p>\n\n\n\n<p>V\u00e9ritable photographie de la situation, l\u2019Observatoire permet d\u2019identifier les m\u00e9canismes structurels \u00e0 l\u2019\u0153uvre dans les programmations, l\u2019emploi, la gouvernance et l\u2019acc\u00e8s aux moyens de production et de diffusion. Il s\u2019inscrit dans une d\u00e9marche de <strong>responsabilisation collective<\/strong>, \u00e0 destination des professionnel\u00b7les, des institutions et des d\u00e9cideur\u00b7ses publics.<\/p>\n\n\n\n<p>Les r\u00e9sultats des \u00e9ditions pr\u00e9c\u00e9dentes \u2014 tout comme ceux du rapport de la Commission d\u2019enqu\u00eate de l\u2019Assembl\u00e9e nationale sur les violences dans la culture (avril 2025) \u2014 sont sans appel : <strong>les \u00e9volutions restent trop lentes et les in\u00e9galit\u00e9s persistent<\/strong>.<br>Face \u00e0 ce constat, il est d\u00e9sormais indispensable de passer du diagnostic \u00e0 l\u2019action.<\/p>\n\n\n\n<p><strong>\u00ab Compter pour agir \u00bb<\/strong> constitue le principe fondateur de l\u2019Observatoire.<br>Produire des donn\u00e9es fiables et comparables dans le temps permet non seulement de documenter les in\u00e9galit\u00e9s, mais aussi <strong>d\u2019outiller la d\u00e9cision publique<\/strong>, d\u2019accompagner l\u2019\u00e9volution des pratiques professionnelles et de favoriser une r\u00e9partition plus juste des moyens.<\/p>\n\n\n\n<p>L\u2019Observatoire remplit ainsi trois fonctions compl\u00e9mentaires :<\/p>\n\n\n\n<ul class=\"wp-block-list\">\n<li><strong>Diagnostiquer<\/strong> objectivement les in\u00e9galit\u00e9s entre les femmes et les hommes dans les secteurs artistiques et culturels ;<\/li>\n\n\n\n<li><strong>Alerter et sensibiliser<\/strong> les acteur\u00b7rices du secteur et les partenaires institutionnels ;<\/li>\n\n\n\n<li><strong>Accompagner l\u2019action<\/strong>, en soutenant l\u2019\u00e9laboration, l\u2019\u00e9valuation et l\u2019ajustement des politiques culturelles et des dispositifs de financement.<\/li>\n<\/ul>\n\n\n\n<p>Agir pour l\u2019\u00e9galit\u00e9 suppose une transformation en profondeur des pratiques, une r\u00e9partition \u00e9quitable des ressources et une protection effective des parcours et des carri\u00e8res.<br>Comme le rappelle le rapport de la Commission d\u2019enqu\u00eate de l\u2019Assembl\u00e9e nationale :<\/p>\n\n\n\n<blockquote class=\"wp-block-quote is-layout-flow wp-block-quote-is-layout-flow\">\n<p><strong>\u00ab La culture ne peut plus \u00eatre un lieu d\u2019exception \u00e0 la justice. \u00bb<\/strong><\/p>\n<\/blockquote>\n\n\n\n<h3 class=\"wp-block-heading\">Donn\u00e9es analys\u00e9es<\/h3>\n\n\n\n<p>Les donn\u00e9es collect\u00e9es portent notamment sur :<\/p>\n\n\n\n<ul class=\"wp-block-list\">\n<li>la r\u00e9partition femmes-hommes au sein des \u00e9quipes des structures culturelles ;<\/li>\n\n\n\n<li>la r\u00e9partition genr\u00e9e des artistes programm\u00e9\u00b7es ;<\/li>\n\n\n\n<li>les moyens de production et de diffusion dans le spectacle vivant.<\/li>\n<\/ul>\n\n\n\n<p>Chaque \u00e9dition int\u00e8gre \u00e9galement un <strong>focus th\u00e9matique approfondi<\/strong>, permettant d\u2019analyser plus finement une probl\u00e9matique sp\u00e9cifique et repr\u00e9sentative des in\u00e9galit\u00e9s observ\u00e9es.<\/p>\n\n\n\n<hr class=\"wp-block-separator has-alpha-channel-opacity\"\/>\n\n\n\n<h3 class=\"wp-block-heading\">M\u00e9thodologie<\/h3>\n\n\n\n<p>Afin de garantir un <strong>haut niveau d\u2019objectivit\u00e9, de fiabilit\u00e9 et de comparabilit\u00e9 des donn\u00e9es<\/strong>, l\u2019Observatoire repose sur une m\u00e9thodologie de collecte et d\u2019analyse rigoureuse, \u00e9labor\u00e9e et pilot\u00e9e par le <strong>Mouvement HF+<\/strong>.<\/p>\n\n\n\n<p>Le recueil des donn\u00e9es s\u2019appuie en priorit\u00e9 sur l\u2019analyse de <strong>sources publiques de r\u00e9f\u00e9rence<\/strong>, notamment :<\/p>\n\n\n\n<ul class=\"wp-block-list\">\n<li>les <strong>programmes annuels ou de saison<\/strong> des structures culturelles et des festivals ;<\/li>\n\n\n\n<li>les <strong>rapports d\u2019activit\u00e9<\/strong> des structures ;<\/li>\n\n\n\n<li>les <strong>donn\u00e9es publi\u00e9es au Journal officiel<\/strong>.<\/li>\n<\/ul>\n\n\n\n<p>Ce premier niveau d\u2019analyse est syst\u00e9matiquement <strong>compl\u00e9t\u00e9 par un travail d\u2019enqu\u00eate approfondi<\/strong>, men\u00e9 par HF+ Normandie. Il comprend :<\/p>\n\n\n\n<ul class=\"wp-block-list\">\n<li>des <strong>recherches documentaires compl\u00e9mentaires<\/strong> ;<\/li>\n\n\n\n<li>des <strong>\u00e9changes \u00e9crits et t\u00e9l\u00e9phoniques<\/strong> avec les structures concern\u00e9es,<br>permettant de <strong>collecter, pr\u00e9ciser, croiser et v\u00e9rifier<\/strong> les donn\u00e9es lorsque celles-ci sont incompl\u00e8tes, impr\u00e9cises ou absentes des sources publiques.<\/li>\n<\/ul>\n\n\n\n<p>Les <strong>indicateurs retenus<\/strong> ainsi que le <strong>p\u00e9rim\u00e8tre des structures \u00e9tudi\u00e9es<\/strong> font l\u2019objet d\u2019une <strong>validation collective<\/strong> par un <strong>comit\u00e9 technique pluridisciplinaire<\/strong>, compos\u00e9 de repr\u00e9sentant\u00b7es de structures culturelles, de r\u00e9seaux professionnels du territoire et de partenaires institutionnels.<\/p>\n\n\n\n<p>Mis en place en <strong>2021<\/strong> et pilot\u00e9 par <strong>HF+ Normandie<\/strong>, ce comit\u00e9 se r\u00e9unit plusieurs fois par an afin de :<\/p>\n\n\n\n<ul class=\"wp-block-list\">\n<li>valider les p\u00e9rim\u00e8tres d\u2019\u00e9tude et les indicateurs ;<\/li>\n\n\n\n<li>suivre les diff\u00e9rentes phases de collecte ;<\/li>\n\n\n\n<li>garantir la coh\u00e9rence m\u00e9thodologique ;<\/li>\n\n\n\n<li>assurer la fiabilit\u00e9 et la comparabilit\u00e9 des r\u00e9sultats d\u2019une \u00e9dition \u00e0 l\u2019autre.<\/li>\n<\/ul>\n\n\n\n<p>Cette gouvernance partag\u00e9e garantit la <strong>robustesse scientifique<\/strong>, la <strong>transparence du dispositif d\u2019observation<\/strong> et son <strong>utilit\u00e9 op\u00e9rationnelle<\/strong> pour l\u2019\u00e9laboration et l\u2019\u00e9valuation des politiques culturelles et d\u2019\u00e9galit\u00e9.<\/p>\n\n\n\n<h3 class=\"wp-block-heading\">P\u00e9rim\u00e8tres \u00e9tudi\u00e9s<\/h3>\n\n\n\n<ul class=\"wp-block-list\">\n<li><a href=\"https:\/\/hf-normandie.fr\/wp-content\/uploads\/2022\/04\/Plaquette-OBSERVATOIRE-EFHAC-Metropole-rouen-2022.pdf\">\u00c9dition 2022 \u2013 donn\u00e9es 2019<\/a> : les structures culturelles et festivals du territoire de la m\u00e9tropole rouennaise et les sites et mus\u00e9es de la M\u00e9tropole Rouen Normandie ;<\/li>\n\n\n\n<li><a href=\"https:\/\/hf-normandie.fr\/wp-content\/uploads\/2023\/11\/Observatoire-EgaliteFH-2023-plaquette.pdf\">\u00c9dition 2023 \u2013 donn\u00e9es 2021<\/a> : les structures culturelles et festivals du territoire de Rouen Seine Normande 2028 ;<\/li>\n\n\n\n<li><a href=\"https:\/\/hf-normandie.fr\/wp-content\/uploads\/2024\/06\/HF_Observatoire2024_web_pages.pdf\">\u00c9dition 2024 \u2013 donn\u00e9es 2022<\/a> : les structures culturelles et festivals de l\u2019axe seine Le Havre-Giverny et les structures labellis\u00e9es et conventionn\u00e9es de Normandie ;<\/li>\n\n\n\n<li><a href=\"https:\/\/hf-normandie.fr\/wp-content\/uploads\/2025\/11\/HF-Normandie_Observatoire-EGC-2025_web_planches-1.pdf\">\u00c9dition 2025 \u2013 donn\u00e9es 2023<\/a> : les structures labellis\u00e9es et conventionn\u00e9es de Normandie, le R\u00e9seau des mus\u00e9es, les structures de l\u2019axe Seine-Eure, une s\u00e9lection de festivals livres et lectures et un \u00e9chantillon de festivals de musiques actuelles ;<\/li>\n<\/ul>\n\n\n\n<h3 class=\"wp-block-heading\">Perspectives 2026<\/h3>\n\n\n\n<p>En <strong>2026<\/strong>, l\u2019Observatoire r\u00e9gional fera l\u2019objet :<\/p>\n\n\n\n<ul class=\"wp-block-list\">\n<li>d\u2019une <strong>actualisation<\/strong> des donn\u00e9es ;<\/li>\n\n\n\n<li>d\u2019un <strong>\u00e9largissement du p\u00e9rim\u00e8tre<\/strong>, int\u00e9grant de nouvelles structures et de nouveaux indicateurs.<\/li>\n<\/ul>\n\n\n\n<p>Les r\u00e9sultats seront pr\u00e9sent\u00e9s lors d\u2019une <strong>restitution publique \u00e0 Rouen le 24 novembre 2026<\/strong>.<\/p>\n\n\n\n<p>Par ailleurs, \u00e0 l\u2019occasion des <strong>20 ans du premier rapport Reine Prat<\/strong>, le <strong>Mouvement HF+<\/strong>, qui f\u00e9d\u00e8re 11 collectifs r\u00e9gionaux, publiera un <strong>rapport national<\/strong>.<br>En raison de son expertise reconnue en mati\u00e8re d\u2019observation et d\u2019analyse, <strong>HF+ Normandie a \u00e9t\u00e9 d\u00e9sign\u00e9e pour coordonner ce projet \u00e0 l\u2019\u00e9chelle nationale<\/strong>.<\/p>\n\n\n\n<p>Ce rapport national sera rendu public en <strong>novembre 2026<\/strong>, lors des <strong>Universit\u00e9s d\u2019Automne du Mouvement HF+ \u00e0 Lyon<\/strong>, et constituera un levier majeur de plaidoyer aupr\u00e8s des partenaires institutionnels.<\/p>\n\n\n\n<hr class=\"wp-block-separator has-alpha-channel-opacity\"\/>\n\n\n\n<h3 class=\"wp-block-heading\">Partenaires<\/h3>\n\n\n\n<p>L&rsquo;Observatoire b\u00e9n\u00e9ficie du <em>soutien de la M\u00e9tropole Rouen Normandie, de l&rsquo;\u00c9tat &#8211; Pr\u00e9fecture de Normandie (Direction r\u00e9gionale aux droits des femmes et \u00e0 l&rsquo;\u00e9galit\u00e9 et DRAC Normandie) et de la R\u00e9gion Normandie<\/em>.<\/p>\n\n\n\n<hr class=\"wp-block-separator has-css-opacity\"\/>\n","protected":false},"excerpt":{"rendered":"<p>Apr\u00e8s une premi\u00e8re \u00e9tude r\u00e9gionale men\u00e9e en 2012, HF+ Normandie pilote depuis 2022 l\u2019Observatoire de l\u2019\u00e9galit\u00e9 entre les genres dans les arts et la culture en Normandie.Cet outil de r\u00e9f\u00e9rence vise \u00e0 objectiver, analyser et documenter les in\u00e9galit\u00e9s de genre dans les secteurs artistiques et culturels \u00e0 l\u2019\u00e9chelle r\u00e9gionale, afin d\u2019\u00e9clairer l\u2019action publique et les [&hellip;]<\/p>\n","protected":false},"author":2,"featured_media":0,"parent":0,"menu_order":0,"comment_status":"closed","ping_status":"closed","template":"","meta":{"footnotes":""},"class_list":["post-3315","page","type-page","status-publish","hentry"],"_links":{"self":[{"href":"https:\/\/hf-normandie.fr\/index.php\/wp-json\/wp\/v2\/pages\/3315","targetHints":{"allow":["GET"]}}],"collection":[{"href":"https:\/\/hf-normandie.fr\/index.php\/wp-json\/wp\/v2\/pages"}],"about":[{"href":"https:\/\/hf-normandie.fr\/index.php\/wp-json\/wp\/v2\/types\/page"}],"author":[{"embeddable":true,"href":"https:\/\/hf-normandie.fr\/index.php\/wp-json\/wp\/v2\/users\/2"}],"replies":[{"embeddable":true,"href":"https:\/\/hf-normandie.fr\/index.php\/wp-json\/wp\/v2\/comments?post=3315"}],"version-history":[{"count":15,"href":"https:\/\/hf-normandie.fr\/index.php\/wp-json\/wp\/v2\/pages\/3315\/revisions"}],"predecessor-version":[{"id":6401,"href":"https:\/\/hf-normandie.fr\/index.php\/wp-json\/wp\/v2\/pages\/3315\/revisions\/6401"}],"wp:attachment":[{"href":"https:\/\/hf-normandie.fr\/index.php\/wp-json\/wp\/v2\/media?parent=3315"}],"curies":[{"name":"wp","href":"https:\/\/api.w.org\/{rel}","templated":true}]}}