{"id":3524,"date":"2024-02-28T16:25:09","date_gmt":"2024-02-28T15:25:09","guid":{"rendered":"https:\/\/hf-normandie.fr\/?page_id=3524"},"modified":"2026-01-14T11:04:16","modified_gmt":"2026-01-14T10:04:16","slug":"vss-outils","status":"publish","type":"page","link":"https:\/\/hf-normandie.fr\/index.php\/vss-outils\/","title":{"rendered":"Pr\u00e9venir et rep\u00e9rer les violences sexistes et sexuelles"},"content":{"rendered":"\n<hr class=\"wp-block-separator has-alpha-channel-opacity\"\/>\n\n\n\n<h4 class=\"wp-block-heading\"><em>Cette page est destin\u00e9e \u00e0 fournir des outils aux structures et aux professionnel\u00b7les du secteur culturel afin de pr\u00e9venir et de rep\u00e9rer les violences sexistes et sexuelles et de les aider \u00e0 guider et orienter les victimes. <br>Elle est compl\u00e9t\u00e9e et mise \u00e0 jour r\u00e9guli\u00e8rement par l&rsquo;\u00e9quipe d&rsquo;HF+ Normandie.<\/em><\/h4>\n\n\n\n<hr class=\"wp-block-separator has-alpha-channel-opacity\"\/>\n\n\n\n<p><strong><a href=\"https:\/\/www.syndeac.org\/boite-a-outils-vhss\/\">Boite \u00e0 outils contre les VHSS <\/a><\/strong><a href=\"https:\/\/www.syndeac.org\/boite-a-outils-vhss\/\">du SYNDEAC<\/a><\/p>\n\n\n\n<p><a href=\"https:\/\/www.avft.org\/boite-a-outils\/\"><strong>Bo\u00eete \u00e0 outils<\/strong><\/a> de l&rsquo;AVFT<\/p>\n\n\n\n<p><a href=\"https:\/\/cnm.fr\/wp-content\/uploads\/2022\/01\/Fiches-pratiques-prevention-des-VSS-dans-les-metiers-de-la-musique.pdf\"><strong>Fiche pratique de pr\u00e9vention des VSS<\/strong><\/a> du CNM. Retrouvez l\u2019int\u00e9gralit\u00e9 des outils permettant d\u2019agir au sein de votre structure sur <mark style=\"background-color:rgba(0, 0, 0, 0)\" class=\"has-inline-color has-vivid-red-color\"><a href=\"https:\/\/cnm.fr\/egalite-femmes-hommes\/boite-a-outils\/\" data-type=\"link\" data-id=\"https:\/\/cnm.fr\/egalite-femmes-hommes\/boite-a-outils\/\">\u00c9galit\u00e9 femmes hommes&nbsp;: bo\u00eete \u00e0 outils<\/a><\/mark><\/p>\n\n\n\n<p><a href=\"https:\/\/www.calameo.com\/cgt_spectacle\/read\/004319747083db39c8048?page=1)\"><strong>Kit de pr\u00e9vention des VSS<\/strong><\/a> de la CGT Spectacle<\/p>\n\n\n\n<p><a href=\"https:\/\/legrouperespect.wixsite.com\/legrouperespect\/en\"><strong>Bo\u00eete \u00e0 outils contre les VSS<\/strong><\/a> du groupe RESPECT (LeLab Femmes de Cin\u00e9ma)<\/p>\n\n\n\n<p>Le Syndicat national des sc\u00e8nes publiques propose <a href=\"https:\/\/www.snsp.fr\/boite-a-outils-vhss\/\"><strong>de nombreuses ressources et outils \u00e0 destination des professionnel\u00b7es, des victimes de VSS et des t\u00e9moins<\/strong><\/a><\/p>\n\n\n\n<p><a href=\"https:\/\/www.leslibraires.fr\/livre\/18431783-en-finir-avec-les-violences-sexistes-et-sexuell--caroline-de-haas-robert-laffont\"><strong>En finir avec les violences sexistes et sexuelles \u2013 Manuel d\u2019action<\/strong><\/a>, petit manuel r\u00e9dig\u00e9 par Caroline de Haas pour que chacun\u00b7e puisse agir contre les violences sexistes et sexuelles, publi\u00e9 en mars 2021 aux \u00e9ditions Robert Laffont<\/p>\n\n\n\n<p>Le collectif f\u00e9ministe contre le viol propose \u00e0 la fois de nombreuses <a href=\"https:\/\/cfcv.asso.fr\/professionnel-les-et-militantes\/ressources\/\"><strong>ressources<\/strong><\/a> (dont <a href=\"https:\/\/cfcv.asso.fr\/wp-content\/uploads\/2022\/11\/livret-CFCV-web-2022-def2-OK.pdf\"><strong>un livret juridique pour permettre de faire valoir ses droits en cas d\u2019agression ou de viol<\/strong><\/a>)<\/p>\n\n\n\n<p>Le Minist\u00e8re de la Culture a publi\u00e9 un <a href=\"https:\/\/www.culture.gouv.fr\/catalogue-des-demarches-et-subventions\/declaration-renouvellement\/Lutte-contre-les-VHSS-violences-et-harcelement-sexistes-et-sexuels-dans-le-spectacle-vivant-et-les-arts-visuels#:~:text=Qu'est%2Dce%20que%20le,et%20harc%C3%A8lement%20sexistes%20et%20sexuels).\"><strong>plan de lutte contre les VSS dans le spectacle vivant et les arts visuels<\/strong><\/a>.<\/p>\n\n\n\n<p><a href=\"https:\/\/www.violences-sexuelles-culture.org\/fr\/ressources\"><strong>#LaCultureDitStop<\/strong><\/a> : site destin\u00e9 \u00e0 l&rsquo;orientation des victimes ou t\u00e9moins de violences sexistes et sexuelles dans le secteur de la culture, destin\u00e9 aux employeur\u00b7euses et aux professionnel\u00b7les<\/p>\n\n\n\n<p><mark><a href=\"https:\/\/fesac.fr\/actualites\/violences-sexistes-ou-sexuelles-cellule-ecoute-salarie-e-s-du-spectacle-nouvelles-modalites-desaisine\/\">Violences sexistes ou sexuelles \/ Cellule \u00e9coute salari\u00e9-e-s du spectacle<\/a><\/mark><a href=\"https:\/\/fesac.fr\/actualites\/violences-sexistes-ou-sexuelles-cellule-ecoute-salarie-e-s-du-spectacle-nouvelles-modalites-desaisine\/\"><mark> <\/mark><\/a>\u2013 cellule d\u2019\u00e9coute FESAC (F\u00e9d\u00e9ration des entreprises du spectacle vivant, de la musique, de l\u2019audiovisuel et du cin\u00e9ma)<\/p>\n\n\n\n<p><a href=\"https:\/\/lesintervalles.fr\/2025\/03\/07\/guide-de-prevention-et-gestion-des-violences-morales-sexistes-et-sexuelles\/\" data-type=\"link\" data-id=\"https:\/\/lesintervalles.fr\/2025\/03\/07\/guide-de-prevention-et-gestion-des-violences-morales-sexistes-et-sexuelles\/\"><strong>Guide de pr\u00e9vention et gestion des violences morales, sexistes et&nbsp;sexuelles<\/strong><\/a>, guide r\u00e9alis\u00e9 par l&rsquo;association Les Intervalles pour faire de la pr\u00e9vention sur les VSS dans le domaine du cin\u00e9ma d&rsquo;animation<\/p>\n\n\n\n<p>Afdas, op\u00e9rateur de comp\u00e9tences de divers secteurs dont ceux de la culture et des industries cr\u00e9atives propose en partenariat avec Olecio, un <a href=\"https:\/\/olecio.fr\/afdas_vhss\"><strong>centre de ressources multim\u00e9dias pour prendre conscience, pr\u00e9venir et agir contre les Violences et harc\u00e8lements sexistes et sexuels en situation professionnelle<\/strong><\/a><br>L&rsquo;<a href=\"https:\/\/www.afdas.com\/entreprise\/impulser-une-demarche-responsable-dans-votre-entreprise\/agir-en-faveur-de-la-lutte-contre-les-violences-et-harcelements-sexistes-et-sexuels-vhss.html\"><strong>Afdas propose \u00e9galement des formations<\/strong><\/a> pour lutter contre les VSS en milieu professionnel<\/p>\n\n\n\n<p>Le Syndicat national des sc\u00e8nes publiques propose <strong><a href=\"https:\/\/www.snsp.fr\/boite-a-outils-vhss\/\">de nombreuses ressources et outils \u00e0 destination des professionnel\u00b7es, des victimes de VHSS et des t\u00e9moins<\/a><\/strong><\/p>\n\n\n\n<p><a href=\"https:\/\/zenodo.org\/records\/13957756\" data-type=\"link\" data-id=\"https:\/\/zenodo.org\/records\/13957756\"><mark style=\"background-color:rgba(0, 0, 0, 0)\" class=\"has-inline-color has-vivid-red-color\">Violentom\u00e8tre &#8211; relations aidant\u00b7es-aid\u00e9\u00b7es<\/mark><\/a> a pour objectif de permettre de prendre du recul sur les relations, d\u2019identifier des comportements qui peuvent \u00eatre alarmants, poser des constats, conscientiser des violences et inciter \u00e0 se mettre en s\u00e9curit\u00e9 <\/p>\n\n\n\n<p>L&rsquo;Anact met \u00e0 votre disposition <a href=\"https:\/\/www.anact.fr\/prevenir-le-sexisme-au-travail-les-ressources-telecharger\" data-type=\"link\" data-id=\"https:\/\/www.anact.fr\/prevenir-le-sexisme-au-travail-les-ressources-telecharger\"><mark style=\"background-color:rgba(0, 0, 0, 0)\" class=\"has-inline-color has-vivid-red-color\">un ensemble de ressources afin de mener une d\u00e9marche de pr\u00e9vention des risques d&rsquo;agissements sexistes, de harc\u00e8lement sexuel et des agressions sexuelles dans votre structure<\/mark><\/a>. Retrouvez \u00e9galement comment faire l&rsquo;<a href=\"https:\/\/www.anact.fr\/sites\/default\/files\/2024-07\/fiche-outil-autodiagnostic-sexisme-webinaire2.pdf\" data-type=\"link\" data-id=\"https:\/\/www.anact.fr\/sites\/default\/files\/2024-07\/fiche-outil-autodiagnostic-sexisme-webinaire2.pdf\"><mark style=\"background-color:rgba(0, 0, 0, 0)\" class=\"has-inline-color has-vivid-red-color\">Autodiagnostic des facteurs organisationnels des risques d\u2019agissements sexistes et de harc\u00e8lement sexuel au travail<\/mark><\/a><\/p>\n\n\n\n<p>Accordia met \u00e0 disposition une <mark style=\"background-color:rgba(0, 0, 0, 0)\" class=\"has-inline-color has-vivid-red-color\"><a href=\"https:\/\/www.accordia.fr\/documentation\/fiche-outil-autodiagnostic-sexisme\/\" data-type=\"link\" data-id=\"https:\/\/www.accordia.fr\/documentation\/fiche-outil-autodiagnostic-sexisme\/\">fiche outil : Autodiagnostic des facteurs organisationnels des risques d\u2019agissements sexistes et de harc\u00e8lement sexuel au travail<\/a><\/mark>, un diagnostic essentiel pour agir efficacement<\/p>\n\n\n\n<p>Le site Les entreprises pour la cit\u00e9 propose <strong><mark style=\"background-color:rgba(0, 0, 0, 0)\" class=\"has-inline-color has-vivid-red-color\"><a href=\"https:\/\/www.reseau-lepc.fr\/agissons-contre-les-violences-sexistes-et-sexuelles\/\" data-type=\"link\" data-id=\"https:\/\/www.reseau-lepc.fr\/agissons-contre-les-violences-sexistes-et-sexuelles\/\">un kit pour agir contre les violences sexistes et sexuelles<\/a><\/mark><\/strong> de fa\u00e7on ludique et p\u00e9dagogique<\/p>\n\n\n\n<p>La <strong><mark style=\"background-color:rgba(0, 0, 0, 0)\" class=\"has-inline-color has-vivid-red-color\"><a href=\"https:\/\/www.syndeac.org\/boite-a-outils-vhss\/boite-a-outils-pour-employeurs\/\" data-type=\"link\" data-id=\"https:\/\/www.syndeac.org\/boite-a-outils-vhss\/boite-a-outils-pour-employeurs\/\">boite \u00e0 outils employeurs<\/a><\/mark><\/strong> de la SYNDEAC contient une fiche d&rsquo;autodiagnostic de l&rsquo;entreprise ainsi que de nombreuses autres ressources utiles<\/p>\n","protected":false},"excerpt":{"rendered":"<p>Cette page est destin\u00e9e \u00e0 fournir des outils aux structures et aux professionnel\u00b7les du secteur culturel afin de pr\u00e9venir et de rep\u00e9rer les violences sexistes et sexuelles et de les aider \u00e0 guider et orienter les victimes. Elle est compl\u00e9t\u00e9e et mise \u00e0 jour r\u00e9guli\u00e8rement par l&rsquo;\u00e9quipe d&rsquo;HF+ Normandie. Boite \u00e0 outils contre les VHSS [&hellip;]<\/p>\n","protected":false},"author":11,"featured_media":0,"parent":0,"menu_order":0,"comment_status":"closed","ping_status":"closed","template":"","meta":{"footnotes":""},"class_list":["post-3524","page","type-page","status-publish","hentry"],"_links":{"self":[{"href":"https:\/\/hf-normandie.fr\/index.php\/wp-json\/wp\/v2\/pages\/3524","targetHints":{"allow":["GET"]}}],"collection":[{"href":"https:\/\/hf-normandie.fr\/index.php\/wp-json\/wp\/v2\/pages"}],"about":[{"href":"https:\/\/hf-normandie.fr\/index.php\/wp-json\/wp\/v2\/types\/page"}],"author":[{"embeddable":true,"href":"https:\/\/hf-normandie.fr\/index.php\/wp-json\/wp\/v2\/users\/11"}],"replies":[{"embeddable":true,"href":"https:\/\/hf-normandie.fr\/index.php\/wp-json\/wp\/v2\/comments?post=3524"}],"version-history":[{"count":14,"href":"https:\/\/hf-normandie.fr\/index.php\/wp-json\/wp\/v2\/pages\/3524\/revisions"}],"predecessor-version":[{"id":6270,"href":"https:\/\/hf-normandie.fr\/index.php\/wp-json\/wp\/v2\/pages\/3524\/revisions\/6270"}],"wp:attachment":[{"href":"https:\/\/hf-normandie.fr\/index.php\/wp-json\/wp\/v2\/media?parent=3524"}],"curies":[{"name":"wp","href":"https:\/\/api.w.org\/{rel}","templated":true}]}}