{"id":3527,"date":"2024-02-28T16:25:25","date_gmt":"2024-02-28T15:25:25","guid":{"rendered":"https:\/\/hf-normandie.fr\/?page_id=3527"},"modified":"2025-10-21T09:42:29","modified_gmt":"2025-10-21T07:42:29","slug":"vss-se-former","status":"publish","type":"page","link":"https:\/\/hf-normandie.fr\/index.php\/vss-se-former\/","title":{"rendered":"Se former pour lutter contre les violences sexistes et sexuelles"},"content":{"rendered":"\n<h4 class=\"wp-block-heading\">Associations et organismes de formation sur les VSS sp\u00e9cialis\u00e9s dans les milieux festif et\/ou le secteur culturel :&nbsp;<\/h4>\n\n\n\n<p><strong><a href=\"https:\/\/www.helloasso.com\/associations\/les-impudentes\">Les Impudentes<\/a><\/strong>, association qui propose une formation \u00e0 destination des organisateur\u00b7ices dans la lutte contre les violences sexistes et sexuelles en amont des \u00e9v\u00e8nements festifs, principalement des festivals.&nbsp;<br>Contact : contact@lesimpudentes.fr<\/p>\n\n\n\n<p><a href=\"http:\/\/www.consentis.info\/\"><strong>Consentis<\/strong><\/a> est une association qui promeut une culture du consentement dans les lieux festifs par le biais de la sensibilisation et de la formation sur les questions de violences sexistes et sexuelles, que ce soit au niveau du public, des professionnel\u00b7les et\/ou des artistes.&nbsp;<br>Contact :  contact@consentis.info<\/p>\n\n\n\n<p><a href=\"https:\/\/www.lapetite.fr\/\"><strong>La Petite<\/strong><\/a> qui est \u00e0 l\u2019origine une structure de musiques actuelles, propose ses services de conseil et accompagnement \u00e0 l\u2019\u00e9galit\u00e9 des genres aux structures professionnelles.&nbsp;<br>Contact : alice@lapetite.fr<\/p>\n\n\n\n<p>L&rsquo;association <a href=\"https:\/\/www.lescatherinettes.com\/\"><strong>Les Catherinettes<\/strong><\/a>  accompagne les festivals \u00e0 toutes les \u00e9tapes du dispositif de lutte contre les violences sexistes et sexuelles et coordonne la mise en place de 6 formations \u00e0 destination de l\u2019\u00e9quipe organisatrice du festival, des \u00e9quipes de s\u00e9curit\u00e9 ainsi que des b\u00e9n\u00e9voles.&nbsp;<br>Contact : asso.lescatherinettes@gmail.com<\/p>\n\n\n\n<p><a href=\"https:\/\/icicestcool.org\"><strong>La Campagne Ici c\u2019est Cool<\/strong><\/a> &#8211; Ne laissons pas la violence pourrir l&rsquo;ambiance est un projet de formation, de sensibilisation et de pr\u00e9vention des comportements inappropri\u00e9s (violences sexuelles et sexistes, racistes et homophobes) dans les lieux et \u00e9v\u00e9nements festifs en France.&nbsp;<br>Contact : devenirpartenaire@icicestcool.org \/ 06 73 34 61 85&nbsp;<\/p>\n\n\n\n<p>Le collectif breton <a href=\"https:\/\/www.collectif-orange-bleue.com\/\"><strong>L\u2019Orange bleue<\/strong><\/a> a collabor\u00e9 avec le Collectif des festivals \u00e0 l\u2019\u00e9laboration d\u2019une formation en ligne \u00e0 destination des organisateurs de festivals compos\u00e9e de 10 \u00e9tapes pour ma\u00eetriser les fondamentaux de la pr\u00e9vention et de la r\u00e9duction des risques en milieu festif.&nbsp;<\/p>\n\n\n\n<p><a href=\"https:\/\/actright.best\/\"><strong>ActRight<\/strong><\/a>&nbsp;accompagne les structures du monde de la nuit, en mettant \u00e0 leur disposition des outils et moyens pour une f\u00eate plus safe, paritaire, mixte, inclusive et respectueuse de l\u2019environnement.&nbsp;<\/p>\n\n\n\n<p><a href=\"http:\/\/plusegales.blogspot.com\/\"><strong>Plus\u00e9gales<\/strong><\/a>, association fond\u00e9e par C\u00e9cile Bonthonneau, propose un accompagnement des structures dans la mise en place de l&rsquo;\u00e9galit\u00e9 femmes-hommes (cadre l\u00e9gal, diagnostic, n\u00e9gociation accords collectifs, etc). Depuis peu, l\u2019association propose \u00e9galement des formations sur la lutte contre les violences sexistes et sexuelles&nbsp;<br>Contact : cecile.bonthonneau@plusegales.fr&nbsp;<\/p>\n\n\n\n<p><a href=\"http:\/\/www.changededisque.fr\/\"><strong>Change de disque<\/strong><\/a>, association de lutte contre les probl\u00e8mes structurels et les violences syst\u00e9miques dans la musique. Elle propose des actions et des outils de sensibilisation et p\u00e9dagogiques autour de la probl\u00e9matique en interconnectant les solutions existantes. Elle milite pour des mesures concr\u00e8tes pens\u00e9es collectivement.<\/p>\n\n\n\n<p><a href=\"https:\/\/www.soundsisters.fr\/\"><strong>Sound Sisters<\/strong><\/a> est un projet d&rsquo;accompagnement professionnel visant \u00e0 am\u00e9liorer l&rsquo;\u00e9galit\u00e9 des genres dans les m\u00e9tiers du spectacle et le rendre le domaine plus s\u00fbr.  Parmi les formations propos\u00e9es,  des <a href=\"https:\/\/www.canva.com\/design\/DAGYblCJJ5c\/VQTKpZ8iPe6mINsP8PgH2Q\/view?utm_content=DAGYblCJJ5c&amp;utm_campaign=designshare&amp;utm_medium=link2&amp;utm_source=uniquelinks&amp;utlId=h5f8400f368\"><strong>formations sur les VSS<\/strong><\/a> adapt\u00e9es selon diff\u00e9rents niveaux d\u2019implication et de besoin des organisations.<\/p>\n\n\n\n<p>Le <a href=\"https:\/\/cnm.fr\/\" data-type=\"link\" data-id=\"https:\/\/cnm.fr\/\"><strong>Centre National de la Musique<\/strong><\/a> (CNM) propose des <a href=\"https:\/\/cnm.fr\/formation\/comprendre-la-responsabilite-des-employeurs-dans-la-lutte-contre-les-violences-sexistes-et-sexuelles\/\" data-type=\"link\" data-id=\"https:\/\/cnm.fr\/formation\/comprendre-la-responsabilite-des-employeurs-dans-la-lutte-contre-les-violences-sexistes-et-sexuelles\/\"><strong>formations sur les VSS<\/strong><\/a> destin\u00e9es aux dirigeants et dirigeantes de structure de la fili\u00e8re pour comprendre leurs responsabilit\u00e9s vis-\u00e0-vis de leur personnel.<br>Contact : E.infos@cnm.fr<\/p>\n\n\n\n<h4 class=\"wp-block-heading\">Organismes de formation sur les VSS<\/h4>\n\n\n\n<p><strong><a href=\"https:\/\/www.laureignaceformation.fr\/\">Laure Ignace<\/a><\/strong>, avocate de formation et forte d\u2019une exp\u00e9rience de 7 ans \u00e0 l\u2019Association europ\u00e9enne contre les Violences faites aux Femmes au Travail (AVFT) dans l\u2019accompagnement de victimes de violences sexistes et sexuelles au travail, elle est aujourd\u2019hui formatrice ind\u00e9pendante sur les violences sexistes et sexuelles (au travail notamment).&nbsp;<\/p>\n\n\n\n<p>L&rsquo;<a href=\"https:\/\/www.odianormandie.com\/\"><strong>ODIA<\/strong><\/a> (Office de diffusion et d&rsquo;information artistique), propose des formations pour lutter contre les VSS. Les dates sont r\u00e9guli\u00e8rement mises en ligne sur <a href=\"https:\/\/www.odianormandie.com\/agenda-des-formations\"><strong>leur site internet<\/strong><\/a>. <\/p>\n\n\n\n<p><strong><a href=\"https:\/\/aequality.fr\/\">Aequality<\/a><\/strong>, cabinet de formation \u00e0 la non-discrimination, \u00e0 l\u2019\u00e9galit\u00e9 professionnelle et\/ou aux violences sexistes et sexuelles. Le cabinet propose \u00e9galement de r\u00e9aliser des enqu\u00eates internes et d\u2019accompagner la mise en \u0153uvre de mesures pour l\u2019\u00e9galit\u00e9 dans votre structure.&nbsp;<br>Contact : contact@aequality.fr<\/p>\n\n\n\n<p><a href=\"https:\/\/www.afdas.com\/entreprise\/impulser-une-demarche-responsable-dans-votre-entreprise\/agir-en-faveur-de-la-lutte-contre-les-violences-et-harcelements-sexistes-et-sexuels-vhss.html\"><strong>Afdas <\/strong><\/a>propose des formations pour lutter contre les VSS en milieu professionnel<\/p>\n\n\n\n<p><a href=\"https:\/\/cfcv.asso.fr\/professionnel-les-et-militantes\/se-former\/\"><strong>Le CFCV <\/strong><\/a>(Collectif f\u00e9ministe contre le viol) propose des formations \u00e0 destinations des professionnel.le.s ou des b\u00e9n\u00e9voles pour lutter contre les VSS et accompagner les victimes. Il existe un <strong><a href=\"https:\/\/cfcv.asso.fr\/wp-content\/uploads\/2024\/12\/2025-2026-formations.pdf\">catalogue de formation destin\u00e9s aux professionnel\u00b7es<\/a><\/strong> directement sur leur site internet.<\/p>\n\n\n\n<p><a href=\"https:\/\/www.noustoutes.org\/inscription-formations\/\"><strong>#NousToutes<\/strong> <\/a>propose des formations enti\u00e8rement en ligne (via Zoom) pour lutter contre les VSS et la culture du viol, de nouvelles dates sont mises en ligne r\u00e9guli\u00e8rement et les formations sont \u00e9galement disponibles <a href=\"https:\/\/www.noustoutes.org\/formations-lives\/\"><strong>en replay<\/strong><\/a> sur leur page facebook<\/p>\n\n\n\n<p><strong><a href=\"https:\/\/www.avft.org\/seformer\/\">L\u2019AVFT<\/a> <\/strong>(Association europ\u00e9enne contre les violences faites aux femmes au travail) propose des formations de plusieurs jours pour lutter contre les VSS au travail<\/p>\n\n\n\n<p><a href=\"https:\/\/groupe-egae.fr\/\"><strong>Le Groupe Egae<\/strong><\/a> propose divers types de formations sur l\u2019\u00e9galit\u00e9 femmes-hommes, la pr\u00e9vention des discriminations et des VSS<\/p>\n\n\n\n<p>La Fondation des Femmes propose un programme intitul\u00e9 <a href=\"https:\/\/fondationdesfemmes.org\/sengager\/se-former-contre-le-harcelement\/\"><strong>StandUp <\/strong><\/a>qui vise \u00e0 permettre \u00e0 tous de se former pour agir contre le harc\u00e8lement sexuel dans les lieux publics<\/p>\n\n\n\n<p><a href=\"https:\/\/www.vss-formation.fr\/\"><strong>VSS-FORMATION<\/strong><\/a> est un r\u00e9seau ind\u00e9pendant de formatrices, formateurs et intervenant\u00b7es expert\u00b7es en mati\u00e8re de violences sexistes et sexuelles (VSS) dans l\u2019enseignement sup\u00e9rieur et la recherche (ESR). Retrouvez leur <a href=\"https:\/\/www.vss-formation.fr\/formations\/\"><strong>catalogue de formation<\/strong><\/a>.<\/p>\n\n\n\n<p><strong><a href=\"https:\/\/calietgali.fr\/\" data-type=\"link\" data-id=\"https:\/\/calietgali.fr\/\">Cali et Gali <\/a><\/strong>propose des <a href=\"https:\/\/calietgali.fr\/nos-formations\/\" data-type=\"link\" data-id=\"https:\/\/calietgali.fr\/nos-formations\/\"><strong>formations<\/strong><\/a> \u00e0 destination des professionnel\u00b7les de l&rsquo;accompagnement pour lutter contre le sexisme et la LGBT+phobie. Retrouvez leur <a href=\"https:\/\/calietgali.fr\/cetg-formations\/formation-vss-au-travail-prevenir\/?gad_source=1&amp;gad_campaignid=21082902850&amp;gbraid=0AAAAA9Rq7Br4F85qemLDhmcW5aNoH1hA7&amp;gclid=Cj0KCQjwl5jHBhDHARIsAB0YqjyHF8ymP7MVPIGYwbYAe5-PbAf6cFjA4zEWnvpu6RrjOuflFYU-dN4aAs_NEALw_wcB\" data-type=\"link\" data-id=\"https:\/\/calietgali.fr\/cetg-formations\/formation-vss-au-travail-prevenir\/?gad_source=1&amp;gad_campaignid=21082902850&amp;gbraid=0AAAAA9Rq7Br4F85qemLDhmcW5aNoH1hA7&amp;gclid=Cj0KCQjwl5jHBhDHARIsAB0YqjyHF8ymP7MVPIGYwbYAe5-PbAf6cFjA4zEWnvpu6RrjOuflFYU-dN4aAs_NEALw_wcB\"><strong>formation VSS<\/strong><\/a> au travail.<\/p>\n\n\n\n<p>La <strong><a href=\"https:\/\/normandie-fr.cidff.info\/\" data-type=\"link\" data-id=\"https:\/\/normandie-fr.cidff.info\/\">FR-CIDFF<\/a><\/strong> offre un accompagnement personnalis\u00e9 aux victimes de violences. Chaque ann\u00e9e, les CIDFF de Normandie accueillent et informent des milliers de personnes. Les 5 CIDFF de Normandie sont l\u00e0 pour vous accompagner ! La CIDFF vous propose \u00e9galement des <a href=\"https:\/\/normandie-fr.cidff.info\/nos-formations\/\" data-type=\"link\" data-id=\"https:\/\/normandie-fr.cidff.info\/nos-formations\/\"><strong>formations<\/strong><\/a>.<\/p>\n\n\n\n<p>L\u2019association<strong> <a href=\"https:\/\/svs14.fr\/\" data-type=\"link\" data-id=\"https:\/\/svs14.fr\/\">SVS-14<\/a> <\/strong>(Stop aux Violences Sexuelles 14) cherche \u00e0 agir avec des <a href=\"https:\/\/svs14.fr\/formations\" data-type=\"link\" data-id=\"https:\/\/svs14.fr\/formations\"><strong>formations<\/strong><\/a> sur le territoire du Calvados et de la Normandie en 4 chapitres : Informer, Former, Pr\u00e9venir, Gu\u00e9rir.<\/p>\n\n\n\n<p><strong><a href=\"https:\/\/www.reseau-canope.fr\/\">R\u00e9seau Canop\u00e9<\/a> <\/strong>est l\u2019op\u00e9rateur de la formation tout au long de la vie des enseignants et des acteurs de l\u2019\u00e9ducation. Retrouvez leur formation <a href=\"https:\/\/www.reseau-canope.fr\/service\/decouvrir-des-outils-pour-aborder-sereinement-les-vss-avec-un-jeune-public.html\" data-type=\"link\" data-id=\"https:\/\/www.reseau-canope.fr\/service\/decouvrir-des-outils-pour-aborder-sereinement-les-vss-avec-un-jeune-public.html\"><strong>D\u00e9couvrir des outils pour aborder sereinement les VSS avec un jeune public<\/strong><\/a>.<\/p>\n\n\n\n<p>Le<strong> <a href=\"https:\/\/formation.eure.cci.fr\/\" data-type=\"link\" data-id=\"https:\/\/formation.eure.cci.fr\/\">P\u00f4le Formation Entreprises<\/a><\/strong> est le service de formation continue de CCI Portes de Normandie et propose une <a href=\"https:\/\/formation.eure.cci.fr\/formation\/harcelement-sexisme-violences\/\"><strong>formation sur le th\u00e8me du harc\u00e8lement, du sexisme et des violences au travail<\/strong><\/a>.<\/p>\n\n\n\n<p><strong><a href=\"https:\/\/enavanttoutes.fr\/\">En avant toutes<\/a> <\/strong>est une association f\u00e9ministe qui propose des <a href=\"https:\/\/enavanttoutes.fr\/nos-actions\/la-prevention-pour-transformer\/formation-professionnelle\/\"><strong>formations<\/strong><\/a> pour sensibiliser aux st\u00e9r\u00e9otypes de genre, et \u00e0 l\u2019accompagnement et au soutien aux personnes vivant des violences. Elles donnent les cl\u00e9s n\u00e9cessaires pour mieux d\u00e9tecter les violences, mieux r\u00e9agir, et mieux orienter les personnes concern\u00e9es.<br>Contact : contact@enavanttouteslab.fr<\/p>\n\n\n\n<p>L\u2019organisme de formation du <strong><a href=\"https:\/\/crosnormandie.com\/\">CROS Normandie<\/a><\/strong> est un outil \u0153uvrant pour la professionnalisation du mouvement sportif et proposant des <strong><a href=\"https:\/\/crosnormandie.com\/formation\/\">formations<\/a> <\/strong>continues, notamment sur la violences sexistes et sexuelles en milieu sportif.<\/p>\n\n\n\n<p>La <strong><a href=\"https:\/\/www.unow.fr\/formations\/prevenir-et-reagir-face-aux-violences-sexistes-et-sexuelles\/\">Formation FOCUS | Pr\u00e9venir et r\u00e9agir face aux violences sexistes et sexuelles<\/a><\/strong> de <strong><a href=\"https:\/\/www.unow.fr\/\">Unow<\/a><\/strong>, permet d&rsquo;adopter les bonnes postures et les bons r\u00e9flexes pour des relations de travail saines et respectueuses. Elle a pour objectifs de savoir \u00e9tablir et respecter les fronti\u00e8res interpersonnelles, remettre la notion de consentement au c\u0153ur des interactions, et savoir r\u00e9agir et prot\u00e9ger une victime de violence sexiste ou sexuelle. On peut notamment y r\u00e9aliser un autodiagnostic d\u2019exposition aux VSS.<\/p>\n\n\n\n<p>Le <a href=\"https:\/\/www.cepep.fr\/\" data-type=\"link\" data-id=\"https:\/\/www.cepep.fr\/\"><mark style=\"background-color:rgba(0, 0, 0, 0)\" class=\"has-inline-color has-vivid-red-color\">CEPEP<\/mark><\/a> est une SCOP d\u2019\u00e9ducation populaire qui intervient sur des enjeux de justice sociale et propose notamment du conseil et des formations sur la lutte contre les discriminations et contre les violences sexistes et sexuelles.<\/p>\n\n\n\n<p>Une SCOP d\u2019\u00e9ducation populaire sp\u00e9cialis\u00e9e sur les enjeux de genre et les rapports de domination, L\u2019<mark style=\"background-color:rgba(0, 0, 0, 0)\" class=\"has-inline-color has-vivid-red-color\"><a href=\"http:\/\/lengrenage.blogspot.com\/\" data-type=\"link\" data-id=\"http:\/\/lengrenage.blogspot.com\/\">Engrenage<\/a><\/mark> propose des formations et accompagnement sur ces questions pour repenser ses pratiques professionnel\u00b7les.<\/p>\n\n\n\n<p>L\u2019<mark style=\"background-color:rgba(0, 0, 0, 0)\" class=\"has-inline-color has-vivid-red-color\"><a href=\"https:\/\/www.escargotmigrateur.org\/\" data-type=\"link\" data-id=\"https:\/\/www.escargotmigrateur.org\/\">Escargot Migrateur<\/a><\/mark> est une structure d\u2019\u00e9ducation populaire qui propose notamment une formation \u201cPr\u00e9venir et agir face aux violences sexuelles et sexistes &#8211; sp\u00e9cial m\u00e9tiers de la culture\u201d<\/p>\n\n\n\n<p>L\u2019<mark style=\"background-color:rgba(0, 0, 0, 0)\" class=\"has-inline-color has-vivid-red-color\"><a href=\"https:\/\/iresmo.jimdofree.com\/formations\/\" data-type=\"link\" data-id=\"https:\/\/iresmo.jimdofree.com\/formations\/\">IRESMO<\/a><\/mark> (Institut de Recherche et d\u2019Education sur les Mouvements Sociaux) propose des formations sur les enjeux d\u2019in\u00e9galit\u00e9s, de discriminations, avec une perspective sociologique et d\u2019\u00e9ducation populaire : lutte contre le racisme, lutte contre les discriminations, \u00e9galit\u00e9 f\/h, th\u00e9ories f\u00e9ministes\u2026 Assur\u00e9es par Ir\u00e8ne Pereira, docteure en sociologie. Ces formations s\u2019adressent uniquement \u00e0 des groupes d\u00e9j\u00e0 constitu\u00e9s<\/p>\n\n\n\n<p><mark style=\"background-color:rgba(0, 0, 0, 0)\" class=\"has-inline-color has-vivid-red-color\"><a href=\"https:\/\/regalonsnoussite.wordpress.com\/\" data-type=\"link\" data-id=\"https:\/\/regalonsnoussite.wordpress.com\/\">rEGALons-nous !<\/a><\/mark> est une structure qui intervient sur les questions de genre, les enjeux d\u2019\u00e9galit\u00e9 et les discriminations, avec une perspective sociologique et d\u2019\u00e9ducation populaire. Elle propose notamment des formations \u00e0 destination des professionnel.les et des ateliers sur diff\u00e9rentes th\u00e9matiques autour de la lutte contre le sexisme, avec notamment une proposition d\u2019atelier sur le sexisme et le harc\u00e8lement en milieu festif.<\/p>\n","protected":false},"excerpt":{"rendered":"<p>Associations et organismes de formation sur les VSS sp\u00e9cialis\u00e9s dans les milieux festif et\/ou le secteur culturel :&nbsp; Les Impudentes, association qui propose une formation \u00e0 destination des organisateur\u00b7ices dans la lutte contre les violences sexistes et sexuelles en amont des \u00e9v\u00e8nements festifs, principalement des festivals.&nbsp;Contact : contact@lesimpudentes.fr Consentis est une association qui promeut une [&hellip;]<\/p>\n","protected":false},"author":11,"featured_media":0,"parent":0,"menu_order":0,"comment_status":"closed","ping_status":"closed","template":"","meta":{"footnotes":""},"class_list":["post-3527","page","type-page","status-publish","hentry"],"_links":{"self":[{"href":"https:\/\/hf-normandie.fr\/index.php\/wp-json\/wp\/v2\/pages\/3527","targetHints":{"allow":["GET"]}}],"collection":[{"href":"https:\/\/hf-normandie.fr\/index.php\/wp-json\/wp\/v2\/pages"}],"about":[{"href":"https:\/\/hf-normandie.fr\/index.php\/wp-json\/wp\/v2\/types\/page"}],"author":[{"embeddable":true,"href":"https:\/\/hf-normandie.fr\/index.php\/wp-json\/wp\/v2\/users\/11"}],"replies":[{"embeddable":true,"href":"https:\/\/hf-normandie.fr\/index.php\/wp-json\/wp\/v2\/comments?post=3527"}],"version-history":[{"count":15,"href":"https:\/\/hf-normandie.fr\/index.php\/wp-json\/wp\/v2\/pages\/3527\/revisions"}],"predecessor-version":[{"id":6276,"href":"https:\/\/hf-normandie.fr\/index.php\/wp-json\/wp\/v2\/pages\/3527\/revisions\/6276"}],"wp:attachment":[{"href":"https:\/\/hf-normandie.fr\/index.php\/wp-json\/wp\/v2\/media?parent=3527"}],"curies":[{"name":"wp","href":"https:\/\/api.w.org\/{rel}","templated":true}]}}