{"id":353,"date":"2018-08-13T11:47:50","date_gmt":"2018-08-13T09:47:50","guid":{"rendered":"http:\/\/hf-normandie.fr\/?page_id=353"},"modified":"2025-08-05T09:38:40","modified_gmt":"2025-08-05T07:38:40","slug":"presse","status":"publish","type":"page","link":"https:\/\/hf-normandie.fr\/index.php\/presse\/","title":{"rendered":"ESPACE PRO"},"content":{"rendered":"\n<p><strong>Logo HF+ Normandie :<br><\/strong><a href=\"https:\/\/hf-normandie.fr\/wp-content\/uploads\/2024\/06\/LOGO-HF-Normandie-01.png\">Logo HF+ rouge<\/a>&nbsp;<br><a href=\"https:\/\/hf-normandie.fr\/wp-content\/uploads\/2024\/06\/LOGO-HF-Normandie-02.png\">Logo HF+ noir<\/a><br><a href=\"https:\/\/hf-normandie.fr\/wp-content\/uploads\/2024\/06\/LOGO-HF-Normandie-03.png\">Logo HF+ transparent<\/a><\/p>\n\n\n\n<p><strong>Journ\u00e9es du Matrimoine :<\/strong><br><a href=\"https:\/\/hf-normandie.fr\/wp-content\/uploads\/2021\/07\/Logotype_Matrimoine_2021-Centre-01-2.png\">Logo JDM<\/a><br><a href=\"https:\/\/hf-normandie.fr\/wp-content\/uploads\/2025\/06\/30x42_Charlotte_HD.pdf\">Visuel des Journ\u00e9es du Matrimoine en Normandie 2025<\/a> [HD-PDF]<br><a href=\"https:\/\/hf-normandie.fr\/wp-content\/uploads\/2025\/06\/30x42_Charlotte_HD.pdf\">Visuel des Journ\u00e9es du Matrimoine en Normandie 2025<\/a> [HD-JPEG]<br><a href=\"https:\/\/hf-normandie.fr\/wp-content\/uploads\/2025\/06\/30x42_Charlotte_WEB.jpg\">Visuel des Journ\u00e9es du Matrimoine en Normandie 2025<\/a> [WEB-JPEG]<br><strong>Cr\u00e9dit : Sophie Lulague<\/strong><\/p>\n\n\n\n<p><a href=\"https:\/\/hf-normandie.fr\/wp-content\/uploads\/2025\/08\/Plaquette_jdm25_web.pdf\">Programme des Journ\u00e9es du Matrimoine en Normandie 2025<\/a><\/p>\n\n\n\n<p><strong>Contact :<\/strong><br>\nFaustine Le Bras<br>\n06 09 87 06 91<br>\nhfnormandie.matrimoine@gmail.com<\/p>\n\n\n\n<p><\/p>\n","protected":false},"excerpt":{"rendered":"<p>Logo HF+ Normandie :Logo HF+ rouge&nbsp;Logo HF+ noirLogo HF+ transparent Journ\u00e9es du Matrimoine :Logo JDMVisuel des Journ\u00e9es du Matrimoine en Normandie 2025 [HD-PDF]Visuel des Journ\u00e9es du Matrimoine en Normandie 2025 [HD-JPEG]Visuel des Journ\u00e9es du Matrimoine en Normandie 2025 [WEB-JPEG]Cr\u00e9dit : Sophie Lulague Programme des Journ\u00e9es du Matrimoine en Normandie 2025 Contact : Faustine Le Bras [&hellip;]<\/p>\n","protected":false},"author":2,"featured_media":0,"parent":0,"menu_order":0,"comment_status":"closed","ping_status":"closed","template":"","meta":{"footnotes":""},"class_list":["post-353","page","type-page","status-publish","hentry"],"_links":{"self":[{"href":"https:\/\/hf-normandie.fr\/index.php\/wp-json\/wp\/v2\/pages\/353","targetHints":{"allow":["GET"]}}],"collection":[{"href":"https:\/\/hf-normandie.fr\/index.php\/wp-json\/wp\/v2\/pages"}],"about":[{"href":"https:\/\/hf-normandie.fr\/index.php\/wp-json\/wp\/v2\/types\/page"}],"author":[{"embeddable":true,"href":"https:\/\/hf-normandie.fr\/index.php\/wp-json\/wp\/v2\/users\/2"}],"replies":[{"embeddable":true,"href":"https:\/\/hf-normandie.fr\/index.php\/wp-json\/wp\/v2\/comments?post=353"}],"version-history":[{"count":58,"href":"https:\/\/hf-normandie.fr\/index.php\/wp-json\/wp\/v2\/pages\/353\/revisions"}],"predecessor-version":[{"id":5712,"href":"https:\/\/hf-normandie.fr\/index.php\/wp-json\/wp\/v2\/pages\/353\/revisions\/5712"}],"wp:attachment":[{"href":"https:\/\/hf-normandie.fr\/index.php\/wp-json\/wp\/v2\/media?parent=353"}],"curies":[{"name":"wp","href":"https:\/\/api.w.org\/{rel}","templated":true}]}}