{"id":3692,"date":"2024-08-01T15:07:58","date_gmt":"2024-08-01T13:07:58","guid":{"rendered":"https:\/\/hf-normandie.fr\/?page_id=3692"},"modified":"2024-09-17T11:39:16","modified_gmt":"2024-09-17T09:39:16","slug":"journees-du-matrimoine-2024-orne","status":"publish","type":"page","link":"https:\/\/hf-normandie.fr\/index.php\/journees-du-matrimoine-2024-orne\/","title":{"rendered":"Journ\u00e9es du Matrimoine 2024 &#8211; Orne"},"content":{"rendered":"<div class=\"wp-block-image\">\n<figure class=\"alignleft size-large\"><img loading=\"lazy\" decoding=\"async\" width=\"1024\" height=\"256\" src=\"https:\/\/hf-normandie.fr\/wp-content\/uploads\/2024\/07\/gabarits-web_Virginia_1584-x-396-1024x256.jpg\" alt=\"\" class=\"wp-image-3658\" srcset=\"https:\/\/hf-normandie.fr\/wp-content\/uploads\/2024\/07\/gabarits-web_Virginia_1584-x-396-1024x256.jpg 1024w, https:\/\/hf-normandie.fr\/wp-content\/uploads\/2024\/07\/gabarits-web_Virginia_1584-x-396-300x75.jpg 300w, https:\/\/hf-normandie.fr\/wp-content\/uploads\/2024\/07\/gabarits-web_Virginia_1584-x-396-768x192.jpg 768w, https:\/\/hf-normandie.fr\/wp-content\/uploads\/2024\/07\/gabarits-web_Virginia_1584-x-396-1536x384.jpg 1536w, https:\/\/hf-normandie.fr\/wp-content\/uploads\/2024\/07\/gabarits-web_Virginia_1584-x-396.jpg 1584w\" sizes=\"auto, (max-width: 1024px) 100vw, 1024px\" \/><\/figure>\n<\/div>\n\n\n<p class=\"has-white-color has-text-color has-link-color wp-elements-7e4ac651328708ea719ac0894fa30934\">.<\/p>\n\n\n\n<div class=\"wp-block-group\"><div class=\"wp-block-group__inner-container is-layout-constrained wp-block-group-is-layout-constrained\">\n<h2 class=\"wp-block-heading has-small-font-size\"><mark style=\"background-color:#000000\" class=\"has-inline-color has-white-color\">Exposition<\/mark><\/h2>\n\n\n\n<h2 class=\"wp-block-heading has-black-color has-text-color has-link-color has-medium-font-size wp-elements-e97bc706243dd0e2521155617925eedf\"><strong>Annick Cojean &#8211; Sophie Couturier &#8211; Sandrine Revel<\/strong><\/h2>\n\n\n\n<h2 class=\"wp-block-heading has-vivid-red-color has-text-color has-link-color has-large-font-size wp-elements-15feefb7f84d21b71f27c268647456d0\" style=\"text-transform:uppercase\"><strong>Gis\u00e8le Halimi, une farouche libert\u00e9<\/strong><\/h2>\n\n\n\n<div class=\"wp-block-media-text is-stacked-on-mobile\" style=\"grid-template-columns:27% auto\"><figure class=\"wp-block-media-text__media\"><img loading=\"lazy\" decoding=\"async\" width=\"694\" height=\"1024\" src=\"https:\/\/hf-normandie.fr\/wp-content\/uploads\/2024\/07\/Gisele_Halimi_-_Huma-2008-Creedit-Olivier-Teetard-694x1024.jpg\" alt=\"\" class=\"wp-image-4100 size-full\" srcset=\"https:\/\/hf-normandie.fr\/wp-content\/uploads\/2024\/07\/Gisele_Halimi_-_Huma-2008-Creedit-Olivier-Teetard-694x1024.jpg 694w, https:\/\/hf-normandie.fr\/wp-content\/uploads\/2024\/07\/Gisele_Halimi_-_Huma-2008-Creedit-Olivier-Teetard-203x300.jpg 203w, https:\/\/hf-normandie.fr\/wp-content\/uploads\/2024\/07\/Gisele_Halimi_-_Huma-2008-Creedit-Olivier-Teetard-768x1134.jpg 768w, https:\/\/hf-normandie.fr\/wp-content\/uploads\/2024\/07\/Gisele_Halimi_-_Huma-2008-Creedit-Olivier-Teetard-1041x1536.jpg 1041w, https:\/\/hf-normandie.fr\/wp-content\/uploads\/2024\/07\/Gisele_Halimi_-_Huma-2008-Creedit-Olivier-Teetard-1387x2048.jpg 1387w, https:\/\/hf-normandie.fr\/wp-content\/uploads\/2024\/07\/Gisele_Halimi_-_Huma-2008-Creedit-Olivier-Teetard-scaled.jpg 1734w\" sizes=\"auto, (max-width: 694px) 100vw, 694px\" \/><\/figure><div class=\"wp-block-media-text__content\">\n<p>Une d\u00e9couverte de la vie, de l\u2019engagement et des combats de cette grande avocate fran\u00e7aise dans une exposition reprenant des planches du roman graphique.<\/p>\n\n\n\n<h2 class=\"wp-block-heading has-vivid-red-color has-text-color has-link-color has-normal-font-size wp-elements-b05584e343638024fcc44935b430fdd0\"><strong>Du 12 septembre au 4 octobre<\/strong><\/h2>\n\n\n\n<h2 class=\"wp-block-heading has-black-color has-text-color has-link-color has-normal-font-size wp-elements-1a34aedfe33ffe5d5754aa41ad15165e\"><strong>Ateliers BOHIN<\/strong><\/h2>\n\n\n\n<h2 class=\"wp-block-heading has-black-color has-text-color has-link-color has-normal-font-size wp-elements-165ca921ff398fd29f92a4c178423bf1\">1 le bourg 61300 Saint-Sulpice-sur-Risle<\/h2>\n\n\n\n<h2 class=\"wp-block-heading has-black-color has-text-color has-link-color has-normal-font-size wp-elements-cd35007d47d781a27593eb98194ab86f\">Entr\u00e9e libre<\/h2>\n\n\n\n<h2 class=\"wp-block-heading has-black-color has-text-color has-link-color has-normal-font-size wp-elements-934d45e5e3032577c440ab6a3ad6c8c2\"><a href=\"http:\/\/www.bohin.com\">bohin.com<\/a><\/h2>\n\n\n\n<p>Photo \u00a9 Olivier T\u00eatard<\/p>\n\n\n\n<p><\/p>\n<\/div><\/div>\n\n\n\n<h2 class=\"wp-block-heading has-vivid-red-color has-text-color has-link-color has-normal-font-size wp-elements-d0585c7eb083eebd13effade7e8602e0\"><\/h2>\n\n\n\n<p class=\"has-text-align-center has-text-color has-link-color wp-elements-c74d922dca1299bed89317f3b501d0c5\" style=\"color:#ffde5c;font-size:62px\"><strong>\u2013 \u2013 \u2013<\/strong><\/p>\n\n\n\n<h2 class=\"wp-block-heading has-small-font-size\"><mark style=\"background-color:#000000\" class=\"has-inline-color has-white-color\">Conf\u00e9rence<\/mark><\/h2>\n\n\n\n<h2 class=\"wp-block-heading has-black-color has-text-color has-link-color has-medium-font-size wp-elements-d519a4783048a1419a793af1556052a8\"><strong>Sophie Couturier<\/strong><\/h2>\n\n\n\n<h2 class=\"wp-block-heading has-vivid-red-color has-text-color has-link-color has-large-font-size wp-elements-15feefb7f84d21b71f27c268647456d0\" style=\"text-transform:uppercase\"><strong>Gis\u00e8le Halimi, une farouche libert\u00e9<\/strong><\/h2>\n\n\n\n<div class=\"wp-block-media-text is-stacked-on-mobile\" style=\"grid-template-columns:35% auto\"><figure class=\"wp-block-media-text__media\"><img loading=\"lazy\" decoding=\"async\" width=\"400\" height=\"551\" src=\"https:\/\/hf-normandie.fr\/wp-content\/uploads\/2024\/07\/Une-farouche-liberte-Gisele-Halimi-la-cause-des-femmes.jpg\" alt=\"\" class=\"wp-image-4117 size-full\" srcset=\"https:\/\/hf-normandie.fr\/wp-content\/uploads\/2024\/07\/Une-farouche-liberte-Gisele-Halimi-la-cause-des-femmes.jpg 400w, https:\/\/hf-normandie.fr\/wp-content\/uploads\/2024\/07\/Une-farouche-liberte-Gisele-Halimi-la-cause-des-femmes-218x300.jpg 218w\" sizes=\"auto, (max-width: 400px) 100vw, 400px\" \/><\/figure><div class=\"wp-block-media-text__content\">\n<p>Sophie Couturier, sc\u00e9nariste de ce roman graphique racontant la vie de Gis\u00e8le Halimi, vient t\u00e9moigner des combats f\u00e9ministes de l\u2019avocate avec laquelle elle a milit\u00e9.<br>Suivie d\u2019une s\u00e9ance de d\u00e9dicace.<\/p>\n\n\n\n<h2 class=\"wp-block-heading has-vivid-red-color has-text-color has-link-color has-normal-font-size wp-elements-4c486cbf1a60ba30b8d83f2bf51e42bd\"><strong>Vendredi 20 septembre \u00e0 17h30 (1h)<\/strong><\/h2>\n\n\n\n<h2 class=\"wp-block-heading has-black-color has-text-color has-link-color has-normal-font-size wp-elements-1a34aedfe33ffe5d5754aa41ad15165e\"><strong>Ateliers BOHIN<\/strong><\/h2>\n\n\n\n<h2 class=\"wp-block-heading has-black-color has-text-color has-link-color has-normal-font-size wp-elements-165ca921ff398fd29f92a4c178423bf1\">1 le bourg 61300 Saint-Sulpice-sur-Risle<\/h2>\n\n\n\n<h2 class=\"wp-block-heading has-black-color has-text-color has-link-color has-normal-font-size wp-elements-07262411da62cd4320d8b9b5608117a0\">Gratuit sur r\u00e9servation au 02 33 24 89 38<\/h2>\n\n\n\n<p><a href=\"http:\/\/bohin.com\">bohin.com<\/a><\/p>\n<\/div><\/div>\n<\/div><\/div>\n\n\n\n<p class=\"has-white-color has-white-background-color has-text-color has-background has-link-color wp-elements-52eb338cf5e28eb4d9a41269e9199ec5\">.<\/p>\n\n\n\n<p class=\"has-text-align-center has-text-color has-link-color wp-elements-c74d922dca1299bed89317f3b501d0c5\" style=\"color:#ffde5c;font-size:62px\"><strong>\u2013 \u2013 \u2013<\/strong><\/p>\n\n\n\n<p><\/p>\n\n\n\n<div class=\"wp-block-group\"><div class=\"wp-block-group__inner-container is-layout-constrained wp-block-group-is-layout-constrained\">\n<h2 class=\"wp-block-heading has-small-font-size\"><mark style=\"background-color:#000000\" class=\"has-inline-color has-white-color\">Lecture<\/mark><\/h2>\n\n\n\n<h2 class=\"wp-block-heading has-black-color has-text-color has-link-color has-medium-font-size wp-elements-45616dfa8970249a0faa69a27ada4e09\"><strong>Cie Transtopie<\/strong><\/h2>\n\n\n\n<h2 class=\"wp-block-heading has-vivid-red-color has-text-color has-link-color has-large-font-size wp-elements-b015255850068096257bbba2b4fe0bd6\" style=\"text-transform:uppercase\"><strong>Femmes artistes de l&rsquo;Histoire<\/strong><\/h2>\n\n\n\n<div class=\"wp-block-media-text is-stacked-on-mobile\" style=\"grid-template-columns:41% auto\"><figure class=\"wp-block-media-text__media\"><img loading=\"lazy\" decoding=\"async\" width=\"724\" height=\"1024\" src=\"https:\/\/hf-normandie.fr\/wp-content\/uploads\/2024\/07\/Affiche-estivart-JDM-2024-peintresses-de-lhistoire-1-724x1024.png\" alt=\"\" class=\"wp-image-4105 size-full\" srcset=\"https:\/\/hf-normandie.fr\/wp-content\/uploads\/2024\/07\/Affiche-estivart-JDM-2024-peintresses-de-lhistoire-1-724x1024.png 724w, https:\/\/hf-normandie.fr\/wp-content\/uploads\/2024\/07\/Affiche-estivart-JDM-2024-peintresses-de-lhistoire-1-212x300.png 212w, https:\/\/hf-normandie.fr\/wp-content\/uploads\/2024\/07\/Affiche-estivart-JDM-2024-peintresses-de-lhistoire-1-768x1086.png 768w, https:\/\/hf-normandie.fr\/wp-content\/uploads\/2024\/07\/Affiche-estivart-JDM-2024-peintresses-de-lhistoire-1-1086x1536.png 1086w, https:\/\/hf-normandie.fr\/wp-content\/uploads\/2024\/07\/Affiche-estivart-JDM-2024-peintresses-de-lhistoire-1.png 1414w\" sizes=\"auto, (max-width: 724px) 100vw, 724px\" \/><\/figure><div class=\"wp-block-media-text__content\">\n<p>Une lecture po\u00e9tique \u00e0 la d\u00e9couverte des figures incontournables de l&rsquo;histoire de l&rsquo;art, parfois oubli\u00e9es, parfois invisibilis\u00e9es.<\/p>\n\n\n\n<h2 class=\"wp-block-heading has-vivid-red-color has-text-color has-link-color has-normal-font-size wp-elements-b3eee0df732d9dfe16fab7a11f241ce7\"><strong>Samedi 21 septembre \u00e0 11h et 12h (20 min)<\/strong><\/h2>\n\n\n\n<h2 class=\"wp-block-heading has-black-color has-text-color has-link-color has-normal-font-size wp-elements-1967e5d1e47c3f24c3208ca08e028006\"><strong>Estiv&rsquo;art<\/strong><\/h2>\n\n\n\n<h2 class=\"wp-block-heading has-black-color has-text-color has-link-color has-normal-font-size wp-elements-f014112817529f73311e1a9111f5c8c9\">20 rue aux sieurs 61000 Alen\u00e7on<\/h2>\n\n\n\n<h2 class=\"wp-block-heading has-black-color has-text-color has-link-color has-normal-font-size wp-elements-9f0d6744af9d3344db0898327c480dd6\">Gratuit<\/h2>\n\n\n\n<h2 class=\"wp-block-heading has-black-color has-text-color has-link-color has-normal-font-size wp-elements-c8c1a848bdc86e16b2879dae1beb28ee\"><a href=\"http:\/\/transtopie.fr\">transtopie.fr<\/a><\/h2>\n<\/div><\/div>\n\n\n\n<p class=\"has-white-color has-white-background-color has-text-color has-background has-link-color has-normal-font-size wp-elements-b3d85acd23201a582403795be1808d07\">.<\/p>\n<\/div><\/div>\n\n\n\n<h2 class=\"wp-block-heading\"><\/h2>\n\n\n\n<p class=\"has-text-align-center has-text-color has-link-color wp-elements-c74d922dca1299bed89317f3b501d0c5\" style=\"color:#ffde5c;font-size:62px\"><strong>\u2013 \u2013 \u2013<\/strong><\/p>\n\n\n\n<p><\/p>\n\n\n\n<div class=\"wp-block-group\"><div class=\"wp-block-group__inner-container is-layout-constrained wp-block-group-is-layout-constrained\">\n<h2 class=\"wp-block-heading has-small-font-size\"><mark style=\"background-color:#000000\" class=\"has-inline-color has-white-color\">Concert<\/mark><\/h2>\n\n\n\n<h2 class=\"wp-block-heading has-black-color has-text-color has-link-color has-medium-font-size wp-elements-6f771d40b98f8451c49e4682faa71ec7\"><strong>Duo Andranian<\/strong><\/h2>\n\n\n\n<h2 class=\"wp-block-heading has-vivid-red-color has-text-color has-link-color has-large-font-size wp-elements-16c6f74aeca6a6266d76b5cb396af577\" style=\"text-transform:uppercase\"><strong>Figures f\u00e9minines mythiques &#8211; Un salon romantique<\/strong><\/h2>\n\n\n\n<div class=\"wp-block-media-text is-stacked-on-mobile\" style=\"grid-template-columns:51% auto\"><figure class=\"wp-block-media-text__media\"><img loading=\"lazy\" decoding=\"async\" width=\"620\" height=\"487\" src=\"https:\/\/hf-normandie.fr\/wp-content\/uploads\/2024\/07\/Duo-Andranian.jpg\" alt=\"\" class=\"wp-image-4109 size-full\" srcset=\"https:\/\/hf-normandie.fr\/wp-content\/uploads\/2024\/07\/Duo-Andranian.jpg 620w, https:\/\/hf-normandie.fr\/wp-content\/uploads\/2024\/07\/Duo-Andranian-300x236.jpg 300w\" sizes=\"auto, (max-width: 620px) 100vw, 620px\" \/><\/figure><div class=\"wp-block-media-text__content\">\n<p>\u00c9vocation d&rsquo;une s\u00e9ance musicale \u00e0 l&rsquo;\u00e9poque romantique, ce duo \u00e0 quatre main mets \u00e0 l&rsquo;honneur des interpr\u00e8tes talentueuses et cr\u00e9atrices remarquables, dont la production s&rsquo;est vue souvent occult\u00e9e par leur proche entourage&nbsp;:&nbsp;Fanny Hensel-Mendelssohn, C\u00e9cile Chaminade, Clara Schumann, Marie Ja\u00ebll, Mel Bonis&#8230;<\/p>\n\n\n\n<h2 class=\"wp-block-heading has-vivid-red-color has-text-color has-link-color has-normal-font-size wp-elements-624f9aab6bc2294f4185c9bd30404fa6\"><strong>Dimanche 22 septembre \u00e0 15h (1h15)<\/strong><\/h2>\n\n\n\n<h2 class=\"wp-block-heading has-black-color has-text-color has-link-color has-normal-font-size wp-elements-d4ebd10c26772eb26d0ac8f6abf9020c\"><strong>\u00c9glise de Sainte-Ceronne-les-Mortagne<\/strong><\/h2>\n\n\n\n<h2 class=\"wp-block-heading has-black-color has-text-color has-link-color has-normal-font-size wp-elements-3c47b04fb59494230998f849b4356d71\">61380 Sainte-Ceronne-les-Mortagne<\/h2>\n\n\n\n<p>Tarif solidaire, r\u00e9servation au 02 33 25 17 53<br><a href=\"https:\/\/sainte-ceronne-les-mortagne.fr\/\" target=\"_blank\" rel=\"noreferrer noopener\">https:\/\/sainte-ceronne-les-mortagne.fr\/<\/a><br>&nbsp;<a href=\"http:\/\/duo-andranian.com\/\" target=\"_blank\" rel=\"noreferrer noopener\">duo-andranian.com<\/a><\/p>\n<\/div><\/div>\n<\/div><\/div>\n\n\n\n<p class=\"has-white-color has-white-background-color has-text-color has-background has-link-color wp-elements-52eb338cf5e28eb4d9a41269e9199ec5\">.<\/p>\n\n\n\n<p class=\"has-text-align-center has-text-color has-link-color wp-elements-c74d922dca1299bed89317f3b501d0c5\" style=\"color:#ffde5c;font-size:62px\"><strong>\u2013 \u2013 \u2013<\/strong><\/p>\n\n\n\n<p><\/p>\n\n\n\n<div class=\"wp-block-group\"><div class=\"wp-block-group__inner-container is-layout-constrained wp-block-group-is-layout-constrained\">\n<div class=\"wp-block-group\"><div class=\"wp-block-group__inner-container is-layout-constrained wp-block-group-is-layout-constrained\">\n<h2 class=\"wp-block-heading has-small-font-size\"><mark style=\"background-color:#000000\" class=\"has-inline-color has-white-color\">Conf\u00e9rence gesticul\u00e9e<\/mark><\/h2>\n\n\n\n<h2 class=\"wp-block-heading has-black-color has-text-color has-link-color has-medium-font-size wp-elements-ba95a6faa752ca548d186a3b8d4e2c55\"><strong>Cie L&rsquo;Insolente &#8211; Chlo\u00e9 Lebon<\/strong><\/h2>\n\n\n\n<h2 class=\"wp-block-heading has-vivid-red-color has-text-color has-link-color has-large-font-size wp-elements-43548264c2ccfe42e334a2d4fb3558be\" style=\"text-transform:uppercase\"><strong>Le Sacerdoce des M\u00e9m\u00e8res \u00e0 Chat<br>Un d\u00e9tricotage des repr\u00e9sentations sexistes autour du c\u00e9libat des femmes<\/strong><\/h2>\n\n\n\n<p>Des histoires de princesse \u00e0 la vieille fille frustr\u00e9e, cette conf\u00e9rence met en parall\u00e8le le r\u00e9cit intime d&rsquo;une vie et les repr\u00e9sentations culturelles des femmes c\u00e9libataires qui jalonnent notre imaginaire collectif. Avec humour et tendresse, les mots de la com\u00e9dienne se m\u00e9langent \u00e0 ceux d&rsquo;autrices et de journalistes comme Mona Chollet, Victoire Tuaillon, Virginie Despentes ou encore Alice Zeniter. Ce spectacle sensibilise aux discriminations que subissent les c\u00e9libataires tout en participant \u00e0 la construction de nouvelles repr\u00e9sentations.<\/p>\n\n\n\n<h2 class=\"wp-block-heading has-vivid-red-color has-text-color has-link-color has-normal-font-size wp-elements-45389d0c2859e453d539adc4ebc0bd2a\"><strong>Vendredi 20 septembre \u00e0 20h30 (1h30)<\/strong><\/h2>\n\n\n\n<h2 class=\"wp-block-heading has-black-color has-text-color has-link-color has-normal-font-size wp-elements-9d0758b8162e8a6d153f6c9664db448a\"><strong>Le K-Rabo<\/strong><\/h2>\n\n\n\n<h2 class=\"wp-block-heading has-black-color has-text-color has-link-color has-normal-font-size wp-elements-fb0295337e6ce9b86f56e5f7366c9c34\">2 rue de la Pommeraie, Rabodanges 61210 Putanges-le-Lac<\/h2>\n\n\n\n<h2 class=\"wp-block-heading has-black-color has-text-color has-link-color has-normal-font-size wp-elements-1b1c262825eea2133fbf0d26301759ef\">Tarif solidaire, informations au 02 33 12 63 78<\/h2>\n\n\n\n<h2 class=\"wp-block-heading has-black-color has-text-color has-link-color has-normal-font-size wp-elements-1946da9fe16f9671a0b963294c11b67c\"><a href=\"https:\/\/www.facebook.com\/lekrabodanges\">facebook.com\/lekrabodanges<\/a><\/h2>\n<\/div><\/div>\n<\/div><\/div>\n\n\n\n<p class=\"has-white-color has-white-background-color has-text-color has-background has-link-color wp-elements-52eb338cf5e28eb4d9a41269e9199ec5\">.<\/p>\n\n\n\n<p class=\"has-text-align-center has-text-color has-link-color wp-elements-c74d922dca1299bed89317f3b501d0c5\" style=\"color:#ffde5c;font-size:62px\"><strong>\u2013 \u2013 \u2013<\/strong><\/p>\n\n\n\n<p><\/p>\n\n\n\n<div class=\"wp-block-group\"><div class=\"wp-block-group__inner-container is-layout-constrained wp-block-group-is-layout-constrained\">\n<h2 class=\"wp-block-heading has-small-font-size\"><mark style=\"background-color:#000000\" class=\"has-inline-color has-white-color\">Atelier d&rsquo;\u00e9criture et sc\u00e8ne ouverte<\/mark><\/h2>\n\n\n\n<h2 class=\"wp-block-heading has-black-color has-text-color has-link-color has-medium-font-size wp-elements-47f5181bc653cce37a50f775d8114776\"><strong>Collectif Cresson sauvage : Anne Monneau et Sophie Foucher<\/strong><\/h2>\n\n\n\n<h2 class=\"wp-block-heading has-vivid-red-color has-text-color has-link-color has-large-font-size wp-elements-f429fb6d40568e4b256e4690e183c18d\" style=\"text-transform:uppercase\"><strong>\u00c9tincelles : rendez-vous po\u00e9tique et f\u00e9ministe<\/strong><\/h2>\n\n\n\n<p>C\u00e9l\u00e9brons les talents artistiques f\u00e9minins et queer !<br>Cet \u00e9v\u00e9nement compos\u00e9 d\u2019un atelier d\u2019\u00e9criture et d\u2019une sc\u00e8ne ouverte (slam, po\u00e9sie, th\u00e9\u00e2tre, musique, etc.) vise \u00e0 c\u00e9l\u00e9brer la diversit\u00e9 et la cr\u00e9ativit\u00e9 de toutes les femmes en leur permettant de s\u2019emparer de la langue et des mots pour prendre le pouvoir.<br>Chaque personne est libre de participer \u00e0 l&rsquo;une, \u00e0 l&rsquo;autre ou aux deux.&nbsp;<\/p>\n\n\n\n<h2 class=\"wp-block-heading has-vivid-red-color has-text-color has-link-color has-normal-font-size wp-elements-83291d6f4c58e8fdc3497c48be267667\"><strong>Dimanche 22 septembre \u00e0 15h (atelier d&rsquo;\u00e9criture &#8211; 2h) et \u00e0 18h (sc\u00e8ne ouverte &#8211; 2h)<\/strong><\/h2>\n\n\n\n<h2 class=\"wp-block-heading has-black-color has-text-color has-link-color has-normal-font-size wp-elements-9d0758b8162e8a6d153f6c9664db448a\"><strong>Le K-Rabo<\/strong><\/h2>\n\n\n\n<h2 class=\"wp-block-heading has-black-color has-text-color has-link-color has-normal-font-size wp-elements-91a91e805c07f354da2c2cdc67a6c5b8\">2 rue de la pommeraie 61210 Rabodanges &#8211; Putanges-Le-Lac<\/h2>\n\n\n\n<h2 class=\"wp-block-heading has-black-color has-text-color has-link-color has-normal-font-size wp-elements-399069615da23db5373ddae32c21de81\">Gratuit, r\u00e9servation conseill\u00e9e pour l&rsquo;atelier d&rsquo;\u00e9criture au 06 26 35 70 76<\/h2>\n\n\n\n<h2 class=\"wp-block-heading has-black-color has-text-color has-link-color has-normal-font-size wp-elements-8ec90c480a05b72230cf8735c9f07b93\"><a href=\"http:\/\/lekrabo.fr\" data-type=\"link\" data-id=\"lekrabo.fr\">lekrabo.fr<\/a><\/h2>\n<\/div><\/div>\n\n\n\n<p class=\"has-white-color has-white-background-color has-text-color has-background has-link-color wp-elements-52eb338cf5e28eb4d9a41269e9199ec5\">.<\/p>\n\n\n\n<p class=\"has-text-align-center has-text-color has-link-color wp-elements-c74d922dca1299bed89317f3b501d0c5\" style=\"color:#ffde5c;font-size:62px\"><strong>\u2013 \u2013 \u2013<\/strong><\/p>\n\n\n\n<p><\/p>\n\n\n\n<div class=\"wp-block-group\"><div class=\"wp-block-group__inner-container is-layout-constrained wp-block-group-is-layout-constrained\">\n<h2 class=\"wp-block-heading has-small-font-size\"><mark style=\"background-color:#000000\" class=\"has-inline-color has-white-color\">Spectacle<\/mark><\/h2>\n\n\n\n<h2 class=\"wp-block-heading has-black-color has-text-color has-link-color has-medium-font-size wp-elements-c0b465c5d90636cd1ee2f5e785611e06\"><strong>Lola Pagny et No\u00e9mie Moutel<\/strong><\/h2>\n\n\n\n<h2 class=\"wp-block-heading has-vivid-red-color has-text-color has-link-color has-large-font-size wp-elements-43d2e10f818ef22f2d13101ba9b25af4\" style=\"text-transform:uppercase\"><strong>Devenirs \u00e9cof\u00e9ministes<\/strong><\/h2>\n\n\n\n<p><\/p>\n\n\n\n<figure class=\"wp-block-gallery has-nested-images columns-default is-cropped wp-block-gallery-1 is-layout-flex wp-block-gallery-is-layout-flex\">\n<figure class=\"wp-block-image size-large\"><img loading=\"lazy\" decoding=\"async\" width=\"834\" height=\"462\" data-id=\"4113\" src=\"https:\/\/hf-normandie.fr\/wp-content\/uploads\/2024\/07\/Lola-Pagny-et-Noemie-Moutel-devenir-ecofeministes_1.jpg\" alt=\"\" class=\"wp-image-4113\" srcset=\"https:\/\/hf-normandie.fr\/wp-content\/uploads\/2024\/07\/Lola-Pagny-et-Noemie-Moutel-devenir-ecofeministes_1.jpg 834w, https:\/\/hf-normandie.fr\/wp-content\/uploads\/2024\/07\/Lola-Pagny-et-Noemie-Moutel-devenir-ecofeministes_1-300x166.jpg 300w, https:\/\/hf-normandie.fr\/wp-content\/uploads\/2024\/07\/Lola-Pagny-et-Noemie-Moutel-devenir-ecofeministes_1-768x425.jpg 768w\" sizes=\"auto, (max-width: 834px) 100vw, 834px\" \/><\/figure>\n\n\n\n<figure class=\"wp-block-image size-large\"><img loading=\"lazy\" decoding=\"async\" width=\"861\" height=\"956\" data-id=\"4114\" src=\"https:\/\/hf-normandie.fr\/wp-content\/uploads\/2024\/07\/Lola-Pagny-et-Noemie-Moutel-devenir-ecofeministes_2.jpg\" alt=\"\" class=\"wp-image-4114\" srcset=\"https:\/\/hf-normandie.fr\/wp-content\/uploads\/2024\/07\/Lola-Pagny-et-Noemie-Moutel-devenir-ecofeministes_2.jpg 861w, https:\/\/hf-normandie.fr\/wp-content\/uploads\/2024\/07\/Lola-Pagny-et-Noemie-Moutel-devenir-ecofeministes_2-270x300.jpg 270w, https:\/\/hf-normandie.fr\/wp-content\/uploads\/2024\/07\/Lola-Pagny-et-Noemie-Moutel-devenir-ecofeministes_2-768x853.jpg 768w\" sizes=\"auto, (max-width: 861px) 100vw, 861px\" \/><\/figure>\n<figcaption class=\"blocks-gallery-caption wp-element-caption\">Photos : Lola Pagny et No\u00e9mie Moutel &#8211; Devenir \u00e9cof\u00e9ministes<\/figcaption><\/figure>\n\n\n\n<p>Un voyage dans\u00e9 au pays des th\u00e9ories et pratiques \u00e9cof\u00e9ministes.<br>Lola Pagny et No\u00e9mie Moutel arpentent les ressources d\u00e9ploy\u00e9es par des figures tut\u00e9laires telles que Fran\u00e7oise d&rsquo;Eaubonne, Clarissa Pinkola Est\u00e8s, Starhawk et \u00c9milie Hache, tout en offrant un moment po\u00e9tique, (\u00e9)mouvant, participatif et inclusif.<\/p>\n\n\n\n<h2 class=\"wp-block-heading has-vivid-red-color has-text-color has-link-color has-normal-font-size wp-elements-fd125d2a03ed232d08a7b13c329baaf0\"><strong>Vendredi 20 septembre \u00e0 19h et dimanche 22 septembre \u00e0 11h (1h30)<\/strong><\/h2>\n\n\n\n<h2 class=\"wp-block-heading has-black-color has-text-color has-link-color has-normal-font-size wp-elements-f9b61427e68a18abf07e710bb1e6e786\"><strong>Le Jardin Remarquable Int\u00e9rieur \u00e0 Ciel Ouvert<\/strong><\/h2>\n\n\n\n<h2 class=\"wp-block-heading has-black-color has-text-color has-link-color has-normal-font-size wp-elements-c026f37a38cb02a99dde14de64b93ef0\">6 chemin du lavoir 61430 Athis de l&rsquo;Orne<\/h2>\n\n\n\n<h2 class=\"wp-block-heading has-black-color has-text-color has-link-color has-normal-font-size wp-elements-75c5bab1204c318aae33df7243b6e624\">Tarif : 3\u20ac sur r\u00e9servation au 06 73 04 35 88<\/h2>\n\n\n\n<h2 class=\"wp-block-heading has-black-color has-text-color has-link-color has-normal-font-size wp-elements-ad1981fa30a82fc79d175708038543a9\"><a href=\"http:\/\/www.jardin-interieuracielouvert.com\/\">jardin-interieuracielouvert.com\/<\/a><\/h2>\n<\/div><\/div>\n","protected":false},"excerpt":{"rendered":"<p>. Exposition Annick Cojean &#8211; Sophie Couturier &#8211; Sandrine Revel Gis\u00e8le Halimi, une farouche libert\u00e9 Une d\u00e9couverte de la vie, de l\u2019engagement et des combats de cette grande avocate fran\u00e7aise dans une exposition reprenant des planches du roman graphique. Du 12 septembre au 4 octobre Ateliers BOHIN 1 le bourg 61300 Saint-Sulpice-sur-Risle Entr\u00e9e libre bohin.com [&hellip;]<\/p>\n","protected":false},"author":12,"featured_media":0,"parent":0,"menu_order":0,"comment_status":"closed","ping_status":"closed","template":"","meta":{"footnotes":""},"class_list":["post-3692","page","type-page","status-publish","hentry"],"_links":{"self":[{"href":"https:\/\/hf-normandie.fr\/index.php\/wp-json\/wp\/v2\/pages\/3692","targetHints":{"allow":["GET"]}}],"collection":[{"href":"https:\/\/hf-normandie.fr\/index.php\/wp-json\/wp\/v2\/pages"}],"about":[{"href":"https:\/\/hf-normandie.fr\/index.php\/wp-json\/wp\/v2\/types\/page"}],"author":[{"embeddable":true,"href":"https:\/\/hf-normandie.fr\/index.php\/wp-json\/wp\/v2\/users\/12"}],"replies":[{"embeddable":true,"href":"https:\/\/hf-normandie.fr\/index.php\/wp-json\/wp\/v2\/comments?post=3692"}],"version-history":[{"count":25,"href":"https:\/\/hf-normandie.fr\/index.php\/wp-json\/wp\/v2\/pages\/3692\/revisions"}],"predecessor-version":[{"id":4865,"href":"https:\/\/hf-normandie.fr\/index.php\/wp-json\/wp\/v2\/pages\/3692\/revisions\/4865"}],"wp:attachment":[{"href":"https:\/\/hf-normandie.fr\/index.php\/wp-json\/wp\/v2\/media?parent=3692"}],"curies":[{"name":"wp","href":"https:\/\/api.w.org\/{rel}","templated":true}]}}