{"id":389,"date":"2018-08-13T12:27:35","date_gmt":"2018-08-13T10:27:35","guid":{"rendered":"http:\/\/hf-normandie.fr\/?page_id=389"},"modified":"2025-11-05T12:15:28","modified_gmt":"2025-11-05T11:15:28","slug":"journees-du-matrimoine-2","status":"publish","type":"page","link":"https:\/\/hf-normandie.fr\/index.php\/journees-du-matrimoine-2\/","title":{"rendered":"JOURN\u00c9ES DU MATRIMOINE"},"content":{"rendered":"\n<p><strong>Notre<\/strong> <strong>h\u00e9ritage culturel est compos\u00e9 de notre patrimoine (ce qui vient des p\u00e8res) et de notre matrimoine (ce qui vient des m\u00e8res)<\/strong>.<strong> <\/strong>En r\u00e9habilitant la notion de matrimoine, terme qui existait d\u00e8s le Moyen \u00c2ge, le Mouvement HF+ souhaite valoriser la m\u00e9moire des cr\u00e9atrices et intellectuelles en contribuant \u00e0 la transmission et \u00e0 la visibilit\u00e9 des \u0153uvres de celles qui nous ont pr\u00e9c\u00e9d\u00e9es. Il s\u2019agit aussi de faire \u00e9merger et de construire notre matrimoine \u00e0 venir, en permettant aux artistes contemporaines de faire reconnaitre leurs talents.<\/p>\n","protected":false},"excerpt":{"rendered":"<p>Notre h\u00e9ritage culturel est compos\u00e9 de notre patrimoine (ce qui vient des p\u00e8res) et de notre matrimoine (ce qui vient des m\u00e8res). En r\u00e9habilitant la notion de matrimoine, terme qui existait d\u00e8s le Moyen \u00c2ge, le Mouvement HF+ souhaite valoriser la m\u00e9moire des cr\u00e9atrices et intellectuelles en contribuant \u00e0 la transmission et \u00e0 la visibilit\u00e9 [&hellip;]<\/p>\n","protected":false},"author":1,"featured_media":0,"parent":0,"menu_order":1,"comment_status":"closed","ping_status":"closed","template":"","meta":{"footnotes":""},"class_list":["post-389","page","type-page","status-publish","hentry"],"_links":{"self":[{"href":"https:\/\/hf-normandie.fr\/index.php\/wp-json\/wp\/v2\/pages\/389","targetHints":{"allow":["GET"]}}],"collection":[{"href":"https:\/\/hf-normandie.fr\/index.php\/wp-json\/wp\/v2\/pages"}],"about":[{"href":"https:\/\/hf-normandie.fr\/index.php\/wp-json\/wp\/v2\/types\/page"}],"author":[{"embeddable":true,"href":"https:\/\/hf-normandie.fr\/index.php\/wp-json\/wp\/v2\/users\/1"}],"replies":[{"embeddable":true,"href":"https:\/\/hf-normandie.fr\/index.php\/wp-json\/wp\/v2\/comments?post=389"}],"version-history":[{"count":28,"href":"https:\/\/hf-normandie.fr\/index.php\/wp-json\/wp\/v2\/pages\/389\/revisions"}],"predecessor-version":[{"id":6178,"href":"https:\/\/hf-normandie.fr\/index.php\/wp-json\/wp\/v2\/pages\/389\/revisions\/6178"}],"wp:attachment":[{"href":"https:\/\/hf-normandie.fr\/index.php\/wp-json\/wp\/v2\/media?parent=389"}],"curies":[{"name":"wp","href":"https:\/\/api.w.org\/{rel}","templated":true}]}}