{"id":4496,"date":"2024-08-13T14:48:05","date_gmt":"2024-08-13T12:48:05","guid":{"rendered":"https:\/\/hf-normandie.fr\/?page_id=4496"},"modified":"2024-08-13T14:48:05","modified_gmt":"2024-08-13T12:48:05","slug":"journees-du-matrimoine-2024-balades-commentees","status":"publish","type":"page","link":"https:\/\/hf-normandie.fr\/index.php\/journees-du-matrimoine-2024-balades-commentees\/","title":{"rendered":"Journ\u00e9es du Matrimoine 2024 &#8211; Balades comment\u00e9es"},"content":{"rendered":"<div class=\"wp-block-image\">\n<figure class=\"aligncenter size-large is-resized\"><img loading=\"lazy\" decoding=\"async\" width=\"1024\" height=\"256\" src=\"https:\/\/hf-normandie.fr\/wp-content\/uploads\/2024\/07\/gabarits-web_Virginia_1584-x-396-1024x256.jpg\" alt=\"\" class=\"wp-image-3658\" style=\"width:786px;height:auto\" srcset=\"https:\/\/hf-normandie.fr\/wp-content\/uploads\/2024\/07\/gabarits-web_Virginia_1584-x-396-1024x256.jpg 1024w, https:\/\/hf-normandie.fr\/wp-content\/uploads\/2024\/07\/gabarits-web_Virginia_1584-x-396-300x75.jpg 300w, https:\/\/hf-normandie.fr\/wp-content\/uploads\/2024\/07\/gabarits-web_Virginia_1584-x-396-768x192.jpg 768w, https:\/\/hf-normandie.fr\/wp-content\/uploads\/2024\/07\/gabarits-web_Virginia_1584-x-396-1536x384.jpg 1536w, https:\/\/hf-normandie.fr\/wp-content\/uploads\/2024\/07\/gabarits-web_Virginia_1584-x-396.jpg 1584w\" sizes=\"auto, (max-width: 1024px) 100vw, 1024px\" \/><\/figure>\n<\/div>\n\n\n<h2 class=\"wp-block-heading has-small-font-size\"><mark style=\"background-color:#000000\" class=\"has-inline-color has-white-color\">Balade comment\u00e9e<\/mark><\/h2>\n\n\n\n<h2 class=\"wp-block-heading has-black-color has-text-color has-link-color has-medium-font-size wp-elements-c34bf6c8e034fd6d55dd4466264c21b8\"><strong>FEMMES?<\/strong><\/h2>\n\n\n\n<h2 class=\"wp-block-heading has-large-font-size\" style=\"text-transform:uppercase\"><strong><mark style=\"background-color:rgba(0, 0, 0, 0)\" class=\"has-inline-color has-vivid-red-color\">Conte-moi Rouen d\u00e9coloniale<\/mark><\/strong><\/h2>\n\n\n\n<figure class=\"wp-block-image size-large\"><img loading=\"lazy\" decoding=\"async\" width=\"1024\" height=\"577\" src=\"https:\/\/hf-normandie.fr\/wp-content\/uploads\/2024\/08\/Florence-Capron_balade-decoloniale-et-feministe-1024x577.jpg\" alt=\"\" class=\"wp-image-4506\" srcset=\"https:\/\/hf-normandie.fr\/wp-content\/uploads\/2024\/08\/Florence-Capron_balade-decoloniale-et-feministe-1024x577.jpg 1024w, https:\/\/hf-normandie.fr\/wp-content\/uploads\/2024\/08\/Florence-Capron_balade-decoloniale-et-feministe-300x169.jpg 300w, https:\/\/hf-normandie.fr\/wp-content\/uploads\/2024\/08\/Florence-Capron_balade-decoloniale-et-feministe-768x432.jpg 768w, https:\/\/hf-normandie.fr\/wp-content\/uploads\/2024\/08\/Florence-Capron_balade-decoloniale-et-feministe-1536x865.jpg 1536w, https:\/\/hf-normandie.fr\/wp-content\/uploads\/2024\/08\/Florence-Capron_balade-decoloniale-et-feministe.jpg 2048w\" sizes=\"auto, (max-width: 1024px) 100vw, 1024px\" \/><\/figure>\n\n\n\n<p>Les esclaves comme les colonis\u00e9\u00b7es \u00e9taient pour moiti\u00e9 des femmes. Les r\u00e9voltes ont \u00e9t\u00e9 \u00e9galement port\u00e9es souvent par des femmes. Pourtant leurs voix ne sont pas ou peu entendues. Cette balade a pour objectif de faire entendre ces voix de femmes qui ont lutt\u00e9 ici et l\u00e0-bas. Florence Capron, initiatrice de cette balade, invite sa complice H\u00e9l\u00e8ne Milan \u00e0 un partage de la parole, de la po\u00e9sie et de la chanson.<\/p>\n\n\n\n<h2 class=\"wp-block-heading has-normal-font-size\"><strong><mark style=\"background-color:rgba(0, 0, 0, 0)\" class=\"has-inline-color has-vivid-red-color\">Dimanche 22 septembre \u00e0 15h (1h30)<\/mark><\/strong><\/h2>\n\n\n\n<h2 class=\"wp-block-heading has-black-color has-text-color has-link-color has-normal-font-size wp-elements-7938b5050eab0304c4fff6423b570679\"><strong>RDV esplanade du Champ de Mars de Rouen<\/strong><\/h2>\n\n\n\n<h2 class=\"wp-block-heading has-black-color has-text-color has-link-color has-normal-font-size wp-elements-d12e14d379c02b16e873643d23d6bda8\">Rues de Rouen 76000 Rouen<\/h2>\n\n\n\n<h2 class=\"wp-block-heading has-black-color has-text-color has-link-color has-normal-font-size wp-elements-4ffc524ef0ac631991813028f9814b7f\">Gratuit<\/h2>\n\n\n\n<p><\/p>\n\n\n\n<p class=\"has-text-align-center has-text-color\" style=\"color:#ffde5c;font-size:62px\"><strong>&#8211; &#8211; &#8211;<\/strong> <\/p>\n\n\n\n<p><\/p>\n\n\n\n<h2 class=\"wp-block-heading has-black-color has-text-color has-link-color has-small-font-size wp-elements-84fdf2583c70a0a32e4ed2483b7e9254\"><mark style=\"background-color:#000000\" class=\"has-inline-color has-white-color\">Balade musicale comment\u00e9e<\/mark><\/h2>\n\n\n\n<h2 class=\"wp-block-heading has-black-color has-text-color has-link-color has-medium-font-size wp-elements-42f7c640b3e86e1cd847676500d5b0d0\"><strong>Les balades rouennaises<\/strong><\/h2>\n\n\n\n<h2 class=\"wp-block-heading has-vivid-red-color has-text-color has-link-color has-large-font-size wp-elements-cd024f721818be1155d16de3eb6b7ef3\" style=\"text-transform:uppercase\"><strong>Rouen en voix de femmes<\/strong><\/h2>\n\n\n\n<p>Ce circuit in\u00e9dit dans les rues de Rouen est un hommage aux voix f\u00e9minines de la chanson fran\u00e7aise. Aur\u00e9lie Daniel vous racontera l&rsquo;histoire de la ville sur les airs de Juliette Gr\u00e9co ou Anne Sylvestre repris par l&rsquo;artiste interpr\u00e8te Charlotte Goupil.<\/p>\n\n\n\n<h2 class=\"wp-block-heading has-vivid-red-color has-text-color has-link-color has-normal-font-size wp-elements-c7e135a51ac3dd3528a84f1725ce2bf1\"><strong>Samedi 21 septembre \u00e0 14h30 (1h30)<\/strong><\/h2>\n\n\n\n<h2 class=\"wp-block-heading has-black-color has-text-color has-link-color has-normal-font-size wp-elements-d32706d6975b9ebf0a3850ba4ef8ac0f\"><strong>Centre ville de Rouen<\/strong><\/h2>\n\n\n\n<h2 class=\"wp-block-heading has-black-color has-text-color has-link-color has-normal-font-size wp-elements-5a21e08e5b5b54391fad6f6256d8ef32\">Gratuit sur r\u00e9servation : lesbaladesrouennaises@gmail.com<\/h2>\n","protected":false},"excerpt":{"rendered":"<p>Balade comment\u00e9e FEMMES? Conte-moi Rouen d\u00e9coloniale Les esclaves comme les colonis\u00e9\u00b7es \u00e9taient pour moiti\u00e9 des femmes. Les r\u00e9voltes ont \u00e9t\u00e9 \u00e9galement port\u00e9es souvent par des femmes. Pourtant leurs voix ne sont pas ou peu entendues. Cette balade a pour objectif de faire entendre ces voix de femmes qui ont lutt\u00e9 ici et l\u00e0-bas. Florence Capron, [&hellip;]<\/p>\n","protected":false},"author":12,"featured_media":0,"parent":0,"menu_order":0,"comment_status":"closed","ping_status":"closed","template":"","meta":{"footnotes":""},"class_list":["post-4496","page","type-page","status-publish","hentry"],"_links":{"self":[{"href":"https:\/\/hf-normandie.fr\/index.php\/wp-json\/wp\/v2\/pages\/4496","targetHints":{"allow":["GET"]}}],"collection":[{"href":"https:\/\/hf-normandie.fr\/index.php\/wp-json\/wp\/v2\/pages"}],"about":[{"href":"https:\/\/hf-normandie.fr\/index.php\/wp-json\/wp\/v2\/types\/page"}],"author":[{"embeddable":true,"href":"https:\/\/hf-normandie.fr\/index.php\/wp-json\/wp\/v2\/users\/12"}],"replies":[{"embeddable":true,"href":"https:\/\/hf-normandie.fr\/index.php\/wp-json\/wp\/v2\/comments?post=4496"}],"version-history":[{"count":4,"href":"https:\/\/hf-normandie.fr\/index.php\/wp-json\/wp\/v2\/pages\/4496\/revisions"}],"predecessor-version":[{"id":4507,"href":"https:\/\/hf-normandie.fr\/index.php\/wp-json\/wp\/v2\/pages\/4496\/revisions\/4507"}],"wp:attachment":[{"href":"https:\/\/hf-normandie.fr\/index.php\/wp-json\/wp\/v2\/media?parent=4496"}],"curies":[{"name":"wp","href":"https:\/\/api.w.org\/{rel}","templated":true}]}}