{"id":5141,"date":"2025-05-14T15:14:16","date_gmt":"2025-05-14T13:14:16","guid":{"rendered":"https:\/\/hf-normandie.fr\/?page_id=5141"},"modified":"2025-05-14T15:14:16","modified_gmt":"2025-05-14T13:14:16","slug":"methodologie-de-comptage-pour-realiser-votre-auto-diagnostic","status":"publish","type":"page","link":"https:\/\/hf-normandie.fr\/index.php\/methodologie-de-comptage-pour-realiser-votre-auto-diagnostic\/","title":{"rendered":"M\u00e9thodologie de comptage pour r\u00e9aliser votre auto-diagnostic"},"content":{"rendered":"\n<p>La mesure de la r\u00e9partition en fonction de leurs genre des artistes programm\u00e9\u00b7es vise \u00e0 mettre en lumi\u00e8re les in\u00e9galit\u00e9s. Les chiffres permettent de conscientiser et de mettre en place des actions pour r\u00e9duire puis \u00e9radiquer les in\u00e9galit\u00e9s constat\u00e9es \u00e0 moyens termes.<\/p>\n\n\n\n<p>Pour ce faire, dans le cadre de l\u2019auto-diagnostic de la programmation de votre structure, il faut compter la r\u00e9partition femmes-hommes des artistes programm\u00e9es (ou pr\u00e9sent\u00b7es dans votre roster) en fonction de leur \u201clead\u201d (y compris les premi\u00e8res parties pour les lieux de diffusion).<\/p>\n\n\n\n<p>Ce comptage est bas\u00e9 sur les donn\u00e9es disponibles dans vos documents de communication.<br>Cette mesure peut \u00eatre compl\u00e9t\u00e9e par un travail d&rsquo;enqu\u00eate pour v\u00e9rifier des informations plus complexes comme l&rsquo;autod\u00e9termination d\u2019une personne \u00e0 un genre par exemple.<\/p>\n\n\n\n<p><strong>P\u00e9riode de r\u00e9f\u00e9rence<\/strong><\/p>\n\n\n\n<ul class=\"wp-block-list\">\n<li>Pour les programmations \u00e0 la saison : Saison 2024-2025&nbsp;<\/li>\n\n\n\n<li>Pour les programmations semestrielles ou trimestrielles : ann\u00e9e civile.<\/li>\n\n\n\n<li>Pour les festivals : \u00e9dition 2025<\/li>\n\n\n\n<li>Pour les rosters : ann\u00e9e civile.<\/li>\n<\/ul>\n\n\n\n<p><strong>Comment compter la responsabilit\u00e9 artistique d\u2019un projet collectif?<\/strong><\/p>\n\n\n\n<p>Dans le cas d\u2019une responsabilit\u00e9 collective ou plurielle, afin de d\u00e9terminer si une \u00e9quipe artistique ou un groupe est \u201cf\u00e9minin\u201d, \u201cmasculin\u201d ou \u201cmixte\u201d,&nbsp; la r\u00e8gle des 33% est appliqu\u00e9e.<\/p>\n\n\n\n<p>La r\u00e8gle des 33 % est une r\u00e8gle statistique qui \u00e9tablit un seuil de visibilit\u00e9 d\u2019une minorit\u00e9. En de\u00e7\u00e0 cette derni\u00e8re est <strong>INVISIBLE<\/strong>.<\/p>\n\n\n\n<p>Ainsi, une \u00e9quipe est consid\u00e9r\u00e9e comme mixte \u00e0 condition que la proportion de personnes d\u2019un genre ne d\u00e9passe pas 33%. Si c\u2019est le cas, alors l\u2019\u00e9quipe sera consid\u00e9r\u00e9e du genre majoritaire.<\/p>\n\n\n\n<figure class=\"wp-block-image\"><img decoding=\"async\" src=\"https:\/\/lh7-rt.googleusercontent.com\/docsz\/AD_4nXcCf6ijEw1IpdYXuPBj4nDx2L73McV0PM23JmjVAZL2D8Bzf3HfpJTmBcXYYmPMLSVIYcNNzUFB2Sh5AmsMNtP8CjhlTW_6mKSm0YsuUFC3cb2TAFzqTEAmlR3O1Z-VVooQM8jhog?key=JbSjUp3iO3fVrp7JPMeQJQ\" alt=\"\"\/><\/figure>\n\n\n\n<p>Dans les musiques actuelles, bien souvent les informations \u00e0 disposition dans les documents de communication ne permettent pas de d\u00e9terminer la ou les personnes ayant la direction artistique du projet. Afin de compter de mani\u00e8re uniforme l\u2019ensemble des programmations musiques actuelles de la r\u00e9gion il a \u00e9t\u00e9 d\u00e9cid\u00e9 de se concentrer sur la notion de \u201clead artistique visible\u201d du projet.<\/p>\n\n\n\n<p>Dans ce cas, si l\u2019artiste se produit en son nom (ex : Ang\u00e8le) il ou elle est automatiquement consid\u00e9r\u00e9\u00b7e comme lead artistique du projet. Si c\u2019est un groupe qui se produit (en tant qu\u2019entit\u00e9 indissociable) alors la r\u00e8gle des 33% s\u2019applique.&nbsp;<\/p>\n\n\n\n<p>Exemple: Le groupe \u201c3somesisters\u201d, est compos\u00e9 de 4 membres (3 hommes et 1 femme) : Bastien Picot, Florent Mat\u00e9o, Sophie Fustec et Anthony Winzenrieth. Bien que Sophie Fustec joue un r\u00f4le de premier plan dans la voix, selon cette m\u00e9thodologie, sa pr\u00e9sence est rendue <strong>invisible<\/strong>, car elle repr\u00e9sente une minorit\u00e9 au sein du groupe. Sa pr\u00e9sence ne garantit pas la diversit\u00e9 ou l&rsquo;\u00e9galit\u00e9 r\u00e9elle ; il est plut\u00f4t probable que les hi\u00e9rarchies et les dynamiques de pouvoir au sein du groupe restent inchang\u00e9es.<\/p>\n\n\n\n<p><strong>Et la non-binarit\u00e9 ?&nbsp;<\/strong><\/p>\n\n\n\n<p>La m\u00e9thodologie actuelle de comptage ne permet pas sa prise en compte exhaustive, elle n\u00e9cessite souvent un travail de v\u00e9rification plus pouss\u00e9 aupr\u00e8s des personnes concern\u00e9es. Si vous avez la possibilit\u00e9 de collecter la donn\u00e9e, nous vous encourageons \u00e0 faire appara\u00eetre la donn\u00e9e !<\/p>\n\n\n\n<p><\/p>\n","protected":false},"excerpt":{"rendered":"<p>La mesure de la r\u00e9partition en fonction de leurs genre des artistes programm\u00e9\u00b7es vise \u00e0 mettre en lumi\u00e8re les in\u00e9galit\u00e9s. Les chiffres permettent de conscientiser et de mettre en place des actions pour r\u00e9duire puis \u00e9radiquer les in\u00e9galit\u00e9s constat\u00e9es \u00e0 moyens termes. Pour ce faire, dans le cadre de l\u2019auto-diagnostic de la programmation de votre [&hellip;]<\/p>\n","protected":false},"author":2,"featured_media":0,"parent":0,"menu_order":0,"comment_status":"closed","ping_status":"closed","template":"","meta":{"footnotes":""},"class_list":["post-5141","page","type-page","status-publish","hentry"],"_links":{"self":[{"href":"https:\/\/hf-normandie.fr\/index.php\/wp-json\/wp\/v2\/pages\/5141","targetHints":{"allow":["GET"]}}],"collection":[{"href":"https:\/\/hf-normandie.fr\/index.php\/wp-json\/wp\/v2\/pages"}],"about":[{"href":"https:\/\/hf-normandie.fr\/index.php\/wp-json\/wp\/v2\/types\/page"}],"author":[{"embeddable":true,"href":"https:\/\/hf-normandie.fr\/index.php\/wp-json\/wp\/v2\/users\/2"}],"replies":[{"embeddable":true,"href":"https:\/\/hf-normandie.fr\/index.php\/wp-json\/wp\/v2\/comments?post=5141"}],"version-history":[{"count":1,"href":"https:\/\/hf-normandie.fr\/index.php\/wp-json\/wp\/v2\/pages\/5141\/revisions"}],"predecessor-version":[{"id":5143,"href":"https:\/\/hf-normandie.fr\/index.php\/wp-json\/wp\/v2\/pages\/5141\/revisions\/5143"}],"wp:attachment":[{"href":"https:\/\/hf-normandie.fr\/index.php\/wp-json\/wp\/v2\/media?parent=5141"}],"curies":[{"name":"wp","href":"https:\/\/api.w.org\/{rel}","templated":true}]}}