{"id":5206,"date":"2025-06-27T14:30:59","date_gmt":"2025-06-27T12:30:59","guid":{"rendered":"https:\/\/hf-normandie.fr\/?page_id=5206"},"modified":"2025-08-22T16:45:18","modified_gmt":"2025-08-22T14:45:18","slug":"journees-du-matrimoine-2025","status":"publish","type":"page","link":"https:\/\/hf-normandie.fr\/index.php\/journees-du-matrimoine-2025\/","title":{"rendered":"Journ\u00e9es du Matrimoine 2025"},"content":{"rendered":"\n<p><strong>Les Journ\u00e9es du Matrimoine sont de retour en Normandie du 17 au 21 septembre 2025 !<\/strong><\/p>\n\n\n\n<p><strong>Conf\u00e9rences, expositions, lectures, spectacles, visites comment\u00e9es, projections, ateliers<\/strong>\u2026 plus de 100 \u00e9v\u00e8nements sont \u00e0 d\u00e9couvrir dans pr\u00e8s de 100 lieux normands partenaires de cette neuvi\u00e8me \u00e9dition.<\/p>\n\n\n\n<div data-wp-interactive=\"core\/file\" class=\"wp-block-file\"><object data-wp-bind--hidden=\"!state.hasPdfPreview\" hidden class=\"wp-block-file__embed\" data=\"https:\/\/hf-normandie.fr\/wp-content\/uploads\/2025\/08\/Plaquette_jdm25_web-1.pdf\" type=\"application\/pdf\" style=\"width:100%;height:600px\" aria-label=\"Contenu embarqu\u00e9 Plaquette_jdm25_web.\"><\/object><a id=\"wp-block-file--media-a2fb0a05-09b4-4cd1-92fa-1b3b5c2c1da1\" href=\"https:\/\/hf-normandie.fr\/wp-content\/uploads\/2025\/08\/Plaquette_jdm25_web-1.pdf\">Plaquette_jdm25_web<\/a><a href=\"https:\/\/hf-normandie.fr\/wp-content\/uploads\/2025\/08\/Plaquette_jdm25_web-1.pdf\" class=\"wp-block-file__button wp-element-button\" download aria-describedby=\"wp-block-file--media-a2fb0a05-09b4-4cd1-92fa-1b3b5c2c1da1\">T\u00e9l\u00e9charger<\/a><\/div>\n\n\n\n<p>D\u00e9couvrez le programme de l\u2019\u00e9dition 2025 par territoire :<br><strong><a href=\"https:\/\/hf-normandie.fr\/index.php\/journees-du-matrimoine-2025-calvados\/\" data-type=\"link\" data-id=\"https:\/\/hf-normandie.fr\/index.php\/journees-du-matrimoine-2025-calvados\/\">Calvados<\/a><\/strong>&nbsp;\/&nbsp;<strong><a href=\"https:\/\/hf-normandie.fr\/index.php\/journees-du-matrimoine-2025-eure\/\" data-type=\"link\" data-id=\"https:\/\/hf-normandie.fr\/index.php\/journees-du-matrimoine-2025-eure\/\">Eure<\/a><\/strong>&nbsp;\/&nbsp;<strong><a href=\"https:\/\/hf-normandie.fr\/index.php\/journees-du-matrimoine-2025-manche\/\" data-type=\"link\" data-id=\"https:\/\/hf-normandie.fr\/index.php\/journees-du-matrimoine-2025-manche\/\">Manche<\/a><\/strong>&nbsp;\/&nbsp;<strong><a href=\"https:\/\/hf-normandie.fr\/index.php\/journees-du-matrimoine-2025-seine-maritime\/\" data-type=\"link\" data-id=\"https:\/\/hf-normandie.fr\/index.php\/journees-du-matrimoine-2025-seine-maritime\/\">Seine-Maritime<\/a><\/strong>&nbsp;&amp;&nbsp;<strong><a href=\"https:\/\/hf-normandie.fr\/index.php\/journees-du-matrimoine-2025-metropole-rouen-normandie\/\" data-type=\"link\" data-id=\"https:\/\/hf-normandie.fr\/index.php\/journees-du-matrimoine-2025-metropole-rouen-normandie\/\">M\u00e9tropole Rouen Normandie<\/a><\/strong>&nbsp;\/&nbsp;<strong><a href=\"https:\/\/hf-normandie.fr\/index.php\/journees-du-matrimoine-2025-orne\/\" data-type=\"link\" data-id=\"https:\/\/hf-normandie.fr\/index.php\/journees-du-matrimoine-2025-orne\/\">Orne<\/a><\/strong><\/p>\n\n\n\n<iframe loading=\"lazy\" src=\"https:\/\/www.google.com\/maps\/d\/u\/4\/embed?mid=1Mk27iHVHsg6fCKlmBFPkp6aH8u7nH70&#038;ehbc=2E312F\" width=\"640\" height=\"480\"><\/iframe>\n\n\n\n<p>Ou par typologie :<br><a href=\"https:\/\/hf-normandie.fr\/index.php\/journees-du-matrimoine-2025-ateliers\/\"><strong>Ateliers<\/strong>\u00a0<\/a>\/ <strong><a href=\"https:\/\/hf-normandie.fr\/index.php\/journees-du-matrimoine-2025-balades-commentees\/\">Balades comment\u00e9es <\/a><\/strong>\/\u00a0<strong><a href=\"https:\/\/hf-normandie.fr\/index.php\/journees-du-matrimoine-2025-concerts-dj-set\/\" data-type=\"link\" data-id=\"https:\/\/hf-normandie.fr\/index.php\/journees-du-matrimoine-2025-concerts-dj-set\/\">Concerts &amp; DJ set<\/a><\/strong> \/ <strong><a href=\"https:\/\/hf-normandie.fr\/index.php\/journees-du-matrimoine-2025-conferences-master-classe\/\">Conf\u00e9rences<\/a><\/strong> \/\u00a0<strong><a href=\"https:\/\/hf-normandie.fr\/index.php\/journees-du-matrimoine-2025-expositions-visites-balades\/\">Expositions &amp; Visites guid\u00e9es<\/a><\/strong>\u00a0\/\u00a0<strong><a href=\"https:\/\/hf-normandie.fr\/index.php\/journees-du-matrimoine-2025-fresques-collectives\/\" data-type=\"link\" data-id=\"https:\/\/hf-normandie.fr\/index.php\/journees-du-matrimoine-2025-fresques-collectives\/\">Fresques collectives<\/a> <\/strong>\/ <strong><a href=\"https:\/\/hf-normandie.fr\/index.php\/journees-du-matrimoine-2025-lectures\/\" data-type=\"link\" data-id=\"https:\/\/hf-normandie.fr\/index.php\/journees-du-matrimoine-2025-lectures\/\">Lectures<\/a>\u00a0<\/strong>\/ <a href=\"https:\/\/hf-normandie.fr\/index.php\/journees-du-matrimoine-2025-plateaux-radios\/\"><strong>Plateaux radios<\/strong><\/a> \/\u00a0<strong><a href=\"https:\/\/hf-normandie.fr\/index.php\/journees-du-matrimoine-2025-projections-rencontres\/\">Projections<\/a><\/strong> \/\u00a0<strong><a href=\"https:\/\/hf-normandie.fr\/index.php\/journees-du-matrimoine-2025-spectacles-theatre-performances\/\">Spectacles &amp; Performances<\/a><\/strong><\/p>\n\n\n\n<p><\/p>\n","protected":false},"excerpt":{"rendered":"<p>Les Journ\u00e9es du Matrimoine sont de retour en Normandie du 17 au 21 septembre 2025 ! Conf\u00e9rences, expositions, lectures, spectacles, visites comment\u00e9es, projections, ateliers\u2026 plus de 100 \u00e9v\u00e8nements sont \u00e0 d\u00e9couvrir dans pr\u00e8s de 100 lieux normands partenaires de cette neuvi\u00e8me \u00e9dition. D\u00e9couvrez le programme de l\u2019\u00e9dition 2025 par territoire :Calvados&nbsp;\/&nbsp;Eure&nbsp;\/&nbsp;Manche&nbsp;\/&nbsp;Seine-Maritime&nbsp;&amp;&nbsp;M\u00e9tropole Rouen Normandie&nbsp;\/&nbsp;Orne Ou par [&hellip;]<\/p>\n","protected":false},"author":5,"featured_media":0,"parent":0,"menu_order":0,"comment_status":"closed","ping_status":"closed","template":"","meta":{"footnotes":""},"class_list":["post-5206","page","type-page","status-publish","hentry"],"_links":{"self":[{"href":"https:\/\/hf-normandie.fr\/index.php\/wp-json\/wp\/v2\/pages\/5206","targetHints":{"allow":["GET"]}}],"collection":[{"href":"https:\/\/hf-normandie.fr\/index.php\/wp-json\/wp\/v2\/pages"}],"about":[{"href":"https:\/\/hf-normandie.fr\/index.php\/wp-json\/wp\/v2\/types\/page"}],"author":[{"embeddable":true,"href":"https:\/\/hf-normandie.fr\/index.php\/wp-json\/wp\/v2\/users\/5"}],"replies":[{"embeddable":true,"href":"https:\/\/hf-normandie.fr\/index.php\/wp-json\/wp\/v2\/comments?post=5206"}],"version-history":[{"count":14,"href":"https:\/\/hf-normandie.fr\/index.php\/wp-json\/wp\/v2\/pages\/5206\/revisions"}],"predecessor-version":[{"id":5912,"href":"https:\/\/hf-normandie.fr\/index.php\/wp-json\/wp\/v2\/pages\/5206\/revisions\/5912"}],"wp:attachment":[{"href":"https:\/\/hf-normandie.fr\/index.php\/wp-json\/wp\/v2\/media?parent=5206"}],"curies":[{"name":"wp","href":"https:\/\/api.w.org\/{rel}","templated":true}]}}