{"id":5814,"date":"2025-08-07T09:36:27","date_gmt":"2025-08-07T07:36:27","guid":{"rendered":"https:\/\/hf-normandie.fr\/?page_id=5814"},"modified":"2025-08-07T09:41:12","modified_gmt":"2025-08-07T07:41:12","slug":"journees-du-matrimoine-2025-fresques-collectives","status":"publish","type":"page","link":"https:\/\/hf-normandie.fr\/index.php\/journees-du-matrimoine-2025-fresques-collectives\/","title":{"rendered":"Journ\u00e9es du Matrimoine 2025 \u2013 Fresques collectives"},"content":{"rendered":"<div class=\"wp-block-image\">\n<figure class=\"aligncenter size-large\"><img loading=\"lazy\" decoding=\"async\" width=\"1024\" height=\"256\" src=\"https:\/\/hf-normandie.fr\/wp-content\/uploads\/2025\/07\/gabarits-web_Charlotte_1584-x-396-1024x256.jpg\" alt=\"\" class=\"wp-image-5235\" srcset=\"https:\/\/hf-normandie.fr\/wp-content\/uploads\/2025\/07\/gabarits-web_Charlotte_1584-x-396-1024x256.jpg 1024w, https:\/\/hf-normandie.fr\/wp-content\/uploads\/2025\/07\/gabarits-web_Charlotte_1584-x-396-300x75.jpg 300w, https:\/\/hf-normandie.fr\/wp-content\/uploads\/2025\/07\/gabarits-web_Charlotte_1584-x-396-768x192.jpg 768w, https:\/\/hf-normandie.fr\/wp-content\/uploads\/2025\/07\/gabarits-web_Charlotte_1584-x-396-1536x384.jpg 1536w, https:\/\/hf-normandie.fr\/wp-content\/uploads\/2025\/07\/gabarits-web_Charlotte_1584-x-396.jpg 1584w\" sizes=\"auto, (max-width: 1024px) 100vw, 1024px\" \/><\/figure>\n<\/div>\n\n\n<p class=\"has-white-color has-text-color has-link-color wp-elements-7e4ac651328708ea719ac0894fa30934\">.<\/p>\n\n\n\n<div class=\"wp-block-group\"><div class=\"wp-block-group__inner-container is-layout-constrained wp-block-group-is-layout-constrained\">\n<h2 class=\"wp-block-heading has-small-font-size\"><mark style=\"background-color:#000000\" class=\"has-inline-color has-white-color\"><strong><strong><strong><strong><strong><strong><strong><strong><strong><strong><strong><strong>Fresque collective<\/strong><\/strong><\/strong><\/strong><\/strong><\/strong><\/strong><\/strong><\/strong><\/strong><\/strong><\/strong><\/mark><\/h2>\n\n\n\n<h2 class=\"wp-block-heading has-black-color has-text-color has-link-color has-medium-font-size wp-elements-e118432f3c6a49ce1badad4120ca6dd3\"><strong><strong><strong><strong><strong><strong><strong><strong><strong><strong><strong><strong><strong>Mathilde Gu\u00e9gan<\/strong><\/strong><\/strong><\/strong><\/strong><\/strong><\/strong><\/strong><\/strong><\/strong><\/strong><\/strong><\/strong><\/h2>\n\n\n\n<h2 class=\"wp-block-heading has-vivid-red-color has-text-color has-link-color has-large-font-size wp-elements-18769fc903027ecb88aab7a5441a76d5\" style=\"text-transform:uppercase\"><strong><strong><strong><strong><strong><strong><strong><strong><strong><strong><strong><strong><strong>Math\u00e9maticienne : Maryam Mirzakhani<\/strong><\/strong><\/strong><\/strong><\/strong><\/strong><\/strong><\/strong><\/strong><\/strong><\/strong><\/strong><\/strong><\/h2>\n\n\n\n<p>Connaissez-vous Maryam Mirzakhani, math\u00e9maticienne iranienne et premi\u00e8re femme \u00e0 avoir re\u00e7u la prestigieuse m\u00e9daille Fields, souvent consid\u00e9r\u00e9e comme le \u00ab Nobel des math\u00e9matiques \u00bb ?<br>Venez d\u00e9couvrir l\u2019\u0153uvre collective r\u00e9alis\u00e9e par Mathilde Gu\u00e9gan et les enfants de l\u2019\u00e9cole Simone Veil de Saint-Martin-de-Boscherville pour mettre en lumi\u00e8re le parcours remarquable de cette femme d\u2019exception, symbole d\u2019intelligence, de pers\u00e9v\u00e9rance et d\u2019\u00e9mancipation.&nbsp;<\/p>\n\n\n\n<p><em>Propos\u00e9 par la M\u00e9tropole Rouen Normandie.<\/em><\/p>\n\n\n\n<p><\/p>\n\n\n<div class=\"wp-block-image\">\n<figure class=\"aligncenter size-large\"><img loading=\"lazy\" decoding=\"async\" width=\"1024\" height=\"577\" src=\"https:\/\/hf-normandie.fr\/wp-content\/uploads\/2025\/07\/Mathematicienne-_-Maryam-Mirzakhani-\u00ae-DR-1024x577.jpg\" alt=\"\" class=\"wp-image-5326\" srcset=\"https:\/\/hf-normandie.fr\/wp-content\/uploads\/2025\/07\/Mathematicienne-_-Maryam-Mirzakhani-\u00ae-DR-1024x577.jpg 1024w, https:\/\/hf-normandie.fr\/wp-content\/uploads\/2025\/07\/Mathematicienne-_-Maryam-Mirzakhani-\u00ae-DR-300x169.jpg 300w, https:\/\/hf-normandie.fr\/wp-content\/uploads\/2025\/07\/Mathematicienne-_-Maryam-Mirzakhani-\u00ae-DR-768x432.jpg 768w, https:\/\/hf-normandie.fr\/wp-content\/uploads\/2025\/07\/Mathematicienne-_-Maryam-Mirzakhani-\u00ae-DR-1536x865.jpg 1536w, https:\/\/hf-normandie.fr\/wp-content\/uploads\/2025\/07\/Mathematicienne-_-Maryam-Mirzakhani-\u00ae-DR.jpg 1639w\" sizes=\"auto, (max-width: 1024px) 100vw, 1024px\" \/><figcaption class=\"wp-element-caption\">Affiche : Math\u00e9maticienne &#8211; Maryam Mirzakhani \u00a9 DR<\/figcaption><\/figure>\n<\/div>\n\n\n<h2 class=\"wp-block-heading has-vivid-red-color has-text-color has-link-color has-normal-font-size wp-elements-912f3e92304189022eb8e9a72d75eaa1\"><strong><strong><strong><strong><strong><strong><strong><strong><strong><strong><strong><strong><strong>Samedi 20 septembre \u00e0 18h30<\/strong><\/strong><\/strong><\/strong><\/strong><\/strong><\/strong><\/strong><\/strong><\/strong><\/strong><\/strong><\/strong><\/h2>\n\n\n\n<h2 class=\"wp-block-heading has-black-color has-text-color has-link-color has-normal-font-size wp-elements-806c0562d366f4a6deb2d58b24793aa6\"><strong><strong><strong><strong><strong><strong><strong><strong><strong><strong><strong><strong><strong>Salle des f\u00eates<\/strong><\/strong><\/strong><\/strong><\/strong><\/strong><\/strong><\/strong><\/strong><\/strong><\/strong><\/strong><\/strong><\/h2>\n\n\n\n<h2 class=\"wp-block-heading has-black-color has-text-color has-link-color has-normal-font-size wp-elements-c70c58652d088c08b4d975dcc2b6a364\">Route de Quevillon 76840 Saint-Martin-de-Boscherville<\/h2>\n\n\n\n<h2 class=\"wp-block-heading has-black-color has-text-color has-link-color has-normal-font-size wp-elements-9f0d6744af9d3344db0898327c480dd6\">Gratuit<\/h2>\n\n\n\n<h2 class=\"wp-block-heading has-normal-font-size\"><a href=\"https:\/\/boscherville.fr\/fr\/rr\/1276277\/13327\/salle-des-fetes-45\">https:\/\/boscherville.fr\/fr\/rr\/1276277\/13327\/salle-des-fetes-45<\/a><\/h2>\n<\/div><\/div>\n\n\n\n<div class=\"wp-block-group\"><div class=\"wp-block-group__inner-container is-layout-constrained wp-block-group-is-layout-constrained\">\n<p class=\"has-white-color has-white-background-color has-text-color has-background has-link-color wp-elements-52eb338cf5e28eb4d9a41269e9199ec5\">.<\/p>\n\n\n\n<p class=\"has-text-align-center has-text-color has-link-color wp-elements-377f94834069400f63d71cbe36f8f76a\" style=\"color:#ffde5c;font-size:62px\"><strong>&#8211; &#8211; &#8211;<\/strong><\/p>\n\n\n\n<p class=\"has-white-color has-white-background-color has-text-color has-background has-link-color wp-elements-52eb338cf5e28eb4d9a41269e9199ec5\">.<\/p>\n<\/div><\/div>\n\n\n\n<div class=\"wp-block-group\"><div class=\"wp-block-group__inner-container is-layout-constrained wp-block-group-is-layout-constrained\">\n<h2 class=\"wp-block-heading has-small-font-size\"><mark style=\"background-color:#000000\" class=\"has-inline-color has-white-color\"><strong><strong><strong><strong><strong><strong><strong><strong><strong><strong><strong><strong><strong><mark style=\"background-color:#000000\" class=\"has-inline-color has-white-color\"><strong><strong><strong><strong><strong><strong><strong><strong><strong><strong><strong><strong>Fresque collective<\/strong><\/strong><\/strong><\/strong><\/strong><\/strong><\/strong><\/strong><\/strong><\/strong><\/strong><\/strong><\/mark><\/strong><\/strong><\/strong><\/strong><\/strong><\/strong><\/strong><\/strong><\/strong><\/strong><\/strong><\/strong><\/strong><\/mark><\/h2>\n\n\n\n<h2 class=\"wp-block-heading has-black-color has-text-color has-link-color has-medium-font-size wp-elements-e118432f3c6a49ce1badad4120ca6dd3\"><strong><strong><strong><strong><strong><strong><strong><strong><strong><strong><strong><strong><strong>Mathilde Gu\u00e9gan<\/strong><\/strong><\/strong><\/strong><\/strong><\/strong><\/strong><\/strong><\/strong><\/strong><\/strong><\/strong><\/strong><\/h2>\n\n\n\n<h2 class=\"wp-block-heading has-vivid-red-color has-text-color has-link-color has-large-font-size wp-elements-ca0b27992fdcafd349b6aee405673a28\" style=\"text-transform:uppercase\"><strong><strong><strong><strong><strong><strong><strong><strong><strong><strong><strong><strong><strong><strong>Math\u00e9maticienne : Sofia Kovalevska\u00efa<\/strong><\/strong><\/strong><\/strong><\/strong><\/strong><\/strong><\/strong><\/strong><\/strong><\/strong><\/strong><\/strong><\/strong><\/h2>\n\n\n\n<p>Connaissez-vous Sofia Kovalevska\u00efa, math\u00e9maticienne russe, premi\u00e8re femme dipl\u00f4m\u00e9e d\u2019un doctorat en math\u00e9matiques ? Non ? Alors venez d\u00e9couvrir sa vie inspirante \u00e0 travers un atelier d\u2019art mural joyeux, collaboratif et engag\u00e9 !<\/p>\n\n\n\n<p><\/p>\n\n\n<div class=\"wp-block-image\">\n<figure class=\"aligncenter size-large\"><img loading=\"lazy\" decoding=\"async\" width=\"1024\" height=\"713\" src=\"https:\/\/hf-normandie.fr\/wp-content\/uploads\/2025\/07\/Mathematicienne-_-Sofia-Kovalevskaia-\u00ae-Mathilde-Guegan-1024x713.jpg\" alt=\"\" class=\"wp-image-5327\" srcset=\"https:\/\/hf-normandie.fr\/wp-content\/uploads\/2025\/07\/Mathematicienne-_-Sofia-Kovalevskaia-\u00ae-Mathilde-Guegan-1024x713.jpg 1024w, https:\/\/hf-normandie.fr\/wp-content\/uploads\/2025\/07\/Mathematicienne-_-Sofia-Kovalevskaia-\u00ae-Mathilde-Guegan-300x209.jpg 300w, https:\/\/hf-normandie.fr\/wp-content\/uploads\/2025\/07\/Mathematicienne-_-Sofia-Kovalevskaia-\u00ae-Mathilde-Guegan-768x535.jpg 768w, https:\/\/hf-normandie.fr\/wp-content\/uploads\/2025\/07\/Mathematicienne-_-Sofia-Kovalevskaia-\u00ae-Mathilde-Guegan-1536x1070.jpg 1536w, https:\/\/hf-normandie.fr\/wp-content\/uploads\/2025\/07\/Mathematicienne-_-Sofia-Kovalevskaia-\u00ae-Mathilde-Guegan-2048x1427.jpg 2048w\" sizes=\"auto, (max-width: 1024px) 100vw, 1024px\" \/><figcaption class=\"wp-element-caption\">Photo : Math\u00e9maticienne &#8211; Sofia Kovalevska\u00efa \u00a9 Mathilde Guegan<\/figcaption><\/figure>\n<\/div>\n\n\n<h2 class=\"wp-block-heading has-vivid-red-color has-text-color has-link-color has-normal-font-size wp-elements-ade3a78a8ed8a7bf41685dd6e41961da\"><strong><strong><strong><strong><strong><strong><strong><strong><strong><strong><strong><strong><strong><strong>Samedi 20 septembre \u00e0 15h (2h)<\/strong><\/strong><\/strong><\/strong><\/strong><\/strong><\/strong><\/strong><\/strong><\/strong><\/strong><\/strong><\/strong><\/strong><\/h2>\n\n\n\n<h2 class=\"wp-block-heading has-black-color has-text-color has-link-color has-normal-font-size wp-elements-c51f54ca0a1ab4479edd45e7f85342e1\"><strong><strong><strong><strong><strong><strong><strong><strong><strong><strong><strong><strong><strong><strong>Mus\u00e9e Beauvoisine<\/strong><\/strong><\/strong><\/strong><\/strong><\/strong><\/strong><\/strong><\/strong><\/strong><\/strong><\/strong><\/strong><\/strong><\/h2>\n\n\n\n<h2 class=\"wp-block-heading has-black-color has-text-color has-link-color has-normal-font-size wp-elements-d1edc43944c4b0f4415269ea8859e585\">198 rue Beauvoisine 76000 Rouen<\/h2>\n\n\n\n<h2 class=\"wp-block-heading has-black-color has-text-color has-link-color has-normal-font-size wp-elements-89ffb01838a6f08a2ea180457bbe27a2\">Gratuit sur r\u00e9servation par mail : <a href=\"mailto:publics2@musees-rouen-normandie.fr\">publics2@musees-rouen-normandie.fr<\/a><\/h2>\n\n\n\n<h2 class=\"wp-block-heading has-normal-font-size\"><a href=\"https:\/\/museumderouen.fr\/fr\/projet-beauvoisine\">https:\/\/museumderouen.fr\/fr\/projet-beauvoisine<\/a><\/h2>\n<\/div><\/div>\n","protected":false},"excerpt":{"rendered":"<p>. Fresque collective Mathilde Gu\u00e9gan Math\u00e9maticienne : Maryam Mirzakhani Connaissez-vous Maryam Mirzakhani, math\u00e9maticienne iranienne et premi\u00e8re femme \u00e0 avoir re\u00e7u la prestigieuse m\u00e9daille Fields, souvent consid\u00e9r\u00e9e comme le \u00ab Nobel des math\u00e9matiques \u00bb ?Venez d\u00e9couvrir l\u2019\u0153uvre collective r\u00e9alis\u00e9e par Mathilde Gu\u00e9gan et les enfants de l\u2019\u00e9cole Simone Veil de Saint-Martin-de-Boscherville pour mettre en lumi\u00e8re le [&hellip;]<\/p>\n","protected":false},"author":5,"featured_media":0,"parent":0,"menu_order":0,"comment_status":"closed","ping_status":"closed","template":"","meta":{"footnotes":""},"class_list":["post-5814","page","type-page","status-publish","hentry"],"_links":{"self":[{"href":"https:\/\/hf-normandie.fr\/index.php\/wp-json\/wp\/v2\/pages\/5814","targetHints":{"allow":["GET"]}}],"collection":[{"href":"https:\/\/hf-normandie.fr\/index.php\/wp-json\/wp\/v2\/pages"}],"about":[{"href":"https:\/\/hf-normandie.fr\/index.php\/wp-json\/wp\/v2\/types\/page"}],"author":[{"embeddable":true,"href":"https:\/\/hf-normandie.fr\/index.php\/wp-json\/wp\/v2\/users\/5"}],"replies":[{"embeddable":true,"href":"https:\/\/hf-normandie.fr\/index.php\/wp-json\/wp\/v2\/comments?post=5814"}],"version-history":[{"count":4,"href":"https:\/\/hf-normandie.fr\/index.php\/wp-json\/wp\/v2\/pages\/5814\/revisions"}],"predecessor-version":[{"id":5828,"href":"https:\/\/hf-normandie.fr\/index.php\/wp-json\/wp\/v2\/pages\/5814\/revisions\/5828"}],"wp:attachment":[{"href":"https:\/\/hf-normandie.fr\/index.php\/wp-json\/wp\/v2\/media?parent=5814"}],"curies":[{"name":"wp","href":"https:\/\/api.w.org\/{rel}","templated":true}]}}