{"id":5842,"date":"2025-08-07T10:11:31","date_gmt":"2025-08-07T08:11:31","guid":{"rendered":"https:\/\/hf-normandie.fr\/?page_id=5842"},"modified":"2025-09-19T15:23:55","modified_gmt":"2025-09-19T13:23:55","slug":"journees-du-matrimoine-2025-plateaux-radios","status":"publish","type":"page","link":"https:\/\/hf-normandie.fr\/index.php\/journees-du-matrimoine-2025-plateaux-radios\/","title":{"rendered":"Journ\u00e9es du Matrimoine 2025 \u2013 Plateaux radios"},"content":{"rendered":"<div class=\"wp-block-image\">\n<figure class=\"aligncenter size-large\"><img loading=\"lazy\" decoding=\"async\" width=\"1024\" height=\"256\" src=\"https:\/\/hf-normandie.fr\/wp-content\/uploads\/2025\/07\/gabarits-web_Charlotte_1584-x-396-1024x256.jpg\" alt=\"\" class=\"wp-image-5235\" srcset=\"https:\/\/hf-normandie.fr\/wp-content\/uploads\/2025\/07\/gabarits-web_Charlotte_1584-x-396-1024x256.jpg 1024w, https:\/\/hf-normandie.fr\/wp-content\/uploads\/2025\/07\/gabarits-web_Charlotte_1584-x-396-300x75.jpg 300w, https:\/\/hf-normandie.fr\/wp-content\/uploads\/2025\/07\/gabarits-web_Charlotte_1584-x-396-768x192.jpg 768w, https:\/\/hf-normandie.fr\/wp-content\/uploads\/2025\/07\/gabarits-web_Charlotte_1584-x-396-1536x384.jpg 1536w, https:\/\/hf-normandie.fr\/wp-content\/uploads\/2025\/07\/gabarits-web_Charlotte_1584-x-396.jpg 1584w\" sizes=\"auto, (max-width: 1024px) 100vw, 1024px\" \/><\/figure>\n<\/div>\n\n\n<p class=\"has-white-color has-text-color has-link-color wp-elements-7e4ac651328708ea719ac0894fa30934\">.<\/p>\n\n\n\n<div class=\"wp-block-group\"><div class=\"wp-block-group__inner-container is-layout-constrained wp-block-group-is-layout-constrained\">\n<h2 class=\"wp-block-heading has-black-color has-text-color has-small-font-size\"><mark style=\"background-color:#000000\" class=\"has-inline-color has-white-color\"><strong><strong><strong><strong><strong>Plateau radio<\/strong><\/strong><\/strong><\/strong><\/strong><\/mark><\/h2>\n\n\n\n<h2 class=\"wp-block-heading has-black-color has-text-color has-link-color has-medium-font-size wp-elements-73df5e27d6d22feefc776efc0c082ce2\"><strong><strong><strong><strong><strong><strong>Radio Ph\u00e9nix<\/strong><\/strong><\/strong><\/strong><\/strong><\/strong><\/h2>\n\n\n\n<h2 class=\"wp-block-heading has-vivid-red-color has-text-color has-link-color has-large-font-size wp-elements-a6c4ee20bc2a666f150e75e0c75b6f0e\" style=\"text-transform:uppercase\"><strong><strong><strong><strong><strong><strong><strong>Les ondes de l&rsquo;\u00e9cof\u00e9minisme<\/strong><\/strong><\/strong><\/strong><\/strong><\/strong><\/strong><\/h2>\n\n\n\n<p><\/p>\n\n\n<div class=\"wp-block-image\">\n<figure class=\"aligncenter size-large is-resized\"><img loading=\"lazy\" decoding=\"async\" width=\"1024\" height=\"771\" src=\"https:\/\/hf-normandie.fr\/wp-content\/uploads\/2025\/07\/Les-ondes-de-lecofeminisme-\u00a9-DR-1024x771.jpg\" alt=\"\" class=\"wp-image-5394\" style=\"width:483px;height:auto\" srcset=\"https:\/\/hf-normandie.fr\/wp-content\/uploads\/2025\/07\/Les-ondes-de-lecofeminisme-\u00a9-DR-1024x771.jpg 1024w, https:\/\/hf-normandie.fr\/wp-content\/uploads\/2025\/07\/Les-ondes-de-lecofeminisme-\u00a9-DR-300x226.jpg 300w, https:\/\/hf-normandie.fr\/wp-content\/uploads\/2025\/07\/Les-ondes-de-lecofeminisme-\u00a9-DR-768x578.jpg 768w, https:\/\/hf-normandie.fr\/wp-content\/uploads\/2025\/07\/Les-ondes-de-lecofeminisme-\u00a9-DR-1536x1157.jpg 1536w, https:\/\/hf-normandie.fr\/wp-content\/uploads\/2025\/07\/Les-ondes-de-lecofeminisme-\u00a9-DR.jpg 1599w\" sizes=\"auto, (max-width: 1024px) 100vw, 1024px\" \/><figcaption class=\"wp-element-caption\">Photo : Les ondes de l&rsquo;\u00e9cof\u00e9minisme \u00a9 DR<\/figcaption><\/figure>\n<\/div>\n\n\n<p>La pens\u00e9e \u00e9cof\u00e9ministe vise \u00e0 remettre en cause une approche de la nature domin\u00e9e par l&rsquo;homme, par analogie avec la domination masculine sur les femmes. Cette table ronde radiophonique, ouverte au public, conviera autrices, chor\u00e9graphes, architectes et chercheuses qui, par leurs pratiques, donnent vie \u00e0 cette pens\u00e9e.<br><br><em>En partenariat avec Territoires Pionniers &#8211; Maison de l&rsquo;Architecture Normandie.<\/em><\/p>\n\n\n\n<h2 class=\"wp-block-heading has-vivid-red-color has-text-color has-link-color has-normal-font-size wp-elements-86f6a14e89f55675ebba08f8d1c87e69\"><strong><strong><strong><strong><strong><strong><strong><strong>Vendredi 19 septembre \u00e0 13h (50 min)<\/strong><\/strong><\/strong><\/strong><\/strong><\/strong><\/strong><\/strong><\/h2>\n\n\n\n<h2 class=\"wp-block-heading has-black-color has-text-color has-link-color has-normal-font-size wp-elements-d1b82dfe9ad8e0a3285a1744519f7a4d\"><strong><strong><strong><strong><strong><strong>Territoires Pionniers<\/strong><\/strong><\/strong><\/strong><\/strong><\/strong><\/h2>\n\n\n\n<h2 class=\"wp-block-heading has-black-color has-text-color has-link-color has-normal-font-size wp-elements-e60ef5f09bf1988930994d6b2803e024\">22 Place Jean Letellier 14000 Caen<\/h2>\n\n\n\n<h2 class=\"wp-block-heading has-black-color has-text-color has-link-color has-normal-font-size wp-elements-9f0d6744af9d3344db0898327c480dd6\">Gratuit<\/h2>\n\n\n\n<h2 class=\"wp-block-heading has-black-color has-text-color has-link-color has-normal-font-size wp-elements-c03a41b2428727085b8d266f016d790d\"><a href=\"http:\/\/phenix.fm\" data-type=\"link\" data-id=\"phenix.fm\">phenix.fm<\/a><\/h2>\n<\/div><\/div>\n\n\n\n<div class=\"wp-block-group\"><div class=\"wp-block-group__inner-container is-layout-constrained wp-block-group-is-layout-constrained\">\n<p class=\"has-white-color has-white-background-color has-text-color has-background has-link-color wp-elements-52eb338cf5e28eb4d9a41269e9199ec5\">.<\/p>\n\n\n\n<p class=\"has-text-align-center has-text-color\" style=\"color:#ffde5c;font-size:62px\"><strong>&#8211; &#8211; &#8211;<\/strong><\/p>\n\n\n\n<p class=\"has-white-color has-white-background-color has-text-color has-background has-link-color wp-elements-52eb338cf5e28eb4d9a41269e9199ec5\">.<\/p>\n<\/div><\/div>\n\n\n\n<div class=\"wp-block-group\"><div class=\"wp-block-group__inner-container is-layout-constrained wp-block-group-is-layout-constrained\">\n<h2 class=\"wp-block-heading has-black-color has-text-color has-small-font-size\"><mark style=\"background-color:#000000\" class=\"has-inline-color has-white-color\"><strong><strong><strong><strong><strong><strong><strong><strong><strong><strong>Plateau radio<\/strong><\/strong><\/strong><\/strong><\/strong><\/strong><\/strong><\/strong><\/strong><\/strong><\/mark><\/h2>\n\n\n\n<h2 class=\"wp-block-heading has-black-color has-text-color has-link-color has-medium-font-size wp-elements-b5d9478eab4c861fc433aadff0ac2cc0\"><strong><strong><strong><strong><strong><strong><strong><strong><strong><strong>Radio Station B<\/strong><\/strong><\/strong><\/strong><\/strong><\/strong><\/strong><\/strong><\/strong><\/strong><\/h2>\n\n\n\n<h2 class=\"wp-block-heading has-vivid-red-color has-text-color has-link-color has-large-font-size wp-elements-83b9c7c6ccb03db39d8f8ead59de1f03\" style=\"text-transform:uppercase\"><strong><strong><strong><strong><strong><strong><strong><strong><strong><strong><strong>Journ\u00e9es du Matrimoine<\/strong><\/strong><\/strong><\/strong><\/strong><\/strong><\/strong><\/strong><\/strong><\/strong><\/strong><\/h2>\n\n\n\n<p>Pour la troisi\u00e8me ann\u00e9e cons\u00e9cutive, la radio Station B propose une journ\u00e9e consacr\u00e9e aux femmes dans la musique, la litt\u00e9rature ou les arts.<br>Au programme : des \u00e9missions ou des formats in\u00e9dits, le tout au rythme d&rsquo;une programmation musicale 100 % f\u00e9minine.<\/p>\n\n\n\n<h2 class=\"wp-block-heading has-vivid-red-color has-text-color has-link-color has-normal-font-size wp-elements-fd18ac6352eb478fd51c9c6be76ba101\"><strong><strong><strong><strong><strong><strong><strong><strong><strong><strong><strong><strong>Samedi 20 septembre de 8h \u00e0 20h<\/strong><\/strong><\/strong><\/strong><\/strong><\/strong><\/strong><\/strong><\/strong><\/strong><\/strong><\/strong><\/h2>\n\n\n\n<h2 class=\"wp-block-heading has-black-color has-text-color has-link-color has-normal-font-size wp-elements-aef2f8de8a2d05166b33894aa24d1137\"><strong><strong><strong><strong><strong><strong><strong><strong><strong><strong>Cit\u00e9 de Chantier<\/strong><\/strong><\/strong><\/strong><\/strong><\/strong><\/strong><\/strong><\/strong><\/strong><\/h2>\n\n\n\n<h2 class=\"wp-block-heading has-black-color has-text-color has-link-color has-normal-font-size wp-elements-b8e7dbc51aabf8db5d1cf7e0e3ebeb47\">Rue des Ateliers 14460 Colombelles<\/h2>\n\n\n\n<h2 class=\"wp-block-heading has-black-color has-text-color has-link-color has-normal-font-size wp-elements-66a95fc8b93971ff29ccecc3f9d51a8c\">Ouvert au public<\/h2>\n\n\n\n<h2 class=\"wp-block-heading has-vivid-red-color has-text-color has-link-color has-normal-font-size wp-elements-5ba984bbd795640181e947a1ba613d6f\">\u00c0 \u00e9couter en direct sur le DAB + \u00e0 Caen ou sur <a href=\"http:\/\/lastationb.fr\" data-type=\"link\" data-id=\"lastationb.fr\">lastationb.fr<\/a><\/h2>\n<\/div><\/div>\n\n\n\n<div class=\"wp-block-group\"><div class=\"wp-block-group__inner-container is-layout-constrained wp-block-group-is-layout-constrained\">\n<p class=\"has-white-color has-white-background-color has-text-color has-background has-link-color wp-elements-52eb338cf5e28eb4d9a41269e9199ec5\">.<\/p>\n\n\n\n<p class=\"has-text-align-center has-text-color\" style=\"color:#ffde5c;font-size:62px\"><strong>&#8211; &#8211; &#8211;<\/strong><\/p>\n\n\n\n<p class=\"has-white-color has-white-background-color has-text-color has-background has-link-color wp-elements-52eb338cf5e28eb4d9a41269e9199ec5\">.<\/p>\n<\/div><\/div>\n\n\n\n<div class=\"wp-block-group\"><div class=\"wp-block-group__inner-container is-layout-constrained wp-block-group-is-layout-constrained\">\n<h2 class=\"wp-block-heading has-small-font-size\"><mark style=\"background-color:#000000\" class=\"has-inline-color has-white-color\"><strong><strong><s>Plateau radio<\/s><\/strong><\/strong><\/mark> <mark style=\"background-color:#cf2e2e\" class=\"has-inline-color has-white-color\"><strong>Annul\u00e9<\/strong><\/mark><\/h2>\n\n\n\n<h2 class=\"wp-block-heading has-black-color has-text-color has-link-color has-medium-font-size wp-elements-c50077c218f0194a3e1e9283e7d020a4\"><strong><strong><strong><s>Aude Rabillon &amp; Juliette Volcler<\/s><\/strong><\/strong><\/strong><\/h2>\n\n\n\n<h2 class=\"wp-block-heading has-vivid-red-color has-text-color has-link-color has-large-font-size wp-elements-a9fad4b0b1356ed9c46e8e15c3db772a\"><strong><strong><strong><s>RADIO RENVERS\u00c9E<\/s><\/strong><\/strong><\/strong> <strong><span style=\"text-decoration: underline;\">ANNUL\u00c9<\/span><\/strong><\/h2>\n\n\n\n<div class=\"wp-block-media-text has-media-on-the-right is-stacked-on-mobile is-vertically-aligned-top\" style=\"grid-template-columns:auto 43%\"><div class=\"wp-block-media-text__content\">\n<p><s>Pourquoi Radio renvers\u00e9e ? Parce que les renversements, c&rsquo;est bien \/ que nous ne faisons pas de la radio pour parler mais pour \u00e9couter \/ que \u00e7a se remet sans cesse en question \/ que \u00e7a bascule d&rsquo;entretiens \u00e0 des cr\u00e9ations, de reportages impromptus \u00e0 des musiques incisives. Renverser le patrimoine et penser le matrimoine : pour renverser les invisibilisations et les effacements des minorit\u00e9s sexis\u00e9es et de genre dans le champ musical et artistique (entre autres), sous les effets du patriarcat.<\/s><\/p>\n\n\n\n<h2 class=\"wp-block-heading has-vivid-red-color has-text-color has-link-color has-normal-font-size wp-elements-127b0d6ea666da680feb283fb0fe9971\"><strong><strong><strong><s>Samedi 20 septembre \u00e0 17h<\/s><\/strong><\/strong><\/strong><\/h2>\n\n\n\n<h2 class=\"wp-block-heading has-black-color has-text-color has-link-color has-normal-font-size wp-elements-9023901e75b1621b815898121291247c\"><strong><strong><strong><s>PiedNu<\/s><\/strong><\/strong><\/strong><\/h2>\n\n\n\n<h2 class=\"wp-block-heading has-black-color has-text-color has-link-color has-normal-font-size wp-elements-23803e81154f9ee8a2587f762ece816e\"><s>Fort de Tourneville (alv\u00e9ole 11), 55 rue du 329e R.I. 76620 Le Havre<\/s><\/h2>\n\n\n\n<h2 class=\"wp-block-heading has-black-color has-text-color has-link-color has-normal-font-size wp-elements-91ae66454846400a05790298a19c3cec\"><s>Tarif solidaire<\/s><\/h2>\n\n\n\n<h2 class=\"wp-block-heading has-black-color has-text-color has-link-color has-normal-font-size wp-elements-35a17e4538d75df98438aece830a5c6d\"><a href=\"http:\/\/www.piednu.fr\"><s>www.piednu.fr<\/s><\/a><\/h2>\n\n\n\n<p class=\"has-small-font-size\"><\/p>\n\n\n\n<h2 class=\"wp-block-heading has-black-color has-text-color has-link-color wp-elements-aaa432248df14a39941c2445f923dfdd\" style=\"font-size:13px\">Photo : RADIO RENVERS\u00c9E \u00a9 LabriMustapha 300dpi<\/h2>\n<\/div><figure class=\"wp-block-media-text__media\"><img loading=\"lazy\" decoding=\"async\" width=\"666\" height=\"638\" src=\"https:\/\/hf-normandie.fr\/wp-content\/uploads\/2025\/07\/RADIO-RENVERSEE-\u00a9-LabriMustapha-300dpi.png\" alt=\"\" class=\"wp-image-5253 size-full\" srcset=\"https:\/\/hf-normandie.fr\/wp-content\/uploads\/2025\/07\/RADIO-RENVERSEE-\u00a9-LabriMustapha-300dpi.png 666w, https:\/\/hf-normandie.fr\/wp-content\/uploads\/2025\/07\/RADIO-RENVERSEE-\u00a9-LabriMustapha-300dpi-300x287.png 300w\" sizes=\"auto, (max-width: 666px) 100vw, 666px\" \/><\/figure><\/div>\n<\/div><\/div>\n","protected":false},"excerpt":{"rendered":"<p>. Plateau radio Radio Ph\u00e9nix Les ondes de l&rsquo;\u00e9cof\u00e9minisme La pens\u00e9e \u00e9cof\u00e9ministe vise \u00e0 remettre en cause une approche de la nature domin\u00e9e par l&rsquo;homme, par analogie avec la domination masculine sur les femmes. Cette table ronde radiophonique, ouverte au public, conviera autrices, chor\u00e9graphes, architectes et chercheuses qui, par leurs pratiques, donnent vie \u00e0 cette [&hellip;]<\/p>\n","protected":false},"author":5,"featured_media":0,"parent":0,"menu_order":0,"comment_status":"closed","ping_status":"closed","template":"","meta":{"footnotes":""},"class_list":["post-5842","page","type-page","status-publish","hentry"],"_links":{"self":[{"href":"https:\/\/hf-normandie.fr\/index.php\/wp-json\/wp\/v2\/pages\/5842","targetHints":{"allow":["GET"]}}],"collection":[{"href":"https:\/\/hf-normandie.fr\/index.php\/wp-json\/wp\/v2\/pages"}],"about":[{"href":"https:\/\/hf-normandie.fr\/index.php\/wp-json\/wp\/v2\/types\/page"}],"author":[{"embeddable":true,"href":"https:\/\/hf-normandie.fr\/index.php\/wp-json\/wp\/v2\/users\/5"}],"replies":[{"embeddable":true,"href":"https:\/\/hf-normandie.fr\/index.php\/wp-json\/wp\/v2\/comments?post=5842"}],"version-history":[{"count":3,"href":"https:\/\/hf-normandie.fr\/index.php\/wp-json\/wp\/v2\/pages\/5842\/revisions"}],"predecessor-version":[{"id":6049,"href":"https:\/\/hf-normandie.fr\/index.php\/wp-json\/wp\/v2\/pages\/5842\/revisions\/6049"}],"wp:attachment":[{"href":"https:\/\/hf-normandie.fr\/index.php\/wp-json\/wp\/v2\/media?parent=5842"}],"curies":[{"name":"wp","href":"https:\/\/api.w.org\/{rel}","templated":true}]}}