{"id":6354,"date":"2026-01-23T10:00:47","date_gmt":"2026-01-23T09:00:47","guid":{"rendered":"https:\/\/hf-normandie.fr\/?page_id=6354"},"modified":"2026-01-23T11:13:07","modified_gmt":"2026-01-23T10:13:07","slug":"podcast-qui-a-peur-du-matrimoine","status":"publish","type":"page","link":"https:\/\/hf-normandie.fr\/index.php\/podcast-qui-a-peur-du-matrimoine\/","title":{"rendered":"Podcast \u2013 Qui a peur du Matrimoine ?"},"content":{"rendered":"<div class=\"wp-block-image\">\n<figure class=\"aligncenter size-full\"><img loading=\"lazy\" decoding=\"async\" width=\"940\" height=\"788\" src=\"https:\/\/hf-normandie.fr\/wp-content\/uploads\/2025\/06\/Podcast-Qui-a-peur-du-Matrimoine-de-Rouen-1-1.png\" alt=\"\" class=\"wp-image-5193\" srcset=\"https:\/\/hf-normandie.fr\/wp-content\/uploads\/2025\/06\/Podcast-Qui-a-peur-du-Matrimoine-de-Rouen-1-1.png 940w, https:\/\/hf-normandie.fr\/wp-content\/uploads\/2025\/06\/Podcast-Qui-a-peur-du-Matrimoine-de-Rouen-1-1-300x251.png 300w, https:\/\/hf-normandie.fr\/wp-content\/uploads\/2025\/06\/Podcast-Qui-a-peur-du-Matrimoine-de-Rouen-1-1-768x644.png 768w\" sizes=\"auto, (max-width: 940px) 100vw, 940px\" \/><\/figure>\n<\/div>\n\n\n<h3 class=\"wp-block-heading\"><strong><em>Une \u00e9volution du projet <strong>de sensibilisation<\/strong> \u00e0 destination des plus jeunes pour \u00e9duquer un public plus large, via un podcast<\/em><\/strong><\/h3>\n\n\n\n<p>En 2025, HF+ Normandie a d\u00e9velopp\u00e9 un <strong>projet de podcast consacr\u00e9 au matrimoine de la ville de Rouen<\/strong>, en partenariat avec la <strong>radio HDR<\/strong> et <strong>l\u2019Astragale Coop<\/strong>. Ce projet s\u2019inscrit dans les actions de sensibilisation men\u00e9es aupr\u00e8s des publics scolaires et propose une approche originale : raconter l\u2019histoire de femmes ayant marqu\u00e9 Rouen <strong>\u00e0 hauteur d\u2019enfant<\/strong>.<\/p>\n\n\n\n<p>Dans ce cadre, <strong>une classe de CM2 de l\u2019\u00e9cole Anne Sylvestre<\/strong> a \u00e9t\u00e9 s\u00e9lectionn\u00e9e pour participer au projet. Les \u00e9l\u00e8ves ont r\u00e9alis\u00e9 six portraits sonores de femmes rouennaises inspirantes, retra\u00e7ant leurs parcours et leurs contributions \u00e0 l\u2019histoire locale.<\/p>\n\n\n<div class=\"wp-block-image\">\n<figure class=\"aligncenter size-large is-resized\"><img loading=\"lazy\" decoding=\"async\" width=\"1024\" height=\"497\" src=\"https:\/\/hf-normandie.fr\/wp-content\/uploads\/2026\/01\/Capture-decran-2026-01-15-125202-1024x497.png\" alt=\"\" class=\"wp-image-6361\" style=\"aspect-ratio:2.0603815293925005;width:514px;height:auto\" srcset=\"https:\/\/hf-normandie.fr\/wp-content\/uploads\/2026\/01\/Capture-decran-2026-01-15-125202-1024x497.png 1024w, https:\/\/hf-normandie.fr\/wp-content\/uploads\/2026\/01\/Capture-decran-2026-01-15-125202-300x146.png 300w, https:\/\/hf-normandie.fr\/wp-content\/uploads\/2026\/01\/Capture-decran-2026-01-15-125202-768x373.png 768w, https:\/\/hf-normandie.fr\/wp-content\/uploads\/2026\/01\/Capture-decran-2026-01-15-125202-1536x746.png 1536w, https:\/\/hf-normandie.fr\/wp-content\/uploads\/2026\/01\/Capture-decran-2026-01-15-125202.png 1919w\" sizes=\"auto, (max-width: 1024px) 100vw, 1024px\" \/><\/figure>\n<\/div>\n\n\n<p>Encadr\u00e9\u00b7es par <strong>Val\u00e9rie Diome<\/strong> et l\u2019\u00e9quipe d\u2019HF+ Normandie, <strong>les \u00e9l\u00e8ves ont men\u00e9 l\u2019ensemble du processus de cr\u00e9ation<\/strong> : recherche, \u00e9criture des textes et enregistrement des \u00e9pisodes dans les studios de Radio HDR. Ce travail a permis de d\u00e9velopper \u00e0 la fois une r\u00e9flexion sur l\u2019\u00e9galit\u00e9 et la visibilit\u00e9 des femmes dans l\u2019histoire, ainsi que des comp\u00e9tences d\u2019expression orale et de cr\u00e9ation sonore.<\/p>\n\n\n\n<p>Les \u00e9l\u00e8ves ont pr\u00e9sent\u00e9 le parcours de <strong>Jeanne-Marie Leprince de Beaumont<\/strong>, autrice de renom (1711-1776), <strong>Juliette Billard<\/strong>, architecte rouennaise (1889-1975), <strong>Suzanne Duchamp<\/strong>, peintresse (1889-1963), <strong>Marie Desmares<\/strong>, dite La Champmesl\u00e9 (1642-1698), <strong>Marceline Desbordes-Valmore<\/strong>, po\u00e9tesse (1786-1859) et <strong>Esp\u00e9rance Langlois<\/strong>, connue pour ses gravures (1805-1864).<\/p>\n\n\n\n<p>Les <strong>six premiers \u00e9pisodes ont \u00e9t\u00e9 pr\u00e9sent\u00e9s par les \u00e9l\u00e8ves aux \u00e9lu\u00b7es de la Ville de Rouen<\/strong> le 13 juin \u00e0 l\u2019H\u00f4tel de Ville de Rouen et diffus\u00e9s prochainement sur Radio HDR.<\/p>\n\n\n\n<p>Ce projet contribue \u00e0 inscrire le matrimoine dans une d\u00e9marche de transmission aupr\u00e8s des plus jeunes et \u00e0 renforcer les liens entre action culturelle, \u00e9ducation et \u00e9galit\u00e9.<\/p>\n\n\n\n<h3 class=\"wp-block-heading\" style=\"margin-top:var(--wp--preset--spacing--60)\"><strong><em>Les six premiers \u00e9pisodes disponibles<\/em><\/strong><\/h3>\n\n\n\n<p>Retrouvez ci-dessous les \u00e9pisodes de la saison 1 de <strong>\u00ab\u00a0Qui a peur du Matrimoine\u00a0\u00bb<\/strong>, disponibles sur Spotify :<\/p>\n\n\n\n<p class=\"has-medium-font-size\" style=\"margin-top:var(--wp--preset--spacing--60)\"><strong>\u00c9pisode 1 &#8211; Juliette Billard<\/strong><\/p>\n\n\n\n<iframe data-testid=\"embed-iframe\" style=\"border-radius:12px\" src=\"https:\/\/open.spotify.com\/embed\/episode\/0PkbhYXETOb9ODRgja0g4R?utm_source=generator\" width=\"100%\" height=\"152\" frameBorder=\"0\" allowfullscreen=\"\" allow=\"autoplay; clipboard-write; encrypted-media; fullscreen; picture-in-picture\" loading=\"lazy\"><\/iframe>\n\n\n\n<p class=\"has-medium-font-size\" style=\"margin-top:var(--wp--preset--spacing--60)\"><strong>\u00c9pisode 2 &#8211; Marie Desmares, dite La Champmesl\u00e9<\/strong><\/p>\n\n\n\n<iframe data-testid=\"embed-iframe\" style=\"border-radius:12px\" src=\"https:\/\/open.spotify.com\/embed\/episode\/2rhV1twh02ZsWbL7dMIlwC?utm_source=generator\" width=\"100%\" height=\"152\" frameBorder=\"0\" allowfullscreen=\"\" allow=\"autoplay; clipboard-write; encrypted-media; fullscreen; picture-in-picture\" loading=\"lazy\"><\/iframe>\n\n\n\n<p class=\"has-medium-font-size\" style=\"margin-top:var(--wp--preset--spacing--60)\"><strong>\u00c9pisode 3 &#8211; Marceline Desbordes-Valmore<\/strong><\/p>\n\n\n\n<iframe data-testid=\"embed-iframe\" style=\"border-radius:12px\" src=\"https:\/\/open.spotify.com\/embed\/episode\/6yPuOEAI8vrACdDD0Gi6rj?utm_source=generator\" width=\"100%\" height=\"152\" frameBorder=\"0\" allowfullscreen=\"\" allow=\"autoplay; clipboard-write; encrypted-media; fullscreen; picture-in-picture\" loading=\"lazy\"><\/iframe>\n\n\n\n<p class=\"has-medium-font-size\" style=\"margin-top:var(--wp--preset--spacing--60)\"><strong>\u00c9pisode 4 &#8211; Esp\u00e9rance Langlois<\/strong><\/p>\n\n\n\n<iframe data-testid=\"embed-iframe\" style=\"border-radius:12px\" src=\"https:\/\/open.spotify.com\/embed\/episode\/7FaXaPCz5m7hdwCWWwjIF7?utm_source=generator\" width=\"100%\" height=\"152\" frameBorder=\"0\" allowfullscreen=\"\" allow=\"autoplay; clipboard-write; encrypted-media; fullscreen; picture-in-picture\" loading=\"lazy\"><\/iframe>\n\n\n\n<p class=\"has-medium-font-size\" style=\"margin-top:var(--wp--preset--spacing--60)\"><strong>\u00c9pisode 5 &#8211; Jeanne-Marie Leprince de Beaumont<\/strong><\/p>\n\n\n\n<iframe data-testid=\"embed-iframe\" style=\"border-radius:12px\" src=\"https:\/\/open.spotify.com\/embed\/episode\/25t5yOZP3Hyh0yVomDpCy5?utm_source=generator\" width=\"100%\" height=\"152\" frameBorder=\"0\" allowfullscreen=\"\" allow=\"autoplay; clipboard-write; encrypted-media; fullscreen; picture-in-picture\" loading=\"lazy\"><\/iframe>\n\n\n\n<p class=\"has-medium-font-size\" style=\"margin-top:var(--wp--preset--spacing--60)\"><strong>\u00c9pisode 6 &#8211; Suzanne Duchamp<\/strong><\/p>\n\n\n\n<iframe data-testid=\"embed-iframe\" style=\"border-radius:12px\" src=\"https:\/\/open.spotify.com\/embed\/episode\/1J5hzMpJAeyMOvJbGcoTSk?utm_source=generator\" width=\"100%\" height=\"152\" frameBorder=\"0\" allowfullscreen=\"\" allow=\"autoplay; clipboard-write; encrypted-media; fullscreen; picture-in-picture\" loading=\"lazy\"><\/iframe>\n\n\n\n<h3 class=\"wp-block-heading\" style=\"margin-top:var(--wp--preset--spacing--70)\"><strong><em>Une continuit\u00e9 du projet en 2026<\/em><\/strong><\/h3>\n\n\n\n<p><strong>En 2026, la suite du podcast arrive !<\/strong> Gr\u00e2ce au soutien de la Ville de Rouen, HF+ Normandie va r\u00e9aliser <strong>12 nouveaux \u00e9pisodes de \u00ab\u00a0Qui a peur du Matrimoine ?\u00a0\u00bb<\/strong> en collaboration avec <strong>une classe de CM1\/CM2 de l&rsquo;\u00e9cole Anatole France<\/strong> et <strong>une classe de CM2 de l&rsquo;\u00e9cole Honor\u00e9 de Balzac<\/strong>. Il reste encore de nombreux parcours de femmes inspirantes ayant travaill\u00e9 et cr\u00e9\u00e9 \u00e0 Rouen \u00e0 d\u00e9couvrir ou red\u00e9couvrir !<\/p>\n\n\n\n<figure class=\"wp-block-gallery aligncenter has-nested-images columns-default is-cropped wp-block-gallery-1 is-layout-flex wp-block-gallery-is-layout-flex\">\n<figure class=\"wp-block-image size-large\"><img loading=\"lazy\" decoding=\"async\" width=\"729\" height=\"1024\" data-id=\"4750\" src=\"https:\/\/hf-normandie.fr\/wp-content\/uploads\/2024\/08\/Qui_a_peur_HF_visu_natio-031-729x1024.png\" alt=\"\" class=\"wp-image-4750\" srcset=\"https:\/\/hf-normandie.fr\/wp-content\/uploads\/2024\/08\/Qui_a_peur_HF_visu_natio-031-729x1024.png 729w, https:\/\/hf-normandie.fr\/wp-content\/uploads\/2024\/08\/Qui_a_peur_HF_visu_natio-031-214x300.png 214w, https:\/\/hf-normandie.fr\/wp-content\/uploads\/2024\/08\/Qui_a_peur_HF_visu_natio-031-768x1079.png 768w, https:\/\/hf-normandie.fr\/wp-content\/uploads\/2024\/08\/Qui_a_peur_HF_visu_natio-031-1094x1536.png 1094w\" sizes=\"auto, (max-width: 729px) 100vw, 729px\" \/><\/figure>\n\n\n\n<figure class=\"wp-block-image size-large\"><img loading=\"lazy\" decoding=\"async\" width=\"729\" height=\"1024\" data-id=\"4749\" src=\"https:\/\/hf-normandie.fr\/wp-content\/uploads\/2024\/08\/Qui_a_peur_HF_visu_natio-021-729x1024.png\" alt=\"\" class=\"wp-image-4749\" srcset=\"https:\/\/hf-normandie.fr\/wp-content\/uploads\/2024\/08\/Qui_a_peur_HF_visu_natio-021-729x1024.png 729w, https:\/\/hf-normandie.fr\/wp-content\/uploads\/2024\/08\/Qui_a_peur_HF_visu_natio-021-214x300.png 214w, https:\/\/hf-normandie.fr\/wp-content\/uploads\/2024\/08\/Qui_a_peur_HF_visu_natio-021-768x1079.png 768w, https:\/\/hf-normandie.fr\/wp-content\/uploads\/2024\/08\/Qui_a_peur_HF_visu_natio-021-1094x1536.png 1094w\" sizes=\"auto, (max-width: 729px) 100vw, 729px\" \/><\/figure>\n\n\n\n<figure class=\"wp-block-image size-large\"><img loading=\"lazy\" decoding=\"async\" width=\"729\" height=\"1024\" data-id=\"4747\" src=\"https:\/\/hf-normandie.fr\/wp-content\/uploads\/2024\/08\/Qui_a_peur_HF_visu_natio-011-729x1024.png\" alt=\"\" class=\"wp-image-4747\" srcset=\"https:\/\/hf-normandie.fr\/wp-content\/uploads\/2024\/08\/Qui_a_peur_HF_visu_natio-011-729x1024.png 729w, https:\/\/hf-normandie.fr\/wp-content\/uploads\/2024\/08\/Qui_a_peur_HF_visu_natio-011-214x300.png 214w, https:\/\/hf-normandie.fr\/wp-content\/uploads\/2024\/08\/Qui_a_peur_HF_visu_natio-011-768x1079.png 768w, https:\/\/hf-normandie.fr\/wp-content\/uploads\/2024\/08\/Qui_a_peur_HF_visu_natio-011-1094x1536.png 1094w\" sizes=\"auto, (max-width: 729px) 100vw, 729px\" \/><\/figure>\n<figcaption class=\"blocks-gallery-caption wp-element-caption\">@epoxi.lille<\/figcaption><\/figure>\n","protected":false},"excerpt":{"rendered":"<p>Une \u00e9volution du projet de sensibilisation \u00e0 destination des plus jeunes pour \u00e9duquer un public plus large, via un podcast En 2025, HF+ Normandie a d\u00e9velopp\u00e9 un projet de podcast consacr\u00e9 au matrimoine de la ville de Rouen, en partenariat avec la radio HDR et l\u2019Astragale Coop. Ce projet s\u2019inscrit dans les actions de sensibilisation [&hellip;]<\/p>\n","protected":false},"author":5,"featured_media":0,"parent":0,"menu_order":0,"comment_status":"closed","ping_status":"closed","template":"","meta":{"footnotes":""},"class_list":["post-6354","page","type-page","status-publish","hentry"],"_links":{"self":[{"href":"https:\/\/hf-normandie.fr\/index.php\/wp-json\/wp\/v2\/pages\/6354","targetHints":{"allow":["GET"]}}],"collection":[{"href":"https:\/\/hf-normandie.fr\/index.php\/wp-json\/wp\/v2\/pages"}],"about":[{"href":"https:\/\/hf-normandie.fr\/index.php\/wp-json\/wp\/v2\/types\/page"}],"author":[{"embeddable":true,"href":"https:\/\/hf-normandie.fr\/index.php\/wp-json\/wp\/v2\/users\/5"}],"replies":[{"embeddable":true,"href":"https:\/\/hf-normandie.fr\/index.php\/wp-json\/wp\/v2\/comments?post=6354"}],"version-history":[{"count":16,"href":"https:\/\/hf-normandie.fr\/index.php\/wp-json\/wp\/v2\/pages\/6354\/revisions"}],"predecessor-version":[{"id":6485,"href":"https:\/\/hf-normandie.fr\/index.php\/wp-json\/wp\/v2\/pages\/6354\/revisions\/6485"}],"wp:attachment":[{"href":"https:\/\/hf-normandie.fr\/index.php\/wp-json\/wp\/v2\/media?parent=6354"}],"curies":[{"name":"wp","href":"https:\/\/api.w.org\/{rel}","templated":true}]}}