{"id":6408,"date":"2026-01-23T09:28:03","date_gmt":"2026-01-23T08:28:03","guid":{"rendered":"https:\/\/hf-normandie.fr\/?page_id=6408"},"modified":"2026-02-17T15:58:35","modified_gmt":"2026-02-17T14:58:35","slug":"calendrier-hf-normandie","status":"publish","type":"page","link":"https:\/\/hf-normandie.fr\/index.php\/calendrier-hf-normandie\/","title":{"rendered":"Nos \u00e9v\u00e9nements et rencontres \u00e0 venir"},"content":{"rendered":"\n<hr class=\"wp-block-separator has-text-color has-white-color has-alpha-channel-opacity has-white-background-color has-background\" style=\"margin-top:var(--wp--preset--spacing--30);margin-bottom:var(--wp--preset--spacing--30)\"\/>\n\n\n\n<ul class=\"wp-block-list\">\n<li class=\"has-medium-font-size\"><strong><mark style=\"background-color:rgba(0, 0, 0, 0)\" class=\"has-inline-color has-vivid-red-color\">Lundi 9 mars<\/mark><\/strong> : Rencontre \u00ab\u00a0\u00c9galit\u00e9 femmes-hommes: quand sport et culture ouvrent le jeu\u00a0\u00bb<\/li>\n<\/ul>\n\n\n\n<p><\/p>\n\n\n\n<ul class=\"wp-block-list\">\n<li class=\"has-medium-font-size\"><strong><mark style=\"background-color:rgba(0, 0, 0, 0)\" class=\"has-inline-color has-vivid-red-color\">Jeudi 12 mars<\/mark><\/strong> : Rencontre Universit\u00e9 Populaire \u00ab\u00a0L&rsquo;\u00e9galit\u00e9 femmes hommes dans les arts et la culture\u00a0\u00bb<\/li>\n<\/ul>\n\n\n\n<p><\/p>\n\n\n\n<ul class=\"wp-block-list\">\n<li class=\"has-medium-font-size\"><strong><mark style=\"background-color:rgba(0, 0, 0, 0)\" class=\"has-inline-color has-vivid-red-color\">Jeudi 19 mars<\/mark> <\/strong>: Nouvelle restitution de l&rsquo;observatoire<\/li>\n<\/ul>\n\n\n\n<p><\/p>\n\n\n\n<ul class=\"wp-block-list\">\n<li class=\"has-medium-font-size\"><strong><mark style=\"background-color:rgba(0, 0, 0, 0)\" class=\"has-inline-color has-vivid-red-color\">Du 3 au 5 avril <\/mark><\/strong>: Rencontres interr\u00e9gionales du Mouvement HF+<\/li>\n<\/ul>\n\n\n\n<p><\/p>\n\n\n\n<ul class=\"wp-block-list\">\n<li class=\"has-medium-font-size\"><strong><mark style=\"background-color:rgba(0, 0, 0, 0)\" class=\"has-inline-color has-vivid-red-color\">Jeudi 28 mai<\/mark><\/strong> : Journ\u00e9e d&rsquo;\u00e9tude \u00ab\u00a0La place des femmes dans les m\u00e9tiers du livre\u00a0\u00bb<\/li>\n<\/ul>\n\n\n\n<p><\/p>\n\n\n\n<ul class=\"wp-block-list\">\n<li class=\"has-medium-font-size\"><strong><mark style=\"background-color:rgba(0, 0, 0, 0)\" class=\"has-inline-color has-vivid-red-color\">Du 16 au 20 septembre<\/mark><\/strong> : Journ\u00e9es du Matrimoine 2026<\/li>\n<\/ul>\n\n\n\n<hr class=\"wp-block-separator has-text-color has-white-color has-alpha-channel-opacity has-white-background-color has-background\" style=\"margin-top:var(--wp--preset--spacing--40);margin-bottom:var(--wp--preset--spacing--40)\"\/>\n\n\n\n<iframe loading=\"lazy\" src=\"https:\/\/calendar.google.com\/calendar\/embed?height=600&#038;wkst=2&#038;ctz=Europe%2FParis&#038;showPrint=0&#038;showCalendars=0&#038;title=%C3%89v%C3%A9nements%20publics%20HF%2B%20Normandie&#038;src=OThjMDhiYTM0NTdlNDc3NTUyYTUxNDVlMGQxNTIyNmRlMzFhZjZkMTMzYmYyNDM4OTJkY2VlNWQ1NGU4NmVmNkBncm91cC5jYWxlbmRhci5nb29nbGUuY29t&#038;color=%23d50000\" style=\"border-width:0\" width=\"800\" height=\"600\" frameborder=\"0\" scrolling=\"no\"><\/iframe>\n","protected":false},"excerpt":{"rendered":"","protected":false},"author":5,"featured_media":0,"parent":0,"menu_order":0,"comment_status":"closed","ping_status":"closed","template":"","meta":{"footnotes":""},"class_list":["post-6408","page","type-page","status-publish","hentry"],"_links":{"self":[{"href":"https:\/\/hf-normandie.fr\/index.php\/wp-json\/wp\/v2\/pages\/6408","targetHints":{"allow":["GET"]}}],"collection":[{"href":"https:\/\/hf-normandie.fr\/index.php\/wp-json\/wp\/v2\/pages"}],"about":[{"href":"https:\/\/hf-normandie.fr\/index.php\/wp-json\/wp\/v2\/types\/page"}],"author":[{"embeddable":true,"href":"https:\/\/hf-normandie.fr\/index.php\/wp-json\/wp\/v2\/users\/5"}],"replies":[{"embeddable":true,"href":"https:\/\/hf-normandie.fr\/index.php\/wp-json\/wp\/v2\/comments?post=6408"}],"version-history":[{"count":30,"href":"https:\/\/hf-normandie.fr\/index.php\/wp-json\/wp\/v2\/pages\/6408\/revisions"}],"predecessor-version":[{"id":6540,"href":"https:\/\/hf-normandie.fr\/index.php\/wp-json\/wp\/v2\/pages\/6408\/revisions\/6540"}],"wp:attachment":[{"href":"https:\/\/hf-normandie.fr\/index.php\/wp-json\/wp\/v2\/media?parent=6408"}],"curies":[{"name":"wp","href":"https:\/\/api.w.org\/{rel}","templated":true}]}}