{"id":652,"date":"2019-03-11T14:32:43","date_gmt":"2019-03-11T13:32:43","guid":{"rendered":"http:\/\/hf-normandie.fr\/?page_id=652"},"modified":"2019-08-27T15:21:54","modified_gmt":"2019-08-27T13:21:54","slug":"jdm-2019","status":"publish","type":"page","link":"https:\/\/hf-normandie.fr\/index.php\/jdm-2019\/","title":{"rendered":"JDM 2019"},"content":{"rendered":"<h3><span style=\"color: #ff0000;\"><strong>Les Journ\u00e9es du Matrimoine s&rsquo;imposent comme un rendez-vous incontournable en Normandie !<\/strong><\/span><\/h3>\n<p>Peut-\u00eatre m\u00eame, parlerons-nous enfin bient\u00f4t des \u00ab\u00a0Journ\u00e9es du Patrimoine <strong>et<\/strong> du Matrimoine\u00a0\u00bb, afin d&rsquo;instaurer sur ses deux pieds d\u2019\u00e9galit\u00e9 notre h\u00e9ritage culturel commun.<\/p>\n<p>Car le mot \u00ab\u00a0Matrimoine\u00a0\u00bb, doit-on encore le rappeler, n\u2019est pas un n\u00e9ologisme, mais existait bel et bien par le pass\u00e9. Il appara\u00eet en 1155 en ancien fran\u00e7ais et d\u00e9signe au d\u00e9part les biens mat\u00e9riels et maternels, alors h\u00e9rit\u00e9s de la m\u00e8re. D\u00e8s 1405, il est utilis\u00e9 par Christine de Pizan au sens d\u2019h\u00e9ritage culturel des femmes dans son livre <em>La Cit\u00e9 des dames<\/em>. Il est donc d\u00e9sormais indispensable de r\u00e9habiliter ce terme \u00e9vinc\u00e9, pour valoriser la succession des femmes de notre histoire collective.<\/p>\n<p><strong>Ne pas \u00e9carter un pan entier de notre histoire collective ni ses cr\u00e9atrices ou chercheuses, souvent pr\u00e9curseuses, voil\u00e0 l&rsquo;une des ambitions du <em>Mouvement HF<\/em> qui \u0153uvre pour l&rsquo;\u00e9galit\u00e9 entre les femmes et les hommes dans les secteurs des arts et de la culture.<\/strong><\/p>\n<p><em>HF Normandie<\/em> \u00e9largit donc encore cette 3<sup>\u00e8me<\/sup> \u00e9dition des Journ\u00e9es du Matrimoine 2019 pour sensibiliser \u00e0 ces enjeux tous les publics, jeunes et moins jeunes, et leur offrir une nouvelle occasion de d\u00e9couvrir ou de red\u00e9couvrir l\u2019\u0153uvre des grandes figures f\u00e9minines de notre histoire r\u00e9gionale, nationale ou internationale.<\/p>\n<p>Car les femmes artistes, autrices, intellectuelles, sont nombreuses. Tout comme celles qui cr\u00e9ent aujourd&rsquo;hui et constitueront demain notre Matrimoine.<\/p>\n<p><strong>Pour atteindre l\u2019\u00e9galit\u00e9 entre les femmes et les hommes il est n\u00e9cessaire d\u2019agir \u00e0 tous les niveaux, en faveur d\u2019une soci\u00e9t\u00e9 plus juste et plus d\u00e9mocratique, soucieuse de ne pas discriminer la moiti\u00e9 de notre humanit\u00e9.<\/strong><\/p>\n<p>Les femmes artistes et cr\u00e9atrices contemporaines ne veulent plus attendre encore des ann\u00e9es que leur talent soit reconnu, que les moyens qui leurs sont allou\u00e9s soient \u00e9quivalents \u00e0 ceux de leurs pairs, au risque, comme leurs a\u00een\u00e9es, d&rsquo;\u00eatre encore \u00e9vinc\u00e9es, oubli\u00e9es, invisibilis\u00e9es.<\/p>\n<p>Avec l\u2019ensemble de nos pr\u00e9cieux partenaires, nous vous proposons cette ann\u00e9e <span style=\"color: #ff0000;\"><strong>56 projets artistiques et culturels dans 44 lieux des 5 d\u00e9partements de Normandie.<\/strong><\/span><\/p>\n<p><strong>Un programme vari\u00e9, accessible \u00e0 tout\u00b7e\u00b7s, qui prouve combien les femmes ont su produire ou cr\u00e9er et qu\u2019elles inspirent ou suscitent de nombreuses et riches productions.<\/strong><\/p>\n<p>Parmi elles, sont notamment mis \u00e0 l\u2019honneur et en lumi\u00e8re\u00a0:<\/p>\n<ul>\n<li>Le parcours et l\u2019\u0153uvre de la rouennaise Juliette Billard, premi\u00e8re femme architecte \u00e0 \u00eatre re\u00e7ue et dipl\u00f4m\u00e9e de l\u2019\u00e9cole nationale des Beaux-Arts ;<\/li>\n<li>Les recherches des femmes scientifiques \u00e9vinc\u00e9es par \u00ab\u00a0l\u2019effet Matilda\u00a0\u00bb\u00a0;<\/li>\n<li>Des concerts pour c\u00e9l\u00e9brer la musique de Mel Bonis ou Amy Beach \u00e0 Jeanne Added, une conf\u00e9rence de Sophie Rosemont pour mettre en lumi\u00e8re la place des femmes dans les musiques actuelles\u00a0;<\/li>\n<li>Plusieurs expositions autour des \u0153uvres de Berthe Morisot, Louise Bourgeois, Sonia Delaunay, Yvonne Gu\u00e9gan jusqu\u2019\u00e0 L\u00e9a Colin, Lou Parisot ou Marie-Margaux Bonamy\u00a0;<\/li>\n<li>Des textes d\u2019autrices et de po\u00e9tesses, d\u2019Olympe de Gouges \u00e0 Claire de Duras ou Colette\u00a0;<\/li>\n<li>Des portraits de femmes c\u00e9l\u00e8bres ou anonymes dans toutes leurs diversit\u00e9s, en images, en musique, en paroles.<\/li>\n<\/ul>\n<p><strong>Expositions, spectacles, concerts, visites guid\u00e9es, lectures, conf\u00e9rences, projections &#8230; autant de propositions \u00e0 d\u00e9couvrir, partout en Normandie.<\/strong><\/p>\n<p><strong>Belles JDM 2019 \u00e0 toutes et tous en Normandie\u00a0!<\/strong><\/p>\n<p><strong>L\u2019\u00e9quipe d\u2019<em>HF Normandie<\/em><\/strong><\/p>\n<p><em>Rozenn Bartra, Val\u00e9rie Diome, Anne-Sophie Pauchet, Jos\u00e9 Sagit et Nadia Sahali.<br \/>\n<\/em>Coordination : <em>Faustine Le Bras<br \/>\net les b\u00e9n\u00e9voles de l\u2019association.<\/em><\/p>\n","protected":false},"excerpt":{"rendered":"<p>Les Journ\u00e9es du Matrimoine s&rsquo;imposent comme un rendez-vous incontournable en Normandie ! Peut-\u00eatre m\u00eame, parlerons-nous enfin bient\u00f4t des \u00ab\u00a0Journ\u00e9es du Patrimoine et du Matrimoine\u00a0\u00bb, afin d&rsquo;instaurer sur ses deux pieds d\u2019\u00e9galit\u00e9 notre h\u00e9ritage culturel commun. Car le mot \u00ab\u00a0Matrimoine\u00a0\u00bb, doit-on encore le rappeler, n\u2019est pas un n\u00e9ologisme, mais existait bel et bien par le pass\u00e9. [&hellip;]<\/p>\n","protected":false},"author":2,"featured_media":0,"parent":0,"menu_order":0,"comment_status":"closed","ping_status":"closed","template":"","meta":{"footnotes":""},"class_list":["post-652","page","type-page","status-publish","hentry"],"_links":{"self":[{"href":"https:\/\/hf-normandie.fr\/index.php\/wp-json\/wp\/v2\/pages\/652","targetHints":{"allow":["GET"]}}],"collection":[{"href":"https:\/\/hf-normandie.fr\/index.php\/wp-json\/wp\/v2\/pages"}],"about":[{"href":"https:\/\/hf-normandie.fr\/index.php\/wp-json\/wp\/v2\/types\/page"}],"author":[{"embeddable":true,"href":"https:\/\/hf-normandie.fr\/index.php\/wp-json\/wp\/v2\/users\/2"}],"replies":[{"embeddable":true,"href":"https:\/\/hf-normandie.fr\/index.php\/wp-json\/wp\/v2\/comments?post=652"}],"version-history":[{"count":3,"href":"https:\/\/hf-normandie.fr\/index.php\/wp-json\/wp\/v2\/pages\/652\/revisions"}],"predecessor-version":[{"id":766,"href":"https:\/\/hf-normandie.fr\/index.php\/wp-json\/wp\/v2\/pages\/652\/revisions\/766"}],"wp:attachment":[{"href":"https:\/\/hf-normandie.fr\/index.php\/wp-json\/wp\/v2\/media?parent=652"}],"curies":[{"name":"wp","href":"https:\/\/api.w.org\/{rel}","templated":true}]}}