{"id":989,"date":"2020-08-15T11:30:47","date_gmt":"2020-08-15T09:30:47","guid":{"rendered":"http:\/\/hf-normandie.fr\/?page_id=989"},"modified":"2020-08-27T11:16:39","modified_gmt":"2020-08-27T09:16:39","slug":"edito-2020","status":"publish","type":"page","link":"https:\/\/hf-normandie.fr\/index.php\/edito-2020\/","title":{"rendered":"\u00c9dito 2020"},"content":{"rendered":"\n<figure class=\"wp-block-image size-large is-style-default\"><img loading=\"lazy\" decoding=\"async\" width=\"820\" height=\"312\" src=\"https:\/\/hf-normandie.fr\/wp-content\/uploads\/2020\/08\/Simone_fb_fan_page-1.jpg\" alt=\"\" class=\"wp-image-1062\" srcset=\"https:\/\/hf-normandie.fr\/wp-content\/uploads\/2020\/08\/Simone_fb_fan_page-1.jpg 820w, https:\/\/hf-normandie.fr\/wp-content\/uploads\/2020\/08\/Simone_fb_fan_page-1-300x114.jpg 300w, https:\/\/hf-normandie.fr\/wp-content\/uploads\/2020\/08\/Simone_fb_fan_page-1-768x292.jpg 768w\" sizes=\"auto, (max-width: 820px) 100vw, 820px\" \/><\/figure>\n\n\n\n<h3 class=\"wp-block-heading\"><strong>Une quatri\u00e8me \u00e9dition plus riche que jamais&nbsp;!<\/strong><\/h3>\n\n\n\n<p>Chaque ann\u00e9e, les Journ\u00e9es du Matrimoine s\u2019imposent encore davantage dans le paysage culturel. D\u00e9sormais indivisibles des \u00ab&nbsp;Journ\u00e9es du Patrimoine&nbsp;\u00bb dans de nombreux territoires, ces deux \u00e9v\u00e8nements conjoints permettent de c\u00e9l\u00e9brer notre h\u00e9ritage culturel commun.<\/p>\n\n\n\n<p class=\"has-very-dark-gray-color has-text-color\">Alors que la crise sanitaire qui a impact\u00e9e l\u2019ann\u00e9e 2020 risque de p\u00e9naliser les artistes et le secteur de la culture, HF Normandie et le Mouvement HF souhaitent ainsi favoriser l\u2019\u00e9galit\u00e9 entre les femmes et les hommes car les femmes artistes, autrices, intellectuelles de notre Histoire sont nombreuses et elles m\u00e9ritent la reconnaissance. Tout comme celles qui cr\u00e9ent aujourd\u2019hui et constitueront demain notre Matrimoine. En revalorisant l&rsquo;h\u00e9ritage artistique des cr\u00e9atrices, nous agissons collectivement pour l\u2019\u00e9galit\u00e9 en permettant aux jeunes g\u00e9n\u00e9rations de grandir avec d&rsquo;autres mod\u00e8les d&rsquo;identification.<\/p>\n\n\n\n<p>Ainsi, pour cette quatri\u00e8me \u00e9dition et gr\u00e2ce au soutien de nos partenaires, toujours plus nombreux et nombreuses, les femmes cr\u00e9atrices et intellectuelles seront mises \u00e0 l\u2019honneur \u00e0 travers <strong>74 projets artistiques et culturels propos\u00e9s dans 58 lieux normands<\/strong>.<\/p>\n\n\n\n<p>Autant d\u2019occasions de d\u00e9couvrir ou de red\u00e9couvrir l\u2019\u0153uvre des grandes figures f\u00e9minines de notre histoire r\u00e9gionale, nationale ou internationale mais \u00e9galement des cr\u00e9atrices contemporaines normandes.<\/p>\n\n\n\n<p>Expositions, spectacles, concerts, visites guid\u00e9es, lectures, conf\u00e9rences, projections \u2026 un programme vari\u00e9, accessible \u00e0 toutes et tous, qui prouve combien les femmes ont su produire ou cr\u00e9er.<\/p>\n\n\n\n<p><strong>Venez (re)d\u00e9couvrir notamment<\/strong> :<\/p>\n\n\n\n<ul class=\"wp-block-list\"><li>Le parcours et l\u2019\u0153uvre d\u2019<strong>Alice Guy, premi\u00e8re femme cin\u00e9aste<\/strong> ;<\/li><li>De nombreux projets sur <strong>la place des femmes dans les musiques classiques et actuelles <\/strong>d\u2019Hildegarde de Bingen \u00e0 Billie Holiday&nbsp;ou aux DJettes d\u2019aujourd\u2019hui ;<\/li><li>Des figures de <strong>r\u00e9sistantes pendant la seconde guerre mondiale<\/strong>, compositrices ou citoyennes engag\u00e9es ;<\/li><li>Plusieurs expositions et rendez-vous autour <strong>des cr\u00e9atrices au temps des impressionnistes ou de la bande-dessin\u00e9e<\/strong> ;<\/li><li>Des textes d\u2019autrices de <strong>George Sand \u00e0 Annie Ernaux mais aussi Anne Pauly, Virginia Woolf, Alda Merini ou Babouillec<\/strong>\u2026<\/li><li>Des <strong>portraits de femmes c\u00e9l\u00e8bres ou anonymes dans toutes leurs diversit\u00e9s<\/strong>, en images, en musique, en paroles.<\/li><\/ul>\n\n\n\n<p><strong>Belles Journ\u00e9es du Matrimoine en Normandie \u00e0 toutes et tous&nbsp;!<\/strong><\/p>\n\n\n\n<p><strong>L\u2019\u00e9quipe d\u2019<em>HF Normandie<\/em><\/strong><\/p>\n\n\n\n<p><em>Rozenn Bartra, Val\u00e9rie Diome, Anne-Sophie Pauchet, Jos\u00e9 Sagit et Nadia Sahali.<br><\/em>Coordination :\u00a0<em>Faustine Le Bras<br>et les b\u00e9n\u00e9voles de l\u2019association.<\/em><\/p>\n","protected":false},"excerpt":{"rendered":"<p>Une quatri\u00e8me \u00e9dition plus riche que jamais&nbsp;! Chaque ann\u00e9e, les Journ\u00e9es du Matrimoine s\u2019imposent encore davantage dans le paysage culturel. D\u00e9sormais indivisibles des \u00ab&nbsp;Journ\u00e9es du Patrimoine&nbsp;\u00bb dans de nombreux territoires, ces deux \u00e9v\u00e8nements conjoints permettent de c\u00e9l\u00e9brer notre h\u00e9ritage culturel commun. Alors que la crise sanitaire qui a impact\u00e9e l\u2019ann\u00e9e 2020 risque de p\u00e9naliser les [&hellip;]<\/p>\n","protected":false},"author":2,"featured_media":0,"parent":0,"menu_order":0,"comment_status":"closed","ping_status":"closed","template":"","meta":{"footnotes":""},"class_list":["post-989","page","type-page","status-publish","hentry"],"_links":{"self":[{"href":"https:\/\/hf-normandie.fr\/index.php\/wp-json\/wp\/v2\/pages\/989","targetHints":{"allow":["GET"]}}],"collection":[{"href":"https:\/\/hf-normandie.fr\/index.php\/wp-json\/wp\/v2\/pages"}],"about":[{"href":"https:\/\/hf-normandie.fr\/index.php\/wp-json\/wp\/v2\/types\/page"}],"author":[{"embeddable":true,"href":"https:\/\/hf-normandie.fr\/index.php\/wp-json\/wp\/v2\/users\/2"}],"replies":[{"embeddable":true,"href":"https:\/\/hf-normandie.fr\/index.php\/wp-json\/wp\/v2\/comments?post=989"}],"version-history":[{"count":7,"href":"https:\/\/hf-normandie.fr\/index.php\/wp-json\/wp\/v2\/pages\/989\/revisions"}],"predecessor-version":[{"id":1111,"href":"https:\/\/hf-normandie.fr\/index.php\/wp-json\/wp\/v2\/pages\/989\/revisions\/1111"}],"wp:attachment":[{"href":"https:\/\/hf-normandie.fr\/index.php\/wp-json\/wp\/v2\/media?parent=989"}],"curies":[{"name":"wp","href":"https:\/\/api.w.org\/{rel}","templated":true}]}}